{"id":5,"date":"2013-10-21T14:47:02","date_gmt":"2013-10-21T14:47:02","guid":{"rendered":"https:\/\/www.lisboacard.org\/cs\/?page_id=4"},"modified":"2026-05-06T22:59:25","modified_gmt":"2026-05-06T20:59:25","slug":"lisboa-card","status":"publish","type":"page","link":"https:\/\/www.lisboacard.org\/cs\/","title":{"rendered":"Lisboa Card"},"content":{"rendered":"<div class=\"ms-credits\">\n<img decoding=\"async\" class=\"gb-media-382f2e37\" alt=\"Colorful buildings in Lisbon at sunset.\" src=\"https:\/\/www.lisboacard.org\/cs\/wp-content\/uploads\/sites\/12\/lisbon-cityscape-1748835854.jpg\" title=\"lisbon-cityscape-1748835854\"\/>\n<span class='ms-credits__info' id='media816'><svg xmlns=\"http:\/\/www.w3.org\/2000\/svg\" width=\"20\" height=\"22\" fill=\"#000000\" viewBox=\"0 0 256 256\"><path d=\"M128,24A104,104,0,1,0,232,128,104.11,104.11,0,0,0,128,24Zm0,192a88,88,0,1,1,88-88A88.1,88.1,0,0,1,128,216ZM96,128a32,32,0,0,0,57.6,19.2,8,8,0,0,1,12.8,9.61,48,48,0,1,1,0-57.62,8,8,0,0,1-12.8,9.61A32,32,0,0,0,96,128Z\"><\/path><\/svg>sepavone\/<a href=https:\/\/depositphotos.com\/photo\/lisbon-portugal-skyline-65709885.html rel='nofollow' target='_blank'>Depositphotos<\/a><\/span><span class='ms-credits__btn' id='btn_media816' onclick='ms_credits_trigger(\"#media816\", this)'><svg xmlns=\"http:\/\/www.w3.org\/2000\/svg\" class=\"info_icon\" width=\"28\" height=\"28\" fill=\"#FFF\" viewBox=\"0 0 256 256\"><path d=\"M128,24A104,104,0,1,0,232,128,104.11,104.11,0,0,0,128,24Zm0,192a88,88,0,1,1,88-88A88.1,88.1,0,0,1,128,216Zm16-40a8,8,0,0,1-8,8,16,16,0,0,1-16-16V128a8,8,0,0,1,0-16,16,16,0,0,1,16,16v40A8,8,0,0,1,144,176ZM112,84a12,12,0,1,1,12,12A12,12,0,0,1,112,84Z\"><\/path><\/svg><svg xmlns=\"http:\/\/www.w3.org\/2000\/svg\" class=\"close_icon\" width=\"28\" height=\"28\" fill=\"#FFF\" viewBox=\"0 0 256 256\"><path d=\"M165.66,101.66,139.31,128l26.35,26.34a8,8,0,0,1-11.32,11.32L128,139.31l-26.34,26.35a8,8,0,0,1-11.32-11.32L116.69,128,90.34,101.66a8,8,0,0,1,11.32-11.32L128,116.69l26.34-26.35a8,8,0,0,1,11.32,11.32ZM232,128A104,104,0,1,1,128,24,104.11,104.11,0,0,1,232,128Zm-16,0a88,88,0,1,0-88,88A88.1,88.1,0,0,0,216,128Z\"><\/path><\/svg><\/span><\/div>\n\n\n<h1 class=\"gb-headline gb-headline-ec3982b8 gb-headline-text\">Karta Lisboa<br><strong><mark style=\"background-color:var(--ms-color-white)\" class=\"has-inline-color has-ms-color-neutral-color\">Objevte Lisabon s kartou Lisboa!<\/mark><\/strong><\/h1>\n\n\n\n<p>S kartou Lisboa m\u016f\u017eete neomezen\u011b cestovat a zdarma nav\u0161t\u00edvit 52 nejlep\u0161\u00edch muze\u00ed a atrakc\u00ed v Lisabonu. Karta zahrnuje bezplatn\u00fd vstup do kl\u00e1\u0161tera Jer\u00f3nimos, v\u00fdtahu Santa Justa a mnoha dal\u0161\u00edch m\u00edst.<\/p>\n\n\n\n<p><strong>Sou\u010d\u00e1st\u00ed karty Lisboa je i doprava metrem z a na lisabonsk\u00e9 leti\u0161t\u011b.<\/strong><\/p>\n\n\n\n<div class=\"ms-p ms-rounded ms-mb-last-child-0 ms-mb-children-condensed ms-alert--contrast ms-mb-block\">\n<h4 class=\"gb-text-26a71c5b\"><span class=\"gb-shape\"><svg viewBox=\"0 0 256 256\" fill=\"#000000\" height=\"32\" width=\"32\" xmlns=\"http:\/\/www.w3.org\/2000\/svg\"><path d=\"M246.15,133.18,146.83,33.86A19.85,19.85,0,0,0,132.69,28H40A12,12,0,0,0,28,40v92.69a19.85,19.85,0,0,0,5.86,14.14l99.32,99.32a20,20,0,0,0,28.28,0l84.69-84.69A20,20,0,0,0,246.15,133.18Zm-98.83,93.17L52,131V52h79l95.32,95.32ZM100,84A16,16,0,1,1,84,68,16,16,0,0,1,100,84Z\"><\/path><\/svg><\/span><span class=\"gb-text\"><strong>Exkluzivn\u00ed Slevy na Dopl\u0148ky!<\/strong><\/span><\/h4>\n\n\n\n<p class=\"gb-text\">Z\u00edskejte speci\u00e1ln\u00ed slevy na obl\u00edben\u00e9 atrakce jako Pal\u00e1c Pena, Quinta da Regaleira a dal\u0161\u00ed p\u0159i dokon\u010den\u00ed objedn\u00e1vky.<\/p>\n\n\n\n<p class=\"gb-text\"><a href=\"https:\/\/www.tiqets.com\/cs\/lisbon-attractions-c76528\/tickets-for-lisbon-card-p974847\/?partner=lisboacard\" rel=\"nofollow noopener\">U\u0161et\u0159ete na Nejlep\u0161\u00edch Atrakc\u00edch \u2192<\/a><\/p>\n<\/div>\n\n\n<div class=\"gb-container gb-container-1e1905d6 gb-tabs\" role=\"tablist\" data-opened-tab=\"1\">\n<div class=\"gb-container gb-container-c0d25ee5 gb-tabs__buttons\" role=\"list\">\n\n<button class=\"gb-button gb-button-38b6d7d4 gb-button-text gb-tabs__button gb-block-is-current\" id=\"gb-tab-button-38b6d7d4\" role=\"tab\">V\u00fdhody<\/button>\n\n\n\n<button class=\"gb-button gb-button-c40a7253 gb-button-text gb-tabs__button\" id=\"gb-tab-button-c40a7253\" role=\"tab\">Co to je<\/button>\n\n\n\n<button class=\"gb-button gb-button-af692dcf gb-button-text gb-tabs__button\" id=\"gb-tab-button-af692dcf\" role=\"tab\">Kde koupit<\/button>\n\n\n\n<button class=\"gb-button gb-button-706e52c0 gb-button-text gb-tabs__button\" id=\"gb-tab-button-706e52c0\" role=\"tab\">Jak kartu pou\u017e\u00edvat<\/button>\n\n<\/div>\n\n<div class=\"gb-container gb-container-8fcce89b gb-tabs__items\">\n<div class=\"gb-container gb-container-2e268732 gb-tabs__item gb-tabs__item-open\" id=\"gb-tab-item-2e268732\" role=\"tabpanel\">\n<div class=\"gb-grid-wrapper gb-grid-wrapper-deaf7782\">\n<div class=\"gb-grid-column gb-grid-column-a20552c8\"><div class=\"gb-container gb-container-a20552c8\">\n\n<h5 class=\"gb-headline gb-headline-91cc3cb9\"><span class=\"gb-icon\"><svg viewBox=\"0 0 256 256\" fill=\"#000000\" height=\"32\" width=\"32\" xmlns=\"http:\/\/www.w3.org\/2000\/svg\"><path d=\"M232.49,80.49l-128,128a12,12,0,0,1-17,0l-56-56a12,12,0,1,1,17-17L96,183,215.51,63.51a12,12,0,0,1,17,17Z\"><\/path><\/svg><\/span><span class=\"gb-headline-text\"><strong>Bezplatn\u00e1 doprava<\/strong><\/span><\/h5>\n\n\n\n<p class=\"gb-headline gb-headline-a9ae3e31 gb-headline-text\">Neomezen\u00e9 cestov\u00e1n\u00ed autobusy, metrem, tramvajemi a v\u00fdtahy.<\/p>\n\n<\/div><\/div>\n\n<div class=\"gb-grid-column gb-grid-column-b63d7f45\"><div class=\"gb-container gb-container-b63d7f45\">\n\n<h5 class=\"gb-headline gb-headline-0a9e0e11\"><span class=\"gb-icon\"><svg viewBox=\"0 0 256 256\" fill=\"#000000\" height=\"32\" width=\"32\" xmlns=\"http:\/\/www.w3.org\/2000\/svg\"><path d=\"M232.49,80.49l-128,128a12,12,0,0,1-17,0l-56-56a12,12,0,1,1,17-17L96,183,215.51,63.51a12,12,0,0,1,17,17Z\"><\/path><\/svg><\/span><span class=\"gb-headline-text\"><strong>Bezplatn\u00fd vstup<\/strong><\/span><\/h5>\n\n\n\n<p class=\"gb-headline gb-headline-c560cdb3 gb-headline-text\">Vstup zdarma do 52 nejlep\u0161\u00edch muze\u00ed a atrakc\u00ed.<\/p>\n\n<\/div><\/div>\n\n<div class=\"gb-grid-column gb-grid-column-a528135a\"><div class=\"gb-container gb-container-a528135a\">\n\n<h5 class=\"gb-headline gb-headline-76b5b018\"><span class=\"gb-icon\"><svg viewBox=\"0 0 256 256\" fill=\"#000000\" height=\"32\" width=\"32\" xmlns=\"http:\/\/www.w3.org\/2000\/svg\"><path d=\"M232.49,80.49l-128,128a12,12,0,0,1-17,0l-56-56a12,12,0,1,1,17-17L96,183,215.51,63.51a12,12,0,0,1,17,17Z\"><\/path><\/svg><\/span><span class=\"gb-headline-text\"><strong>Nab\u00eddky a slevy<\/strong><\/span><\/h5>\n\n\n\n<p class=\"gb-headline gb-headline-5d916f43 gb-headline-text\">U\u0161et\u0159ete 10 % a\u017e 50 % na r\u016fzn\u00fdch prohl\u00eddk\u00e1ch, n\u00e1kupech i no\u010dn\u00edm \u017eivot\u011b.<\/p>\n\n<\/div><\/div>\n\n<div class=\"gb-grid-column gb-grid-column-15fe27fb\"><div class=\"gb-container gb-container-15fe27fb\">\n\n<h5 class=\"gb-headline gb-headline-dd85b3fd\"><span class=\"gb-icon\"><svg viewBox=\"0 0 256 256\" fill=\"#000000\" height=\"32\" width=\"32\" xmlns=\"http:\/\/www.w3.org\/2000\/svg\"><path d=\"M232.49,80.49l-128,128a12,12,0,0,1-17,0l-56-56a12,12,0,1,1,17-17L96,183,215.51,63.51a12,12,0,0,1,17,17Z\"><\/path><\/svg><\/span><span class=\"gb-headline-text\"><strong>Bezplatn\u00fd pr\u016fvodce<\/strong><\/span><\/h5>\n\n\n\n<p class=\"gb-headline gb-headline-63dcfe4d gb-headline-text\">Zdarma z\u00edsk\u00e1te turistick\u00e9ho pr\u016fvodce pln\u00e9ho u\u017eite\u010dn\u00fdch informac\u00ed o m\u011bst\u011b.<\/p>\n\n<\/div><\/div>\n\n<div class=\"gb-grid-column gb-grid-column-a7acfa5d\"><div class=\"gb-container gb-container-a7acfa5d\">\n\n<h5 class=\"gb-headline gb-headline-6963d291\"><span class=\"gb-icon\"><svg viewBox=\"0 0 256 256\" fill=\"#000000\" height=\"32\" width=\"32\" xmlns=\"http:\/\/www.w3.org\/2000\/svg\"><path d=\"M232.49,80.49l-128,128a12,12,0,0,1-17,0l-56-56a12,12,0,1,1,17-17L96,183,215.51,63.51a12,12,0,0,1,17,17Z\"><\/path><\/svg><\/span><span class=\"gb-headline-text\"><strong>Snadn\u00e9 vyzvednut\u00ed<\/strong><\/span><\/h5>\n\n\n\n<p class=\"gb-headline gb-headline-4a33c065 gb-headline-text\">Kartu si m\u016f\u017eete vyzvednout na n\u011bkolika centr\u00e1ln\u00edch m\u00edstech v Lisabonu.<\/p>\n\n<\/div><\/div>\n\n<div class=\"gb-grid-column gb-grid-column-d4001500\"><div class=\"gb-container gb-container-d4001500\">\n\n<h5 class=\"gb-headline gb-headline-69f50967\"><span class=\"gb-icon\"><svg viewBox=\"0 0 256 256\" fill=\"#000000\" height=\"32\" width=\"32\" xmlns=\"http:\/\/www.w3.org\/2000\/svg\"><path d=\"M232.49,80.49l-128,128a12,12,0,0,1-17,0l-56-56a12,12,0,1,1,17-17L96,183,215.51,63.51a12,12,0,0,1,17,17Z\"><\/path><\/svg><\/span><span class=\"gb-headline-text\"><strong>Bezplatn\u00e9 jednodenn\u00ed v\u00fdlety<\/strong><\/span><\/h5>\n\n\n\n<p class=\"gb-headline gb-headline-8407b344 gb-headline-text\">J\u00edzda vlakem do Sintry, Cascais a na ji\u017en\u00ed b\u0159eh \u0159eky Tejo zdarma.<\/p>\n\n<\/div><\/div>\n<\/div>\n\n<div class=\"gb-container gb-container-e5d49e11 ms-alert--primary ms-p ms-rounded ms-mb-last-child-0 ms-mb-children-condensed ms-mb-block\">\n\n<p>Kartu Lisboa Card lze uplatnit do 28 dn\u016f od zakoupen\u00ed a aktivuje se a\u017e p\u0159i prvn\u00edm pou\u017eit\u00ed.<\/p>\n\n<\/div>\n<\/div>\n\n<div class=\"gb-container gb-container-3bccd8b9 gb-tabs__item\" id=\"gb-tab-item-3bccd8b9\" role=\"tabpanel\">\n\n<p>Karta Lisboa (<em>zn\u00e1m\u00e1 tak\u00e9 jako Lisbon Card<\/em>) je ofici\u00e1ln\u00ed cestovn\u00ed karta m\u011bsta. Vypad\u00e1 jako kreditn\u00ed karta a umo\u017e\u0148uje n\u00e1v\u0161t\u011bvn\u00edk\u016fm u\u0161et\u0159it \u010das a pen\u00edze b\u011bhem jejich pobytu. Tato karta je nejjednodu\u0161\u0161\u00ed zp\u016fsob, jak si cestu u\u017e\u00edt bez starost\u00ed a nav\u00edc u\u0161et\u0159it.<\/p>\n\n\n<div class=\"gb-container gb-container-4eb53179 ms-alert--primary ms-p ms-rounded ms-mb-last-child-0 ms-mb-children-condensed ms-mb-block\">\n\n<p>Karta Lisboa Card je 3 v 1 <strong>j\u00edzdenka na dopravu<\/strong>, <strong>vstupenka na atrakce<\/strong> a <strong>slevov\u00e1 karta<\/strong>.<\/p>\n\n<\/div>\n\n\n<p><strong>Pro\u010d si vybrat kartu Lisboa Card?<\/strong><\/p>\n\n\n\n<p>Karta Lisboa Card je ide\u00e1ln\u00ed pro n\u00e1v\u0161t\u011bvn\u00edky, kte\u0159\u00ed cht\u011bj\u00ed sv\u016fj pobyt v Portugalsku maxim\u00e1ln\u011b vyu\u017e\u00edt. Dr\u017eitel\u00e9 karty Lisboa Card mohou vyu\u017e\u00edt:<\/p>\n\n\n<ul class=\"gb-container gb-container-53b82d66 ms-icon-list\">\n\n<li class=\"gb-headline gb-headline-f5138486 ms-icon-list__item\"><span class=\"gb-icon\"><svg viewBox=\"0 0 256 256\" fill=\"#000000\" height=\"32\" width=\"32\" xmlns=\"http:\/\/www.w3.org\/2000\/svg\"><path d=\"M232.49,80.49l-128,128a12,12,0,0,1-17,0l-56-56a12,12,0,1,1,17-17L96,183,215.51,63.51a12,12,0,0,1,17,17Z\"><\/path><\/svg><\/span><span class=\"gb-headline-text\">Neomezen\u00e9 a bezplatn\u00e9 cestov\u00e1n\u00ed autobusem, metrem, tramvaj\u00ed a lanovkou.<\/span><\/li>\n\n\n\n<li class=\"gb-headline gb-headline-eb81dbda ms-icon-list__item\"><span class=\"gb-icon\"><svg viewBox=\"0 0 256 256\" fill=\"#000000\" height=\"32\" width=\"32\" xmlns=\"http:\/\/www.w3.org\/2000\/svg\"><path d=\"M232.49,80.49l-128,128a12,12,0,0,1-17,0l-56-56a12,12,0,1,1,17-17L96,183,215.51,63.51a12,12,0,0,1,17,17Z\"><\/path><\/svg><\/span><span class=\"gb-headline-text\">Bezplatn\u00fd p\u0159\u00edstup do ikonick\u00e9 tramvaje 28.<\/span><\/li>\n\n\n\n<li class=\"gb-headline gb-headline-b37bb796 ms-icon-list__item\"><span class=\"gb-icon\"><svg viewBox=\"0 0 256 256\" fill=\"#000000\" height=\"32\" width=\"32\" xmlns=\"http:\/\/www.w3.org\/2000\/svg\"><path d=\"M232.49,80.49l-128,128a12,12,0,0,1-17,0l-56-56a12,12,0,1,1,17-17L96,183,215.51,63.51a12,12,0,0,1,17,17Z\"><\/path><\/svg><\/span><span class=\"gb-headline-text\">Bezplatn\u00e9 j\u00edzdy v\u00fdtahem Santa Justa s n\u00e1dhern\u00fdm v\u00fdhledem.<\/span><\/li>\n\n\n\n<li class=\"gb-headline gb-headline-effa3bd7 ms-icon-list__item\"><span class=\"gb-icon\"><svg viewBox=\"0 0 256 256\" fill=\"#000000\" height=\"32\" width=\"32\" xmlns=\"http:\/\/www.w3.org\/2000\/svg\"><path d=\"M232.49,80.49l-128,128a12,12,0,0,1-17,0l-56-56a12,12,0,1,1,17-17L96,183,215.51,63.51a12,12,0,0,1,17,17Z\"><\/path><\/svg><\/span><span class=\"gb-headline-text\">Bezplatn\u00e9 cestov\u00e1n\u00ed vlakem CP do Sintry, Cascais a na ji\u017en\u00ed b\u0159eh \u0159eky Tejo \u2013 ide\u00e1ln\u00ed pro ty, kte\u0159\u00ed si necht\u011bj\u00ed nechat uj\u00edt \u017e\u00e1dn\u00e9 v\u00fdlety.<\/span><\/li>\n\n\n\n<li class=\"gb-headline gb-headline-376b85f3 ms-icon-list__item\"><span class=\"gb-icon\"><svg viewBox=\"0 0 256 256\" fill=\"#000000\" height=\"32\" width=\"32\" xmlns=\"http:\/\/www.w3.org\/2000\/svg\"><path d=\"M232.49,80.49l-128,128a12,12,0,0,1-17,0l-56-56a12,12,0,1,1,17-17L96,183,215.51,63.51a12,12,0,0,1,17,17Z\"><\/path><\/svg><\/span><span class=\"gb-headline-text\">Bezplatn\u00fd vstup do a\u017e 51 muze\u00ed, pam\u00e1tek a lokalit zapsan\u00fdch na seznamu sv\u011btov\u00e9ho d\u011bdictv\u00ed UNESCO.<\/span><\/li>\n\n\n\n<li class=\"gb-headline gb-headline-defc0986 ms-icon-list__item\"><span class=\"gb-icon\"><svg viewBox=\"0 0 256 256\" fill=\"#000000\" height=\"32\" width=\"32\" xmlns=\"http:\/\/www.w3.org\/2000\/svg\"><path d=\"M232.49,80.49l-128,128a12,12,0,0,1-17,0l-56-56a12,12,0,1,1,17-17L96,183,215.51,63.51a12,12,0,0,1,17,17Z\"><\/path><\/svg><\/span><span class=\"gb-headline-text\">Rychl\u00fd vstup na 12 zaj\u00edmav\u00fdch m\u00edst.<\/span><\/li>\n\n\n\n<li class=\"gb-headline gb-headline-6dbee845 ms-icon-list__item\"><span class=\"gb-icon\"><svg viewBox=\"0 0 256 256\" fill=\"#000000\" height=\"32\" width=\"32\" xmlns=\"http:\/\/www.w3.org\/2000\/svg\"><path d=\"M232.49,80.49l-128,128a12,12,0,0,1-17,0l-56-56a12,12,0,1,1,17-17L96,183,215.51,63.51a12,12,0,0,1,17,17Z\"><\/path><\/svg><\/span><span class=\"gb-headline-text\">Bezplatn\u00fd pr\u016fvodce m\u011bstem pln\u00fd u\u017eite\u010dn\u00fdch tip\u016f a informac\u00ed.<\/span><\/li>\n\n\n\n<li class=\"gb-headline gb-headline-323893ef ms-icon-list__item\"><span class=\"gb-icon\"><svg viewBox=\"0 0 256 256\" fill=\"#000000\" height=\"32\" width=\"32\" xmlns=\"http:\/\/www.w3.org\/2000\/svg\"><path d=\"M232.49,80.49l-128,128a12,12,0,0,1-17,0l-56-56a12,12,0,1,1,17-17L96,183,215.51,63.51a12,12,0,0,1,17,17Z\"><\/path><\/svg><\/span><span class=\"gb-headline-text\">Slevy a v\u00fdhodn\u00e9 nab\u00eddky na n\u00e1v\u0161t\u011bvy, prohl\u00eddky, n\u00e1kupy a no\u010dn\u00ed \u017eivot.<\/span><\/li>\n\n\n\n<p><\/p>\n\n\n\n<p>\ud83d\udccd <strong><strong>Novinka: P\u0159i placen\u00ed m\u016f\u017eete p\u0159idat voliteln\u00e9 zlevn\u011bn\u00e9 vstupenky:<\/strong><\/strong><\/p>\n\n\n\n<ul class=\"wp-block-list\">\n<li>Ocean\u00e1rio de Lisboa \u2014 10% sleva<\/li>\n\n\n\n<li>Pena Palace \u2014 5% sleva<\/li>\n\n\n\n<li>Quinta da Regaleira \u2014 5% sleva<\/li>\n<\/ul>\n\n<\/ul>\n<\/div>\n\n<div class=\"gb-container gb-container-28f243f6 gb-tabs__item\" id=\"gb-tab-item-28f243f6\" role=\"tabpanel\">\n\n<p>K n\u00e1kupu karty Lisboa Card sta\u010d\u00ed prov\u00e9st n\u00e1sleduj\u00edc\u00ed kroky:<\/p>\n\n\n\n<ol class=\"wp-block-list\">\n<li>Pomoc\u00ed rezerva\u010dn\u00edho formul\u00e1\u0159e vyberte datum a preferovanou dobu platnosti karty (24, 48 nebo 72 hodin).<\/li>\n\n\n\n<li>Po potvrzen\u00ed n\u00e1kupu obdr\u017e\u00edte e-mailov\u00fd voucher.<\/li>\n\n\n\n<li>Voucher p\u0159edlo\u017ete na jednom z v\u00fddejn\u00edch m\u00edst a vym\u011b\u0148te ho za fyzickou kartu Lisboa Card.V\u00fddejn\u00ed m\u00edsta s adresami a otev\u00edrac\u00ed dobou:\n<ul class=\"wp-block-list\">\n<li><strong>Ask Me Lisboa | Leti\u0161t\u011b<\/strong>: Chegadas, Aeroporto &#8211; Alameda das Comunidades, 1700-008, Lisboa. Denn\u011b od 7:00 do 22:00.<\/li>\n\n\n\n<li><strong>Ask Me Lisboa | Terreiro do Pa\u00e7o<\/strong>: Pra\u00e7a do Com\u00e9rcio, 1100-148, Lisabon. Denn\u011b od 10:00 do 19:00.<\/li>\n\n\n\n<li><strong>Codfish History Center<\/strong>: Terreiro do Pa\u00e7o &#8211; Torre\u00e3o Nascente, 1100-148, Lisabon. Denn\u011b od 10:00 do 19:00.<\/li>\n\n\n\n<li><strong>Ask Me Lisboa | Centro Tejo<\/strong>: Terreiro do Pa\u00e7o, 1100-016, Lisabon. Denn\u011b od 10:00 do 13:00 a od 14:00 do 19:00.<\/li>\n\n\n\n<li><strong>Ask Me Lisboa | Cais do Sodr\u00e9<\/strong>: Pra\u00e7a do Duque de Terceira, Cais do Sodr\u00e9, 1200-161, Lisabon. Denn\u011b od 9:00 do 13:00 a od 14:00 do 18:00.<\/li>\n<\/ul>\n<\/li>\n<\/ol>\n\n\n<div class=\"gb-container gb-container-ad106817 ms-alert--primary ms-p ms-rounded ms-mb-last-child-0 ms-mb-children-condensed ms-mb-block\">\n\n<p>Karta se aktivuje a\u017e p\u0159i prvn\u00edm pou\u017eit\u00ed, tak\u017ee se nemus\u00edte b\u00e1t, \u017ee by vypr\u0161ela p\u0159ed va\u0161\u00edm p\u0159\u00edjezdem do Lisabonu.<\/p>\n\n<\/div>\n<\/div>\n\n<div class=\"gb-container gb-container-46ea0e65 gb-tabs__item\" id=\"gb-tab-item-46ea0e65\" role=\"tabpanel\">\n\n<p>Karta Lisboa Card v\u00e1m umo\u017en\u00ed prozkoumat Lisabon snadno, levn\u011b a pohodln\u011b. Zde je n\u00e1vod, jak ji co nejl\u00e9pe vyu\u017e\u00edt:<\/p>\n\n\n\n<hr class=\"wp-block-separator has-alpha-channel-opacity\"\/>\n\n\n\n<p class=\"gb-text ms-text-context\">Aktivujte si svou kartu<\/p>\n\n\n\n<p>Kartu aktivujete jej\u00edm pou\u017eit\u00edm v jak\u00e9koli atrakci nebo ve ve\u0159ejn\u00e9 doprav\u011b. Mus\u00edte ji aktivovat do 28 dn\u016f od zakoupen\u00ed. Pot\u00e9 bude platn\u00e1 po dobu 24, 48 nebo 72 po sob\u011b jdouc\u00edch hodin, v z\u00e1vislosti na zakoupen\u00e9 variant\u011b.<\/p>\n\n\n\n<hr class=\"wp-block-separator has-alpha-channel-opacity\"\/>\n\n\n\n<p class=\"gb-text ms-text-context\">Napl\u00e1nujte si sv\u016fj itiner\u00e1\u0159<\/p>\n\n\n\n<p>Pokud m\u00e1te 1 den<\/p>\n\n\n\n<ul class=\"wp-block-list\">\n<li>R\u00e1no se vydejte do Bel\u00e9mu nav\u0161t\u00edvit kl\u00e1\u0161ter Jer\u00f3nimos a N\u00e1rodn\u00ed muzeum ko\u010d\u00e1r\u016f.<\/li>\n\n\n\n<li>Po ob\u011bd\u011b se zastav v Ponte 7 de Pilares Bridge Experience nebo v Lisboa Story Centre pro d\u00e1vku m\u00edstn\u00ed historie, ne\u017e vyraz\u00ed\u0161 do kopce.<\/li>\n\n\n\n<li>Den zakon\u010dete prohl\u00eddkou hradu svat\u00e9ho Ji\u0159\u00ed nebo Muzeum kr\u00e1lovsk\u00fdch poklad\u016f, proje\u010fte se tramvaj\u00ed 28 p\u0159es Alfamu a vychutnejte si ve\u010de\u0159i se slevou v jedn\u00e9 z partnersk\u00fdch restaurac\u00ed.<\/li>\n<\/ul>\n\n\n\n<p>Pokud m\u00e1te 2\u20133 dny<\/p>\n\n\n\n<ul class=\"wp-block-list\">\n<li>P\u0159idejte jednodenn\u00ed v\u00fdlety do Sintry nebo Cascais (va\u0161e karta zahrnuje cestov\u00e1n\u00ed vlakem CP!).<\/li>\n\n\n\n<li>Vyu\u017eijte slevy na p\u011b\u0161\u00ed prohl\u00eddky, plavby po \u0159ece nebo t\u0159eba na z\u00e1\u017eitek s fado.<\/li>\n\n\n\n<li>Nav\u0161tivte bezplatn\u00e1 muzea, jako je Pam\u00e1tn\u00edk objevitel\u016f, N\u00e1rodn\u00ed panteon nebo Pal\u00e1c Ajuda.<\/li>\n<\/ul>\n\n\n\n<p class=\"gb-text-9c6baf02\"><span class=\"gb-shape\"><svg viewBox=\"0 0 256 256\" fill=\"#000000\" height=\"32\" width=\"32\" xmlns=\"http:\/\/www.w3.org\/2000\/svg\"><path d=\"M108,84a16,16,0,1,1,16,16A16,16,0,0,1,108,84Zm128,44A108,108,0,1,1,128,20,108.12,108.12,0,0,1,236,128Zm-24,0a84,84,0,1,0-84,84A84.09,84.09,0,0,0,212,128Zm-72,36.68V132a20,20,0,0,0-20-20,12,12,0,0,0-4,23.32V168a20,20,0,0,0,20,20,12,12,0,0,0,4-23.32Z\"><\/path><\/svg><\/span><span class=\"gb-text\">Mnoho atrakc\u00ed je v pond\u011bl\u00ed zav\u0159en\u00fdch, proto si p\u0159ed pl\u00e1nov\u00e1n\u00edm dne v\u0161e ov\u011b\u0159te.<\/span><\/p>\n\n\n\n<hr class=\"wp-block-separator has-alpha-channel-opacity\"\/>\n\n\n\n<p class=\"gb-text ms-text-context\"><strong>Cestujte bez starost\u00ed<\/strong><\/p>\n\n\n\n<p>Va\u0161e karta zahrnuje neomezenou ve\u0159ejnou dopravu v Lisabonu, v\u010detn\u011b cest metrem z a na lisabonsk\u00e9 leti\u0161t\u011b.<\/p>\n\n\n\n<hr class=\"wp-block-separator has-alpha-channel-opacity\"\/>\n\n\n\n<p class=\"gb-text ms-text-context\"><strong><strong>U\u0161et\u0159ete d\u00edky exkluzivn\u00edm nab\u00eddk\u00e1m<\/strong><\/strong><\/p>\n\n\n\n<p>S kartou Lisboa Card z\u00edsk\u00e1te tak\u00e9 slevy v rozmez\u00ed 5\u201350 % na stravov\u00e1n\u00ed, n\u00e1kupy, komentovan\u00e9 prohl\u00eddky a z\u00e1bavu po cel\u00e9m Lisabonu.<\/p>\n\n\n\n<hr class=\"wp-block-separator has-alpha-channel-opacity\"\/>\n\n\n\n<p>\ud83d\udc49 <a href=\"https:\/\/drive.google.com\/file\/d\/1tVnk8u0tN68_agKLV1XV3FH4PtIBRphQ\/view\" target=\"_blank\" rel=\"noreferrer noopener nofollow\">St\u00e1hn\u011bte si kompletn\u00edho pr\u016fvodce kartou Lisboa Card (PDF)<\/a><\/p>\n\n\n<div class=\"gb-container gb-container-46df7ae9 ms-alert--primary ms-p ms-rounded ms-mb-last-child-0 ms-mb-children-condensed ms-mb-block\">\n\n<p>V\u00edce informac\u00ed: <a href=\"https:\/\/www.lisboacard.org\/cs\/slevy\/\" data-type=\"page\" data-id=\"6\">slevy<\/a> \u2013 <a href=\"https:\/\/www.lisboacard.org\/cs\/ceny\/\" data-type=\"page\" data-id=\"9\">ceny<\/a> \u2013 <a href=\"https:\/\/www.lisboacard.org\/cs\/faq\/\" data-type=\"page\" data-id=\"581\">\u010dasto kladen\u00e9 ot\u00e1zky<\/a><\/p>\n\n<\/div>\n<\/div>\n<\/div>\n<\/div>","protected":false},"excerpt":{"rendered":"","protected":false},"author":5,"featured_media":857,"parent":0,"menu_order":2,"comment_status":"closed","ping_status":"closed","template":"","meta":{"_acf_changed":false,"footnotes":"","button_url":"https:\/\/www.tiqets.com\/cs\/lisbon-attractions-c76528\/tickets-for-lisbon-card-p974847\/?partner=lisboacard","ms_product_id":"974847","ms_product_name":"Lisboa Card: Access 51 Attractions + Public Transportation","ms_price":"31","ms_currency":"EUR","ms_rating_value":"4.3","ms_review_count":"25376","rank_math_title":"Lisboa Card - Ofici\u00e1ln\u00ed Lisabonsk\u00e1 karta %currentyear%","rank_math_description":"U\u0161et\u0159ete \u010das a pen\u00edze s Lisboa Card \u2013 ofici\u00e1ln\u00ed turistickou kartou Lisabonu. Klikn\u011bte zde pro ceny, recenze a aktualizovan\u00fd seznam slev."},"post-style":[],"producer":[],"class_list":["post-5","page","type-page","status-publish","has-post-thumbnail"],"acf":[],"product_schema":{"ms_product_id":"974847","ms_product_name":"Lisboa Card: Access 51 Attractions + Public Transportation","ms_price":"31","ms_currency":"EUR","ms_rating_value":"4.3","ms_review_count":"25376"},"_links":{"self":[{"href":"https:\/\/www.lisboacard.org\/cs\/wp-json\/wp\/v2\/pages\/5","targetHints":{"allow":["GET"]}}],"collection":[{"href":"https:\/\/www.lisboacard.org\/cs\/wp-json\/wp\/v2\/pages"}],"about":[{"href":"https:\/\/www.lisboacard.org\/cs\/wp-json\/wp\/v2\/types\/page"}],"author":[{"embeddable":true,"href":"https:\/\/www.lisboacard.org\/cs\/wp-json\/wp\/v2\/users\/5"}],"replies":[{"embeddable":true,"href":"https:\/\/www.lisboacard.org\/cs\/wp-json\/wp\/v2\/comments?post=5"}],"version-history":[{"count":3,"href":"https:\/\/www.lisboacard.org\/cs\/wp-json\/wp\/v2\/pages\/5\/revisions"}],"predecessor-version":[{"id":1150,"href":"https:\/\/www.lisboacard.org\/cs\/wp-json\/wp\/v2\/pages\/5\/revisions\/1150"}],"wp:featuredmedia":[{"embeddable":true,"href":"https:\/\/www.lisboacard.org\/cs\/wp-json\/wp\/v2\/media\/857"}],"wp:attachment":[{"href":"https:\/\/www.lisboacard.org\/cs\/wp-json\/wp\/v2\/media?parent=5"}],"wp:term":[{"taxonomy":"post-style","embeddable":true,"href":"https:\/\/www.lisboacard.org\/cs\/wp-json\/wp\/v2\/post-style?post=5"},{"taxonomy":"producer","embeddable":true,"href":"https:\/\/www.lisboacard.org\/cs\/wp-json\/wp\/v2\/producer?post=5"}],"curies":[{"name":"wp","href":"https:\/\/api.w.org\/{rel}","templated":true}]}}