{"id":581,"date":"2014-01-08T14:47:17","date_gmt":"2014-01-08T14:47:17","guid":{"rendered":"https:\/\/www.lisboacard.org\/cs\/?page_id=11"},"modified":"2026-05-07T07:08:15","modified_gmt":"2026-05-07T05:08:15","slug":"faq","status":"publish","type":"page","link":"https:\/\/www.lisboacard.org\/cs\/faq\/","title":{"rendered":"\u010casto kladen\u00e9 ot\u00e1zky"},"content":{"rendered":"<div id=\"rank-math-faq\" class=\"rank-math-block\">\n<div class=\"rank-math-list \">\n<div id=\"faq-question-1717062476605\" class=\"rank-math-list-item\">\n<h3 class=\"rank-math-question \">Co je Lisboa Card?<\/h3>\n<div class=\"rank-math-answer \">\n\n<p>Lisboa Card je ofici\u00e1ln\u00ed turistick\u00e1 karta Lisabonu. V podstat\u011b se jedn\u00e1 o kartu 3 v 1: <strong>j\u00edzdenka na MHD<\/strong>, <strong>vstupenka do atrakc\u00ed <\/strong>a <strong>slevov\u00e1 karta<\/strong>. Bal\u00ed\u010dek Lisboa Card nav\u00edc obsahuje bezplatn\u00e9ho pr\u016fvodce m\u011bstem. Tato karta celkov\u011b pom\u00e1h\u00e1 n\u00e1v\u0161t\u011bvn\u00edk\u016fm Lisabonu <strong>\u0161et\u0159it \u010das i pen\u00edze<\/strong> b\u011bhem jejich pobytu.<\/p>\n\n<\/div>\n<\/div>\n<div id=\"faq-question-1717062505033\" class=\"rank-math-list-item\">\n<h3 class=\"rank-math-question \">Jak\u00e9 jsou v\u00fdhody karty Lisboa Card?<\/h3>\n<div class=\"rank-math-answer \">\n\n<p>Karta Lisboa Card v\u00e1m umo\u017en\u00ed <strong>u\u0161et\u0159it pen\u00edze<\/strong> za dopravu, vstupn\u00e9, z\u00e1bavu a d\u00e1rky. <strong>U\u0161et\u0159\u00edte tak\u00e9 \u010das<\/strong> a <strong>uvid\u00edte v\u00edc<\/strong> d\u00edky nespo\u010dtu nab\u00eddek a slev.<\/p>\n\n<\/div>\n<\/div>\n<div id=\"faq-question-1717062519392\" class=\"rank-math-list-item\">\n<h3 class=\"rank-math-question \">Jak\u00e9 slevy karta Lisboa Card nab\u00edz\u00ed?<\/h3>\n<div class=\"rank-math-answer \">\n\n<p>Karta Lisboa Card nab\u00edz\u00ed slevy od 10 % do 50 % na m\u00edstn\u00ed slu\u017eby, kulturn\u00ed a turistick\u00e9 atrakce a aktivity. Nav\u00edc m\u016f\u017eete vyu\u017e\u00edt 5% a\u017e 10% slevu v obchodech, kter\u00e9 nab\u00edzej\u00ed \u0161irok\u00fd v\u00fdb\u011br autentick\u00fdch portugalsk\u00fdch produkt\u016f. Kompletn\u00ed seznam slev si m\u016f\u017eete prohl\u00e9dnout <a href=\"https:\/\/www.lisboacard.org\/cs\/discounts\/\" target=\"_blank\" rel=\"noreferrer noopener\">zde<\/a>. <\/p>\n\n<\/div>\n<\/div>\n<div id=\"faq-question-1724316893105\" class=\"rank-math-list-item\">\n<h3 class=\"rank-math-question \">Vyplat\u00ed se Lisboa Card?<\/h3>\n<div class=\"rank-math-answer \">\n\n<p>To, zda se n\u00e1kup karty Lisboa Card vyplat\u00ed, z\u00e1vis\u00ed hlavn\u011b na va\u0161ich cestovn\u00edch pl\u00e1nech a na tom, nakolik si cen\u00edte pohodl\u00ed. Obecn\u011b plat\u00ed, \u017ee Lisboa Card je v\u00fdhodn\u00e1, pokud pl\u00e1nujete hodn\u011b cestovat ve\u0159ejnou dopravou a nav\u0161t\u011bvovat denn\u011b n\u011bkolik muze\u00ed a atrakc\u00ed. Pokud o koupi karty uva\u017eujete, m\u011bli byste m\u00edt na pam\u011bti n\u00e1sleduj\u00edc\u00ed:<\/p>\n<p><strong>Cena karty<br \/><\/strong>Jedin\u00fd zp\u016fsob, jak si b\u00fdt jist\u00fd, \u017ee se karta Lisboa Card vyplat\u00ed, je proj\u00edt si sv\u00e9 pl\u00e1ny a spo\u010d\u00edtat, kolik by v\u00e1s st\u00e1ly vstupn\u00e9, prohl\u00eddky a doprava. Porovnejte celkovou \u010d\u00e1stku s denn\u00edmi n\u00e1klady na kartu Lisboa Card a zva\u017ete, zda se vyplat\u00ed. M\u011bjte na pam\u011bti, \u017ee nejv\u00fdhodn\u011bj\u0161\u00ed je 72hodinov\u00e1 karta.<\/p>\n<p><strong>Svoboda a flexibilita<br \/><\/strong>V mnoha p\u0159\u00edpadech se Lisboa Card kupuje kv\u016fli pohodl\u00ed. Umo\u017en\u00ed v\u00e1m d\u011blat, co chcete a kdy chcete, ani\u017e byste se museli starat o n\u00e1kup dal\u0161\u00edch vstupenek do muze\u00ed nebo j\u00edzdenek na dopravu.<br \/>Celkov\u011b lze \u0159\u00edci, \u017ee pokud nav\u0161t\u011bvujete Lisabon s omezen\u00fdm rozpo\u010dtem, spo\u010d\u00edtejte si, zda se v\u00e1m cena oproti \u00faspor\u00e1m vyplat\u00ed. Pokud si cen\u00edte <strong>svobody<\/strong>, <strong>flexibility <\/strong>a <strong>pohodl\u00ed<\/strong>, je Lisboa Card pravd\u011bpodobn\u011b skv\u011bl\u00e1 koup\u011b.<\/p>\n\n<\/div>\n<\/div>\n<div id=\"faq-question-1724316971009\" class=\"rank-math-list-item\">\n<h3 class=\"rank-math-question \">Kolik stoj\u00ed karta Lisboa Card?<\/h3>\n<div class=\"rank-math-answer \">\n\n<p>Cena karty Lisboa Card z\u00e1vis\u00ed na po\u010dtu dn\u00ed, po kter\u00e9 je platn\u00e1. D\u011bti maj\u00ed n\u00e1rok na dodate\u010dnou slevu z kupn\u00ed ceny.<br \/>P\u0159i porovn\u00e1v\u00e1n\u00ed r\u016fzn\u00fdch karet se pod\u00edvejte na cenu za den. Nap\u0159\u00edklad 72hodinov\u00e1 Lisboa Card je levn\u011bj\u0161\u00ed na den ne\u017e 24hodinov\u00e1 karta. V\u0161echny ceny karty Lisboa Card najdete v <a href=\"https:\/\/www.lisboacard.org\/cs\/prices\/\" target=\"_blank\" rel=\"noreferrer noopener\">cen\u00edku<\/a>.\u00a0<\/p>\n\n<\/div>\n<\/div>\n<div id=\"faq-question-1724316983120\" class=\"rank-math-list-item\">\n<h3 class=\"rank-math-question \">Kde si mohu kartu Lisboa Card vyzvednout?<\/h3>\n<div class=\"rank-math-answer \">\n\n<p>Vouchery lze vym\u011bnit za kartu Lisboa Card v jedn\u00e9 z turistick\u00fdch kancel\u00e1\u0159\u00ed \u201eAsk Me Lisboa\u201c na leti\u0161ti nebo ve m\u011bst\u011b. V potvrzovac\u00edm e-mailu najdete seznam v\u00fddejn\u00edch m\u00edst, adresy a otev\u00edrac\u00ed dobu.<\/p>\n\n<\/div>\n<\/div>\n<div id=\"faq-question-1747719164938\" class=\"rank-math-list-item\">\n<h3 class=\"rank-math-question \">Mohu p\u0159i rezervaci karty Lisboa p\u0159idat dal\u0161\u00ed vstupenky na jin\u00e9 atrakce?<\/h3>\n<div class=\"rank-math-answer \">\n\n<p>Ano! P\u0159i rezervaci karty Lisboa si m\u016f\u017eete vybrat, zda chcete p\u0159idat zlevn\u011bn\u00e9 vstupenky na n\u011bkter\u00e9 z nejobl\u00edben\u011bj\u0161\u00edch pam\u00e1tek v Lisabonu a Sint\u0159e, nap\u0159\u00edklad na <strong>Ocean\u00e1rio de Lisboa, Pal\u00e1cio da Maursk\u00fd hrad<\/strong>.<br \/>Tyto dopl\u0148ky jsou voliteln\u00e9 a lze je vybrat p\u0159i placen\u00ed.<\/p>\n\n<\/div>\n<\/div>\n<\/div>\n<\/div>\n\n\n<p><\/p>\n","protected":false},"excerpt":{"rendered":"","protected":false},"author":5,"featured_media":0,"parent":0,"menu_order":5,"comment_status":"closed","ping_status":"closed","template":"","meta":{"_acf_changed":false,"footnotes":"","button_url":"https:\/\/www.tiqets.com\/cs\/lisbon-attractions-c76528\/tickets-for-lisbon-card-p974847\/?partner=lisboacard","ms_product_id":"","ms_product_name":"","ms_price":"","ms_currency":"","ms_rating_value":"","ms_review_count":"","rank_math_title":"\u010casto kladen\u00e9 ot\u00e1zky k Lisbon Card \u2013 Odpov\u011bdi na va\u0161e dotazy t\u00fdkaj\u00edc\u00ed se Lisbon Card","rank_math_description":"M\u00e1te ot\u00e1zky ohledn\u011b karty Lisboa Card? Odpov\u011bdi na ot\u00e1zky t\u00fdkaj\u00edc\u00ed se jej\u00edho fungov\u00e1n\u00ed, obsahu, pou\u017e\u00edv\u00e1n\u00ed ve\u0159ejn\u00e9 dopravy, m\u00edsta prodeje a dal\u0161\u00ed informace najdete v na\u0161em pr\u016fvodci \u010dasto kladen\u00fdmi dotazy."},"post-style":[],"producer":[],"class_list":["post-581","page","type-page","status-publish","has-post-thumbnail"],"acf":[],"product_schema":{"ms_product_id":"","ms_product_name":"","ms_price":"","ms_currency":"","ms_rating_value":"","ms_review_count":""},"_links":{"self":[{"href":"https:\/\/www.lisboacard.org\/cs\/wp-json\/wp\/v2\/pages\/581","targetHints":{"allow":["GET"]}}],"collection":[{"href":"https:\/\/www.lisboacard.org\/cs\/wp-json\/wp\/v2\/pages"}],"about":[{"href":"https:\/\/www.lisboacard.org\/cs\/wp-json\/wp\/v2\/types\/page"}],"author":[{"embeddable":true,"href":"https:\/\/www.lisboacard.org\/cs\/wp-json\/wp\/v2\/users\/5"}],"replies":[{"embeddable":true,"href":"https:\/\/www.lisboacard.org\/cs\/wp-json\/wp\/v2\/comments?post=581"}],"version-history":[{"count":3,"href":"https:\/\/www.lisboacard.org\/cs\/wp-json\/wp\/v2\/pages\/581\/revisions"}],"predecessor-version":[{"id":1155,"href":"https:\/\/www.lisboacard.org\/cs\/wp-json\/wp\/v2\/pages\/581\/revisions\/1155"}],"wp:attachment":[{"href":"https:\/\/www.lisboacard.org\/cs\/wp-json\/wp\/v2\/media?parent=581"}],"wp:term":[{"taxonomy":"post-style","embeddable":true,"href":"https:\/\/www.lisboacard.org\/cs\/wp-json\/wp\/v2\/post-style?post=581"},{"taxonomy":"producer","embeddable":true,"href":"https:\/\/www.lisboacard.org\/cs\/wp-json\/wp\/v2\/producer?post=581"}],"curies":[{"name":"wp","href":"https:\/\/api.w.org\/{rel}","templated":true}]}}