{"id":652,"date":"2024-10-18T10:00:15","date_gmt":"2024-10-18T08:00:15","guid":{"rendered":"https:\/\/www.lisboacard.org\/cs\/?page_id=652"},"modified":"2025-10-27T20:37:38","modified_gmt":"2025-10-27T19:37:38","slug":"kontakt","status":"publish","type":"page","link":"https:\/\/www.lisboacard.org\/cs\/kontakt\/","title":{"rendered":"Kontakt"},"content":{"rendered":"\n<h3 class=\"wp-block-heading\">Dotazy ohledn\u011b vstupenek<\/h3>\n\n\n\n<p>V p\u0159\u00edpad\u011b jak\u00fdchkoli dotaz\u016f ohledn\u011b vstupenek nebo va\u0161\u00ed st\u00e1vaj\u00edc\u00ed rezervace se pros\u00edm obra\u0165te na na\u0161eho partnera pro prodej vstupenek:<\/p>\n\n\n\n<ul class=\"wp-block-list\">\n<li>E-mail: <a href=\"mailto:info@ticketbar.eu\">info@ticketbar.eu<\/a><\/li>\n\n\n\n<li>Telefon: +44 2035142614<\/li>\n<\/ul>\n\n\n\n<hr class=\"wp-block-separator has-alpha-channel-opacity\"\/>\n\n\n\n<h3 class=\"wp-block-heading\">Informace pro n\u00e1v\u0161t\u011bvn\u00edky<\/h3>\n\n\n\n<p>Pro podrobn\u011bj\u0161\u00ed informace o m\u011bst\u011b, mapy a dal\u0161\u00ed slu\u017eby nav\u0161tivte kteroukoli turistickou kancel\u00e1\u0159 \u201eAsk Me Lisboa\u201c na leti\u0161ti nebo ve m\u011bst\u011b. V t\u011bchto kancel\u00e1\u0159\u00edch si tak\u00e9 m\u016f\u017eete vym\u011bnit sv\u016fj online voucher za fyzickou kartu Lisboa Card.<\/p>\n\n\n\n<p>Adresy, otev\u00edrac\u00ed dobu a kontaktn\u00ed \u00fadaje najdete na <a href=\"https:\/\/www.visitlisboa.com\/en\/c\/tourist-offices\" target=\"_blank\" rel=\"noreferrer noopener nofollow\"><\/a><a href=\"https:\/\/www.visitlisboa.com\/en\/c\/tourist-offices\" target=\"_blank\" rel=\"noreferrer noopener nofollow\">tomto odkazu<\/a>.<\/p>\n\n\n\n<hr class=\"wp-block-separator has-alpha-channel-opacity\"\/>\n\n\n\n<h3 class=\"wp-block-heading\">Podpora webov\u00fdch str\u00e1nek<\/h3>\n\n\n\n<p>V p\u0159\u00edpad\u011b jak\u00fdchkoli dotaz\u016f t\u00fdkaj\u00edc\u00edch se t\u011bchto webov\u00fdch str\u00e1nek n\u00e1s pros\u00edm kontaktujte p\u0159\u00edmo:<\/p>\n\n\n\n<ul class=\"wp-block-list\">\n<li>E-mail: info@moonshot.media<\/li>\n<\/ul>\n","protected":false},"excerpt":{"rendered":"","protected":false},"author":5,"featured_media":0,"parent":0,"menu_order":0,"comment_status":"closed","ping_status":"closed","template":"","meta":{"_acf_changed":false,"footnotes":"","button_url":"https:\/\/www.tiqets.com\/cs\/lisbon-attractions-c76528\/tickets-for-lisbon-card-p974847\/?partner=lisboacard","ms_product_id":"","ms_product_name":"","ms_price":"","ms_currency":"","ms_rating_value":"","ms_review_count":"","rank_math_title":"%title%  %sep%  %sitename%","rank_math_description":"V p\u0159\u00edpad\u011b jak\u00fdchkoli dotaz\u016f ohledn\u011b vstupenek nebo va\u0161\u00ed st\u00e1vaj\u00edc\u00ed rezervace se pros\u00edm obra\u0165te na na\u0161eho partnera pro prodej vstupenek."},"post-style":[],"producer":[],"class_list":["post-652","page","type-page","status-publish","has-post-thumbnail"],"acf":[],"product_schema":{"ms_product_id":"","ms_product_name":"","ms_price":"","ms_currency":"","ms_rating_value":"","ms_review_count":""},"_links":{"self":[{"href":"https:\/\/www.lisboacard.org\/cs\/wp-json\/wp\/v2\/pages\/652","targetHints":{"allow":["GET"]}}],"collection":[{"href":"https:\/\/www.lisboacard.org\/cs\/wp-json\/wp\/v2\/pages"}],"about":[{"href":"https:\/\/www.lisboacard.org\/cs\/wp-json\/wp\/v2\/types\/page"}],"author":[{"embeddable":true,"href":"https:\/\/www.lisboacard.org\/cs\/wp-json\/wp\/v2\/users\/5"}],"replies":[{"embeddable":true,"href":"https:\/\/www.lisboacard.org\/cs\/wp-json\/wp\/v2\/comments?post=652"}],"version-history":[{"count":2,"href":"https:\/\/www.lisboacard.org\/cs\/wp-json\/wp\/v2\/pages\/652\/revisions"}],"predecessor-version":[{"id":1000,"href":"https:\/\/www.lisboacard.org\/cs\/wp-json\/wp\/v2\/pages\/652\/revisions\/1000"}],"wp:attachment":[{"href":"https:\/\/www.lisboacard.org\/cs\/wp-json\/wp\/v2\/media?parent=652"}],"wp:term":[{"taxonomy":"post-style","embeddable":true,"href":"https:\/\/www.lisboacard.org\/cs\/wp-json\/wp\/v2\/post-style?post=652"},{"taxonomy":"producer","embeddable":true,"href":"https:\/\/www.lisboacard.org\/cs\/wp-json\/wp\/v2\/producer?post=652"}],"curies":[{"name":"wp","href":"https:\/\/api.w.org\/{rel}","templated":true}]}}