{"id":9,"date":"2014-01-07T13:15:06","date_gmt":"2014-01-07T13:15:06","guid":{"rendered":"https:\/\/www.lisboacard.org\/cs\/?page_id=9"},"modified":"2026-05-07T00:46:45","modified_gmt":"2026-05-06T22:46:45","slug":"ceny","status":"publish","type":"page","link":"https:\/\/www.lisboacard.org\/cs\/ceny\/","title":{"rendered":"Ceny karty Lisboa Card"},"content":{"rendered":"\n<h3 class=\"wp-block-heading\">Cen\u00edk<\/h3>\n\n\n<div class=\"ms-table frozenColumn\"><table><tr><th><\/th><th>24 hodin<\/th><th>48 hodin<\/th><th>72 hodin<\/th><\/tr><tr><td>Dosp\u011bl\u00fd<\/td><td>\u20ac31,00 (\u20ac31,00 za den)<\/td><td>\u20ac51,00 (\u20ac25,50 za den)<\/td><td>\u20ac62,00 (\u20ac20,67 za den)<\/td><\/tr><tr><td>D\u00edt\u011b<\/td><td>\u20ac21,00 (\u20ac21,00 za den)<\/td><td>\u20ac28,00 (\u20ac14,00 za den)<\/td><td>\u20ac35,00 (\u20ac11,67 za den)<\/td><\/tr><\/table><\/div>\n\n\n<p><strong>Pozn\u00e1mka<\/strong>:<\/p>\n\n\n\n<ul class=\"wp-block-list\">\n<li>Tyto ceny plat\u00ed pro dosp\u011bl\u00e9 (od 16 let) a d\u011bti (od 4 do 15 let). D\u011bti do 4 let maj\u00ed vstup zdarma a nepot\u0159ebuj\u00ed si po\u0159izovat l\u00edstek.<\/li>\n\n\n\n<li>Ceny platn\u00e9 od 1. dubna 2026 do 31. b\u0159ezna 2027.<\/li>\n<\/ul>\n\n\n\n<p><\/p>\n","protected":false},"excerpt":{"rendered":"","protected":false},"author":5,"featured_media":0,"parent":0,"menu_order":4,"comment_status":"closed","ping_status":"closed","template":"","meta":{"_acf_changed":false,"footnotes":"","button_url":"https:\/\/www.tiqets.com\/cs\/lisbon-attractions-c76528\/tickets-for-lisbon-card-p974847\/?partner=lisboacard","ms_product_id":"","ms_product_name":"","ms_price":"","ms_currency":"","ms_rating_value":"","ms_review_count":"","rank_math_title":"Ceny karty Lisboa Card (aktualizov\u00e1no %currentyear%)","rank_math_description":"Pod\u00edvejte se na nejnov\u011bj\u0161\u00ed ceny karet Lisboa Card pro 24, 48 a 72hodinov\u00e9 j\u00edzdenky. Najd\u011bte ceny pro dosp\u011bl\u00e9 a d\u011bti a zjist\u011bte, kolik m\u016f\u017eete u\u0161et\u0159it na prohl\u00eddk\u00e1ch pam\u00e1tek a doprav\u011b."},"post-style":[],"producer":[],"class_list":["post-9","page","type-page","status-publish","has-post-thumbnail"],"acf":[],"product_schema":{"ms_product_id":"","ms_product_name":"","ms_price":"","ms_currency":"","ms_rating_value":"","ms_review_count":""},"_links":{"self":[{"href":"https:\/\/www.lisboacard.org\/cs\/wp-json\/wp\/v2\/pages\/9","targetHints":{"allow":["GET"]}}],"collection":[{"href":"https:\/\/www.lisboacard.org\/cs\/wp-json\/wp\/v2\/pages"}],"about":[{"href":"https:\/\/www.lisboacard.org\/cs\/wp-json\/wp\/v2\/types\/page"}],"author":[{"embeddable":true,"href":"https:\/\/www.lisboacard.org\/cs\/wp-json\/wp\/v2\/users\/5"}],"replies":[{"embeddable":true,"href":"https:\/\/www.lisboacard.org\/cs\/wp-json\/wp\/v2\/comments?post=9"}],"version-history":[{"count":3,"href":"https:\/\/www.lisboacard.org\/cs\/wp-json\/wp\/v2\/pages\/9\/revisions"}],"predecessor-version":[{"id":1153,"href":"https:\/\/www.lisboacard.org\/cs\/wp-json\/wp\/v2\/pages\/9\/revisions\/1153"}],"wp:attachment":[{"href":"https:\/\/www.lisboacard.org\/cs\/wp-json\/wp\/v2\/media?parent=9"}],"wp:term":[{"taxonomy":"post-style","embeddable":true,"href":"https:\/\/www.lisboacard.org\/cs\/wp-json\/wp\/v2\/post-style?post=9"},{"taxonomy":"producer","embeddable":true,"href":"https:\/\/www.lisboacard.org\/cs\/wp-json\/wp\/v2\/producer?post=9"}],"curies":[{"name":"wp","href":"https:\/\/api.w.org\/{rel}","templated":true}]}}