{"id":581,"date":"2014-01-08T14:47:17","date_gmt":"2014-01-08T14:47:17","guid":{"rendered":"https:\/\/www.lisboacard.org\/da\/?page_id=11"},"modified":"2026-05-07T07:08:38","modified_gmt":"2026-05-07T05:08:38","slug":"faq","status":"publish","type":"page","link":"https:\/\/www.lisboacard.org\/da\/faq\/","title":{"rendered":"Ofte stillede sp\u00f8rgsm\u00e5l"},"content":{"rendered":"<div id=\"rank-math-faq\" class=\"rank-math-block\">\n<div class=\"rank-math-list \">\n<div id=\"faq-question-1717062476605\" class=\"rank-math-list-item\">\n<h3 class=\"rank-math-question \">Hvad er Lisboa Card?<\/h3>\n<div class=\"rank-math-answer \">\n\n<p>Lisboa Card er det officielle turistkort til Lissabon. Kortet fungerer som et 3-i-1 kort, der giver adgang til <strong>offentlig transport<\/strong>, <strong>museer og attraktioner<\/strong>, <strong>samt en r\u00e6kke rabatter<\/strong>. Lisboa Card-pakken indeholder ogs\u00e5 en gratis byguide. Alt i alt hj\u00e6lper kortet bes\u00f8gende med at <strong>spare b\u00e5de tid og penge<\/strong> under deres ophold i byen.<\/p>\n\n<\/div>\n<\/div>\n<div id=\"faq-question-1717062505033\" class=\"rank-math-list-item\">\n<h3 class=\"rank-math-question \">Hvad er fordelene ved Lisboa Card?<\/h3>\n<div class=\"rank-math-answer \">\n\n<p>Med Lisboa Card kan du <strong>spare penge<\/strong> p\u00e5 transport, entr\u00e9er, underholdning og gaver. Du <strong>sparer ogs\u00e5 tid<\/strong> og kan <strong>se mere<\/strong> takket v\u00e6re de mange tilbud og rabatter.<\/p>\n\n<\/div>\n<\/div>\n<div id=\"faq-question-1717062519392\" class=\"rank-math-list-item\">\n<h3 class=\"rank-math-question \">Hvilke rabatter tilbyder Lisboa Card?<\/h3>\n<div class=\"rank-math-answer \">\n\n<p>Lisboa Card giver rabatter p\u00e5 mellem 10 % og 50 % p\u00e5 lokale tjenester, kulturelle og turistattraktioner samt aktiviteter. Derudover f\u00e5r du 5 % til 10 % rabat i udvalgte butikker, der s\u00e6lger en lang r\u00e6kke autentiske portugisiske produkter. Den komplette liste over rabatter kan du se <a href=\"https:\/\/www.lisboacard.org\/da\/discounts\/\" target=\"_blank\" rel=\"noreferrer noopener\">her<\/a>.<\/p>\n\n<\/div>\n<\/div>\n<div id=\"faq-question-1724316893105\" class=\"rank-math-list-item\">\n<h3 class=\"rank-math-question \">Er Lisboa Card pengene v\u00e6rd?<\/h3>\n<div class=\"rank-math-answer \">\n\n<p>Om det er en god id\u00e9 at k\u00f8be Lisboa Card, afh\u00e6nger prim\u00e6rt af dine rejseplaner og dit behov for bekvemmelighed. Som tommelfingerregel er Lisboa Card en god investering, hvis du planl\u00e6gger at rejse med offentlig transport og bes\u00f8ge forskellige museer og attraktioner hver dag. Nedenfor kan du l\u00e6se et par ting, du b\u00f8r overveje, hvis du overvejer at k\u00f8be kortet:<\/p>\n<p><strong>Prisen p\u00e5 kortet<\/strong><br \/>Den eneste m\u00e5de at sikre dig, at Lisboa Card er pengene v\u00e6rd, er ved at gennemg\u00e5 dine planer og udregne, hvor meget du vil bruge p\u00e5 entr\u00e9, ture og transport. Sammenlign det samlede bel\u00f8b med den daglige pris p\u00e5 Lisboa Card for at vurdere, om kortet er en god investering. Husk, at 72-timers kortet giver den bedste v\u00e6rdi for pengene.<\/p>\n<p><strong>Frihed og fleksibilitet<\/strong><br \/>I mange tilf\u00e6lde er Lisboa Card fordelagtigt, da det giver en h\u00f8j grad af bekvemmelighed. Du kan g\u00f8re, hvad du vil, n\u00e5r du vil, uden at skulle bekymre dig om at k\u00f8be ekstra billetter til museer eller transport.<br \/>Alt i alt, hvis du rejser p\u00e5 et stramt budget, b\u00f8r du regne p\u00e5, om kortet er en god investering for dig. Hvis du derimod v\u00e6rds\u00e6tter <strong>frihed<\/strong>, <strong>fleksibilitet <\/strong>og <strong>bekvemmelighed<\/strong>, er Lisboa Card sandsynligvis en god l\u00f8sning.<\/p>\n\n<\/div>\n<\/div>\n<div id=\"faq-question-1724316971009\" class=\"rank-math-list-item\">\n<h3 class=\"rank-math-question \">Hvad koster Lisboa Card?<\/h3>\n<div class=\"rank-math-answer \">\n\n<p>Prisen p\u00e5 Lisboa Card afh\u00e6nger af det antal dage, det er gyldigt. B\u00f8rn f\u00e5r ekstra rabat p\u00e5 k\u00f8bsprisen.<br \/>N\u00e5r du sammenligner de forskellige kort, er det en god id\u00e9 at kigge p\u00e5 prisen pr. dag. F.eks. er et 72-timers Lisboa Card billigere pr. dag end et 24-timers kort. Du kan se alle priser p\u00e5 Lisboa Card i vores <a href=\"https:\/\/www.lisboacard.org\/da\/prices\/\" target=\"_blank\" rel=\"noreferrer noopener\">pristabel<\/a>. \u00a0<\/p>\n\n<\/div>\n<\/div>\n<div id=\"faq-question-1724316983120\" class=\"rank-math-list-item\">\n<h3 class=\"rank-math-question \">Hvor kan jeg hente Lisboa Card?<\/h3>\n<div class=\"rank-math-answer \">\n\n<p>Kuponer kan ombyttes til Lisboa Card p\u00e5 et af \u00bbAsk Me Lisboa\u00ab-turistkontorerne i lufthavnen eller i byen. Din bekr\u00e6ftelses-e-mail indeholder en liste over afhentningssteder, adresser og \u00e5bningstider.<\/p>\n\n<\/div>\n<\/div>\n<div id=\"faq-question-1747719164938\" class=\"rank-math-list-item\">\n<h3 class=\"rank-math-question \">Kan jeg tilf\u00f8je ekstra billetter til andre attraktioner, n\u00e5r jeg bestiller Lisboa Card?<\/h3>\n<div class=\"rank-math-answer \">\n\n<p>Ja! N\u00e5r du bestiller dit Lisboa Card, har du mulighed for at tilf\u00f8je billetter med rabat til nogle af de mest popul\u00e6re sev\u00e6rdigheder i Lissabon og Sintra, herunder <strong>Ocean\u00e1rio de Lisboa<\/strong>, <strong>Pena Palace<\/strong> og <strong>Maurerborgen<\/strong>.<br \/>Disse tilf\u00f8jelser er valgfrie og kan v\u00e6lges under betalingen.<\/p>\n\n<\/div>\n<\/div>\n<\/div>\n<\/div>\n\n\n<p><\/p>\n","protected":false},"excerpt":{"rendered":"","protected":false},"author":1,"featured_media":0,"parent":0,"menu_order":5,"comment_status":"closed","ping_status":"closed","template":"","meta":{"_acf_changed":false,"footnotes":"","button_url":"https:\/\/www.tiqets.com\/da\/lisbon-attractions-c76528\/tickets-for-lisbon-card-p974847\/?partner=lisboacard","ms_product_id":"","ms_product_name":"","ms_price":"","ms_currency":"","ms_rating_value":"","ms_review_count":"","rank_math_title":"Lisboa Card FAQ \u2013 Svar p\u00e5 dine sp\u00f8rgsm\u00e5l om Lisboa Card","rank_math_description":"Har du sp\u00f8rgsm\u00e5l om Lisboa Card? Find svar p\u00e5, hvordan det fungerer, hvad det inkluderer, hvordan du bruger offentlig transport, hvor du kan k\u00f8be det og meget mere i vores FAQ-guide."},"post-style":[],"producer":[],"class_list":["post-581","page","type-page","status-publish","has-post-thumbnail"],"acf":[],"product_schema":{"ms_product_id":"","ms_product_name":"","ms_price":"","ms_currency":"","ms_rating_value":"","ms_review_count":""},"_links":{"self":[{"href":"https:\/\/www.lisboacard.org\/da\/wp-json\/wp\/v2\/pages\/581","targetHints":{"allow":["GET"]}}],"collection":[{"href":"https:\/\/www.lisboacard.org\/da\/wp-json\/wp\/v2\/pages"}],"about":[{"href":"https:\/\/www.lisboacard.org\/da\/wp-json\/wp\/v2\/types\/page"}],"author":[{"embeddable":true,"href":"https:\/\/www.lisboacard.org\/da\/wp-json\/wp\/v2\/users\/1"}],"replies":[{"embeddable":true,"href":"https:\/\/www.lisboacard.org\/da\/wp-json\/wp\/v2\/comments?post=581"}],"version-history":[{"count":3,"href":"https:\/\/www.lisboacard.org\/da\/wp-json\/wp\/v2\/pages\/581\/revisions"}],"predecessor-version":[{"id":1063,"href":"https:\/\/www.lisboacard.org\/da\/wp-json\/wp\/v2\/pages\/581\/revisions\/1063"}],"wp:attachment":[{"href":"https:\/\/www.lisboacard.org\/da\/wp-json\/wp\/v2\/media?parent=581"}],"wp:term":[{"taxonomy":"post-style","embeddable":true,"href":"https:\/\/www.lisboacard.org\/da\/wp-json\/wp\/v2\/post-style?post=581"},{"taxonomy":"producer","embeddable":true,"href":"https:\/\/www.lisboacard.org\/da\/wp-json\/wp\/v2\/producer?post=581"}],"curies":[{"name":"wp","href":"https:\/\/api.w.org\/{rel}","templated":true}]}}