{"id":652,"date":"2024-10-18T10:00:15","date_gmt":"2024-10-18T08:00:15","guid":{"rendered":"https:\/\/www.lisboacard.org\/da\/?page_id=652"},"modified":"2025-10-27T20:42:38","modified_gmt":"2025-10-27T19:42:38","slug":"kontakt","status":"publish","type":"page","link":"https:\/\/www.lisboacard.org\/da\/kontakt\/","title":{"rendered":"Kontakt"},"content":{"rendered":"\n<h3 class=\"wp-block-heading\">Sp\u00f8rgsm\u00e5l om billetter<\/h3>\n\n\n\n<p>Hvis du har sp\u00f8rgsm\u00e5l om billetter eller din eksisterende reservation, bedes du kontakte vores billetpartner:<\/p>\n\n\n\n<ul class=\"wp-block-list\">\n<li>E-mail:&nbsp;<a href=\"mailto:info@ticketbar.eu\">info@ticketbar.eu<\/a><\/li>\n\n\n\n<li>Telefon: +44 2035142614<\/li>\n<\/ul>\n\n\n\n<hr class=\"wp-block-separator has-alpha-channel-opacity\"\/>\n\n\n\n<h3 class=\"wp-block-heading\">Bes\u00f8gende<\/h3>\n\n\n\n<p>For mere detaljerede oplysninger om byen, kort og andre tjenester kan du bes\u00f8ge et af &#8220;Ask Me Lisboa&#8221; turistkontorerne i lufthavnen eller i byen. P\u00e5 disse kontorer kan du ogs\u00e5 ombytte din onlinebillet til et fysisk Lisboa Card.<\/p>\n\n\n\n<p>For at se deres adresser, \u00e5bningstider og kontaktoplysninger, klik p\u00e5 <a href=\"https:\/\/www.visitlisboa.com\/en\/c\/tourist-offices\" target=\"_blank\" rel=\"noreferrer noopener nofollow\"><\/a><a href=\"https:\/\/www.visitlisboa.com\/en\/c\/tourist-offices\" target=\"_blank\" rel=\"noreferrer noopener nofollow\">dette <\/a><a href=\"https:\/\/www.visitlisboa.com\/en\/c\/tourist-offices\" rel=\"noopener\">link<\/a>.<\/p>\n\n\n\n<hr class=\"wp-block-separator has-alpha-channel-opacity\"\/>\n\n\n\n<h3 class=\"wp-block-heading\">Websteds-support<\/h3>\n\n\n\n<p>Hvis du har sp\u00f8rgsm\u00e5l vedr\u00f8rende dette websted, bedes du kontakte os direkte:<\/p>\n\n\n\n<ul class=\"wp-block-list\">\n<li>E-mail: info@moonshot.media<\/li>\n<\/ul>\n","protected":false},"excerpt":{"rendered":"","protected":false},"author":3,"featured_media":0,"parent":0,"menu_order":0,"comment_status":"closed","ping_status":"closed","template":"","meta":{"_acf_changed":false,"footnotes":"","button_url":"https:\/\/www.tiqets.com\/da\/lisbon-attractions-c76528\/tickets-for-lisbon-card-p974847\/?partner=lisboacard","ms_product_id":"","ms_product_name":"","ms_price":"","ms_currency":"","ms_rating_value":"","ms_review_count":"","rank_math_title":"%title% %sep% %sitename%","rank_math_description":"Hvis du har sp\u00f8rgsm\u00e5l om billetter eller din eksisterende reservation, bedes du kontakte vores billetpartner."},"post-style":[],"producer":[],"class_list":["post-652","page","type-page","status-publish","has-post-thumbnail"],"acf":[],"product_schema":{"ms_product_id":"","ms_product_name":"","ms_price":"","ms_currency":"","ms_rating_value":"","ms_review_count":""},"_links":{"self":[{"href":"https:\/\/www.lisboacard.org\/da\/wp-json\/wp\/v2\/pages\/652","targetHints":{"allow":["GET"]}}],"collection":[{"href":"https:\/\/www.lisboacard.org\/da\/wp-json\/wp\/v2\/pages"}],"about":[{"href":"https:\/\/www.lisboacard.org\/da\/wp-json\/wp\/v2\/types\/page"}],"author":[{"embeddable":true,"href":"https:\/\/www.lisboacard.org\/da\/wp-json\/wp\/v2\/users\/3"}],"replies":[{"embeddable":true,"href":"https:\/\/www.lisboacard.org\/da\/wp-json\/wp\/v2\/comments?post=652"}],"version-history":[{"count":3,"href":"https:\/\/www.lisboacard.org\/da\/wp-json\/wp\/v2\/pages\/652\/revisions"}],"predecessor-version":[{"id":997,"href":"https:\/\/www.lisboacard.org\/da\/wp-json\/wp\/v2\/pages\/652\/revisions\/997"}],"wp:attachment":[{"href":"https:\/\/www.lisboacard.org\/da\/wp-json\/wp\/v2\/media?parent=652"}],"wp:term":[{"taxonomy":"post-style","embeddable":true,"href":"https:\/\/www.lisboacard.org\/da\/wp-json\/wp\/v2\/post-style?post=652"},{"taxonomy":"producer","embeddable":true,"href":"https:\/\/www.lisboacard.org\/da\/wp-json\/wp\/v2\/producer?post=652"}],"curies":[{"name":"wp","href":"https:\/\/api.w.org\/{rel}","templated":true}]}}