{"id":5,"date":"2013-10-21T14:47:02","date_gmt":"2013-10-21T14:47:02","guid":{"rendered":"https:\/\/www.lisboacard.org\/?page_id=4"},"modified":"2026-01-19T23:13:47","modified_gmt":"2026-01-19T22:13:47","slug":"lisboa-card","status":"publish","type":"page","link":"https:\/\/www.lisboacard.org\/de\/","title":{"rendered":"Lisboa Card"},"content":{"rendered":"<div class=\"ms-credits\">\n<img decoding=\"async\" class=\"gb-media-fa69ab3f\" alt=\"Colorful buildings in Lisbon at sunset.\" src=\"https:\/\/www.lisboacard.org\/wp-content\/uploads\/lisbon-cityscape-1748835854.jpg\" title=\"lisbon-cityscape-1748835854\"\/>\n<span class='ms-credits__info' id='media763'><svg xmlns=\"http:\/\/www.w3.org\/2000\/svg\" width=\"20\" height=\"22\" fill=\"#000000\" viewBox=\"0 0 256 256\"><path d=\"M128,24A104,104,0,1,0,232,128,104.11,104.11,0,0,0,128,24Zm0,192a88,88,0,1,1,88-88A88.1,88.1,0,0,1,128,216ZM96,128a32,32,0,0,0,57.6,19.2,8,8,0,0,1,12.8,9.61,48,48,0,1,1,0-57.62,8,8,0,0,1-12.8,9.61A32,32,0,0,0,96,128Z\"><\/path><\/svg>sepavone\/<a href=https:\/\/depositphotos.com\/photo\/lisbon-portugal-skyline-65709885.html rel='nofollow' target='_blank'>Depositphotos<\/a><\/span><span class='ms-credits__btn' id='btn_media763' onclick='ms_credits_trigger(\"#media763\", this)'><svg xmlns=\"http:\/\/www.w3.org\/2000\/svg\" class=\"info_icon\" width=\"28\" height=\"28\" fill=\"#FFF\" viewBox=\"0 0 256 256\"><path d=\"M128,24A104,104,0,1,0,232,128,104.11,104.11,0,0,0,128,24Zm0,192a88,88,0,1,1,88-88A88.1,88.1,0,0,1,128,216Zm16-40a8,8,0,0,1-8,8,16,16,0,0,1-16-16V128a8,8,0,0,1,0-16,16,16,0,0,1,16,16v40A8,8,0,0,1,144,176ZM112,84a12,12,0,1,1,12,12A12,12,0,0,1,112,84Z\"><\/path><\/svg><svg xmlns=\"http:\/\/www.w3.org\/2000\/svg\" class=\"close_icon\" width=\"28\" height=\"28\" fill=\"#FFF\" viewBox=\"0 0 256 256\"><path d=\"M165.66,101.66,139.31,128l26.35,26.34a8,8,0,0,1-11.32,11.32L128,139.31l-26.34,26.35a8,8,0,0,1-11.32-11.32L116.69,128,90.34,101.66a8,8,0,0,1,11.32-11.32L128,116.69l26.34-26.35a8,8,0,0,1,11.32,11.32ZM232,128A104,104,0,1,1,128,24,104.11,104.11,0,0,1,232,128Zm-16,0a88,88,0,1,0-88,88A88.1,88.1,0,0,0,216,128Z\"><\/path><\/svg><\/span><\/div>\n\n\n<h1 class=\"gb-headline gb-headline-ec3982b8 gb-headline-text\">Lisboa Card<br><strong><mark style=\"background-color:var(--ms-color-white)\" class=\"has-inline-color has-ms-color-neutral-color\">Entdecken Sie Lissabon mit der Lisboa Karte<\/mark><\/strong><\/h1>\n\n\n\n<p>Mit der Lisboa Card kannst du unbegrenzt reisen und erh\u00e4ltst freien Eintritt in 52 der besten Museen und Sehensw\u00fcrdigkeiten Lissabons. Die Karte beinhaltet freien Eintritt zum Jer\u00f3nimos-Kloster, zum Santa Justa-Aufzug und zu vielen weiteren Attraktionen.<\/p>\n\n\n\n<p><strong>Die Lisboa Card beinhaltet die kostenlose Nutzung der U-Bahn vom und zum Flughafen<\/strong>.<\/p>\n\n\n\n<div class=\"ms-p ms-rounded ms-mb-last-child-0 ms-mb-children-condensed ms-alert--contrast ms-mb-block\">\n<h4 class=\"gb-text-26a71c5b\"><span class=\"gb-shape\"><svg viewBox=\"0 0 256 256\" fill=\"#000000\" height=\"32\" width=\"32\" xmlns=\"http:\/\/www.w3.org\/2000\/svg\"><path d=\"M246.15,133.18,146.83,33.86A19.85,19.85,0,0,0,132.69,28H40A12,12,0,0,0,28,40v92.69a19.85,19.85,0,0,0,5.86,14.14l99.32,99.32a20,20,0,0,0,28.28,0l84.69-84.69A20,20,0,0,0,246.15,133.18Zm-98.83,93.17L52,131V52h79l95.32,95.32ZM100,84A16,16,0,1,1,84,68,16,16,0,0,1,100,84Z\"><\/path><\/svg><\/span><span class=\"gb-text\"><strong>Exklusive Zusatzrabatte!<\/strong><\/span><\/h4>\n\n\n\n<p class=\"gb-text\">Erhalten Sie beim Checkout spezielle Rabatte auf beliebte Attraktionen wie den Pena-Palast, Quinta da Regaleira und mehr.<\/p>\n\n\n\n<p class=\"gb-text\"><a href=\"https:\/\/www.tiqets.com\/de\/lisbon-attractions-c76528\/tickets-for-lisbon-card-p974847\/?partner=lisboacard\" rel=\"nofollow noopener\">Sparen Sie bei Top-Attraktionen \u2192<\/a><\/p>\n<\/div>\n\n\n<div class=\"gb-container gb-container-1e1905d6 gb-tabs\" role=\"tablist\" data-opened-tab=\"1\">\n<div class=\"gb-container gb-container-c0d25ee5 gb-tabs__buttons\" role=\"list\">\n\n<button class=\"gb-button gb-button-38b6d7d4 gb-button-text gb-tabs__button gb-block-is-current\" id=\"gb-tab-button-38b6d7d4\" role=\"tab\">Vorteile<\/button>\n\n\n\n<button class=\"gb-button gb-button-c40a7253 gb-button-text gb-tabs__button\" id=\"gb-tab-button-c40a7253\" role=\"tab\">Was ist das<\/button>\n\n\n\n<button class=\"gb-button gb-button-af692dcf gb-button-text gb-tabs__button\" id=\"gb-tab-button-af692dcf\" role=\"tab\">Wo kaufen<\/button>\n\n\n\n<button class=\"gb-button gb-button-706e52c0 gb-button-text gb-tabs__button\" id=\"gb-tab-button-706e52c0\" role=\"tab\">Wie man sie benutzt<\/button>\n\n<\/div>\n\n<div class=\"gb-container gb-container-8fcce89b gb-tabs__items\">\n<div class=\"gb-container gb-container-2e268732 gb-tabs__item gb-tabs__item-open\" id=\"gb-tab-item-2e268732\" role=\"tabpanel\">\n<div class=\"gb-grid-wrapper gb-grid-wrapper-deaf7782\">\n<div class=\"gb-grid-column gb-grid-column-a20552c8\"><div class=\"gb-container gb-container-a20552c8\">\n\n<h5 class=\"gb-headline gb-headline-91cc3cb9\"><span class=\"gb-icon\"><svg viewBox=\"0 0 256 256\" fill=\"#000000\" height=\"32\" width=\"32\" xmlns=\"http:\/\/www.w3.org\/2000\/svg\"><path d=\"M232.49,80.49l-128,128a12,12,0,0,1-17,0l-56-56a12,12,0,1,1,17-17L96,183,215.51,63.51a12,12,0,0,1,17,17Z\"><\/path><\/svg><\/span><span class=\"gb-headline-text\"><strong>Kostenlose Fahrt<\/strong><\/span><\/h5>\n\n\n\n<p class=\"gb-headline gb-headline-a9ae3e31 gb-headline-text\">Unbegrenzte kostenlose Fahrt mit Bussen, U-Bahnen, Stra\u00dfenbahnen und Standseilbahnen.<\/p>\n\n<\/div><\/div>\n\n<div class=\"gb-grid-column gb-grid-column-b63d7f45\"><div class=\"gb-container gb-container-b63d7f45\">\n\n<h5 class=\"gb-headline gb-headline-0a9e0e11\"><span class=\"gb-icon\"><svg viewBox=\"0 0 256 256\" fill=\"#000000\" height=\"32\" width=\"32\" xmlns=\"http:\/\/www.w3.org\/2000\/svg\"><path d=\"M232.49,80.49l-128,128a12,12,0,0,1-17,0l-56-56a12,12,0,1,1,17-17L96,183,215.51,63.51a12,12,0,0,1,17,17Z\"><\/path><\/svg><\/span><span class=\"gb-headline-text\"><strong>Freier Eintritt<\/strong><\/span><\/h5>\n\n\n\n<p class=\"gb-headline gb-headline-c560cdb3 gb-headline-text\">Besuche bis zu 52 Top-Museen und -Sehensw\u00fcrdigkeiten kostenlos.<\/p>\n\n<\/div><\/div>\n\n<div class=\"gb-grid-column gb-grid-column-a528135a\"><div class=\"gb-container gb-container-a528135a\">\n\n<h5 class=\"gb-headline gb-headline-76b5b018\"><span class=\"gb-icon\"><svg viewBox=\"0 0 256 256\" fill=\"#000000\" height=\"32\" width=\"32\" xmlns=\"http:\/\/www.w3.org\/2000\/svg\"><path d=\"M232.49,80.49l-128,128a12,12,0,0,1-17,0l-56-56a12,12,0,1,1,17-17L96,183,215.51,63.51a12,12,0,0,1,17,17Z\"><\/path><\/svg><\/span><span class=\"gb-headline-text\"><strong>Angebote und Rabatte<\/strong><\/span><\/h5>\n\n\n\n<p class=\"gb-headline gb-headline-5d916f43 gb-headline-text\">Spare 10 % bis 50 % bei verschiedenen Touren, beim Einkaufen und im Nachtleben.<\/p>\n\n<\/div><\/div>\n\n<div class=\"gb-grid-column gb-grid-column-15fe27fb\"><div class=\"gb-container gb-container-15fe27fb\">\n\n<h5 class=\"gb-headline gb-headline-dd85b3fd\"><span class=\"gb-icon\"><svg viewBox=\"0 0 256 256\" fill=\"#000000\" height=\"32\" width=\"32\" xmlns=\"http:\/\/www.w3.org\/2000\/svg\"><path d=\"M232.49,80.49l-128,128a12,12,0,0,1-17,0l-56-56a12,12,0,1,1,17-17L96,183,215.51,63.51a12,12,0,0,1,17,17Z\"><\/path><\/svg><\/span><span class=\"gb-headline-text\"><strong>Kostenloser Reisef\u00fchrer<\/strong><\/span><\/h5>\n\n\n\n<p class=\"gb-headline gb-headline-63dcfe4d gb-headline-text\">Reisef\u00fchrer mit vielen n\u00fctzlichen Infos \u00fcber die Stadt.<\/p>\n\n<\/div><\/div>\n\n<div class=\"gb-grid-column gb-grid-column-a7acfa5d\"><div class=\"gb-container gb-container-a7acfa5d\">\n\n<h5 class=\"gb-headline gb-headline-6963d291\"><span class=\"gb-icon\"><svg viewBox=\"0 0 256 256\" fill=\"#000000\" height=\"32\" width=\"32\" xmlns=\"http:\/\/www.w3.org\/2000\/svg\"><path d=\"M232.49,80.49l-128,128a12,12,0,0,1-17,0l-56-56a12,12,0,1,1,17-17L96,183,215.51,63.51a12,12,0,0,1,17,17Z\"><\/path><\/svg><\/span><span class=\"gb-headline-text\"><strong>Bequeme Abholung<\/strong><\/span><\/h5>\n\n\n\n<p class=\"gb-headline gb-headline-4a33c065 gb-headline-text\">Du kannst deine Karte ganz einfach an verschiedenen Orten in Lissabon abholen.<\/p>\n\n<\/div><\/div>\n\n<div class=\"gb-grid-column gb-grid-column-d4001500\"><div class=\"gb-container gb-container-d4001500\">\n\n<h5 class=\"gb-headline gb-headline-69f50967\"><span class=\"gb-icon\"><svg viewBox=\"0 0 256 256\" fill=\"#000000\" height=\"32\" width=\"32\" xmlns=\"http:\/\/www.w3.org\/2000\/svg\"><path d=\"M232.49,80.49l-128,128a12,12,0,0,1-17,0l-56-56a12,12,0,1,1,17-17L96,183,215.51,63.51a12,12,0,0,1,17,17Z\"><\/path><\/svg><\/span><span class=\"gb-headline-text\"><strong>Kostenlose Tagesausfl\u00fcge<\/strong><\/span><\/h5>\n\n\n\n<p class=\"gb-headline gb-headline-8407b344 gb-headline-text\">Kostenlose Zugfahrt nach Sintra, Cascais und zum s\u00fcdlichen Ufer des Tejo.<\/p>\n\n<\/div><\/div>\n<\/div>\n\n<div class=\"gb-container gb-container-d0bd1263 ms-alert--primary ms-p ms-rounded ms-mb-last-child-0 ms-mb-children-condensed ms-mb-block\">\n\n<p>Die Lisboa Card kann innerhalb von 28 Tagen nach dem Kaufdatum eingel\u00f6st werden und wird bei ihrer ersten Verwendung entwertet.<\/p>\n\n<\/div>\n<\/div>\n\n<div class=\"gb-container gb-container-3bccd8b9 gb-tabs__item\" id=\"gb-tab-item-3bccd8b9\" role=\"tabpanel\">\n\n<p>Die Lisboa Card (auch bekannt als die Lisbon Card) ist die offizielle Reisekarte der Stadt. Sie sieht aus wie eine Kreditkarte und erm\u00f6glicht es Besuchern, w\u00e4hrend ihres Aufenthalts Zeit und Geld zu sparen. Diese Karte ist der einfachste Weg, um Ihre Reise erschwinglicher, bequemer und vor allem unvergesslich zu machen.<\/p>\n\n\n<div class=\"gb-container gb-container-d55ec9b6 ms-alert--primary ms-p ms-rounded ms-mb-last-child-0 ms-mb-children-condensed ms-mb-block\">\n\n<p>Die Lisboa Card ist eine <strong>Transportkarte<\/strong>, ein <strong>Attraktionsticket<\/strong> und eine <strong>Rabattkarte<\/strong> in einem.<\/p>\n\n<\/div>\n\n\n<p>Warum die Lisboa Card w\u00e4hlen?<\/p>\n\n\n\n<p>Die Lisboa Card ist ideal f\u00fcr Lissabon-Besucher, die das Beste aus ihrem Portugal-Trip machen wollen. Inhaber der Lisboa Card k\u00f6nnen folgende Vorteile nutzen:<\/p>\n\n\n<ul class=\"gb-container gb-container-53b82d66 ms-icon-list\">\n\n<li class=\"gb-headline gb-headline-f5138486 ms-icon-list__item\"><span class=\"gb-icon\"><svg viewBox=\"0 0 256 256\" fill=\"#000000\" height=\"32\" width=\"32\" xmlns=\"http:\/\/www.w3.org\/2000\/svg\"><path d=\"M232.49,80.49l-128,128a12,12,0,0,1-17,0l-56-56a12,12,0,1,1,17-17L96,183,215.51,63.51a12,12,0,0,1,17,17Z\"><\/path><\/svg><\/span><span class=\"gb-headline-text\">Kostenlose unbegrenzte Fahrt mit Bus, U-Bahn, Stra\u00dfenbahn und Standseilbahnen.<\/span><\/li>\n\n\n\n<li class=\"gb-headline gb-headline-eb81dbda ms-icon-list__item\"><span class=\"gb-icon\"><svg viewBox=\"0 0 256 256\" fill=\"#000000\" height=\"32\" width=\"32\" xmlns=\"http:\/\/www.w3.org\/2000\/svg\"><path d=\"M232.49,80.49l-128,128a12,12,0,0,1-17,0l-56-56a12,12,0,1,1,17-17L96,183,215.51,63.51a12,12,0,0,1,17,17Z\"><\/path><\/svg><\/span><span class=\"gb-headline-text\">Freier Zugang zur legend\u00e4ren Stra\u00dfenbahnlinie 28.<\/span><\/li>\n\n\n\n<li class=\"gb-headline gb-headline-b37bb796 ms-icon-list__item\"><span class=\"gb-icon\"><svg viewBox=\"0 0 256 256\" fill=\"#000000\" height=\"32\" width=\"32\" xmlns=\"http:\/\/www.w3.org\/2000\/svg\"><path d=\"M232.49,80.49l-128,128a12,12,0,0,1-17,0l-56-56a12,12,0,1,1,17-17L96,183,215.51,63.51a12,12,0,0,1,17,17Z\"><\/path><\/svg><\/span><span class=\"gb-headline-text\">Kostenlose Fahrten mit dem Santa Justa-Aufzug f\u00fcr atemberaubende Ausblicke.<\/span><\/li>\n\n\n\n<li class=\"gb-headline gb-headline-effa3bd7 ms-icon-list__item\"><span class=\"gb-icon\"><svg viewBox=\"0 0 256 256\" fill=\"#000000\" height=\"32\" width=\"32\" xmlns=\"http:\/\/www.w3.org\/2000\/svg\"><path d=\"M232.49,80.49l-128,128a12,12,0,0,1-17,0l-56-56a12,12,0,1,1,17-17L96,183,215.51,63.51a12,12,0,0,1,17,17Z\"><\/path><\/svg><\/span><span class=\"gb-headline-text\">Kostenlose Zugfahrten auf CP-Strecken nach Sintra, Cascais und zum s\u00fcdlichen Ufer des Tejo \u2013 ideal f\u00fcr Tagesausfl\u00fcge, die man unbedingt machen sollte.<\/span><\/li>\n\n\n\n<li class=\"gb-headline gb-headline-376b85f3 ms-icon-list__item\"><span class=\"gb-icon\"><svg viewBox=\"0 0 256 256\" fill=\"#000000\" height=\"32\" width=\"32\" xmlns=\"http:\/\/www.w3.org\/2000\/svg\"><path d=\"M232.49,80.49l-128,128a12,12,0,0,1-17,0l-56-56a12,12,0,1,1,17-17L96,183,215.51,63.51a12,12,0,0,1,17,17Z\"><\/path><\/svg><\/span><span class=\"gb-headline-text\">Freier Eintritt in bis zu 52 Museen, Denkm\u00e4ler und UNESCO-Welterbest\u00e4tten.<\/span><\/li>\n\n\n\n<li class=\"gb-headline gb-headline-6dbee845 ms-icon-list__item\"><span class=\"gb-icon\"><svg viewBox=\"0 0 256 256\" fill=\"#000000\" height=\"32\" width=\"32\" xmlns=\"http:\/\/www.w3.org\/2000\/svg\"><path d=\"M232.49,80.49l-128,128a12,12,0,0,1-17,0l-56-56a12,12,0,1,1,17-17L96,183,215.51,63.51a12,12,0,0,1,17,17Z\"><\/path><\/svg><\/span><span class=\"gb-headline-text\">Kostenloser Stadtf\u00fchrer mit vielen n\u00fctzlichen Tipps und Informationen.<\/span><\/li>\n\n\n\n<li class=\"gb-headline gb-headline-323893ef ms-icon-list__item\"><span class=\"gb-icon\"><svg viewBox=\"0 0 256 256\" fill=\"#000000\" height=\"32\" width=\"32\" xmlns=\"http:\/\/www.w3.org\/2000\/svg\"><path d=\"M232.49,80.49l-128,128a12,12,0,0,1-17,0l-56-56a12,12,0,1,1,17-17L96,183,215.51,63.51a12,12,0,0,1,17,17Z\"><\/path><\/svg><\/span><span class=\"gb-headline-text\">Angebote und Rabatte f\u00fcr Besuche, Touren, Shopping und Nachtleben.<\/span><\/li>\n\n<\/ul>\n<\/div>\n\n<div class=\"gb-container gb-container-28f243f6 gb-tabs__item\" id=\"gb-tab-item-28f243f6\" role=\"tabpanel\">\n\n<p>Um die Lisboa Card zu kaufen:<\/p>\n\n\n\n<ol class=\"wp-block-list\">\n<li>Verwende das Buchungsformular auf der linken Seite, um dein bevorzugtes Datum und die G\u00fcltigkeitsdauer der Karte (24, 48 oder 72 Stunden) auszuw\u00e4hlen.<\/li>\n\n\n\n<li>Nachdem dein Kauf best\u00e4tigt wurde, erh\u00e4ltst du einen Gutschein per E-Mail.<\/li>\n\n\n\n<li>Legen Sie Ihren E-Mail-Gutschein an einem der Abholorte vor, um ihn gegen eine physische Lisboa Card einzutauschen. Die verf\u00fcgbaren Standorte mit Adressen und Betriebszeiten sind unten aufgef\u00fchrt:\n<ul class=\"wp-block-list\">\n<li><strong>Ask Me Lisboa | Flughafen:<\/strong> Chegadas, Aeroporto &#8211; Alameda das Comunidades, 1700-008, Lisboa. T\u00e4glich von 7:00 Uhr bis 22:00 Uhr.<\/li>\n\n\n\n<li><strong>Ask Me Lisboa | Terreiro do Pa\u00e7o:<\/strong> Pra\u00e7a do Com\u00e9rcio, 1100-148, Lisboa. T\u00e4glich von 10:00 Uhr bis 19:00 Uhr.<\/li>\n\n\n\n<li><strong>Zentrum f\u00fcr Kabeljau-Geschichte:<\/strong> Terreiro do Pa\u00e7o &#8211; Torre\u00e3o Nascente, 1100-148, Lisboa. T\u00e4glich von 10:00 Uhr bis 19:00 Uhr.<\/li>\n\n\n\n<li><strong>Frag mich Lisboa | Centro Tejo:<\/strong> Terreiro do Pa\u00e7o, 1100-016, Lisboa. T\u00e4glich von 10:00 bis 13:00 Uhr und 14:00 bis 19:00 Uhr.<\/li>\n\n\n\n<li><strong>Frag mich Lisboa | Cais do Sodr\u00e9:<\/strong> Pra\u00e7a do Duque de Terceira, Cais do Sodr\u00e9, 1200-161, Lisboa. T\u00e4glich von 9:00 bis 13:00 Uhr und 14:00 bis 18:00 Uhr.<\/li>\n<\/ul>\n<\/li>\n<\/ol>\n\n\n<div class=\"gb-container gb-container-137f208e ms-alert--primary ms-p ms-rounded ms-mb-last-child-0 ms-mb-children-condensed ms-mb-block\">\n\n<p>Die Karte wird bei der ersten Verwendung aktiviert, sodass ihr euch keine Sorgen machen m\u00fcsst, dass die Karte abl\u00e4uft, bevor ihr in Lissabon ankommt.<\/p>\n\n<\/div>\n<\/div>\n\n<div class=\"gb-container gb-container-46ea0e65 gb-tabs__item\" id=\"gb-tab-item-46ea0e65\" role=\"tabpanel\">\n\n<p>Mit der Lisboa Card entdecken Sie Lissabon einfach, g\u00fcnstig und stressfrei. So holen Sie das Beste aus Ihrer Karte heraus:<\/p>\n\n\n\n<hr class=\"wp-block-separator has-alpha-channel-opacity\"\/>\n\n\n\n<p class=\"gb-text ms-text-context\">KARTE AKTIVIEREN<\/p>\n\n\n\n<p>Sie aktivieren Ihre Lisboa Card, indem Sie sie an einer Sehensw\u00fcrdigkeit oder im \u00f6ffentlichen Nahverkehr verwenden. Nach dem Kauf haben Sie 28 Tage Zeit, um die Karte zu aktivieren. Ab dem ersten Einsatz ist sie dann 24, 48 oder 72 Stunden lang g\u00fcltig \u2013 je nachdem, welches Modell Sie gew\u00e4hlt haben.<\/p>\n\n\n\n<hr class=\"wp-block-separator has-alpha-channel-opacity\"\/>\n\n\n\n<p class=\"gb-text ms-text-context\">IHRE REISE PLANEN<\/p>\n\n\n\n<p><strong>Wenn Sie nur einen Tag haben:<\/strong><\/p>\n\n\n\n<ul class=\"wp-block-list\">\n<li>Beginnen Sie den Tag in Bel\u00e9m mit dem Hieronymuskloster und dem Kutschenmuseum.<\/li>\n\n\n\n<li>Nach dem Mittagessen lohnt sich eine Fahrt mit dem Elevador de Santa Justa \u2013 f\u00fcr einen tollen Blick \u00fcber die Stadt.<\/li>\n\n\n\n<li>Am Nachmittag besuchen Sie das Castelo de S\u00e3o Jorge oder das K\u00f6nigliche Schatzmuseum, fahren mit der Linie 28 durch Alfama und essen in einem der Partnerrestaurants mit Rabatt zu Abend.<\/li>\n<\/ul>\n\n\n\n<p><strong>Wenn Sie 2\u20133 Tage bleiben:<\/strong><\/p>\n\n\n\n<ul class=\"wp-block-list\">\n<li>Unternehmen Sie einen Tagesausflug nach Sintra oder Cascais (Zugfahrten mit CP sind inklusive!).<\/li>\n\n\n\n<li>Nutzen Sie Ihre Rabatte f\u00fcr Stadtf\u00fchrungen, Bootstouren oder einen stimmungsvollen Fado-Abend.<\/li>\n\n\n\n<li>Planen Sie kostenlose Museen wie das Denkmal der Entdeckungen, das Arch\u00e4ologische Museum oder den Palast von Ajuda ein.<\/li>\n<\/ul>\n\n\n\n<p class=\"gb-text-9c6baf02\"><span class=\"gb-shape\"><svg viewBox=\"0 0 256 256\" fill=\"#000000\" height=\"32\" width=\"32\" xmlns=\"http:\/\/www.w3.org\/2000\/svg\"><path d=\"M108,84a16,16,0,1,1,16,16A16,16,0,0,1,108,84Zm128,44A108,108,0,1,1,128,20,108.12,108.12,0,0,1,236,128Zm-24,0a84,84,0,1,0-84,84A84.09,84.09,0,0,0,212,128Zm-72,36.68V132a20,20,0,0,0-20-20,12,12,0,0,0-4,23.32V168a20,20,0,0,0,20,20,12,12,0,0,0,4-23.32Z\"><\/path><\/svg><\/span><span class=\"gb-text\">Viele Sehensw\u00fcrdigkeiten sind montags geschlossen \u2013 bitte vorher informieren.<\/span><\/p>\n\n\n\n<hr class=\"wp-block-separator has-alpha-channel-opacity\"\/>\n\n\n\n<p class=\"gb-text ms-text-context\">ENTSPANNT UNTERWEGS<\/p>\n\n\n\n<p>Mit Ihrer Karte fahren Sie unbegrenzt mit \u00f6ffentlichen Verkehrsmitteln in Lissabon \u2013 inklusive Metro, Bus und Zugverbindungen vom und zum Flughafen.<\/p>\n\n\n\n<hr class=\"wp-block-separator has-alpha-channel-opacity\"\/>\n\n\n\n<p class=\"gb-text ms-text-context\">SPAREN MIT EXKLUSIVEN ANGEBOTEN<\/p>\n\n\n\n<p>Die Lisboa Card bietet Ihnen au\u00dferdem 5\u202f% bis 50\u202f% Rabatt auf Restaurants, Shopping, F\u00fchrungen und Unterhaltung in ganz Lissabon.<\/p>\n\n\n\n<hr class=\"wp-block-separator has-alpha-channel-opacity\"\/>\n\n\n\n<p>\ud83d\udc49 <a href=\"https:\/\/drive.google.com\/file\/d\/1tVnk8u0tN68_agKLV1XV3FH4PtIBRphQ\/view\" rel=\"nofollow noopener\">Hier den kompletten Lisboa Card Guide als PDF herunterladen<\/a><\/p>\n\n\n<div class=\"gb-container gb-container-80aa6da1 ms-alert--primary ms-p ms-rounded ms-mb-last-child-0 ms-mb-children-condensed ms-mb-block\">\n\n<p>Mehr erfahren: <a href=\"https:\/\/www.lisboacard.org\/de\/ermaessigungen\/\" data-type=\"page\" data-id=\"6\">Erm\u00e4\u00dfigungen<\/a> \u2013 <a href=\"https:\/\/www.lisboacard.org\/de\/preise\/\" data-type=\"page\" data-id=\"9\">Preise<\/a> \u2013 <a href=\"https:\/\/www.lisboacard.org\/de\/faq\/\" data-type=\"page\" data-id=\"581\">H\u00e4ufig gestellte Fragen<\/a><\/p>\n\n<\/div>\n<\/div>\n<\/div>\n<\/div>\n\n\n<p><\/p>\n","protected":false},"excerpt":{"rendered":"","protected":false},"author":1,"featured_media":590,"parent":0,"menu_order":2,"comment_status":"closed","ping_status":"closed","template":"","meta":{"_acf_changed":false,"footnotes":"","button_url":"https:\/\/www.tiqets.com\/de\/lisbon-attractions-c76528\/tickets-for-lisbon-card-p974847\/?partner=lisboacard","ms_product_id":"974847","ms_product_name":"Lisboa Card: Access 51 Attractions + Public Transportation","ms_price":"31","ms_currency":"EUR","ms_rating_value":"4.3","ms_review_count":"25195","rank_math_title":"Lisboa Card \u2013 Entdecken Sie Lissabon mit der Lisboa Karte","rank_math_description":"Sparen Sie Zeit und Geld mit der Lisboa Karte \u2013 dem offiziellen Touristenpass von Lissabon. Aktuellen Preis, Rezensionen und Rabatte."},"post-style":[],"producer":[],"class_list":["post-5","page","type-page","status-publish","has-post-thumbnail"],"acf":[],"product_schema":{"ms_product_id":"974847","ms_product_name":"Lisboa Card: Access 51 Attractions + Public Transportation","ms_price":"31","ms_currency":"EUR","ms_rating_value":"4.3","ms_review_count":"25195"},"_links":{"self":[{"href":"https:\/\/www.lisboacard.org\/de\/wp-json\/wp\/v2\/pages\/5","targetHints":{"allow":["GET"]}}],"collection":[{"href":"https:\/\/www.lisboacard.org\/de\/wp-json\/wp\/v2\/pages"}],"about":[{"href":"https:\/\/www.lisboacard.org\/de\/wp-json\/wp\/v2\/types\/page"}],"author":[{"embeddable":true,"href":"https:\/\/www.lisboacard.org\/de\/wp-json\/wp\/v2\/users\/1"}],"replies":[{"embeddable":true,"href":"https:\/\/www.lisboacard.org\/de\/wp-json\/wp\/v2\/comments?post=5"}],"version-history":[{"count":3,"href":"https:\/\/www.lisboacard.org\/de\/wp-json\/wp\/v2\/pages\/5\/revisions"}],"predecessor-version":[{"id":884,"href":"https:\/\/www.lisboacard.org\/de\/wp-json\/wp\/v2\/pages\/5\/revisions\/884"}],"wp:featuredmedia":[{"embeddable":true,"href":"https:\/\/www.lisboacard.org\/de\/wp-json\/wp\/v2\/media\/590"}],"wp:attachment":[{"href":"https:\/\/www.lisboacard.org\/de\/wp-json\/wp\/v2\/media?parent=5"}],"wp:term":[{"taxonomy":"post-style","embeddable":true,"href":"https:\/\/www.lisboacard.org\/de\/wp-json\/wp\/v2\/post-style?post=5"},{"taxonomy":"producer","embeddable":true,"href":"https:\/\/www.lisboacard.org\/de\/wp-json\/wp\/v2\/producer?post=5"}],"curies":[{"name":"wp","href":"https:\/\/api.w.org\/{rel}","templated":true}]}}