{"id":581,"date":"2014-01-08T14:47:17","date_gmt":"2014-01-08T14:47:17","guid":{"rendered":"https:\/\/www.lisboacard.org\/?page_id=11"},"modified":"2025-01-06T11:40:14","modified_gmt":"2025-01-06T10:40:14","slug":"faq","status":"publish","type":"page","link":"https:\/\/www.lisboacard.org\/de\/faq\/","title":{"rendered":"H\u00e4ufig gestellte Fragen"},"content":{"rendered":"<div id=\"rank-math-faq\" class=\"rank-math-block\">\n<div class=\"rank-math-list \">\n<div id=\"faq-question-1717062476605\" class=\"rank-math-list-item\">\n<h3 class=\"rank-math-question \">Was ist die Lisboa Card?<\/h3>\n<div class=\"rank-math-answer \">\n\n<p>Die Lisboa Card ist der offizielle Touristenpass von Lissabon. Die Karte ist im Wesentlichen ein <strong>Transportpass<\/strong>, <strong>Attraktionsticket<\/strong> und eine <strong>Rabattkarte<\/strong> in einem. Das Paket der Lisboa Card enth\u00e4lt au\u00dferdem einen kostenlosen Stadtf\u00fchrer. Insgesamt hilft die Karte Besuchern von Lissabon, <strong>Zeit und Geld<\/strong> w\u00e4hrend ihres Aufenthalts in der Stadt zu sparen.<\/p>\n\n<\/div>\n<\/div>\n<div id=\"faq-question-1717062505033\" class=\"rank-math-list-item\">\n<h3 class=\"rank-math-question \">Welche Vorteile bietet die Lisboa Card?<\/h3>\n<div class=\"rank-math-answer \">\n\n<p>Mit der Lisboa Card <strong>sparen<\/strong> Sie Geld bei Transport, Eintrittsgeldern, Unterhaltung und Geschenken, <strong>sparen Zeit<\/strong> und <strong>sehen mehr<\/strong> mit unz\u00e4hligen Angeboten und Rabatten.<\/p>\n\n<\/div>\n<\/div>\n<div id=\"faq-question-1717062519392\" class=\"rank-math-list-item\">\n<h3 class=\"rank-math-question \">Welche Rabatte bietet die Lisboa Card?<\/h3>\n<div class=\"rank-math-answer \">\n\n<p>Die Lisboa Card bietet Rabatte von 10 % bis 50 % auf lokale Dienstleistungen, kulturelle und touristische Attraktionen und Aktivit\u00e4ten. Dar\u00fcber hinaus erhalten Sie 5 % bis 10 % Rabatt in teilnehmenden Gesch\u00e4ften, die eine gro\u00dfe Auswahl an authentischen portugiesischen Produkten anbieten. Die vollst\u00e4ndige Liste der Rabatte findest du <a href=\"https:\/\/www.lisboacard.org\/de\/ermaessigungen\/\"><u>hier<\/u><\/a>.<\/p>\n\n<\/div>\n<\/div>\n<div id=\"faq-question-1724316893105\" class=\"rank-math-list-item\">\n<h3 class=\"rank-math-question \">Lohnt sich die Lisboa Card?<\/h3>\n<div class=\"rank-math-answer \">\n\n<p>Ob sich der Kauf der Lisboa Card lohnt, h\u00e4ngt haupts\u00e4chlich von deinen Reisepl\u00e4nen und deinem Komfortbed\u00fcrfnis ab. Als Faustregel gilt: Die Lisboa Card ist ein gutes Gesch\u00e4ft, wenn du vorhast, mit \u00f6ffentlichen Verkehrsmitteln zu reisen und t\u00e4glich verschiedene Museen und Sehensw\u00fcrdigkeiten zu besuchen. Im Folgenden findest du einige Punkte, die du beachten solltest, wenn du den Kauf der Lisboa Card in Betracht ziehst:<\/p>\n<p><strong>1. Die Kosten der Karte<br \/><\/strong>Die einzige M\u00f6glichkeit, um sicherzugehen, dass sich die Investition in die Lisboa Card lohnt, besteht darin, deine Pl\u00e4ne durchzugehen und auszurechnen, wie viel Eintritte, Touren und Transport kosten w\u00fcrden. Vergleiche die Gesamtsumme mit den Kosten pro Tag f\u00fcr die Lisboa Card und schau, ob die Karte ein gutes Gesch\u00e4ft ist. Bedenke, dass die 72-Stunden-Karte das beste Preis-Leistungs-Verh\u00e4ltnis bietet.<\/p>\n<p><strong>2. Freiheit und Flexibilit\u00e4t<br \/><\/strong>In vielen F\u00e4llen ist die Lisboa Card die bequemere L\u00f6sung: Mit ihr k\u00f6nnen Sie tun, was Sie wollen, wann Sie wollen, ohne sich Gedanken \u00fcber den Kauf zus\u00e4tzlicher Museums- oder Fahrkarten machen zu m\u00fcssen.<br \/>Wenn Sie mit einem knappen Budget nach Lissabon reisen, sollten Sie die Kosten und Einsparungen gegeneinander abw\u00e4gen. Wenn Sie Wert auf <strong>Freiheit<\/strong>, <strong>Flexibilit\u00e4t<\/strong> und <strong>Bequemlichkeit<\/strong> legen, ist die Lisboa Card wahrscheinlich ein gutes Angebot.<\/p>\n\n<\/div>\n<\/div>\n<div id=\"faq-question-1724316971009\" class=\"rank-math-list-item\">\n<h3 class=\"rank-math-question \">Was kostet die Lisboa Card?<\/h3>\n<div class=\"rank-math-answer \">\n\n<p>Der Preis der Lisboa Card h\u00e4ngt von der Anzahl der Tage ab, f\u00fcr die sie g\u00fcltig ist. Kinder erhalten einen zus\u00e4tzlichen Rabatt auf den Kaufpreis.<br \/>Schau dir den Preis pro Tag an, wenn du die verschiedenen Karten vergleichst. Zum Beispiel ist eine 72-Stunden-Lisboa-Card pro Tag g\u00fcnstiger als eine 24-Stunden-Card. Alle Preise der Lisboa Card findest du in der <a href=\"https:\/\/www.lisboacard.org\/de\/preise\/\"><u>Preistabelle<\/u><\/a>.<\/p>\n\n<\/div>\n<\/div>\n<div id=\"faq-question-1729166542562\" class=\"rank-math-list-item\">\n<h3 class=\"rank-math-question \">Wo kann ich die Lisboa Card abholen?<\/h3>\n<div class=\"rank-math-answer \">\n\n<p>Gutscheine k\u00f6nnen in einem der \u201eAsk Me Lisboa\u201c-Touristenb\u00fcros am Flughafen oder in der Stadt gegen die Lisboa Card eingetauscht werden. In der Best\u00e4tigungs-E-Mail sind die Abholstellen, Adressen und \u00d6ffnungszeiten aufgef\u00fchrt.<\/p>\n\n<\/div>\n<\/div>\n<\/div>\n<\/div>","protected":false},"excerpt":{"rendered":"","protected":false},"author":1,"featured_media":0,"parent":0,"menu_order":5,"comment_status":"closed","ping_status":"closed","template":"","meta":{"_acf_changed":false,"footnotes":"","button_url":"https:\/\/www.tiqets.com\/de\/lisbon-attractions-c76528\/tickets-for-lisbon-card-p974847\/?partner=lisboacard","ms_product_id":"","ms_product_name":"","ms_price":"","ms_currency":"","ms_rating_value":"","ms_review_count":"","rank_math_title":"%title% %page% %sep% %sitename%","rank_math_description":" "},"post-style":[],"producer":[],"class_list":["post-581","page","type-page","status-publish","has-post-thumbnail"],"acf":[],"product_schema":{"ms_product_id":"","ms_product_name":"","ms_price":"","ms_currency":"","ms_rating_value":"","ms_review_count":""},"_links":{"self":[{"href":"https:\/\/www.lisboacard.org\/de\/wp-json\/wp\/v2\/pages\/581","targetHints":{"allow":["GET"]}}],"collection":[{"href":"https:\/\/www.lisboacard.org\/de\/wp-json\/wp\/v2\/pages"}],"about":[{"href":"https:\/\/www.lisboacard.org\/de\/wp-json\/wp\/v2\/types\/page"}],"author":[{"embeddable":true,"href":"https:\/\/www.lisboacard.org\/de\/wp-json\/wp\/v2\/users\/1"}],"replies":[{"embeddable":true,"href":"https:\/\/www.lisboacard.org\/de\/wp-json\/wp\/v2\/comments?post=581"}],"version-history":[{"count":3,"href":"https:\/\/www.lisboacard.org\/de\/wp-json\/wp\/v2\/pages\/581\/revisions"}],"predecessor-version":[{"id":645,"href":"https:\/\/www.lisboacard.org\/de\/wp-json\/wp\/v2\/pages\/581\/revisions\/645"}],"wp:attachment":[{"href":"https:\/\/www.lisboacard.org\/de\/wp-json\/wp\/v2\/media?parent=581"}],"wp:term":[{"taxonomy":"post-style","embeddable":true,"href":"https:\/\/www.lisboacard.org\/de\/wp-json\/wp\/v2\/post-style?post=581"},{"taxonomy":"producer","embeddable":true,"href":"https:\/\/www.lisboacard.org\/de\/wp-json\/wp\/v2\/producer?post=581"}],"curies":[{"name":"wp","href":"https:\/\/api.w.org\/{rel}","templated":true}]}}