{"id":5,"date":"2013-10-21T14:47:02","date_gmt":"2013-10-21T14:47:02","guid":{"rendered":"https:\/\/www.lisboacard.org\/?page_id=4"},"modified":"2026-01-19T23:16:38","modified_gmt":"2026-01-19T22:16:38","slug":"lisboa-card","status":"publish","type":"page","link":"https:\/\/www.lisboacard.org\/es\/","title":{"rendered":"Lisboa Card"},"content":{"rendered":"<div class=\"ms-credits\">\n<img decoding=\"async\" class=\"gb-media-53cfe132\" alt=\"Colorful buildings in Lisbon at sunset.\" src=\"https:\/\/www.lisboacard.org\/wp-content\/uploads\/lisbon-cityscape-1748835854.jpg\" title=\"lisbon-cityscape-1748835854\"\/>\n<span class='ms-credits__info' id='media755'><svg xmlns=\"http:\/\/www.w3.org\/2000\/svg\" width=\"20\" height=\"22\" fill=\"#000000\" viewBox=\"0 0 256 256\"><path d=\"M128,24A104,104,0,1,0,232,128,104.11,104.11,0,0,0,128,24Zm0,192a88,88,0,1,1,88-88A88.1,88.1,0,0,1,128,216ZM96,128a32,32,0,0,0,57.6,19.2,8,8,0,0,1,12.8,9.61,48,48,0,1,1,0-57.62,8,8,0,0,1-12.8,9.61A32,32,0,0,0,96,128Z\"><\/path><\/svg>sepavone\/<a href=https:\/\/depositphotos.com\/photo\/lisbon-portugal-skyline-65709885.html rel='nofollow' target='_blank'>Depositphotos<\/a><\/span><span class='ms-credits__btn' id='btn_media755' onclick='ms_credits_trigger(\"#media755\", this)'><svg xmlns=\"http:\/\/www.w3.org\/2000\/svg\" class=\"info_icon\" width=\"28\" height=\"28\" fill=\"#FFF\" viewBox=\"0 0 256 256\"><path d=\"M128,24A104,104,0,1,0,232,128,104.11,104.11,0,0,0,128,24Zm0,192a88,88,0,1,1,88-88A88.1,88.1,0,0,1,128,216Zm16-40a8,8,0,0,1-8,8,16,16,0,0,1-16-16V128a8,8,0,0,1,0-16,16,16,0,0,1,16,16v40A8,8,0,0,1,144,176ZM112,84a12,12,0,1,1,12,12A12,12,0,0,1,112,84Z\"><\/path><\/svg><svg xmlns=\"http:\/\/www.w3.org\/2000\/svg\" class=\"close_icon\" width=\"28\" height=\"28\" fill=\"#FFF\" viewBox=\"0 0 256 256\"><path d=\"M165.66,101.66,139.31,128l26.35,26.34a8,8,0,0,1-11.32,11.32L128,139.31l-26.34,26.35a8,8,0,0,1-11.32-11.32L116.69,128,90.34,101.66a8,8,0,0,1,11.32-11.32L128,116.69l26.34-26.35a8,8,0,0,1,11.32,11.32ZM232,128A104,104,0,1,1,128,24,104.11,104.11,0,0,1,232,128Zm-16,0a88,88,0,1,0-88,88A88.1,88.1,0,0,0,216,128Z\"><\/path><\/svg><\/span><\/div>\n\n\n<h1 class=\"gb-headline gb-headline-ec3982b8 gb-headline-text\">Lisboa Card<br><strong><mark style=\"background-color:var(--ms-color-white)\" class=\"has-inline-color has-ms-color-neutral-color\">Descubre Lisboa con la Lisboa Card<\/mark><\/strong><\/h1>\n\n\n\n<p>Disfruta de viajes ilimitados y entrada gratuita a 52 de los principales museos y atracciones de Lisboa con la Lisboa Card. La tarjeta incluye la entrada gratuita al Monasterio de los Jer\u00f3nimos, al Elevador de Santa Justa y a muchos m\u00e1s.<\/p>\n\n\n\n<p><strong>La tarjeta Lisboa Card incluye transporte gratuito en metro desde y hacia el aeropuerto<\/strong>.<\/p>\n\n\n\n<div class=\"ms-p ms-rounded ms-mb-last-child-0 ms-mb-children-condensed ms-alert--contrast ms-mb-block\">\n<h4 class=\"gb-text-26a71c5b\"><span class=\"gb-shape\"><svg viewBox=\"0 0 256 256\" fill=\"#000000\" height=\"32\" width=\"32\" xmlns=\"http:\/\/www.w3.org\/2000\/svg\"><path d=\"M246.15,133.18,146.83,33.86A19.85,19.85,0,0,0,132.69,28H40A12,12,0,0,0,28,40v92.69a19.85,19.85,0,0,0,5.86,14.14l99.32,99.32a20,20,0,0,0,28.28,0l84.69-84.69A20,20,0,0,0,246.15,133.18Zm-98.83,93.17L52,131V52h79l95.32,95.32ZM100,84A16,16,0,1,1,84,68,16,16,0,0,1,100,84Z\"><\/path><\/svg><\/span><span class=\"gb-text\"><strong>\u00a1Descuentos Exclusivos en Complementos!<\/strong><\/span><\/h4>\n\n\n\n<p class=\"gb-text\">Obt\u00e9n descuentos especiales en atracciones populares como el Palacio de Pena, Quinta da Regaleira y m\u00e1s al finalizar tu compra.<\/p>\n\n\n\n<p class=\"gb-text\"><a href=\"https:\/\/www.tiqets.com\/es\/lisbon-attractions-c76528\/tickets-for-lisbon-card-p974847\/?partner=lisboacard\" rel=\"nofollow noopener\">Ahorra en las Mejores Atracciones \u2192<\/a><\/p>\n<\/div>\n\n\n<div class=\"gb-container gb-container-1e1905d6 gb-tabs\" role=\"tablist\" data-opened-tab=\"1\">\n<div class=\"gb-container gb-container-c0d25ee5 gb-tabs__buttons\" role=\"list\">\n\n<button class=\"gb-button gb-button-38b6d7d4 gb-button-text gb-tabs__button gb-block-is-current\" id=\"gb-tab-button-38b6d7d4\" role=\"tab\">Beneficios<\/button>\n\n\n\n<button class=\"gb-button gb-button-c40a7253 gb-button-text gb-tabs__button\" id=\"gb-tab-button-c40a7253\" role=\"tab\">Qu\u00e9 es<\/button>\n\n\n\n<button class=\"gb-button gb-button-af692dcf gb-button-text gb-tabs__button\" id=\"gb-tab-button-af692dcf\" role=\"tab\">D\u00f3nde comprarla<\/button>\n\n\n\n<button class=\"gb-button gb-button-706e52c0 gb-button-text gb-tabs__button\" id=\"gb-tab-button-706e52c0\" role=\"tab\">C\u00f3mo utilizarla<\/button>\n\n<\/div>\n\n<div class=\"gb-container gb-container-8fcce89b gb-tabs__items\">\n<div class=\"gb-container gb-container-2e268732 gb-tabs__item gb-tabs__item-open\" id=\"gb-tab-item-2e268732\" role=\"tabpanel\">\n<div class=\"gb-grid-wrapper gb-grid-wrapper-deaf7782\">\n<div class=\"gb-grid-column gb-grid-column-a20552c8\"><div class=\"gb-container gb-container-a20552c8\">\n\n<h5 class=\"gb-headline gb-headline-91cc3cb9\"><span class=\"gb-icon\"><svg viewBox=\"0 0 256 256\" fill=\"#000000\" height=\"32\" width=\"32\" xmlns=\"http:\/\/www.w3.org\/2000\/svg\"><path d=\"M232.49,80.49l-128,128a12,12,0,0,1-17,0l-56-56a12,12,0,1,1,17-17L96,183,215.51,63.51a12,12,0,0,1,17,17Z\"><\/path><\/svg><\/span><span class=\"gb-headline-text\"><strong>Viajes gratuitos<\/strong><\/span><\/h5>\n\n\n\n<p class=\"gb-headline gb-headline-a9ae3e31 gb-headline-text\">Viajes gratuitos ilimitados en autobuses, metro, tranv\u00edas y funiculares.<\/p>\n\n<\/div><\/div>\n\n<div class=\"gb-grid-column gb-grid-column-b63d7f45\"><div class=\"gb-container gb-container-b63d7f45\">\n\n<h5 class=\"gb-headline gb-headline-0a9e0e11\"><span class=\"gb-icon\"><svg viewBox=\"0 0 256 256\" fill=\"#000000\" height=\"32\" width=\"32\" xmlns=\"http:\/\/www.w3.org\/2000\/svg\"><path d=\"M232.49,80.49l-128,128a12,12,0,0,1-17,0l-56-56a12,12,0,1,1,17-17L96,183,215.51,63.51a12,12,0,0,1,17,17Z\"><\/path><\/svg><\/span><span class=\"gb-headline-text\"><strong>Entrada gratuita<\/strong><\/span><\/h5>\n\n\n\n<p class=\"gb-headline gb-headline-c560cdb3 gb-headline-text\">Accede gratuitamente a 52 museos y atracciones de primer orden.<\/p>\n\n<\/div><\/div>\n\n<div class=\"gb-grid-column gb-grid-column-a528135a\"><div class=\"gb-container gb-container-a528135a\">\n\n<h5 class=\"gb-headline gb-headline-76b5b018\"><span class=\"gb-icon\"><svg viewBox=\"0 0 256 256\" fill=\"#000000\" height=\"32\" width=\"32\" xmlns=\"http:\/\/www.w3.org\/2000\/svg\"><path d=\"M232.49,80.49l-128,128a12,12,0,0,1-17,0l-56-56a12,12,0,1,1,17-17L96,183,215.51,63.51a12,12,0,0,1,17,17Z\"><\/path><\/svg><\/span><span class=\"gb-headline-text\"><strong>Ofertas y descuentos<\/strong><\/span><\/h5>\n\n\n\n<p class=\"gb-headline gb-headline-5d916f43 gb-headline-text\">Ahorra entre un 10% y un 50% en diversas excursiones, compras y vida nocturna.<\/p>\n\n<\/div><\/div>\n\n<div class=\"gb-grid-column gb-grid-column-15fe27fb\"><div class=\"gb-container gb-container-15fe27fb\">\n\n<h5 class=\"gb-headline gb-headline-dd85b3fd\"><span class=\"gb-icon\"><svg viewBox=\"0 0 256 256\" fill=\"#000000\" height=\"32\" width=\"32\" xmlns=\"http:\/\/www.w3.org\/2000\/svg\"><path d=\"M232.49,80.49l-128,128a12,12,0,0,1-17,0l-56-56a12,12,0,1,1,17-17L96,183,215.51,63.51a12,12,0,0,1,17,17Z\"><\/path><\/svg><\/span><span class=\"gb-headline-text\"><strong>Gu\u00eda gratuita<\/strong><\/span><\/h5>\n\n\n\n<p class=\"gb-headline gb-headline-63dcfe4d gb-headline-text\">Gu\u00eda tur\u00edstica gratuita llena de informaci\u00f3n \u00fatil sobre la ciudad.<\/p>\n\n<\/div><\/div>\n\n<div class=\"gb-grid-column gb-grid-column-a7acfa5d\"><div class=\"gb-container gb-container-a7acfa5d\">\n\n<h5 class=\"gb-headline gb-headline-6963d291\"><span class=\"gb-icon\"><svg viewBox=\"0 0 256 256\" fill=\"#000000\" height=\"32\" width=\"32\" xmlns=\"http:\/\/www.w3.org\/2000\/svg\"><path d=\"M232.49,80.49l-128,128a12,12,0,0,1-17,0l-56-56a12,12,0,1,1,17-17L96,183,215.51,63.51a12,12,0,0,1,17,17Z\"><\/path><\/svg><\/span><span class=\"gb-headline-text\"><strong>Recogida c\u00f3moda<\/strong><\/span><\/h5>\n\n\n\n<p class=\"gb-headline gb-headline-4a33c065 gb-headline-text\">Recoge f\u00e1cilmente tu tarjeta en varios puntos de Lisboa.<\/p>\n\n<\/div><\/div>\n\n<div class=\"gb-grid-column gb-grid-column-d4001500\"><div class=\"gb-container gb-container-d4001500\">\n\n<h5 class=\"gb-headline gb-headline-69f50967\"><span class=\"gb-icon\"><svg viewBox=\"0 0 256 256\" fill=\"#000000\" height=\"32\" width=\"32\" xmlns=\"http:\/\/www.w3.org\/2000\/svg\"><path d=\"M232.49,80.49l-128,128a12,12,0,0,1-17,0l-56-56a12,12,0,1,1,17-17L96,183,215.51,63.51a12,12,0,0,1,17,17Z\"><\/path><\/svg><\/span><span class=\"gb-headline-text\"><strong>Excursiones de un d\u00eda gratuitas<\/strong><\/span><\/h5>\n\n\n\n<p class=\"gb-headline gb-headline-8407b344 gb-headline-text\">Viajes gratuitos en tren a Sintra, Cascais y la margen sur del r\u00edo Tajo.<\/p>\n\n<\/div><\/div>\n<\/div>\n\n<div class=\"gb-container gb-container-96a21963 ms-alert--primary ms-p ms-rounded ms-mb-last-child-0 ms-mb-children-condensed ms-mb-block\">\n\n<p>La Tarjeta Lisboa puede canjearse en un plazo de 28 d\u00edas a partir de la fecha de compra y se valida en su primer uso.<\/p>\n\n<\/div>\n<\/div>\n\n<div class=\"gb-container gb-container-3bccd8b9 gb-tabs__item\" id=\"gb-tab-item-3bccd8b9\" role=\"tabpanel\">\n\n<p>La Lisboa Card (tambi\u00e9n conocida como <em>Lisbon Card<\/em>) es la tarjeta de viaje oficial de la ciudad. Tiene el aspecto de una tarjeta de cr\u00e9dito y permite a los visitantes ahorrar tiempo y dinero durante su estancia. Esta tarjeta es la forma m\u00e1s f\u00e1cil de hacer que tu viaje sea m\u00e1s asequible, c\u00f3modo y, lo m\u00e1s importante, inolvidable.<\/p>\n\n\n<div class=\"gb-container gb-container-7d45ff9c ms-alert--primary ms-p ms-rounded ms-mb-last-child-0 ms-mb-children-condensed ms-mb-block\">\n\n<p>La Lisboa Card es un <strong>abono de transporte<\/strong>, un <strong>billete para atracciones<\/strong> y una <strong>tarjeta de descuento<\/strong> 3 en 1.<\/p>\n\n<\/div>\n\n\n<p>\u00bfPor qu\u00e9 elegir la Tarjeta Lisboa?<\/p>\n\n\n\n<p>La Tarjeta Lisboa es ideal para los visitantes que quieren aprovechar al m\u00e1ximo su paseo por Portugal. Los titulares de la Tarjeta Lisboa Card pueden beneficiarse de:<\/p>\n\n\n<ul class=\"gb-container gb-container-53b82d66 ms-icon-list\">\n\n<li class=\"gb-headline gb-headline-f5138486 ms-icon-list__item\"><span class=\"gb-icon\"><svg viewBox=\"0 0 256 256\" fill=\"#000000\" height=\"32\" width=\"32\" xmlns=\"http:\/\/www.w3.org\/2000\/svg\"><path d=\"M232.49,80.49l-128,128a12,12,0,0,1-17,0l-56-56a12,12,0,1,1,17-17L96,183,215.51,63.51a12,12,0,0,1,17,17Z\"><\/path><\/svg><\/span><span class=\"gb-headline-text\">Viajes ilimitados y gratuitos en autob\u00fas, metro, tranv\u00eda y funiculares.<\/span><\/li>\n\n\n\n<li class=\"gb-headline gb-headline-eb81dbda ms-icon-list__item\"><span class=\"gb-icon\"><svg viewBox=\"0 0 256 256\" fill=\"#000000\" height=\"32\" width=\"32\" xmlns=\"http:\/\/www.w3.org\/2000\/svg\"><path d=\"M232.49,80.49l-128,128a12,12,0,0,1-17,0l-56-56a12,12,0,1,1,17-17L96,183,215.51,63.51a12,12,0,0,1,17,17Z\"><\/path><\/svg><\/span><span class=\"gb-headline-text\">Acceso gratuito al emblem\u00e1tico Tranv\u00eda 28.<\/span><\/li>\n\n\n\n<li class=\"gb-headline gb-headline-b37bb796 ms-icon-list__item\"><span class=\"gb-icon\"><svg viewBox=\"0 0 256 256\" fill=\"#000000\" height=\"32\" width=\"32\" xmlns=\"http:\/\/www.w3.org\/2000\/svg\"><path d=\"M232.49,80.49l-128,128a12,12,0,0,1-17,0l-56-56a12,12,0,1,1,17-17L96,183,215.51,63.51a12,12,0,0,1,17,17Z\"><\/path><\/svg><\/span><span class=\"gb-headline-text\">Viajes gratuitos en el Ascensor de Santa Justa para disfrutar de unas vistas impresionantes.<\/span><\/li>\n\n\n\n<li class=\"gb-headline gb-headline-effa3bd7 ms-icon-list__item\"><span class=\"gb-icon\"><svg viewBox=\"0 0 256 256\" fill=\"#000000\" height=\"32\" width=\"32\" xmlns=\"http:\/\/www.w3.org\/2000\/svg\"><path d=\"M232.49,80.49l-128,128a12,12,0,0,1-17,0l-56-56a12,12,0,1,1,17-17L96,183,215.51,63.51a12,12,0,0,1,17,17Z\"><\/path><\/svg><\/span><span class=\"gb-headline-text\">Viajes gratis en tren en las l\u00edneas CP a Sintra, Cascais y la margen sur del r\u00edo Tajo, ideales para esas excursiones de un d\u00eda imprescindibles.<\/span><\/li>\n\n\n\n<li class=\"gb-headline gb-headline-376b85f3 ms-icon-list__item\"><span class=\"gb-icon\"><svg viewBox=\"0 0 256 256\" fill=\"#000000\" height=\"32\" width=\"32\" xmlns=\"http:\/\/www.w3.org\/2000\/svg\"><path d=\"M232.49,80.49l-128,128a12,12,0,0,1-17,0l-56-56a12,12,0,1,1,17-17L96,183,215.51,63.51a12,12,0,0,1,17,17Z\"><\/path><\/svg><\/span><span class=\"gb-headline-text\">Entrada gratuita a hasta 52 museos, monumentos y lugares declarados Patrimonio de la Humanidad por la UNESCO.<\/span><\/li>\n\n\n\n<li class=\"gb-headline gb-headline-6dbee845 ms-icon-list__item\"><span class=\"gb-icon\"><svg viewBox=\"0 0 256 256\" fill=\"#000000\" height=\"32\" width=\"32\" xmlns=\"http:\/\/www.w3.org\/2000\/svg\"><path d=\"M232.49,80.49l-128,128a12,12,0,0,1-17,0l-56-56a12,12,0,1,1,17-17L96,183,215.51,63.51a12,12,0,0,1,17,17Z\"><\/path><\/svg><\/span><span class=\"gb-headline-text\">Gu\u00eda gratuita de la ciudad repleta de consejos e informaci\u00f3n \u00fatiles.<\/span><\/li>\n\n\n\n<li class=\"gb-headline gb-headline-323893ef ms-icon-list__item\"><span class=\"gb-icon\"><svg viewBox=\"0 0 256 256\" fill=\"#000000\" height=\"32\" width=\"32\" xmlns=\"http:\/\/www.w3.org\/2000\/svg\"><path d=\"M232.49,80.49l-128,128a12,12,0,0,1-17,0l-56-56a12,12,0,1,1,17-17L96,183,215.51,63.51a12,12,0,0,1,17,17Z\"><\/path><\/svg><\/span><span class=\"gb-headline-text\">Ofertas y descuentos en visitas, excursiones, compras y vida nocturna.<\/span><\/li>\n\n<\/ul>\n<\/div>\n\n<div class=\"gb-container gb-container-28f243f6 gb-tabs__item\" id=\"gb-tab-item-28f243f6\" role=\"tabpanel\">\n\n<p>Para comprar la Tarjeta Lisboa<\/p>\n\n\n\n<ol class=\"wp-block-list\">\n<li>Utiliza el formulario de reserva de la izquierda para seleccionar la fecha que prefieras y la duraci\u00f3n de la tarjeta (24, 48 o 72 horas).<\/li>\n\n\n\n<li>Una vez confirmada tu compra, recibir\u00e1s un vale por correo electr\u00f3nico.<\/li>\n\n\n\n<li>Presente su vale por correo electr\u00f3nico en uno de los puntos de recogida para canjearlo por una Lisboa Card f\u00edsica. A continuaci\u00f3n se indican los lugares disponibles con sus direcciones y horarios de funcionamiento:\n<ul class=\"wp-block-list\">\n<li><strong>Ask Me Lisboa | Aeropuerto:<\/strong> Chegadas, Aeroporto &#8211; Alameda das Comunidades, 1700-008, Lisboa. Todos los d\u00edas de 7:00 a 22:00.<\/li>\n\n\n\n<li><strong>Ask Me Lisboa | Terreiro do Pa\u00e7o:<\/strong> Pra\u00e7a do Com\u00e9rcio, 1100-148, Lisboa. Todos los d\u00edas de 10.00 a 19.00 h.<\/li>\n\n\n\n<li><strong>Centro de Historia del Bacalao:<\/strong> Terreiro do Pa\u00e7o &#8211; Torre\u00e3o Nascente, 1100-148, Lisboa. Todos los d\u00edas de 10:00 a 19:00.<\/li>\n\n\n\n<li><strong>Preg\u00fantame Lisboa | Centro Tejo:<\/strong> Terreiro do Pa\u00e7o, 1100-016, Lisboa. Todos los d\u00edas de 10:00 a 13:00 y de 14:00 a 19:00.<\/li>\n\n\n\n<li><strong>Ask Me Lisboa | Cais do Sodr\u00e9:<\/strong> Pra\u00e7a do Duque de Terceira, Cais do Sodr\u00e9, 1200-161, Lisboa. Todos los d\u00edas de 9:00 a 13:00 y de 14:00 a 18:00.<\/li>\n<\/ul>\n<\/li>\n<\/ol>\n\n\n<div class=\"gb-container gb-container-7b88c05b ms-alert--primary ms-p ms-rounded ms-mb-last-child-0 ms-mb-children-condensed ms-mb-block\">\n\n<p>La tarjeta se activa con el primer uso, as\u00ed que no tienes que preocuparte de que caduque antes de llegar a Lisboa.<\/p>\n\n<\/div>\n<\/div>\n\n<div class=\"gb-container gb-container-46ea0e65 gb-tabs__item\" id=\"gb-tab-item-46ea0e65\" role=\"tabpanel\">\n\n<p>La Lisboa Card te permite descubrir Lisboa de forma c\u00f3moda, econ\u00f3mica y muy sencilla. Aqu\u00ed tienes algunos consejos para sacarle el m\u00e1ximo partido:<\/p>\n\n\n\n<hr class=\"wp-block-separator has-alpha-channel-opacity\"\/>\n\n\n\n<p class=\"gb-text ms-text-context\"><strong>ACTIVA TU TARJETA<\/strong><\/p>\n\n\n\n<p>Puedes activar tu Lisboa Card us\u00e1ndola en cualquier atracci\u00f3n o medio de transporte p\u00fablico. Tienes hasta 28 d\u00edas desde la compra para activarla. Una vez activada, ser\u00e1 v\u00e1lida durante 24, 48 o 72 horas consecutivas, seg\u00fan la duraci\u00f3n que hayas elegido.<\/p>\n\n\n\n<hr class=\"wp-block-separator has-alpha-channel-opacity\"\/>\n\n\n\n<p class=\"gb-text ms-text-context\"><strong>PLANIFICA TU ITINERARIO<\/strong><\/p>\n\n\n\n<p><strong>Si solo tienes 1 d\u00eda:<\/strong><\/p>\n\n\n\n<ul class=\"wp-block-list\">\n<li>Empieza el d\u00eda en Bel\u00e9m visitando el Monasterio de los Jer\u00f3nimos y el Museo Nacional de Carruajes.<\/li>\n\n\n\n<li>Despu\u00e9s de comer, sube al Elevador de Santa Justa para disfrutar de unas vistas espectaculares.<\/li>\n\n\n\n<li>Por la tarde, visita el Castillo de San Jorge o el Museo del Tesoro Real, recorre Alfama en el tranv\u00eda 28 y termina con una cena con descuento en uno de los restaurantes asociados.<\/li>\n<\/ul>\n\n\n\n<p><strong>Si tienes 2\u20133 d\u00edas:<\/strong><\/p>\n\n\n\n<ul class=\"wp-block-list\">\n<li>Haz excursiones de un d\u00eda a Sintra o Cascais (\u00a1el viaje en tren CP est\u00e1 incluido!).<\/li>\n\n\n\n<li>Aprovecha los descuentos en visitas guiadas, cruceros por el Tajo o incluso una noche de fado.<\/li>\n\n\n\n<li>A\u00f1ade a tu itinerario museos gratuitos como el Monumento a los Descubrimientos, el Museo Arqueol\u00f3gico o el Palacio de Ajuda.<\/li>\n<\/ul>\n\n\n\n<p class=\"gb-text-9c6baf02\"><span class=\"gb-shape\"><svg viewBox=\"0 0 256 256\" fill=\"#000000\" height=\"32\" width=\"32\" xmlns=\"http:\/\/www.w3.org\/2000\/svg\"><path d=\"M108,84a16,16,0,1,1,16,16A16,16,0,0,1,108,84Zm128,44A108,108,0,1,1,128,20,108.12,108.12,0,0,1,236,128Zm-24,0a84,84,0,1,0-84,84A84.09,84.09,0,0,0,212,128Zm-72,36.68V132a20,20,0,0,0-20-20,12,12,0,0,0-4,23.32V168a20,20,0,0,0,20,20,12,12,0,0,0,4-23.32Z\"><\/path><\/svg><\/span><span class=\"gb-text\">Muchos museos y monumentos cierran los lunes, as\u00ed que conviene comprobar los horarios antes de organizar tu d\u00eda.<\/span><\/p>\n\n\n\n<hr class=\"wp-block-separator has-alpha-channel-opacity\"\/>\n\n\n\n<p class=\"gb-text ms-text-context\"><strong>MU\u00c9VETE SIN COMPLICACIONES<\/strong><\/p>\n\n\n\n<p>La tarjeta incluye transporte p\u00fablico ilimitado en Lisboa: metro, autobuses, tranv\u00edas y trenes, incluyendo el trayecto al aeropuerto.<\/p>\n\n\n\n<hr class=\"wp-block-separator has-alpha-channel-opacity\"\/>\n\n\n\n<p class=\"gb-text ms-text-context\"><strong>AHORRA CON DESCUENTOS EXCLUSIVOS<\/strong><\/p>\n\n\n\n<p>Con la Lisboa Card puedes conseguir entre un 5\u202f% y un 50\u202f% de descuento en restaurantes, tiendas, visitas guiadas y espect\u00e1culos en toda la ciudad.<\/p>\n\n\n\n<hr class=\"wp-block-separator has-alpha-channel-opacity\"\/>\n\n\n\n<p>\ud83d\udc49 <a href=\"https:\/\/drive.google.com\/file\/d\/1tVnk8u0tN68_agKLV1XV3FH4PtIBRphQ\/view\" rel=\"nofollow noopener\">Descarga la Gu\u00eda Completa de la Lisboa Card (PDF)<\/a><\/p>\n\n\n<div class=\"gb-container gb-container-8765c6ea ms-alert--primary ms-p ms-rounded ms-mb-last-child-0 ms-mb-children-condensed ms-mb-block\">\n\n<p>Lee m\u00e1s: <a href=\"https:\/\/www.lisboacard.org\/es\/descuentos\/\" data-type=\"page\" data-id=\"6\">descuentos<\/a> \u2013 <a href=\"https:\/\/www.lisboacard.org\/es\/precios\/\" data-type=\"page\" data-id=\"9\">precios<\/a> \u2013 <a href=\"https:\/\/www.lisboacard.org\/es\/preguntas-frecuentes\/\" data-type=\"page\" data-id=\"581\">preguntas frecuentes<\/a><\/p>\n\n<\/div>\n<\/div>\n<\/div>\n<\/div>","protected":false},"excerpt":{"rendered":"","protected":false},"author":1,"featured_media":0,"parent":0,"menu_order":2,"comment_status":"closed","ping_status":"closed","template":"","meta":{"_acf_changed":false,"footnotes":""},"post-style":[],"producer":[],"class_list":["post-5","page","type-page","status-publish"],"acf":[],"_links":{"self":[{"href":"https:\/\/www.lisboacard.org\/es\/wp-json\/wp\/v2\/pages\/5","targetHints":{"allow":["GET"]}}],"collection":[{"href":"https:\/\/www.lisboacard.org\/es\/wp-json\/wp\/v2\/pages"}],"about":[{"href":"https:\/\/www.lisboacard.org\/es\/wp-json\/wp\/v2\/types\/page"}],"author":[{"embeddable":true,"href":"https:\/\/www.lisboacard.org\/es\/wp-json\/wp\/v2\/users\/1"}],"replies":[{"embeddable":true,"href":"https:\/\/www.lisboacard.org\/es\/wp-json\/wp\/v2\/comments?post=5"}],"version-history":[{"count":3,"href":"https:\/\/www.lisboacard.org\/es\/wp-json\/wp\/v2\/pages\/5\/revisions"}],"predecessor-version":[{"id":876,"href":"https:\/\/www.lisboacard.org\/es\/wp-json\/wp\/v2\/pages\/5\/revisions\/876"}],"wp:attachment":[{"href":"https:\/\/www.lisboacard.org\/es\/wp-json\/wp\/v2\/media?parent=5"}],"wp:term":[{"taxonomy":"post-style","embeddable":true,"href":"https:\/\/www.lisboacard.org\/es\/wp-json\/wp\/v2\/post-style?post=5"},{"taxonomy":"producer","embeddable":true,"href":"https:\/\/www.lisboacard.org\/es\/wp-json\/wp\/v2\/producer?post=5"}],"curies":[{"name":"wp","href":"https:\/\/api.w.org\/{rel}","templated":true}]}}