{"id":581,"date":"2014-01-08T14:47:17","date_gmt":"2014-01-08T14:47:17","guid":{"rendered":"https:\/\/www.lisboacard.org\/?page_id=11"},"modified":"2026-05-07T07:04:21","modified_gmt":"2026-05-07T05:04:21","slug":"preguntas-frecuentes","status":"publish","type":"page","link":"https:\/\/www.lisboacard.org\/es\/preguntas-frecuentes\/","title":{"rendered":"Preguntas Frecuentes"},"content":{"rendered":"<div id=\"rank-math-faq\" class=\"rank-math-block\">\n<div class=\"rank-math-list \">\n<div id=\"faq-question-1717062476605\" class=\"rank-math-list-item\">\n<h3 class=\"rank-math-question \"><strong>\u00bfQu\u00e9 es la tarjeta Lisboa Card?<\/strong><\/h3>\n<div class=\"rank-math-answer \">\n\n<p>La Tarjeta Lisboa es el pase tur\u00edstico oficial de Lisboa. La tarjeta es esencialmente una <strong>tarjeta de transporte<\/strong> 3 en 1, un <strong>pase de atracciones<\/strong> y <strong>una tarjeta de descuentos<\/strong>. El paquete Lisboa Card incluye tambi\u00e9n una gu\u00eda gratuita de la ciudad. En conjunto, la tarjeta ayuda a los visitantes de Lisboa <strong>a ahorrar tiempo y dinero<\/strong> durante su estancia en la ciudad.<\/p>\n\n<\/div>\n<\/div>\n<div id=\"faq-question-1717062505033\" class=\"rank-math-list-item\">\n<h3 class=\"rank-math-question \"><strong>\u00bfCu\u00e1les son las ventajas de la tarjeta Lisboa Card?<\/strong><\/h3>\n<div class=\"rank-math-answer \">\n\n<p>La tarjeta Lisboa Card te permite <strong>ahorrar dinero<\/strong> en transporte, entradas, ocio y regalos, <strong>ahorrar tiempo<\/strong> y <strong>ver m\u00e1s cosas<\/strong> con innumerables ofertas y descuentos.<\/p>\n\n<\/div>\n<\/div>\n<div id=\"faq-question-1717062519392\" class=\"rank-math-list-item\">\n<h3 class=\"rank-math-question \"><strong>\u00bfQu\u00e9 descuentos ofrece la Lisboa Card?<\/strong><\/h3>\n<div class=\"rank-math-answer \">\n\n<p>La Tarjeta Lisboa Card ofrece descuentos del 10% al 50% en servicios locales, atracciones culturales y tur\u00edsticas, y actividades. Adem\u00e1s, puedes disfrutar de un descuento del 5% al 10% en las tiendas participantes que ofrecen una amplia selecci\u00f3n de aut\u00e9nticos productos portugueses. Puedes consultar la lista completa de descuentos <a href=\"https:\/\/www.lisboacard.org\/es\/descuentos\/\">aqu\u00ed<\/a>.<\/p>\n\n<\/div>\n<\/div>\n<div id=\"faq-question-1724316893105\" class=\"rank-math-list-item\">\n<h3 class=\"rank-math-question \">\u00bfMerece la pena la Lisboa Card?<\/h3>\n<div class=\"rank-math-answer \">\n\n<p>Que merezca la pena comprar la Tarjeta Lisboa depende principalmente de tus planes de viaje y de tu necesidad de comodidad. Como regla general: la Tarjeta Lisboa es una buena oferta si piensas viajar en transporte p\u00fablico y visitar varios museos y atracciones al d\u00eda. A continuaci\u00f3n te indicamos algunas cosas que debes tener en cuenta si est\u00e1s pensando en comprar la Lisboa Card:<\/p>\n<p><strong>El coste de la tarjeta<\/strong><br \/>La \u00fanica forma de estar seguro de que la Lisboa Card merece la pena es repasar tus planes y calcular cu\u00e1nto te costar\u00eda en entradas, visitas y transporte. Compara el total con los costes por d\u00eda de la Lisboa Card y comprueba si la tarjeta es un buen negocio. Ten en cuenta que la tarjeta de 72 horas ofrece la mejor relaci\u00f3n calidad-precio.<\/p>\n<p><strong>Libertad y flexibilidad<\/strong><br \/>En muchos casos, la Tarjeta Lisboa se vende por su comodidad: te permite hacer lo que quieras, cuando quieras, sin tener que preocuparte de comprar entradas adicionales para museos o transportes.<br \/>En definitiva, si vas a visitar Lisboa con un presupuesto reducido, haz cuentas y comprueba si el coste frente al ahorro merecen la pena. Si valoras <strong>la libertad<\/strong>, la <strong>flexibilidad<\/strong> y la <strong>comodidad<\/strong>, la tarjeta Lisboa Card es probablemente una buena oferta.<\/p>\n\n<\/div>\n<\/div>\n<div id=\"faq-question-1724316971009\" class=\"rank-math-list-item\">\n<h3 class=\"rank-math-question \"><strong>\u00bfCu\u00e1nto cuesta la Tarjeta Lisboa?<\/strong><\/h3>\n<div class=\"rank-math-answer \">\n\n<p>El precio de la Tarjeta Lisboa depende del n\u00famero de d\u00edas de validez. Los ni\u00f1os reciben un descuento adicional en el precio de compra.<br \/>F\u00edjate en el precio por d\u00eda cuando compares las distintas tarjetas. Por ejemplo, una Tarjeta Lisboa de 72 horas es m\u00e1s barata por d\u00eda que una de 24 horas. Consulta la <a href=\"https:\/\/www.lisboacard.org\/es\/precios\/\" data-type=\"page\" data-id=\"9\">tabla de precios<\/a> para ver todos los precios de la Tarjeta Lisboa.<\/p>\n\n<\/div>\n<\/div>\n<div id=\"faq-question-1729231403160\" class=\"rank-math-list-item\">\n<h3 class=\"rank-math-question \"><strong>\u00bfD\u00f3nde puedo recoger la Tarjeta Lisboa?<\/strong><\/h3>\n<div class=\"rank-math-answer \">\n\n<p>Los vales se pueden canjear por la tarjeta Lisboa Card en varias oficinas de turismo de la ciudad y en la sala de llegadas del aeropuerto. Tu correo electr\u00f3nico de confirmaci\u00f3n incluye una lista de puntos de recogida, direcciones y horarios de apertura.<\/p>\n\n<\/div>\n<\/div>\n<div id=\"faq-question-1778106806085\" class=\"rank-math-list-item\">\n<h3 class=\"rank-math-question \">\u00bfPuedo a\u00f1adir entradas adicionales para otras atracciones al reservar la Lisboa Card?<\/h3>\n<div class=\"rank-math-answer \">\n\n<p>\u00a1S\u00ed! Al reservar tu Lisboa Card, puedes a\u00f1adir entradas con descuento a algunos de los lugares m\u00e1s populares de Lisboa y Sintra, entre ellos: <strong>el Ocean\u00e1rio de Lisboa, el Pal\u00e1cio da Pena y el Castillo Moro<\/strong>. Estos complementos son opcionales y puedes seleccionarlos durante el proceso de pago.<\/p>\n\n<\/div>\n<\/div>\n<\/div>\n<\/div>","protected":false},"excerpt":{"rendered":"","protected":false},"author":1,"featured_media":0,"parent":0,"menu_order":5,"comment_status":"closed","ping_status":"closed","template":"","meta":{"_acf_changed":false,"footnotes":"","button_url":"https:\/\/www.tiqets.com\/es\/lisbon-attractions-c76528\/tickets-for-lisbon-card-p974847\/?partner=lisboacard","ms_product_id":"","ms_product_name":"","ms_price":"","ms_currency":"","ms_rating_value":"","ms_review_count":"","rank_math_title":"%title% %page% %sep% %sitename%","rank_math_description":" "},"post-style":[],"producer":[],"class_list":["post-581","page","type-page","status-publish","has-post-thumbnail"],"acf":[],"product_schema":{"ms_product_id":"","ms_product_name":"","ms_price":"","ms_currency":"","ms_rating_value":"","ms_review_count":""},"_links":{"self":[{"href":"https:\/\/www.lisboacard.org\/es\/wp-json\/wp\/v2\/pages\/581","targetHints":{"allow":["GET"]}}],"collection":[{"href":"https:\/\/www.lisboacard.org\/es\/wp-json\/wp\/v2\/pages"}],"about":[{"href":"https:\/\/www.lisboacard.org\/es\/wp-json\/wp\/v2\/types\/page"}],"author":[{"embeddable":true,"href":"https:\/\/www.lisboacard.org\/es\/wp-json\/wp\/v2\/users\/1"}],"replies":[{"embeddable":true,"href":"https:\/\/www.lisboacard.org\/es\/wp-json\/wp\/v2\/comments?post=581"}],"version-history":[{"count":3,"href":"https:\/\/www.lisboacard.org\/es\/wp-json\/wp\/v2\/pages\/581\/revisions"}],"predecessor-version":[{"id":1009,"href":"https:\/\/www.lisboacard.org\/es\/wp-json\/wp\/v2\/pages\/581\/revisions\/1009"}],"wp:attachment":[{"href":"https:\/\/www.lisboacard.org\/es\/wp-json\/wp\/v2\/media?parent=581"}],"wp:term":[{"taxonomy":"post-style","embeddable":true,"href":"https:\/\/www.lisboacard.org\/es\/wp-json\/wp\/v2\/post-style?post=581"},{"taxonomy":"producer","embeddable":true,"href":"https:\/\/www.lisboacard.org\/es\/wp-json\/wp\/v2\/producer?post=581"}],"curies":[{"name":"wp","href":"https:\/\/api.w.org\/{rel}","templated":true}]}}