{"id":9,"date":"2014-01-07T13:15:06","date_gmt":"2014-01-07T13:15:06","guid":{"rendered":"https:\/\/www.lisboacard.org\/?page_id=9"},"modified":"2026-01-16T23:19:00","modified_gmt":"2026-01-16T22:19:00","slug":"precios","status":"publish","type":"page","link":"https:\/\/www.lisboacard.org\/es\/precios\/","title":{"rendered":"Lisboa Card Precios"},"content":{"rendered":"\n<h3 class=\"wp-block-heading\">Tabla de precios<\/h3>\n\n\n<div class=\"ms-table frozenColumn\"><table><tr><th><\/th><th>24 Horas<\/th><th>48 Horas<\/th><th>72 Horas<\/th><\/tr><tr><td>Adultos<\/td><td>\u20ac31,00 (\u20ac31,00 por d\u00eda)<\/td><td>\u20ac51,00 (\u20ac25,50 por d\u00eda)<\/td><td>\u20ac62,00 (\u20ac20,67 por d\u00eda)<\/td><\/tr><tr><td>Hijos<\/td><td>\u20ac21,00 (\u20ac21,00 por d\u00eda)<\/td><td>\u20ac28,00 (\u20ac14,00 por d\u00eda)<\/td><td>\u20ac35,00 (\u20ac11,67 por d\u00eda)<\/td><\/tr><\/table><\/div>\n\n\n<p><strong>Nota:<\/strong><\/p>\n\n\n\n<ul class=\"wp-block-list\">\n<li>Estos precios son para adultos mayores de 15 a\u00f1os y ni\u00f1os de 4 a 15 a\u00f1os. Los menores de 4 a\u00f1os entran gratis, no necesitan entrada.<\/li>\n\n\n\n<li>Precios v\u00e1lidos desde el 1 de abril de 2025 hasta el 31 de marzo de 2026.<\/li>\n<\/ul>\n","protected":false},"excerpt":{"rendered":"","protected":false},"author":1,"featured_media":0,"parent":0,"menu_order":4,"comment_status":"closed","ping_status":"closed","template":"","meta":{"_acf_changed":false,"footnotes":"","button_url":"https:\/\/www.tiqets.com\/es\/lisbon-attractions-c76528\/tickets-for-lisbon-card-p974847\/?partner=lisboacard","ms_product_id":"","ms_product_name":"","ms_price":"","ms_currency":"","ms_rating_value":"","ms_review_count":"","rank_math_title":"%title% %page% %sep% %sitename%","rank_math_description":" "},"post-style":[],"producer":[],"class_list":["post-9","page","type-page","status-publish","has-post-thumbnail"],"acf":[],"product_schema":{"ms_product_id":"","ms_product_name":"","ms_price":"","ms_currency":"","ms_rating_value":"","ms_review_count":""},"_links":{"self":[{"href":"https:\/\/www.lisboacard.org\/es\/wp-json\/wp\/v2\/pages\/9","targetHints":{"allow":["GET"]}}],"collection":[{"href":"https:\/\/www.lisboacard.org\/es\/wp-json\/wp\/v2\/pages"}],"about":[{"href":"https:\/\/www.lisboacard.org\/es\/wp-json\/wp\/v2\/types\/page"}],"author":[{"embeddable":true,"href":"https:\/\/www.lisboacard.org\/es\/wp-json\/wp\/v2\/users\/1"}],"replies":[{"embeddable":true,"href":"https:\/\/www.lisboacard.org\/es\/wp-json\/wp\/v2\/comments?post=9"}],"version-history":[{"count":3,"href":"https:\/\/www.lisboacard.org\/es\/wp-json\/wp\/v2\/pages\/9\/revisions"}],"predecessor-version":[{"id":873,"href":"https:\/\/www.lisboacard.org\/es\/wp-json\/wp\/v2\/pages\/9\/revisions\/873"}],"wp:attachment":[{"href":"https:\/\/www.lisboacard.org\/es\/wp-json\/wp\/v2\/media?parent=9"}],"wp:term":[{"taxonomy":"post-style","embeddable":true,"href":"https:\/\/www.lisboacard.org\/es\/wp-json\/wp\/v2\/post-style?post=9"},{"taxonomy":"producer","embeddable":true,"href":"https:\/\/www.lisboacard.org\/es\/wp-json\/wp\/v2\/producer?post=9"}],"curies":[{"name":"wp","href":"https:\/\/api.w.org\/{rel}","templated":true}]}}