{"id":5,"date":"2013-10-21T14:47:02","date_gmt":"2013-10-21T14:47:02","guid":{"rendered":"https:\/\/www.lisboacard.org\/fl\/?page_id=4"},"modified":"2026-05-06T23:01:24","modified_gmt":"2026-05-06T21:01:24","slug":"lisboa-card","status":"publish","type":"page","link":"https:\/\/www.lisboacard.org\/fi\/","title":{"rendered":"Lisboa Card"},"content":{"rendered":"<div class=\"ms-credits\">\n<img decoding=\"async\" class=\"gb-media-382f2e37\" alt=\"Colorful buildings in Lisbon at sunset.\" src=\"https:\/\/www.lisboacard.org\/fl\/wp-content\/uploads\/sites\/14\/lisbon-cityscape-1748835854.jpg\" title=\"lisbon-cityscape-1748835854\"\/>\n<span class='ms-credits__info' id='media816'><svg xmlns=\"http:\/\/www.w3.org\/2000\/svg\" width=\"20\" height=\"22\" fill=\"#000000\" viewBox=\"0 0 256 256\"><path d=\"M128,24A104,104,0,1,0,232,128,104.11,104.11,0,0,0,128,24Zm0,192a88,88,0,1,1,88-88A88.1,88.1,0,0,1,128,216ZM96,128a32,32,0,0,0,57.6,19.2,8,8,0,0,1,12.8,9.61,48,48,0,1,1,0-57.62,8,8,0,0,1-12.8,9.61A32,32,0,0,0,96,128Z\"><\/path><\/svg>sepavone\/<a href=https:\/\/depositphotos.com\/photo\/lisbon-portugal-skyline-65709885.html rel='nofollow' target='_blank'>Depositphotos<\/a><\/span><span class='ms-credits__btn' id='btn_media816' onclick='ms_credits_trigger(\"#media816\", this)'><svg xmlns=\"http:\/\/www.w3.org\/2000\/svg\" class=\"info_icon\" width=\"28\" height=\"28\" fill=\"#FFF\" viewBox=\"0 0 256 256\"><path d=\"M128,24A104,104,0,1,0,232,128,104.11,104.11,0,0,0,128,24Zm0,192a88,88,0,1,1,88-88A88.1,88.1,0,0,1,128,216Zm16-40a8,8,0,0,1-8,8,16,16,0,0,1-16-16V128a8,8,0,0,1,0-16,16,16,0,0,1,16,16v40A8,8,0,0,1,144,176ZM112,84a12,12,0,1,1,12,12A12,12,0,0,1,112,84Z\"><\/path><\/svg><svg xmlns=\"http:\/\/www.w3.org\/2000\/svg\" class=\"close_icon\" width=\"28\" height=\"28\" fill=\"#FFF\" viewBox=\"0 0 256 256\"><path d=\"M165.66,101.66,139.31,128l26.35,26.34a8,8,0,0,1-11.32,11.32L128,139.31l-26.34,26.35a8,8,0,0,1-11.32-11.32L116.69,128,90.34,101.66a8,8,0,0,1,11.32-11.32L128,116.69l26.34-26.35a8,8,0,0,1,11.32,11.32ZM232,128A104,104,0,1,1,128,24,104.11,104.11,0,0,1,232,128Zm-16,0a88,88,0,1,0-88,88A88.1,88.1,0,0,0,216,128Z\"><\/path><\/svg><\/span><\/div>\n\n\n<h1 class=\"gb-headline gb-headline-ec3982b8 gb-headline-text\">Lisboa-kortti<br><strong><mark style=\"background-color:var(--ms-color-white)\" class=\"has-inline-color has-ms-color-neutral-color\">L\u00f6yd\u00e4 Lissabon Lisboa-kortilla<\/mark><\/strong><\/h1>\n\n\n\n<p>Nauti rajattomasta matkustamisesta ja ilmaisesta p\u00e4\u00e4syst\u00e4 52 Lissabonin parhaaseen museoon ja n\u00e4ht\u00e4vyyteen Lisboa-kortilla. Kortti sis\u00e4lt\u00e4\u00e4 ilmaisen p\u00e4\u00e4syn Jer\u00f3nimos-luostariin, Santa Justa -hissiin ja moniin muihin kohteisiin.<\/p>\n\n\n\n<p><strong>Lisboa-kortti sis\u00e4lt\u00e4\u00e4 my\u00f6s kuljetuksen Lissabonin lentokent\u00e4lle ja takaisin metrolla.<\/strong><\/p>\n\n\n\n<div class=\"ms-p ms-rounded ms-mb-last-child-0 ms-mb-children-condensed ms-alert--contrast ms-mb-block\">\n<h4 class=\"gb-text-26a71c5b\"><span class=\"gb-shape\"><svg viewBox=\"0 0 256 256\" fill=\"#000000\" height=\"32\" width=\"32\" xmlns=\"http:\/\/www.w3.org\/2000\/svg\"><path d=\"M246.15,133.18,146.83,33.86A19.85,19.85,0,0,0,132.69,28H40A12,12,0,0,0,28,40v92.69a19.85,19.85,0,0,0,5.86,14.14l99.32,99.32a20,20,0,0,0,28.28,0l84.69-84.69A20,20,0,0,0,246.15,133.18Zm-98.83,93.17L52,131V52h79l95.32,95.32ZM100,84A16,16,0,1,1,84,68,16,16,0,0,1,100,84Z\"><\/path><\/svg><\/span><span class=\"gb-text\"><strong>Eksklusiiviset Lis\u00e4alennukset!<\/strong><\/span><\/h4>\n\n\n\n<p class=\"gb-text\">Saat erikoisalennuksia suosittuihin n\u00e4ht\u00e4vyyksiin kuten Penan palatsi, Quinta da Regaleira ja muihin kassalla.<\/p>\n\n\n\n<p class=\"gb-text\"><a href=\"https:\/\/www.tiqets.com\/en\/lisbon-attractions-c76528\/tickets-for-lisbon-card-p974847\/?partner=lisboacard\" rel=\"nofollow noopener\">S\u00e4\u00e4st\u00e4 Suosituimmissa N\u00e4ht\u00e4vyyksiss\u00e4 \u2192<\/a><\/p>\n<\/div>\n\n\n<div class=\"gb-container gb-container-1e1905d6 gb-tabs\" role=\"tablist\" data-opened-tab=\"1\">\n<div class=\"gb-container gb-container-c0d25ee5 gb-tabs__buttons\" role=\"list\">\n\n<button class=\"gb-button gb-button-38b6d7d4 gb-button-text gb-tabs__button gb-block-is-current\" id=\"gb-tab-button-38b6d7d4\" role=\"tab\">Edut<\/button>\n\n\n\n<button class=\"gb-button gb-button-c40a7253 gb-button-text gb-tabs__button\" id=\"gb-tab-button-c40a7253\" role=\"tab\">Mik\u00e4 se on<\/button>\n\n\n\n<button class=\"gb-button gb-button-af692dcf gb-button-text gb-tabs__button\" id=\"gb-tab-button-af692dcf\" role=\"tab\">Mist\u00e4 ostaa<\/button>\n\n\n\n<button class=\"gb-button gb-button-706e52c0 gb-button-text gb-tabs__button\" id=\"gb-tab-button-706e52c0\" role=\"tab\">K\u00e4ytt\u00f6<\/button>\n\n<\/div>\n\n<div class=\"gb-container gb-container-8fcce89b gb-tabs__items\">\n<div class=\"gb-container gb-container-2e268732 gb-tabs__item gb-tabs__item-open\" id=\"gb-tab-item-2e268732\" role=\"tabpanel\">\n<div class=\"gb-grid-wrapper gb-grid-wrapper-deaf7782\">\n<div class=\"gb-grid-column gb-grid-column-a20552c8\"><div class=\"gb-container gb-container-a20552c8\">\n\n<h5 class=\"gb-headline gb-headline-91cc3cb9\"><span class=\"gb-icon\"><svg viewBox=\"0 0 256 256\" fill=\"#000000\" height=\"32\" width=\"32\" xmlns=\"http:\/\/www.w3.org\/2000\/svg\"><path d=\"M232.49,80.49l-128,128a12,12,0,0,1-17,0l-56-56a12,12,0,1,1,17-17L96,183,215.51,63.51a12,12,0,0,1,17,17Z\"><\/path><\/svg><\/span><span class=\"gb-headline-text\"><strong>Ilmainen kuljetus<\/strong><\/span><\/h5>\n\n\n\n<p class=\"gb-headline gb-headline-a9ae3e31 gb-headline-text\">Rajoittamaton ja ilmainen matkustaminen busseilla, metrolla, raitiovaunuilla ja hisseill\u00e4.<\/p>\n\n<\/div><\/div>\n\n<div class=\"gb-grid-column gb-grid-column-b63d7f45\"><div class=\"gb-container gb-container-b63d7f45\">\n\n<h5 class=\"gb-headline gb-headline-0a9e0e11\"><span class=\"gb-icon\"><svg viewBox=\"0 0 256 256\" fill=\"#000000\" height=\"32\" width=\"32\" xmlns=\"http:\/\/www.w3.org\/2000\/svg\"><path d=\"M232.49,80.49l-128,128a12,12,0,0,1-17,0l-56-56a12,12,0,1,1,17-17L96,183,215.51,63.51a12,12,0,0,1,17,17Z\"><\/path><\/svg><\/span><span class=\"gb-headline-text\"><strong>Ilmainen p\u00e4\u00e4sy<\/strong><\/span><\/h5>\n\n\n\n<p class=\"gb-headline gb-headline-c560cdb3 gb-headline-text\">Ilmainen sis\u00e4\u00e4np\u00e4\u00e4sy 52 suosituimpaan museoon ja n\u00e4ht\u00e4vyyteen.<\/p>\n\n<\/div><\/div>\n\n<div class=\"gb-grid-column gb-grid-column-a528135a\"><div class=\"gb-container gb-container-a528135a\">\n\n<h5 class=\"gb-headline gb-headline-76b5b018\"><span class=\"gb-icon\"><svg viewBox=\"0 0 256 256\" fill=\"#000000\" height=\"32\" width=\"32\" xmlns=\"http:\/\/www.w3.org\/2000\/svg\"><path d=\"M232.49,80.49l-128,128a12,12,0,0,1-17,0l-56-56a12,12,0,1,1,17-17L96,183,215.51,63.51a12,12,0,0,1,17,17Z\"><\/path><\/svg><\/span><span class=\"gb-headline-text\"><strong>Tarjoukset ja alennukset<\/strong><\/span><\/h5>\n\n\n\n<p class=\"gb-headline gb-headline-5d916f43 gb-headline-text\">S\u00e4\u00e4st\u00e4 10\u201350 % erilaisista retkist\u00e4, ostoksista ja y\u00f6el\u00e4m\u00e4st\u00e4.<\/p>\n\n<\/div><\/div>\n\n<div class=\"gb-grid-column gb-grid-column-15fe27fb\"><div class=\"gb-container gb-container-15fe27fb\">\n\n<h5 class=\"gb-headline gb-headline-dd85b3fd\"><span class=\"gb-icon\"><svg viewBox=\"0 0 256 256\" fill=\"#000000\" height=\"32\" width=\"32\" xmlns=\"http:\/\/www.w3.org\/2000\/svg\"><path d=\"M232.49,80.49l-128,128a12,12,0,0,1-17,0l-56-56a12,12,0,1,1,17-17L96,183,215.51,63.51a12,12,0,0,1,17,17Z\"><\/path><\/svg><\/span><span class=\"gb-headline-text\"><strong>Ilmainen opaskirja<\/strong><\/span><\/h5>\n\n\n\n<p class=\"gb-headline gb-headline-63dcfe4d gb-headline-text\">Maksuton matkaopas t\u00e4ynn\u00e4 hy\u00f6dyllist\u00e4 tietoa kaupungista.<\/p>\n\n<\/div><\/div>\n\n<div class=\"gb-grid-column gb-grid-column-a7acfa5d\"><div class=\"gb-container gb-container-a7acfa5d\">\n\n<h5 class=\"gb-headline gb-headline-6963d291\"><span class=\"gb-icon\"><svg viewBox=\"0 0 256 256\" fill=\"#000000\" height=\"32\" width=\"32\" xmlns=\"http:\/\/www.w3.org\/2000\/svg\"><path d=\"M232.49,80.49l-128,128a12,12,0,0,1-17,0l-56-56a12,12,0,1,1,17-17L96,183,215.51,63.51a12,12,0,0,1,17,17Z\"><\/path><\/svg><\/span><span class=\"gb-headline-text\"><strong>Helppo nouto<\/strong><\/span><\/h5>\n\n\n\n<p class=\"gb-headline gb-headline-4a33c065 gb-headline-text\">Nouda korttisi useista keskeisist\u00e4 paikoista Lissabonissa.<\/p>\n\n<\/div><\/div>\n\n<div class=\"gb-grid-column gb-grid-column-d4001500\"><div class=\"gb-container gb-container-d4001500\">\n\n<h5 class=\"gb-headline gb-headline-69f50967\"><span class=\"gb-icon\"><svg viewBox=\"0 0 256 256\" fill=\"#000000\" height=\"32\" width=\"32\" xmlns=\"http:\/\/www.w3.org\/2000\/svg\"><path d=\"M232.49,80.49l-128,128a12,12,0,0,1-17,0l-56-56a12,12,0,1,1,17-17L96,183,215.51,63.51a12,12,0,0,1,17,17Z\"><\/path><\/svg><\/span><span class=\"gb-headline-text\"><strong>Ilmaiset p\u00e4iv\u00e4retket<\/strong><\/span><\/h5>\n\n\n\n<p class=\"gb-headline gb-headline-8407b344 gb-headline-text\">Ilmainen junamatka Sintraan, Cascaisiin ja Tejo-joen etel\u00e4rannalle.<\/p>\n\n<\/div><\/div>\n<\/div>\n\n<div class=\"gb-container gb-container-e5d49e11 ms-alert--primary ms-p ms-rounded ms-mb-last-child-0 ms-mb-children-condensed ms-mb-block\">\n\n<p>Lisboa Card on voimassa 28 p\u00e4iv\u00e4\u00e4 ostop\u00e4iv\u00e4st\u00e4 ja aktivoituu vasta ensimm\u00e4isell\u00e4 k\u00e4ytt\u00f6kerralla.<\/p>\n\n<\/div>\n<\/div>\n\n<div class=\"gb-container gb-container-3bccd8b9 gb-tabs__item\" id=\"gb-tab-item-3bccd8b9\" role=\"tabpanel\">\n\n<p>Lisboa Card (<em>tunnetaan my\u00f6s nimell\u00e4 Lisbon Card<\/em>) on kaupungin virallinen matkakortti. Se n\u00e4ytt\u00e4\u00e4 luottokortilta ja auttaa k\u00e4vij\u00f6it\u00e4 s\u00e4\u00e4st\u00e4m\u00e4\u00e4n aikaa ja rahaa lomansa aikana. T\u00e4m\u00e4 kortti on helpoin tapa tehd\u00e4 matkastasi edullisempi, mukavampi ja ennen kaikkea unohtumaton.<\/p>\n\n\n<div class=\"gb-container gb-container-4eb53179 ms-alert--primary ms-p ms-rounded ms-mb-last-child-0 ms-mb-children-condensed ms-mb-block\">\n\n<p>Lisboa Card on 3-in-1 kortti, joka yhdist\u00e4\u00e4 <strong>kuljetuskortin<\/strong>, <strong>n\u00e4ht\u00e4vyyskortin <\/strong>ja <strong>alennuskortin<\/strong> edut.<\/p>\n\n<\/div>\n\n\n<p><strong>Miksi valita Lisboa Card?<\/strong><\/p>\n\n\n\n<p>Lisboa Card on ihanteellinen valinta matkailijoille, jotka haluavat ottaa kaiken irti Portugalin-lomastaan. Kortin haltijat voivat hy\u00f6dynt\u00e4\u00e4 seuraavia etuja:<\/p>\n\n\n<ul class=\"gb-container gb-container-53b82d66 ms-icon-list\">\n\n<li class=\"gb-headline gb-headline-f5138486 ms-icon-list__item\"><span class=\"gb-icon\"><svg viewBox=\"0 0 256 256\" fill=\"#000000\" height=\"32\" width=\"32\" xmlns=\"http:\/\/www.w3.org\/2000\/svg\"><path d=\"M232.49,80.49l-128,128a12,12,0,0,1-17,0l-56-56a12,12,0,1,1,17-17L96,183,215.51,63.51a12,12,0,0,1,17,17Z\"><\/path><\/svg><\/span><span class=\"gb-headline-text\">Ilmainen ja rajaton matkustaminen bussilla, metrolla, raitiovaunulla ja k\u00f6ysiradalla.<\/span><\/li>\n\n\n\n<li class=\"gb-headline gb-headline-eb81dbda ms-icon-list__item\"><span class=\"gb-icon\"><svg viewBox=\"0 0 256 256\" fill=\"#000000\" height=\"32\" width=\"32\" xmlns=\"http:\/\/www.w3.org\/2000\/svg\"><path d=\"M232.49,80.49l-128,128a12,12,0,0,1-17,0l-56-56a12,12,0,1,1,17-17L96,183,215.51,63.51a12,12,0,0,1,17,17Z\"><\/path><\/svg><\/span><span class=\"gb-headline-text\">Ilmainen p\u00e4\u00e4sy ikoniseen raitiovaunuun 28.<\/span><\/li>\n\n\n\n<li class=\"gb-headline gb-headline-b37bb796 ms-icon-list__item\"><span class=\"gb-icon\"><svg viewBox=\"0 0 256 256\" fill=\"#000000\" height=\"32\" width=\"32\" xmlns=\"http:\/\/www.w3.org\/2000\/svg\"><path d=\"M232.49,80.49l-128,128a12,12,0,0,1-17,0l-56-56a12,12,0,1,1,17-17L96,183,215.51,63.51a12,12,0,0,1,17,17Z\"><\/path><\/svg><\/span><span class=\"gb-headline-text\">Ilmaiset matkat Santa Justa -hissill\u00e4, josta on upeat n\u00e4kym\u00e4t.<\/span><\/li>\n\n\n\n<li class=\"gb-headline gb-headline-effa3bd7 ms-icon-list__item\"><span class=\"gb-icon\"><svg viewBox=\"0 0 256 256\" fill=\"#000000\" height=\"32\" width=\"32\" xmlns=\"http:\/\/www.w3.org\/2000\/svg\"><path d=\"M232.49,80.49l-128,128a12,12,0,0,1-17,0l-56-56a12,12,0,1,1,17-17L96,183,215.51,63.51a12,12,0,0,1,17,17Z\"><\/path><\/svg><\/span><span class=\"gb-headline-text\">Ilmaiset CP-linjan junamatkat Sintraan, Cascaisiin ja Tejo-joen etel\u00e4rannalle. N\u00e4m\u00e4 ovat t\u00e4ydellisi\u00e4 pakollisia p\u00e4iv\u00e4retki\u00e4.<\/span><\/li>\n\n\n\n<li class=\"gb-headline gb-headline-376b85f3 ms-icon-list__item\"><span class=\"gb-icon\"><svg viewBox=\"0 0 256 256\" fill=\"#000000\" height=\"32\" width=\"32\" xmlns=\"http:\/\/www.w3.org\/2000\/svg\"><path d=\"M232.49,80.49l-128,128a12,12,0,0,1-17,0l-56-56a12,12,0,1,1,17-17L96,183,215.51,63.51a12,12,0,0,1,17,17Z\"><\/path><\/svg><\/span><span class=\"gb-headline-text\">Ilmainen p\u00e4\u00e4sy jopa 52 museoon, monumenttiin ja Unescon maailmanperint\u00f6kohteeseen.<\/span><\/li>\n\n\n\n<li class=\"gb-headline gb-headline-defc0986 ms-icon-list__item\"><span class=\"gb-icon\"><svg viewBox=\"0 0 256 256\" fill=\"#000000\" height=\"32\" width=\"32\" xmlns=\"http:\/\/www.w3.org\/2000\/svg\"><path d=\"M232.49,80.49l-128,128a12,12,0,0,1-17,0l-56-56a12,12,0,1,1,17-17L96,183,215.51,63.51a12,12,0,0,1,17,17Z\"><\/path><\/svg><\/span><span class=\"gb-headline-text\">Nopeutettu p\u00e4\u00e4sy 12 kohteeseen.<\/span><\/li>\n\n\n\n<li class=\"gb-headline gb-headline-6dbee845 ms-icon-list__item\"><span class=\"gb-icon\"><svg viewBox=\"0 0 256 256\" fill=\"#000000\" height=\"32\" width=\"32\" xmlns=\"http:\/\/www.w3.org\/2000\/svg\"><path d=\"M232.49,80.49l-128,128a12,12,0,0,1-17,0l-56-56a12,12,0,1,1,17-17L96,183,215.51,63.51a12,12,0,0,1,17,17Z\"><\/path><\/svg><\/span><span class=\"gb-headline-text\">Ilmainen kaupunkiohje, joka on t\u00e4ynn\u00e4 hy\u00f6dyllisi\u00e4 vinkkej\u00e4 ja tietoa.<\/span><\/li>\n\n\n\n<li class=\"gb-headline gb-headline-323893ef ms-icon-list__item\"><span class=\"gb-icon\"><svg viewBox=\"0 0 256 256\" fill=\"#000000\" height=\"32\" width=\"32\" xmlns=\"http:\/\/www.w3.org\/2000\/svg\"><path d=\"M232.49,80.49l-128,128a12,12,0,0,1-17,0l-56-56a12,12,0,1,1,17-17L96,183,215.51,63.51a12,12,0,0,1,17,17Z\"><\/path><\/svg><\/span><span class=\"gb-headline-text\">Tarjouksia ja alennuksia retkist\u00e4, kiertoajeluista, ostoksista ja y\u00f6el\u00e4m\u00e4st\u00e4.<\/span><\/li>\n\n<\/ul>\n<\/div>\n\n<div class=\"gb-container gb-container-28f243f6 gb-tabs__item\" id=\"gb-tab-item-28f243f6\" role=\"tabpanel\">\n\n<p>Lisboa-kortin ostaminen on helppoa:<\/p>\n\n\n\n<ol class=\"wp-block-list\">\n<li>Valitse varausmoduulista haluamasi p\u00e4iv\u00e4m\u00e4\u00e4r\u00e4 ja kortin voimassaoloaika (24, 48 tai 72 tuntia).<\/li>\n\n\n\n<li>Kun ostoksesi on vahvistettu, saat s\u00e4hk\u00f6postiisi kupongin.<\/li>\n\n\n\n<li>Esit\u00e4 s\u00e4hk\u00f6postikupongin mobiiliversio yhdess\u00e4 noutopisteist\u00e4, jotta voit vaihtaa sen fyysiseen Lisboa-korttiin. Saatavilla olevat sijainnit osoitteineen ja aukioloaikoineen on lueteltu alla:\n<ul class=\"wp-block-list\">\n<li><strong>Ask Me Lisboa | Lentokentt\u00e4<\/strong>: Chegadas, Aeroporto &#8211; Alameda das Comunidades, 1700-008, Lisboa. Avoinna p\u00e4ivitt\u00e4in klo 7:00\u201322:00.<\/li>\n\n\n\n<li><strong>Ask Me Lisboa | Terreiro do Pa\u00e7o<\/strong>: Pra\u00e7a do Com\u00e9rcio, 1100-148, Lisboa. Avoinna p\u00e4ivitt\u00e4in klo 10:00\u201319:00.<\/li>\n\n\n\n<li><strong>Codfish History Center<\/strong>: Terreiro do Pa\u00e7o &#8211; Torre\u00e3o Nascente, 1100-148, Lissabon. Avoinna p\u00e4ivitt\u00e4in klo 10:00\u201319:00.<\/li>\n\n\n\n<li><strong>Ask Me Lisboa | Centro Tejo<\/strong>: Terreiro do Pa\u00e7o, 1100-016, Lissabon. Avoinna p\u00e4ivitt\u00e4in klo 10:00\u201313:00 ja 14:00\u201319:00.<\/li>\n\n\n\n<li><strong>Ask Me Lisboa | Cais do Sodr\u00e9<\/strong>: Pra\u00e7a do Duque de Terceira, Cais do Sodr\u00e9, 1200-161, Lissabon. Avoinna p\u00e4ivitt\u00e4in klo 9:00\u201313:00 ja 14:00\u201318:00.<\/li>\n<\/ul>\n<\/li>\n<\/ol>\n\n\n<div class=\"gb-container gb-container-ad106817 ms-alert--primary ms-p ms-rounded ms-mb-last-child-0 ms-mb-children-condensed ms-mb-block\">\n\n<p>Kortti aktivoituu vasta ensimm\u00e4isell\u00e4 k\u00e4ytt\u00f6kerralla, joten sinun ei tarvitse huolehtia sen vanhenemisesta ennen saapumistasi Lissaboniin.<\/p>\n\n<\/div>\n<\/div>\n\n<div class=\"gb-container gb-container-46ea0e65 gb-tabs__item\" id=\"gb-tab-item-46ea0e65\" role=\"tabpanel\">\n\n<p>Lisboa-kortti tekee Lissabonin tutkimisesta helppoa, edullista ja k\u00e4tev\u00e4\u00e4. N\u00e4in saat siit\u00e4 kaiken irti:<\/p>\n\n\n\n<hr class=\"wp-block-separator has-alpha-channel-opacity\"\/>\n\n\n\n<p class=\"gb-text ms-text-context\">Aktivoi korttisi<\/p>\n\n\n\n<p>Aktivoi Lisboa-korttisi k\u00e4ytt\u00e4m\u00e4ll\u00e4 sit\u00e4 miss\u00e4 tahansa n\u00e4ht\u00e4vyydess\u00e4 tai matkustamalla julkisilla liikennev\u00e4lineill\u00e4. Sinulla on 28 p\u00e4iv\u00e4\u00e4 aikaa aktivoida kortti ostop\u00e4iv\u00e4st\u00e4, ja sen j\u00e4lkeen se on voimassa 24, 48 tai 72 tuntia per\u00e4kk\u00e4in, riippuen ostamastasi vaihtoehdosta.<\/p>\n\n\n\n<hr class=\"wp-block-separator has-alpha-channel-opacity\"\/>\n\n\n\n<p class=\"gb-text ms-text-context\">Suunnittele matkareittisi<\/p>\n\n\n\n<p>Jos sinulla on 1 p\u00e4iv\u00e4<\/p>\n\n\n\n<ul class=\"wp-block-list\">\n<li>Suuntaa aamulla Bel\u00e9miin ja vieraile Jer\u00f3nimos-luostarissa ja kansallisessa vaunumuseossa.<\/li>\n\n\n\n<li>Lounaan j\u00e4lkeen pist\u00e4ydy Ponte 7 de Pilares Bridge Experience -kohteessa tai Lisboa Story Centress\u00e4 historian siivitt\u00e4m\u00e4n\u00e4 ennen kuin suunnistat yl\u00e4m\u00e4keen.<\/li>\n\n\n\n<li>P\u00e4\u00e4t\u00e4 p\u00e4iv\u00e4si tutustumalla Saint Jorge -linnaan tai Kuninkaallinen aarremuseo, aja raitiovaunulla 28 Alfaman l\u00e4pi ja nauti illallisesta alennushintaan jossakin osallistuvista ravintoloista.<\/li>\n<\/ul>\n\n\n\n<p>Jos sinulla on 2\u20133 p\u00e4iv\u00e4\u00e4<\/p>\n\n\n\n<ul class=\"wp-block-list\">\n<li>Lis\u00e4\u00e4 p\u00e4iv\u00e4retket Sintraan tai Cascaisiin (kortti sis\u00e4lt\u00e4\u00e4 CP-junamatkat!).<\/li>\n\n\n\n<li>Hy\u00f6dynn\u00e4 alennuksia k\u00e4velykierroksista, jokiristeilyist\u00e4 tai fado-illanvietosta.<\/li>\n\n\n\n<li>Vieraile ilmaisissa museoissa, kuten L\u00f6yt\u00f6retkimuistomerkki, kansallinen Panteon tai Ajudan palatsi.<\/li>\n<\/ul>\n\n\n\n<p class=\"gb-text-9c6baf02\"><span class=\"gb-shape\"><svg viewBox=\"0 0 256 256\" fill=\"#000000\" height=\"32\" width=\"32\" xmlns=\"http:\/\/www.w3.org\/2000\/svg\"><path d=\"M108,84a16,16,0,1,1,16,16A16,16,0,0,1,108,84Zm128,44A108,108,0,1,1,128,20,108.12,108.12,0,0,1,236,128Zm-24,0a84,84,0,1,0-84,84A84.09,84.09,0,0,0,212,128Zm-72,36.68V132a20,20,0,0,0-20-20,12,12,0,0,0-4,23.32V168a20,20,0,0,0,20,20,12,12,0,0,0,4-23.32Z\"><\/path><\/svg><\/span><span class=\"gb-text\">Monet n\u00e4ht\u00e4vyydet ovat suljettuina maanantaisin, joten tarkista asia etuk\u00e4teen ennen p\u00e4iv\u00e4n suunnittelua.<\/span><\/p>\n\n\n\n<hr class=\"wp-block-separator has-alpha-channel-opacity\"\/>\n\n\n\n<p class=\"gb-text ms-text-context\"><strong>Matkusta vaivattomasti<\/strong><\/p>\n\n\n\n<p>Kortti sis\u00e4lt\u00e4\u00e4 rajoittamattoman julkisen liikenteen k\u00e4yt\u00f6n Lissabonissa, mukaan lukien metromatkat Lissabonin lentokent\u00e4lle ja takaisin.<\/p>\n\n\n\n<hr class=\"wp-block-separator has-alpha-channel-opacity\"\/>\n\n\n\n<p class=\"gb-text ms-text-context\"><strong><strong>S\u00e4\u00e4st\u00e4 eksklusiivisilla tarjouksilla<\/strong><\/strong><\/p>\n\n\n\n<p>Lisboa-kortti tarjoaa my\u00f6s 5\u201350 % alennuksia ruokailusta, ostoksista, opastetuista kierroksista ja viihteest\u00e4 ymp\u00e4ri Lissabonia.<\/p>\n\n\n\n<hr class=\"wp-block-separator has-alpha-channel-opacity\"\/>\n\n\n\n<p>\ud83d\udc49 <a href=\"https:\/\/drive.google.com\/file\/d\/1tVnk8u0tN68_agKLV1XV3FH4PtIBRphQ\/view\" target=\"_blank\" rel=\"noreferrer noopener nofollow\">Lataa t\u00e4ydellinen Lisboa-kortin k\u00e4ytt\u00f6opas (PDF)<\/a><\/p>\n\n\n<div class=\"gb-container gb-container-46df7ae9 ms-alert--primary ms-p ms-rounded ms-mb-last-child-0 ms-mb-children-condensed ms-mb-block\">\n\n<p>Lue lis\u00e4\u00e4: <a href=\"https:\/\/www.lisboacard.org\/fi\/discounts\/\" data-type=\"page\" data-id=\"6\">alennukset<\/a> \u2013 <a href=\"https:\/\/www.lisboacard.org\/fi\/prices\/\" data-type=\"page\" data-id=\"9\">hinnat<\/a> \u2013 <a href=\"https:\/\/www.lisboacard.org\/fi\/faq\/\" data-type=\"page\" data-id=\"581\">usein kysytyt kysymykset<\/a><\/p>\n\n<\/div>\n<\/div>\n<\/div>\n<\/div>\n\n\n<p><\/p>\n","protected":false},"excerpt":{"rendered":"","protected":false},"author":1,"featured_media":857,"parent":0,"menu_order":2,"comment_status":"closed","ping_status":"closed","template":"","meta":{"_acf_changed":false,"footnotes":"","button_url":"https:\/\/www.tiqets.com\/en\/lisbon-attractions-c76528\/tickets-for-lisbon-card-p974847\/?partner=lisboacard","ms_product_id":"974847","ms_product_name":"Lisboa Card: Access 51 Attractions + Public Transportation","ms_price":"31","ms_currency":"EUR","ms_rating_value":"4.3","ms_review_count":"25376","rank_math_title":"Lisboa Card \u2013 Lissabonin virallinen kortti %currentyear%","rank_math_description":"S\u00e4\u00e4st\u00e4 aikaa ja rahaa Lisboa Cardilla \u2013 Lissabonin virallisella turistipassilla. Klikkaa t\u00e4st\u00e4 n\u00e4hd\u00e4ksesi hinnat, arvostelut ja p\u00e4ivitetyn alennusluettelon."},"post-style":[],"producer":[],"class_list":["post-5","page","type-page","status-publish","has-post-thumbnail"],"acf":[],"product_schema":{"ms_product_id":"974847","ms_product_name":"Lisboa Card: Access 51 Attractions + Public Transportation","ms_price":"31","ms_currency":"EUR","ms_rating_value":"4.3","ms_review_count":"25376"},"_links":{"self":[{"href":"https:\/\/www.lisboacard.org\/fi\/wp-json\/wp\/v2\/pages\/5","targetHints":{"allow":["GET"]}}],"collection":[{"href":"https:\/\/www.lisboacard.org\/fi\/wp-json\/wp\/v2\/pages"}],"about":[{"href":"https:\/\/www.lisboacard.org\/fi\/wp-json\/wp\/v2\/types\/page"}],"author":[{"embeddable":true,"href":"https:\/\/www.lisboacard.org\/fi\/wp-json\/wp\/v2\/users\/1"}],"replies":[{"embeddable":true,"href":"https:\/\/www.lisboacard.org\/fi\/wp-json\/wp\/v2\/comments?post=5"}],"version-history":[{"count":3,"href":"https:\/\/www.lisboacard.org\/fi\/wp-json\/wp\/v2\/pages\/5\/revisions"}],"predecessor-version":[{"id":1057,"href":"https:\/\/www.lisboacard.org\/fi\/wp-json\/wp\/v2\/pages\/5\/revisions\/1057"}],"wp:featuredmedia":[{"embeddable":true,"href":"https:\/\/www.lisboacard.org\/fi\/wp-json\/wp\/v2\/media\/857"}],"wp:attachment":[{"href":"https:\/\/www.lisboacard.org\/fi\/wp-json\/wp\/v2\/media?parent=5"}],"wp:term":[{"taxonomy":"post-style","embeddable":true,"href":"https:\/\/www.lisboacard.org\/fi\/wp-json\/wp\/v2\/post-style?post=5"},{"taxonomy":"producer","embeddable":true,"href":"https:\/\/www.lisboacard.org\/fi\/wp-json\/wp\/v2\/producer?post=5"}],"curies":[{"name":"wp","href":"https:\/\/api.w.org\/{rel}","templated":true}]}}