{"id":581,"date":"2014-01-08T14:47:17","date_gmt":"2014-01-08T14:47:17","guid":{"rendered":"https:\/\/www.lisboacard.org\/fl\/?page_id=11"},"modified":"2026-05-07T07:09:04","modified_gmt":"2026-05-07T05:09:04","slug":"faq","status":"publish","type":"page","link":"https:\/\/www.lisboacard.org\/fi\/faq\/","title":{"rendered":"Usein kysytyt kysymykset"},"content":{"rendered":"<div id=\"rank-math-faq\" class=\"rank-math-block\">\n<div class=\"rank-math-list \">\n<div id=\"faq-question-1717062476605\" class=\"rank-math-list-item\">\n<h3 class=\"rank-math-question \">Mik\u00e4 on Lisboa Card?<\/h3>\n<div class=\"rank-math-answer \">\n\n<p>Lisboa Card on Lissabonin virallinen turistipassi. K\u00e4yt\u00e4nn\u00f6ss\u00e4 se on 3-in-1-kortti, joka toimii <strong>kuljetuspassina<\/strong>, <strong>n\u00e4ht\u00e4vyyksien p\u00e4\u00e4sylippuna<\/strong> ja <strong>alennuskorttina<\/strong>. Lisboa Card -pakettiin sis\u00e4ltyy my\u00f6s ilmainen kaupunkopas. Kortin avulla <strong>s\u00e4\u00e4st\u00e4t sek\u00e4 aikaa ett\u00e4 rahaa<\/strong> Lissabonin-matkasi aikana.<\/p>\n\n<\/div>\n<\/div>\n<div id=\"faq-question-1717062505033\" class=\"rank-math-list-item\">\n<h3 class=\"rank-math-question \">Mitk\u00e4 ovat Lisboa Cardin edut?<\/h3>\n<div class=\"rank-math-answer \">\n\n<p>Lisboa Cardilla voit <strong>s\u00e4\u00e4st\u00e4\u00e4 rahaa<\/strong> liikkumisesta, p\u00e4\u00e4symaksuista, viihteest\u00e4 ja ostoksista. <strong>S\u00e4\u00e4st\u00e4t my\u00f6s aikaa<\/strong>, ja lukuisten etujen ja alennusten ansiosta <strong>n\u00e4et enemm\u00e4n<\/strong>.<\/p>\n\n<\/div>\n<\/div>\n<div id=\"faq-question-1717062519392\" class=\"rank-math-list-item\">\n<h3 class=\"rank-math-question \">Mit\u00e4 alennuksia Lisboa Cardilla saa?<\/h3>\n<div class=\"rank-math-answer \">\n\n<p>Lisboa Card tarjoaa 10\u201350 % alennuksia paikallisista palveluista, kulttuuri- ja matkailukohteista sek\u00e4 aktiviteeteista. Lis\u00e4ksi saat 5\u201310 % alennuksen tietyiss\u00e4 kaupoissa, jotka myyv\u00e4t aitoja portugalilaisia tuotteita. T\u00e4ydellisen alennusluettelon n\u00e4et <a href=\"https:\/\/www.lisboacard.org\/fi\/discounts\/\" target=\"_blank\" rel=\"noreferrer noopener\">t\u00e4\u00e4lt\u00e4<\/a>. <\/p>\n\n<\/div>\n<\/div>\n<div id=\"faq-question-1724316893105\" class=\"rank-math-list-item\">\n<h3 class=\"rank-math-question \">Onko Lisboa Card ostamisen arvoinen?<\/h3>\n<div class=\"rank-math-answer \">\n\n<p>Onko Lisboa Cardin ostaminen sen arvoista, riippuu matkasuunnitelmistasi ja siit\u00e4, kuinka paljon arvostat mukavuutta. Nyrkkis\u00e4\u00e4nt\u00f6n\u00e4 voidaan sanoa, ett\u00e4 Lisboa Card on hyv\u00e4 hankinta, jos aiot k\u00e4ytt\u00e4\u00e4 julkisia kulkuv\u00e4lineit\u00e4 ja vierailla useissa museoissa ja n\u00e4ht\u00e4vyyksiss\u00e4 p\u00e4ivitt\u00e4in. T\u00e4ss\u00e4 muutama asia, jotka kannattaa huomioida, jos harkitset Lisboa Cardin ostamista:<\/p>\n<p><strong>Kortin hinta<\/strong><br \/>Ainoa tapa varmistaa, ett\u00e4 Lisboa Card on hintansa arvoinen, on k\u00e4yd\u00e4 l\u00e4pi suunnitelmasi ja laskea, kuinka paljon p\u00e4\u00e4syliput, kiertoajelut ja kuljetukset maksaisivat erikseen. Vertaile kokonaissummaa Lisboa Cardin p\u00e4iv\u00e4kohtaiseen hintaan ja p\u00e4\u00e4t\u00e4, onko se hyv\u00e4 sijoitus. Muista, ett\u00e4 72 tunnin kortti tarjoaa parhaan vastineen rahalle.<\/p>\n<p><strong>Vapaus ja joustavuus<br \/><\/strong>Monille Lisboa Cardin vetonaula on sen tarjoama vapaus. Kortin avulla voit tehd\u00e4 juuri sit\u00e4, mit\u00e4 haluat, milloin haluat, ilman, ett\u00e4 sinun tarvitsee murehtia ylim\u00e4\u00e4r\u00e4isten lippujen ostamisesta.<br \/>Jos matkustat Lissaboniin pienell\u00e4 budjetilla, laske, ovatko kortin hinta ja s\u00e4\u00e4st\u00f6t sen arvoisia. Jos taas arvostat <strong>vapautta<\/strong>, <strong>joustavuutta <\/strong>ja <strong>mukavuutta<\/strong>, Lisboa Card on luultavasti erinomainen valinta.<\/p>\n\n<\/div>\n<\/div>\n<div id=\"faq-question-1724316971009\" class=\"rank-math-list-item\">\n<h3 class=\"rank-math-question \">Mit\u00e4 Lisboa Card maksaa?<\/h3>\n<div class=\"rank-math-answer \">\n\n<p>Lisboa Cardin hinta riippuu sen voimassaoloajasta. Lapset saavat lis\u00e4alennuksen ostohinnasta.<br \/>Vertaile eri kortteja p\u00e4iv\u00e4kohtaisen hinnan perusteella. Esimerkiksi 72 tunnin kortti on p\u00e4iv\u00e4hinnaltaan edullisempi kuin 24 tunnin kortti. Katso <a href=\"https:\/\/www.lisboacard.org\/fi\/prices\/\" target=\"_blank\" rel=\"noreferrer noopener\">hintataulukko<\/a>, josta l\u00f6yd\u00e4t kaikki Lisboa Cardin hinnat.<\/p>\n\n<\/div>\n<\/div>\n<div id=\"faq-question-1724316983120\" class=\"rank-math-list-item\">\n<h3 class=\"rank-math-question \">Mist\u00e4 voin noutaa Lisboa Cardin?<\/h3>\n<div class=\"rank-math-answer \">\n\n<p>Kupongit voi vaihtaa Lisboa Cardiksi miss\u00e4 tahansa &#8221;Ask Me Lisboa&#8221; -matkailutoimistossa lentokent\u00e4ll\u00e4 tai kaupungissa. Vahvistuss\u00e4hk\u00f6postistasi l\u00f6yd\u00e4t listan noutopisteist\u00e4, osoitteista ja aukioloajoista.<\/p>\n\n<\/div>\n<\/div>\n<div id=\"faq-question-1747719164938\" class=\"rank-math-list-item\">\n<h3 class=\"rank-math-question \">Voinko lis\u00e4t\u00e4 muita n\u00e4ht\u00e4vyyslippuja, kun varaan Lisboa Cardin?<\/h3>\n<div class=\"rank-math-answer \">\n\n<p>Kyll\u00e4! Kun varaat Lisboa Cardin, voit valita edullisia lippuja joihinkin Lissabonin ja Sintran suosituimpiin n\u00e4ht\u00e4vyyksiin, kuten <strong>Ocean\u00e1rio de Lisboaan<\/strong>, <strong>Penan palatsiin<\/strong> ja <strong>Maurilaislinna<\/strong>.<br \/>N\u00e4m\u00e4 lis\u00e4valinnat ovat vapaaehtoisia, ja voit valita ne maksaessasi.<\/p>\n\n<\/div>\n<\/div>\n<\/div>\n<\/div>","protected":false},"excerpt":{"rendered":"","protected":false},"author":1,"featured_media":0,"parent":0,"menu_order":5,"comment_status":"closed","ping_status":"closed","template":"","meta":{"_acf_changed":false,"footnotes":"","button_url":"https:\/\/www.tiqets.com\/en\/lisbon-attractions-c76528\/tickets-for-lisbon-card-p974847\/?partner=lisboacard","ms_product_id":"","ms_product_name":"","ms_price":"","ms_currency":"","ms_rating_value":"","ms_review_count":"","rank_math_title":"Lisboa Card FAQ \u2013 Vastauksia Lisbon Cardia koskeviin kysymyksiin","rank_math_description":"Onko sinulla kysytt\u00e4v\u00e4\u00e4 Lisboa Cardista? L\u00f6yd\u00e4t vastaukset sen toimintaan, sis\u00e4lt\u00f6\u00f6n, julkisen liikenteen k\u00e4ytt\u00f6\u00f6n, ostopaikkoihin ja muihin kysymyksiin usein kysyttyjen kysymysten oppaastamme."},"post-style":[],"producer":[],"class_list":["post-581","page","type-page","status-publish","has-post-thumbnail"],"acf":[],"product_schema":{"ms_product_id":"","ms_product_name":"","ms_price":"","ms_currency":"","ms_rating_value":"","ms_review_count":""},"_links":{"self":[{"href":"https:\/\/www.lisboacard.org\/fi\/wp-json\/wp\/v2\/pages\/581","targetHints":{"allow":["GET"]}}],"collection":[{"href":"https:\/\/www.lisboacard.org\/fi\/wp-json\/wp\/v2\/pages"}],"about":[{"href":"https:\/\/www.lisboacard.org\/fi\/wp-json\/wp\/v2\/types\/page"}],"author":[{"embeddable":true,"href":"https:\/\/www.lisboacard.org\/fi\/wp-json\/wp\/v2\/users\/1"}],"replies":[{"embeddable":true,"href":"https:\/\/www.lisboacard.org\/fi\/wp-json\/wp\/v2\/comments?post=581"}],"version-history":[{"count":3,"href":"https:\/\/www.lisboacard.org\/fi\/wp-json\/wp\/v2\/pages\/581\/revisions"}],"predecessor-version":[{"id":1062,"href":"https:\/\/www.lisboacard.org\/fi\/wp-json\/wp\/v2\/pages\/581\/revisions\/1062"}],"wp:attachment":[{"href":"https:\/\/www.lisboacard.org\/fi\/wp-json\/wp\/v2\/media?parent=581"}],"wp:term":[{"taxonomy":"post-style","embeddable":true,"href":"https:\/\/www.lisboacard.org\/fi\/wp-json\/wp\/v2\/post-style?post=581"},{"taxonomy":"producer","embeddable":true,"href":"https:\/\/www.lisboacard.org\/fi\/wp-json\/wp\/v2\/producer?post=581"}],"curies":[{"name":"wp","href":"https:\/\/api.w.org\/{rel}","templated":true}]}}