{"id":652,"date":"2024-10-18T10:00:15","date_gmt":"2024-10-18T08:00:15","guid":{"rendered":"https:\/\/www.lisboacard.org\/fl\/?page_id=652"},"modified":"2025-10-27T20:44:44","modified_gmt":"2025-10-27T19:44:44","slug":"yhteystiedot","status":"publish","type":"page","link":"https:\/\/www.lisboacard.org\/fi\/yhteystiedot\/","title":{"rendered":"Yhteystiedot"},"content":{"rendered":"\n<h3 class=\"wp-block-heading\">Lippuja koskevat kysymykset<\/h3>\n\n\n\n<p>Jos sinulla on kysytt\u00e4v\u00e4\u00e4 lipuista tai nykyisest\u00e4 varauksestasi, ota yhteytt\u00e4 lippukumppaniimme:<\/p>\n\n\n\n<ul class=\"wp-block-list\">\n<li>S\u00e4hk\u00f6posti: <a href=\"mailto:info@ticketbar.eu\">info@ticketbar.eu<\/a><\/li>\n\n\n\n<li>Puhelin: +44 2035142614<\/li>\n<\/ul>\n\n\n\n<hr class=\"wp-block-separator has-alpha-channel-opacity\"\/>\n\n\n\n<h3 class=\"wp-block-heading\">Tietoa vierailijoille<\/h3>\n\n\n\n<p>Saat lis\u00e4tietoja kaupungista, kartoista ja muista palveluista lentokent\u00e4n tai kaupungin Ask Me Lisboa -matkailutoimistoista. N\u00e4iss\u00e4 toimistoissa voit my\u00f6s lunastaa netist\u00e4 ostamasi lipun fyysiseen Lisboa Card -korttiin.<\/p>\n\n\n\n<p>Toimistojen osoitteet, aukioloajat ja yhteystiedot l\u00f6yd\u00e4t <a href=\"https:\/\/www.visitlisboa.com\/en\/c\/tourist-offices\" target=\"_blank\" rel=\"noreferrer noopener nofollow\"><\/a><a href=\"https:\/\/www.visitlisboa.com\/en\/c\/tourist-offices\" target=\"_blank\" rel=\"noreferrer noopener nofollow\">t\u00e4st\u00e4 linkist\u00e4<\/a>.<\/p>\n\n\n\n<hr class=\"wp-block-separator has-alpha-channel-opacity\"\/>\n\n\n\n<h3 class=\"wp-block-heading\">Verkkosivuston tuki<\/h3>\n\n\n\n<p>Jos sinulla on kysytt\u00e4v\u00e4\u00e4 t\u00e4st\u00e4 verkkosivustosta, ota meihin suoraan yhteytt\u00e4:<\/p>\n\n\n\n<ul class=\"wp-block-list\">\n<li>S\u00e4hk\u00f6posti: info@moonshot.media<\/li>\n<\/ul>\n","protected":false},"excerpt":{"rendered":"","protected":false},"author":3,"featured_media":0,"parent":0,"menu_order":0,"comment_status":"closed","ping_status":"closed","template":"","meta":{"_acf_changed":false,"footnotes":"","button_url":"https:\/\/www.tiqets.com\/en\/lisbon-attractions-c76528\/tickets-for-lisbon-card-p974847\/?partner=lisboacard","ms_product_id":"","ms_product_name":"","ms_price":"","ms_currency":"","ms_rating_value":"","ms_review_count":"","rank_math_title":"","rank_math_description":"Jos sinulla on kysytt\u00e4v\u00e4\u00e4 lipuista tai olemassa olevasta varauksestasi, ota yhteytt\u00e4 lippukumppaniimme."},"post-style":[],"producer":[],"class_list":["post-652","page","type-page","status-publish","has-post-thumbnail"],"acf":[],"product_schema":{"ms_product_id":"","ms_product_name":"","ms_price":"","ms_currency":"","ms_rating_value":"","ms_review_count":""},"_links":{"self":[{"href":"https:\/\/www.lisboacard.org\/fi\/wp-json\/wp\/v2\/pages\/652","targetHints":{"allow":["GET"]}}],"collection":[{"href":"https:\/\/www.lisboacard.org\/fi\/wp-json\/wp\/v2\/pages"}],"about":[{"href":"https:\/\/www.lisboacard.org\/fi\/wp-json\/wp\/v2\/types\/page"}],"author":[{"embeddable":true,"href":"https:\/\/www.lisboacard.org\/fi\/wp-json\/wp\/v2\/users\/3"}],"replies":[{"embeddable":true,"href":"https:\/\/www.lisboacard.org\/fi\/wp-json\/wp\/v2\/comments?post=652"}],"version-history":[{"count":2,"href":"https:\/\/www.lisboacard.org\/fi\/wp-json\/wp\/v2\/pages\/652\/revisions"}],"predecessor-version":[{"id":996,"href":"https:\/\/www.lisboacard.org\/fi\/wp-json\/wp\/v2\/pages\/652\/revisions\/996"}],"wp:attachment":[{"href":"https:\/\/www.lisboacard.org\/fi\/wp-json\/wp\/v2\/media?parent=652"}],"wp:term":[{"taxonomy":"post-style","embeddable":true,"href":"https:\/\/www.lisboacard.org\/fi\/wp-json\/wp\/v2\/post-style?post=652"},{"taxonomy":"producer","embeddable":true,"href":"https:\/\/www.lisboacard.org\/fi\/wp-json\/wp\/v2\/producer?post=652"}],"curies":[{"name":"wp","href":"https:\/\/api.w.org\/{rel}","templated":true}]}}