{"id":9,"date":"2014-01-07T13:15:06","date_gmt":"2014-01-07T13:15:06","guid":{"rendered":"https:\/\/www.lisboacard.org\/fl\/?page_id=9"},"modified":"2026-05-07T00:49:35","modified_gmt":"2026-05-06T22:49:35","slug":"hinnat","status":"publish","type":"page","link":"https:\/\/www.lisboacard.org\/fi\/hinnat\/","title":{"rendered":"Lisboa Card -hinnat"},"content":{"rendered":"\n<h3 class=\"wp-block-heading\">Hintataulukko<\/h3>\n\n\n<div class=\"ms-table frozenColumn\"><table><tr><th><\/th><th>24 tuntia<\/th><th>48 Tuntia<\/th><th>72 tuntia<\/th><\/tr><tr><td>Aikuiset<\/td><td>\u20ac31,00 (\u20ac31,00 per p\u00e4iv\u00e4)<\/td><td>\u20ac51,00 (\u20ac25,50 per p\u00e4iv\u00e4)<\/td><td>\u20ac62,00 (\u20ac20,67 per p\u00e4iv\u00e4)<\/td><\/tr><tr><td>Lapset<\/td><td>\u20ac21,00 (\u20ac21,00 per p\u00e4iv\u00e4)<\/td><td>\u20ac28,00 (\u20ac14,00 per p\u00e4iv\u00e4)<\/td><td>\u20ac35,00 (\u20ac11,67 per p\u00e4iv\u00e4)<\/td><\/tr><\/table><\/div>\n\n\n<p><strong>Huomautus<\/strong>:<\/p>\n\n\n\n<ul class=\"wp-block-list\">\n<li>N\u00e4m\u00e4 hinnat koskevat yli 16-vuotiaita aikuisia ja 4\u201315-vuotiaita lapsia. Alle 4-vuotiaat lapset p\u00e4\u00e4sev\u00e4t sis\u00e4\u00e4n ilmaiseksi, eik\u00e4 heille tarvita lippua.<\/li>\n\n\n\n<li>Hinnat voimassa 1. huhtikuuta 2026 \u2013 31. maaliskuuta 2027.<\/li>\n<\/ul>\n","protected":false},"excerpt":{"rendered":"","protected":false},"author":1,"featured_media":0,"parent":0,"menu_order":4,"comment_status":"closed","ping_status":"closed","template":"","meta":{"_acf_changed":false,"footnotes":"","button_url":"https:\/\/www.tiqets.com\/en\/lisbon-attractions-c76528\/tickets-for-lisbon-card-p974847\/?partner=lisboacard","ms_product_id":"","ms_product_name":"","ms_price":"","ms_currency":"","ms_rating_value":"","ms_review_count":"","rank_math_title":"Lisboa Card -hinnat (p\u00e4ivitetty %currentyear%)","rank_math_description":"Tarkista uusimmat Lisboa Card -korttien hinnat 24, 48 ja 72 tunnin lippuille. L\u00f6yd\u00e4 aikuisten ja lasten hinnat ja katso, kuinka paljon voit s\u00e4\u00e4st\u00e4\u00e4 n\u00e4ht\u00e4vyyksien katselussa ja kuljetuksissa."},"post-style":[],"producer":[],"class_list":["post-9","page","type-page","status-publish","has-post-thumbnail"],"acf":[],"product_schema":{"ms_product_id":"","ms_product_name":"","ms_price":"","ms_currency":"","ms_rating_value":"","ms_review_count":""},"_links":{"self":[{"href":"https:\/\/www.lisboacard.org\/fi\/wp-json\/wp\/v2\/pages\/9","targetHints":{"allow":["GET"]}}],"collection":[{"href":"https:\/\/www.lisboacard.org\/fi\/wp-json\/wp\/v2\/pages"}],"about":[{"href":"https:\/\/www.lisboacard.org\/fi\/wp-json\/wp\/v2\/types\/page"}],"author":[{"embeddable":true,"href":"https:\/\/www.lisboacard.org\/fi\/wp-json\/wp\/v2\/users\/1"}],"replies":[{"embeddable":true,"href":"https:\/\/www.lisboacard.org\/fi\/wp-json\/wp\/v2\/comments?post=9"}],"version-history":[{"count":3,"href":"https:\/\/www.lisboacard.org\/fi\/wp-json\/wp\/v2\/pages\/9\/revisions"}],"predecessor-version":[{"id":1060,"href":"https:\/\/www.lisboacard.org\/fi\/wp-json\/wp\/v2\/pages\/9\/revisions\/1060"}],"wp:attachment":[{"href":"https:\/\/www.lisboacard.org\/fi\/wp-json\/wp\/v2\/media?parent=9"}],"wp:term":[{"taxonomy":"post-style","embeddable":true,"href":"https:\/\/www.lisboacard.org\/fi\/wp-json\/wp\/v2\/post-style?post=9"},{"taxonomy":"producer","embeddable":true,"href":"https:\/\/www.lisboacard.org\/fi\/wp-json\/wp\/v2\/producer?post=9"}],"curies":[{"name":"wp","href":"https:\/\/api.w.org\/{rel}","templated":true}]}}