{"id":5,"date":"2013-10-21T14:47:02","date_gmt":"2013-10-21T14:47:02","guid":{"rendered":"https:\/\/www.lisboacard.org\/?page_id=4"},"modified":"2026-01-19T23:18:48","modified_gmt":"2026-01-19T22:18:48","slug":"lisboa-card","status":"publish","type":"page","link":"https:\/\/www.lisboacard.org\/fr\/","title":{"rendered":"Lisboa Card"},"content":{"rendered":"<div class=\"ms-credits\">\n<img decoding=\"async\" class=\"gb-media-161b0c3a\" alt=\"Colorful buildings in Lisbon at sunset.\" src=\"https:\/\/www.lisboacard.org\/wp-content\/uploads\/lisbon-cityscape-1748835854.jpg\" title=\"lisbon-cityscape-1748835854\"\/>\n<span class='ms-credits__info' id='media752'><svg xmlns=\"http:\/\/www.w3.org\/2000\/svg\" width=\"20\" height=\"22\" fill=\"#000000\" viewBox=\"0 0 256 256\"><path d=\"M128,24A104,104,0,1,0,232,128,104.11,104.11,0,0,0,128,24Zm0,192a88,88,0,1,1,88-88A88.1,88.1,0,0,1,128,216ZM96,128a32,32,0,0,0,57.6,19.2,8,8,0,0,1,12.8,9.61,48,48,0,1,1,0-57.62,8,8,0,0,1-12.8,9.61A32,32,0,0,0,96,128Z\"><\/path><\/svg>sepavone\/<a href=https:\/\/depositphotos.com\/photo\/lisbon-portugal-skyline-65709885.html rel='nofollow' target='_blank'>Depositphotos<\/a><\/span><span class='ms-credits__btn' id='btn_media752' onclick='ms_credits_trigger(\"#media752\", this)'><svg xmlns=\"http:\/\/www.w3.org\/2000\/svg\" class=\"info_icon\" width=\"28\" height=\"28\" fill=\"#FFF\" viewBox=\"0 0 256 256\"><path d=\"M128,24A104,104,0,1,0,232,128,104.11,104.11,0,0,0,128,24Zm0,192a88,88,0,1,1,88-88A88.1,88.1,0,0,1,128,216Zm16-40a8,8,0,0,1-8,8,16,16,0,0,1-16-16V128a8,8,0,0,1,0-16,16,16,0,0,1,16,16v40A8,8,0,0,1,144,176ZM112,84a12,12,0,1,1,12,12A12,12,0,0,1,112,84Z\"><\/path><\/svg><svg xmlns=\"http:\/\/www.w3.org\/2000\/svg\" class=\"close_icon\" width=\"28\" height=\"28\" fill=\"#FFF\" viewBox=\"0 0 256 256\"><path d=\"M165.66,101.66,139.31,128l26.35,26.34a8,8,0,0,1-11.32,11.32L128,139.31l-26.34,26.35a8,8,0,0,1-11.32-11.32L116.69,128,90.34,101.66a8,8,0,0,1,11.32-11.32L128,116.69l26.34-26.35a8,8,0,0,1,11.32,11.32ZM232,128A104,104,0,1,1,128,24,104.11,104.11,0,0,1,232,128Zm-16,0a88,88,0,1,0-88,88A88.1,88.1,0,0,0,216,128Z\"><\/path><\/svg><\/span><\/div>\n\n\n<h1 class=\"gb-headline gb-headline-ec3982b8 gb-headline-text\">Lisboa Card<br><strong><mark style=\"background-color:var(--ms-color-white)\" class=\"has-inline-color has-ms-color-neutral-color\">D\u00e9couvrez Lisbonne gr\u00e2ce \u00e0 la Lisboa Card<\/mark><\/strong><\/h1>\n\n\n\n<p>Profite de d\u00e9placements illimit\u00e9s et de l&rsquo;entr\u00e9e gratuite dans 52 des plus grands mus\u00e9es et attractions de Lisbonne avec la Lisboa Card. La carte comprend l&rsquo;entr\u00e9e gratuite au monast\u00e8re des Jer\u00f3nimos, \u00e0 l&rsquo;ascenseur de Santa Justa et bien d&rsquo;autres encore.<\/p>\n\n\n\n<p><strong>La Lisboa Card comprend le transport gratuit en m\u00e9tro depuis et vers l&rsquo;a\u00e9roport<\/strong>.<\/p>\n\n\n\n<div class=\"ms-p ms-rounded ms-mb-last-child-0 ms-mb-children-condensed ms-alert--contrast ms-mb-block\">\n<h4 class=\"gb-text-26a71c5b\"><span class=\"gb-shape\"><svg viewBox=\"0 0 256 256\" fill=\"#000000\" height=\"32\" width=\"32\" xmlns=\"http:\/\/www.w3.org\/2000\/svg\"><path d=\"M246.15,133.18,146.83,33.86A19.85,19.85,0,0,0,132.69,28H40A12,12,0,0,0,28,40v92.69a19.85,19.85,0,0,0,5.86,14.14l99.32,99.32a20,20,0,0,0,28.28,0l84.69-84.69A20,20,0,0,0,246.15,133.18Zm-98.83,93.17L52,131V52h79l95.32,95.32ZM100,84A16,16,0,1,1,84,68,16,16,0,0,1,100,84Z\"><\/path><\/svg><\/span><span class=\"gb-text\"><strong>R\u00e9ductions Exclusives sur les Options !<\/strong><\/span><\/h4>\n\n\n\n<p class=\"gb-text\">B\u00e9n\u00e9ficiez de r\u00e9ductions sp\u00e9ciales sur les attractions populaires comme le Palais de Pena, Quinta da Regaleira et plus encore lors du paiement.<\/p>\n\n\n\n<p class=\"gb-text\"><a href=\"https:\/\/www.tiqets.com\/fr\/lisbon-attractions-c76528\/tickets-for-lisbon-card-p974847\/?partner=lisboacard\" rel=\"nofollow noopener\">\u00c9conomisez sur les Attractions Phares \u2192<\/a><\/p>\n<\/div>\n\n\n<div class=\"gb-container gb-container-1e1905d6 gb-tabs\" role=\"tablist\" data-opened-tab=\"1\">\n<div class=\"gb-container gb-container-c0d25ee5 gb-tabs__buttons\" role=\"list\">\n\n<button class=\"gb-button gb-button-38b6d7d4 gb-button-text gb-tabs__button gb-block-is-current\" id=\"gb-tab-button-38b6d7d4\" role=\"tab\">Avantages<\/button>\n\n\n\n<button class=\"gb-button gb-button-c40a7253 gb-button-text gb-tabs__button\" id=\"gb-tab-button-c40a7253\" role=\"tab\">Qu&rsquo;est-ce que c&rsquo;est ?<\/button>\n\n\n\n<button class=\"gb-button gb-button-af692dcf gb-button-text gb-tabs__button\" id=\"gb-tab-button-af692dcf\" role=\"tab\">O\u00f9 l\u2019acheter<\/button>\n\n\n\n<button class=\"gb-button gb-button-706e52c0 gb-button-text gb-tabs__button\" id=\"gb-tab-button-706e52c0\" role=\"tab\">Comment l\u2019utiliser<\/button>\n\n<\/div>\n\n<div class=\"gb-container gb-container-8fcce89b gb-tabs__items\">\n<div class=\"gb-container gb-container-2e268732 gb-tabs__item gb-tabs__item-open\" id=\"gb-tab-item-2e268732\" role=\"tabpanel\">\n<div class=\"gb-grid-wrapper gb-grid-wrapper-deaf7782\">\n<div class=\"gb-grid-column gb-grid-column-a20552c8\"><div class=\"gb-container gb-container-a20552c8\">\n\n<h5 class=\"gb-headline gb-headline-91cc3cb9\"><span class=\"gb-icon\"><svg viewBox=\"0 0 256 256\" fill=\"#000000\" height=\"32\" width=\"32\" xmlns=\"http:\/\/www.w3.org\/2000\/svg\"><path d=\"M232.49,80.49l-128,128a12,12,0,0,1-17,0l-56-56a12,12,0,1,1,17-17L96,183,215.51,63.51a12,12,0,0,1,17,17Z\"><\/path><\/svg><\/span><span class=\"gb-headline-text\"><strong>D\u00e9placements gratuits<\/strong><\/span><\/h5>\n\n\n\n<p class=\"gb-headline gb-headline-a9ae3e31 gb-headline-text\">D\u00e9placements gratuits illimit\u00e9s dans les bus, le m\u00e9tro, les trams et les funiculaires.<\/p>\n\n<\/div><\/div>\n\n<div class=\"gb-grid-column gb-grid-column-b63d7f45\"><div class=\"gb-container gb-container-b63d7f45\">\n\n<h5 class=\"gb-headline gb-headline-0a9e0e11\"><span class=\"gb-icon\"><svg viewBox=\"0 0 256 256\" fill=\"#000000\" height=\"32\" width=\"32\" xmlns=\"http:\/\/www.w3.org\/2000\/svg\"><path d=\"M232.49,80.49l-128,128a12,12,0,0,1-17,0l-56-56a12,12,0,1,1,17-17L96,183,215.51,63.51a12,12,0,0,1,17,17Z\"><\/path><\/svg><\/span><span class=\"gb-headline-text\"><strong>Entr\u00e9e gratuite<\/strong><\/span><\/h5>\n\n\n\n<p class=\"gb-headline gb-headline-c560cdb3 gb-headline-text\">Acc\u00e8de gratuitement \u00e0 jusqu&rsquo;\u00e0 52 mus\u00e9es et attractions de premier plan.<\/p>\n\n<\/div><\/div>\n\n<div class=\"gb-grid-column gb-grid-column-a528135a\"><div class=\"gb-container gb-container-a528135a\">\n\n<h5 class=\"gb-headline gb-headline-76b5b018\"><span class=\"gb-icon\"><svg viewBox=\"0 0 256 256\" fill=\"#000000\" height=\"32\" width=\"32\" xmlns=\"http:\/\/www.w3.org\/2000\/svg\"><path d=\"M232.49,80.49l-128,128a12,12,0,0,1-17,0l-56-56a12,12,0,1,1,17-17L96,183,215.51,63.51a12,12,0,0,1,17,17Z\"><\/path><\/svg><\/span><span class=\"gb-headline-text\"><strong>Offres et r\u00e9ductions<\/strong><\/span><\/h5>\n\n\n\n<p class=\"gb-headline gb-headline-5d916f43 gb-headline-text\">\u00c9conomise de 10 \u00e0 50 % sur diverses visites, le shopping et la vie nocturne.<\/p>\n\n<\/div><\/div>\n\n<div class=\"gb-grid-column gb-grid-column-15fe27fb\"><div class=\"gb-container gb-container-15fe27fb\">\n\n<h5 class=\"gb-headline gb-headline-dd85b3fd\"><span class=\"gb-icon\"><svg viewBox=\"0 0 256 256\" fill=\"#000000\" height=\"32\" width=\"32\" xmlns=\"http:\/\/www.w3.org\/2000\/svg\"><path d=\"M232.49,80.49l-128,128a12,12,0,0,1-17,0l-56-56a12,12,0,1,1,17-17L96,183,215.51,63.51a12,12,0,0,1,17,17Z\"><\/path><\/svg><\/span><span class=\"gb-headline-text\"><strong>Guide gratuit<\/strong><\/span><\/h5>\n\n\n\n<p class=\"gb-headline gb-headline-63dcfe4d gb-headline-text\">Guide touristique gratuit rempli d&rsquo;informations utiles sur la ville.<\/p>\n\n<\/div><\/div>\n\n<div class=\"gb-grid-column gb-grid-column-a7acfa5d\"><div class=\"gb-container gb-container-a7acfa5d\">\n\n<h5 class=\"gb-headline gb-headline-6963d291\"><span class=\"gb-icon\"><svg viewBox=\"0 0 256 256\" fill=\"#000000\" height=\"32\" width=\"32\" xmlns=\"http:\/\/www.w3.org\/2000\/svg\"><path d=\"M232.49,80.49l-128,128a12,12,0,0,1-17,0l-56-56a12,12,0,1,1,17-17L96,183,215.51,63.51a12,12,0,0,1,17,17Z\"><\/path><\/svg><\/span><span class=\"gb-headline-text\"><strong>Retrait pratique<\/strong><\/span><\/h5>\n\n\n\n<p class=\"gb-headline gb-headline-4a33c065 gb-headline-text\">Retire facilement ta carte \u00e0 plusieurs endroits de Lisbonne.<\/p>\n\n<\/div><\/div>\n\n<div class=\"gb-grid-column gb-grid-column-d4001500\"><div class=\"gb-container gb-container-d4001500\">\n\n<h5 class=\"gb-headline gb-headline-69f50967\"><span class=\"gb-icon\"><svg viewBox=\"0 0 256 256\" fill=\"#000000\" height=\"32\" width=\"32\" xmlns=\"http:\/\/www.w3.org\/2000\/svg\"><path d=\"M232.49,80.49l-128,128a12,12,0,0,1-17,0l-56-56a12,12,0,1,1,17-17L96,183,215.51,63.51a12,12,0,0,1,17,17Z\"><\/path><\/svg><\/span><span class=\"gb-headline-text\"><strong>Excursions d&rsquo;une journ\u00e9e gratuites<\/strong><\/span><\/h5>\n\n\n\n<p class=\"gb-headline gb-headline-8407b344 gb-headline-text\">Voyage en train gratuit vers Sintra, Cascais et la rive sud du Tage.<\/p>\n\n<\/div><\/div>\n<\/div>\n\n<div class=\"gb-container gb-container-2fcd88be ms-alert--primary ms-p ms-rounded ms-mb-last-child-0 ms-mb-children-condensed ms-mb-block\">\n\n<p>La carte Lisboa peut \u00eatre utilis\u00e9e dans les 28 jours suivant la date d&rsquo;achat et est valid\u00e9e lors de sa premi\u00e8re utilisation.<\/p>\n\n<\/div>\n<\/div>\n\n<div class=\"gb-container gb-container-3bccd8b9 gb-tabs__item\" id=\"gb-tab-item-3bccd8b9\" role=\"tabpanel\">\n\n<p>La Lisboa Card (\u00e9galement connue sous le nom de <em>Lisbon Card<\/em>) est la carte de voyage officielle de la ville. Elle ressemble \u00e0 une carte de cr\u00e9dit et permet aux visiteurs d&rsquo;\u00e9conomiser du temps et de l&rsquo;argent pendant leur s\u00e9jour. Cette carte est le moyen le plus simple de rendre ton voyage plus abordable, plus pratique et, surtout, inoubliable.<\/p>\n\n\n<div class=\"gb-container gb-container-7d45ff9c ms-alert--primary ms-p ms-rounded ms-mb-last-child-0 ms-mb-children-condensed ms-mb-block\">\n\n<p>La Lisboa Card est une <strong>carte de transport<\/strong> 3 en 1 , un <strong>billet d&rsquo;attraction<\/strong> et une <strong>carte de r\u00e9duction<\/strong>.<\/p>\n\n<\/div>\n\n\n<p>Pourquoi choisir la Lisboa Card ?<\/p>\n\n\n\n<p>La Lisboa Card est id\u00e9ale pour les visiteurs qui veulent profiter au maximum de leur escapade portugaise. Les d\u00e9tenteurs de la Lisboa Card peuvent profiter de :<\/p>\n\n\n<ul class=\"gb-container gb-container-53b82d66 ms-icon-list\">\n\n<li class=\"gb-headline gb-headline-f5138486 ms-icon-list__item\"><span class=\"gb-icon\"><svg viewBox=\"0 0 256 256\" fill=\"#000000\" height=\"32\" width=\"32\" xmlns=\"http:\/\/www.w3.org\/2000\/svg\"><path d=\"M232.49,80.49l-128,128a12,12,0,0,1-17,0l-56-56a12,12,0,1,1,17-17L96,183,215.51,63.51a12,12,0,0,1,17,17Z\"><\/path><\/svg><\/span><span class=\"gb-headline-text\">Des d\u00e9placements gratuits et illimit\u00e9s en bus, m\u00e9tro, tramway et funiculaires.<\/span><\/li>\n\n\n\n<li class=\"gb-headline gb-headline-eb81dbda ms-icon-list__item\"><span class=\"gb-icon\"><svg viewBox=\"0 0 256 256\" fill=\"#000000\" height=\"32\" width=\"32\" xmlns=\"http:\/\/www.w3.org\/2000\/svg\"><path d=\"M232.49,80.49l-128,128a12,12,0,0,1-17,0l-56-56a12,12,0,1,1,17-17L96,183,215.51,63.51a12,12,0,0,1,17,17Z\"><\/path><\/svg><\/span><span class=\"gb-headline-text\">Acc\u00e8s gratuit \u00e0 l&#8217;embl\u00e9matique tram 28.<\/span><\/li>\n\n\n\n<li class=\"gb-headline gb-headline-b37bb796 ms-icon-list__item\"><span class=\"gb-icon\"><svg viewBox=\"0 0 256 256\" fill=\"#000000\" height=\"32\" width=\"32\" xmlns=\"http:\/\/www.w3.org\/2000\/svg\"><path d=\"M232.49,80.49l-128,128a12,12,0,0,1-17,0l-56-56a12,12,0,1,1,17-17L96,183,215.51,63.51a12,12,0,0,1,17,17Z\"><\/path><\/svg><\/span><span class=\"gb-headline-text\">Des trajets gratuits sur l&rsquo;ascenseur de Santa Justa pour des vues imprenables.<\/span><\/li>\n\n\n\n<li class=\"gb-headline gb-headline-a67bc016 ms-icon-list__item\"><span class=\"gb-icon\"><svg viewBox=\"0 0 256 256\" fill=\"#000000\" height=\"32\" width=\"32\" xmlns=\"http:\/\/www.w3.org\/2000\/svg\"><path d=\"M232.49,80.49l-128,128a12,12,0,0,1-17,0l-56-56a12,12,0,1,1,17-17L96,183,215.51,63.51a12,12,0,0,1,17,17Z\"><\/path><\/svg><\/span><span class=\"gb-headline-text\">Voyages gratuits en train sur les lignes CP vers Sintra, Cascais, et la marge sud du Tage-id\u00e9al pour les excursions incontournables d&rsquo;une journ\u00e9e.<\/span><\/li>\n\n\n\n<li class=\"gb-headline gb-headline-307081a4 ms-icon-list__item\"><span class=\"gb-icon\"><svg viewBox=\"0 0 256 256\" fill=\"#000000\" height=\"32\" width=\"32\" xmlns=\"http:\/\/www.w3.org\/2000\/svg\"><path d=\"M232.49,80.49l-128,128a12,12,0,0,1-17,0l-56-56a12,12,0,1,1,17-17L96,183,215.51,63.51a12,12,0,0,1,17,17Z\"><\/path><\/svg><\/span><span class=\"gb-headline-text\">Entr\u00e9e gratuite dans jusqu&rsquo;\u00e0 52 mus\u00e9es, monuments et sites class\u00e9s au patrimoine mondial de l&rsquo;UNESCO.<\/span><\/li>\n\n\n\n<li class=\"gb-headline gb-headline-9edf7471 ms-icon-list__item\"><span class=\"gb-icon\"><svg viewBox=\"0 0 256 256\" fill=\"#000000\" height=\"32\" width=\"32\" xmlns=\"http:\/\/www.w3.org\/2000\/svg\"><path d=\"M232.49,80.49l-128,128a12,12,0,0,1-17,0l-56-56a12,12,0,1,1,17-17L96,183,215.51,63.51a12,12,0,0,1,17,17Z\"><\/path><\/svg><\/span><span class=\"gb-headline-text\">Guide gratuit de la ville rempli de conseils et d&rsquo;informations utiles.<\/span><\/li>\n\n\n\n<li class=\"gb-headline gb-headline-46921253 ms-icon-list__item\"><span class=\"gb-icon\"><svg viewBox=\"0 0 256 256\" fill=\"#000000\" height=\"32\" width=\"32\" xmlns=\"http:\/\/www.w3.org\/2000\/svg\"><path d=\"M232.49,80.49l-128,128a12,12,0,0,1-17,0l-56-56a12,12,0,1,1,17-17L96,183,215.51,63.51a12,12,0,0,1,17,17Z\"><\/path><\/svg><\/span><span class=\"gb-headline-text\">Offres et r\u00e9ductions sur les visites, les excursions, le shopping et la vie nocturne.<\/span><\/li>\n\n<\/ul>\n<\/div>\n\n<div class=\"gb-container gb-container-28f243f6 gb-tabs__item\" id=\"gb-tab-item-28f243f6\" role=\"tabpanel\">\n\n<p>Pour acheter la Lisboa Card :<\/p>\n\n\n\n<ol class=\"wp-block-list\">\n<li>Utilise le formulaire de r\u00e9servation \u00e0 gauche pour s\u00e9lectionner la date de ton choix et la dur\u00e9e de la carte (24, 48 ou 72 heures).<\/li>\n\n\n\n<li>Une fois ton achat confirm\u00e9, tu recevras un bon d&rsquo;\u00e9change par e-mail.<\/li>\n\n\n\n<li>Pr\u00e9sentez ce bon \u00e0 l&rsquo;un des points de retrait pour l&rsquo;\u00e9changer contre une carte Lisboa physique. Les adresses et les heures d&rsquo;ouverture des points de retrait sont indiqu\u00e9es ci-dessous :\n<ul class=\"wp-block-list\">\n<li><strong>Ask Me Lisboa | A\u00e9roport :<\/strong> Chegadas, Aeroporto &#8211; Alameda das Comunidades, 1700-008, Lisboa. Tous les jours de 7 h \u00e0 22 h.<\/li>\n\n\n\n<li><strong>Ask Me Lisboa | Terreiro do Pa\u00e7o :<\/strong> Pra\u00e7a do Com\u00e9rcio, 1100-148, Lisbonne. Tous les jours de 10 h \u00e0 19 h.<\/li>\n\n\n\n<li><strong>Centre d&rsquo;histoire de la morue :<\/strong> Terreiro do Pa\u00e7o &#8211; Torre\u00e3o Nascente, 1100-148, Lisbonne. Tous les jours de 10 h \u00e0 19 h.<\/li>\n\n\n\n<li><strong>Ask Me Lisboa | Centro Tejo :<\/strong> Terreiro do Pa\u00e7o, 1100-016, Lisboa. Tous les jours de 10 h \u00e0 13 h et de 14 h \u00e0 19 h.<\/li>\n\n\n\n<li><strong>Ask Me Lisboa | Cais do Sodr\u00e9 :<\/strong> Pra\u00e7a do Duque de Terceira, Cais do Sodr\u00e9, 1200-161, Lisboa. Tous les jours de 9 h \u00e0 13 h et de 14 h \u00e0 18 h.<\/li>\n<\/ul>\n<\/li>\n<\/ol>\n\n\n<div class=\"gb-container gb-container-02251180 ms-alert--primary ms-p ms-rounded ms-mb-last-child-0 ms-mb-children-condensed ms-mb-block\">\n\n<p>La carte est activ\u00e9e d\u00e8s la premi\u00e8re utilisation, tu n&rsquo;as donc pas \u00e0 craindre qu&rsquo;elle expire avant ton arriv\u00e9e \u00e0 Lisbonne.<\/p>\n\n<\/div>\n<\/div>\n\n<div class=\"gb-container gb-container-46ea0e65 gb-tabs__item\" id=\"gb-tab-item-46ea0e65\" role=\"tabpanel\">\n\n<p>La Lisboa Card rend la d\u00e9couverte de Lisbonne facile, \u00e9conomique et pratique. Voici comment en profiter au maximum :<\/p>\n\n\n\n<hr class=\"wp-block-separator has-alpha-channel-opacity\"\/>\n\n\n\n<p class=\"gb-text ms-text-context\">ACTIVEZ VOTRE CARTE<\/p>\n\n\n\n<p>Activez votre Lisboa Card en l\u2019utilisant pour entrer dans une attraction ou pour prendre les transports en commun. Vous disposez de 28 jours apr\u00e8s l\u2019achat pour l\u2019activer. Une fois activ\u00e9e, elle est valable pendant 24, 48 ou 72 heures cons\u00e9cutives, selon la dur\u00e9e choisie.<\/p>\n\n\n\n<hr class=\"wp-block-separator has-alpha-channel-opacity\"\/>\n\n\n\n<p class=\"gb-text ms-text-context\">ORGANISEZ VOTRE S\u00c9JOUR<\/p>\n\n\n\n<p>Si vous ne restez qu\u2019une journ\u00e9e :<\/p>\n\n\n\n<ul class=\"wp-block-list\">\n<li>Commencez la matin\u00e9e \u00e0 Bel\u00e9m avec le monast\u00e8re des Hi\u00e9ronymites et le Mus\u00e9e national des carrosses.<\/li>\n\n\n\n<li>Apr\u00e8s le d\u00e9jeuner, prenez l\u2019ascenseur de Santa Justa pour admirer la vue sur la ville.<\/li>\n\n\n\n<li>Terminez la journ\u00e9e au ch\u00e2teau Saint-Georges ou au Mus\u00e9e du Tr\u00e9sor royal, puis montez \u00e0 bord du tram 28 \u00e0 travers Alfama. D\u00eenez dans un restaurant partenaire avec r\u00e9duction.<\/li>\n<\/ul>\n\n\n\n<p>Si vous avez 2 \u00e0 3 jours :<\/p>\n\n\n\n<ul class=\"wp-block-list\">\n<li>Partez en excursion \u00e0 Sintra ou Cascais (les trajets en train CP sont inclus !).<\/li>\n\n\n\n<li>Profitez des r\u00e9ductions sur les visites guid\u00e9es \u00e0 pied, les croisi\u00e8res sur le Tage ou m\u00eame une soir\u00e9e Fado.<\/li>\n\n\n\n<li>Ajoutez \u00e0 votre programme des mus\u00e9es gratuits comme le Monument aux D\u00e9couvertes, le Mus\u00e9e arch\u00e9ologique ou le Palais d\u2019Ajuda.<\/li>\n<\/ul>\n\n\n\n<p class=\"gb-text-9c6baf02\"><span class=\"gb-shape\"><svg viewBox=\"0 0 256 256\" fill=\"#000000\" height=\"32\" width=\"32\" xmlns=\"http:\/\/www.w3.org\/2000\/svg\"><path d=\"M108,84a16,16,0,1,1,16,16A16,16,0,0,1,108,84Zm128,44A108,108,0,1,1,128,20,108.12,108.12,0,0,1,236,128Zm-24,0a84,84,0,1,0-84,84A84.09,84.09,0,0,0,212,128Zm-72,36.68V132a20,20,0,0,0-20-20,12,12,0,0,0-4,23.32V168a20,20,0,0,0,20,20,12,12,0,0,0,4-23.32Z\"><\/path><\/svg><\/span><span class=\"gb-text\">De nombreuses attractions sont ferm\u00e9es le lundi \u2013 pensez \u00e0 v\u00e9rifier avant de planifier votre journ\u00e9e.<\/span><\/p>\n\n\n\n<hr class=\"wp-block-separator has-alpha-channel-opacity\"\/>\n\n\n\n<p class=\"gb-text ms-text-context\"><strong>D\u00c9PLACEZ-VOUS EN TOUTE SIMPLICIT\u00c9<\/strong><\/p>\n\n\n\n<p>La carte inclut les transports publics illimit\u00e9s \u00e0 Lisbonne : m\u00e9tro, bus, tramway et train, y compris les trajets depuis et vers l\u2019a\u00e9roport.<\/p>\n\n\n\n<hr class=\"wp-block-separator has-alpha-channel-opacity\"\/>\n\n\n\n<p class=\"gb-text ms-text-context\"><strong><strong>B\u00c9N\u00c9FICIEZ DE R\u00c9DUCTIONS EXCLUSIVES<\/strong><\/strong><\/p>\n\n\n\n<p>La Lisboa Card vous offre \u00e9galement entre 5\u202f% et 50\u202f% de r\u00e9duction sur les restaurants, boutiques, visites guid\u00e9es et activit\u00e9s \u00e0 Lisbonne.<\/p>\n\n\n\n<hr class=\"wp-block-separator has-alpha-channel-opacity\"\/>\n\n\n\n<p>\ud83d\udc49 <a href=\"https:\/\/drive.google.com\/file\/d\/1tVnk8u0tN68_agKLV1XV3FH4PtIBRphQ\/view\" rel=\"nofollow noopener\">T\u00e9l\u00e9charger le guide complet d\u2019utilisation de la Lisboa Card (PDF)<\/a><\/p>\n\n\n<div class=\"gb-container gb-container-a1d2bcf7 ms-alert--primary ms-p ms-rounded ms-mb-last-child-0 ms-mb-children-condensed ms-mb-block\">\n\n<p>En savoir plus :&nbsp;<a href=\"https:\/\/www.lisboacard.org\/fr\/reductions\/\" data-type=\"page\" data-id=\"6\">r\u00e9ductions<\/a>&nbsp;\u2013&nbsp;<a href=\"https:\/\/www.lisboacard.org\/fr\/tarifs\/\" data-type=\"page\" data-id=\"9\">tarifs<\/a>&nbsp;\u2013&nbsp;<a href=\"https:\/\/www.lisboacard.org\/fr\/faq\/\" data-type=\"page\" data-id=\"581\">foire aux questions<\/a><\/p>\n\n<\/div>\n<\/div>\n<\/div>\n<\/div>","protected":false},"excerpt":{"rendered":"","protected":false},"author":1,"featured_media":590,"parent":0,"menu_order":2,"comment_status":"closed","ping_status":"closed","template":"","meta":{"_acf_changed":false,"footnotes":""},"post-style":[],"producer":[],"class_list":["post-5","page","type-page","status-publish","has-post-thumbnail"],"acf":[],"_links":{"self":[{"href":"https:\/\/www.lisboacard.org\/fr\/wp-json\/wp\/v2\/pages\/5","targetHints":{"allow":["GET"]}}],"collection":[{"href":"https:\/\/www.lisboacard.org\/fr\/wp-json\/wp\/v2\/pages"}],"about":[{"href":"https:\/\/www.lisboacard.org\/fr\/wp-json\/wp\/v2\/types\/page"}],"author":[{"embeddable":true,"href":"https:\/\/www.lisboacard.org\/fr\/wp-json\/wp\/v2\/users\/1"}],"replies":[{"embeddable":true,"href":"https:\/\/www.lisboacard.org\/fr\/wp-json\/wp\/v2\/comments?post=5"}],"version-history":[{"count":3,"href":"https:\/\/www.lisboacard.org\/fr\/wp-json\/wp\/v2\/pages\/5\/revisions"}],"predecessor-version":[{"id":869,"href":"https:\/\/www.lisboacard.org\/fr\/wp-json\/wp\/v2\/pages\/5\/revisions\/869"}],"wp:featuredmedia":[{"embeddable":true,"href":"https:\/\/www.lisboacard.org\/fr\/wp-json\/wp\/v2\/media\/590"}],"wp:attachment":[{"href":"https:\/\/www.lisboacard.org\/fr\/wp-json\/wp\/v2\/media?parent=5"}],"wp:term":[{"taxonomy":"post-style","embeddable":true,"href":"https:\/\/www.lisboacard.org\/fr\/wp-json\/wp\/v2\/post-style?post=5"},{"taxonomy":"producer","embeddable":true,"href":"https:\/\/www.lisboacard.org\/fr\/wp-json\/wp\/v2\/producer?post=5"}],"curies":[{"name":"wp","href":"https:\/\/api.w.org\/{rel}","templated":true}]}}