{"id":581,"date":"2014-01-08T14:47:17","date_gmt":"2014-01-08T14:47:17","guid":{"rendered":"https:\/\/www.lisboacard.org\/?page_id=11"},"modified":"2025-09-19T18:35:15","modified_gmt":"2025-09-19T16:35:15","slug":"faq","status":"publish","type":"page","link":"https:\/\/www.lisboacard.org\/fr\/faq\/","title":{"rendered":"Foire Aux Questions"},"content":{"rendered":"<div id=\"rank-math-faq\" class=\"rank-math-block\">\n<div class=\"rank-math-list \">\n<div id=\"faq-question-1717062476605\" class=\"rank-math-list-item\">\n<h3 class=\"rank-math-question \">Qu\u2019est-ce que la Lisboa Card?<\/h3>\n<div class=\"rank-math-answer \">\n\n<p>La Lisboa Card est la carte touristique officielle de Lisbonne. Il s&rsquo;agit essentiellement d&rsquo;une <strong>carte de transport<\/strong> 3 en 1, d&rsquo;une <strong>carte d&rsquo;attraction<\/strong> et d&rsquo;une <strong>carte de r\u00e9duction<\/strong>. Le paquet de la Lisboa Card comprend \u00e9galement un guide gratuit de la ville. En tout, la carte aide les visiteurs de Lisbonne \u00e0 <strong>gagner du temps et de l&rsquo;argent<\/strong> pendant leur s\u00e9jour dans la ville.<\/p>\n\n<\/div>\n<\/div>\n<div id=\"faq-question-1717062505033\" class=\"rank-math-list-item\">\n<h3 class=\"rank-math-question \">Quels sont les avantages de la Lisboa Card ?<\/h3>\n<div class=\"rank-math-answer \">\n\n<p>La Lisboa Card te permet d&rsquo;<strong>\u00e9conomiser de l&rsquo;argent<\/strong> sur les transports, les droits d&rsquo;entr\u00e9e, les divertissements et les cadeaux, de <strong>gagner du temps<\/strong> et d&rsquo;<strong>en voir plus<\/strong> gr\u00e2ce \u00e0 d&rsquo;innombrables offres et r\u00e9ductions.<\/p>\n\n<\/div>\n<\/div>\n<div id=\"faq-question-1717062519392\" class=\"rank-math-list-item\">\n<h3 class=\"rank-math-question \">Quelles sont les r\u00e9ductions offertes par la Lisboa Card ?<\/h3>\n<div class=\"rank-math-answer \">\n\n<p>La Lisboa Card offre des r\u00e9ductions de 10 \u00e0 50 % sur les services locaux, les attractions culturelles et touristiques et les activit\u00e9s. De plus, tu peux b\u00e9n\u00e9ficier d&rsquo;une r\u00e9duction de 5 \u00e0 10 % dans les magasins participants qui proposent une large s\u00e9lection de produits portugais authentiques. Tu peux consulter la liste compl\u00e8te des r\u00e9ductions <a href=\"https:\/\/www.lisboacard.org\/fr\/reductions\/\" data-type=\"page\" data-id=\"6\">ici<\/a>.<\/p>\n\n<\/div>\n<\/div>\n<div id=\"faq-question-1724316893105\" class=\"rank-math-list-item\">\n<h3 class=\"rank-math-question \">Quelles sont les promotions qu\u2019offre la Lisboa Card?<\/h3>\n<div class=\"rank-math-answer \">\n\n<p>La Lisboa Card offre des promotions sur les attractions &amp; mus\u00e9es, visites &amp; tours, loisirs &amp; spectacles, bars &amp; restaurants, transport et shopping. Vous pouvez d\u00e9couvrir la liste compl\u00e8te des promotions ici.<\/p>\n\n<\/div>\n<\/div>\n<div id=\"faq-question-1724316971009\" class=\"rank-math-list-item\">\n<h3 class=\"rank-math-question \">La Lisboa Card en vaut-elle la peine ?<\/h3>\n<div class=\"rank-math-answer \">\n\n<p>La question de savoir si l&rsquo;achat de la Lisboa Card vaut la peine d\u00e9pend principalement de tes projets de voyage et de ton besoin de commodit\u00e9. En r\u00e8gle g\u00e9n\u00e9rale, la Lisboa Card est une bonne affaire si tu pr\u00e9vois de voyager en transports publics et de visiter plusieurs mus\u00e9es et attractions par jour. Tu trouveras ci-dessous quelques \u00e9l\u00e9ments \u00e0 prendre en compte si tu envisages d&rsquo;acheter la Lisboa Card :<\/p>\n<p><strong>Le co\u00fbt de la carte<\/strong><br \/>La seule fa\u00e7on d&rsquo;\u00eatre s\u00fbr que la Lisboa Card vaut l&rsquo;investissement est de passer en revue tes projets et de calculer ce que te co\u00fbteraient les entr\u00e9es, les visites et les transports. Compare le total avec les co\u00fbts par jour de la Lisboa Card et vois si la carte est une bonne affaire. Garde \u00e0 l&rsquo;esprit que la carte de 72 heures est celle qui offre le meilleur rapport qualit\u00e9-prix.<\/p>\n<p><strong>Libert\u00e9 et flexibilit\u00e9<\/strong><br \/>Dans de nombreux cas, la Lisboa Card se vend \u00e0 la commodit\u00e9 : elle te permet de faire ce que tu veux, quand tu le veux, sans avoir \u00e0 te soucier d&rsquo;acheter des tickets suppl\u00e9mentaires pour les mus\u00e9es ou les transports.<br \/>En somme, si tu visites Lisbonne avec un budget serr\u00e9, fais le calcul et vois si le co\u00fbt par rapport aux \u00e9conomies en vaut la peine. Si tu appr\u00e9cies la <strong>libert\u00e9<\/strong>, la <strong>flexibilit\u00e9<\/strong> et la <strong>commodit\u00e9<\/strong>, la Lisboa Card est probablement une bonne affaire.<\/p>\n\n<\/div>\n<\/div>\n<div id=\"faq-question-1724316983120\" class=\"rank-math-list-item\">\n<h3 class=\"rank-math-question \">Quel est le prix de la carte Lisboa ?<\/h3>\n<div class=\"rank-math-answer \">\n\n<p>Le prix de la Lisboa Card d\u00e9pend du nombre de jours de validit\u00e9. Les enfants b\u00e9n\u00e9ficient d&rsquo;une r\u00e9duction suppl\u00e9mentaire sur le prix d&rsquo;achat.<br \/>Jette un coup d&rsquo;\u0153il au prix par jour lorsque tu compares les diff\u00e9rentes cartes. Par exemple, une carte Lisboa de 72 heures est moins ch\u00e8re par jour qu&rsquo;une carte de 24 heures. Tu peux consulter le <a href=\"https:\/\/www.lisboacard.org\/fr\/tarifs\/\" data-type=\"page\" data-id=\"9\">tableau des prix<\/a> pour voir tous les prix de la carte Lisboa.<\/p>\n\n<\/div>\n<\/div>\n<div id=\"faq-question-1729234020645\" class=\"rank-math-list-item\">\n<h3 class=\"rank-math-question \">O\u00f9 puis-je retirer la Lisboa Card ?<\/h3>\n<div class=\"rank-math-answer \">\n\n<p>Les bons peuvent \u00eatre \u00e9chang\u00e9s contre la Lisboa Card dans diff\u00e9rents offices de tourisme de la ville et dans le hall d&rsquo;arriv\u00e9e de l&rsquo;a\u00e9roport. Ton e-mail de confirmation comprend une liste des points de retrait, des adresses et des heures d&rsquo;ouverture.<\/p>\n\n<\/div>\n<\/div>\n<\/div>\n<\/div>","protected":false},"excerpt":{"rendered":"","protected":false},"author":1,"featured_media":0,"parent":0,"menu_order":5,"comment_status":"closed","ping_status":"closed","template":"","meta":{"_acf_changed":false,"footnotes":"","button_url":"https:\/\/www.tiqets.com\/fr\/lisbon-attractions-c76528\/tickets-for-lisbon-card-p974847\/?partner=lisboacard","ms_product_id":"","ms_product_name":"","ms_price":"","ms_currency":"","ms_rating_value":"","ms_review_count":"","rank_math_title":"%title% %page% %sep% %sitename%","rank_math_description":" "},"post-style":[],"producer":[],"class_list":["post-581","page","type-page","status-publish","has-post-thumbnail"],"acf":[],"product_schema":{"ms_product_id":"","ms_product_name":"","ms_price":"","ms_currency":"","ms_rating_value":"","ms_review_count":""},"_links":{"self":[{"href":"https:\/\/www.lisboacard.org\/fr\/wp-json\/wp\/v2\/pages\/581","targetHints":{"allow":["GET"]}}],"collection":[{"href":"https:\/\/www.lisboacard.org\/fr\/wp-json\/wp\/v2\/pages"}],"about":[{"href":"https:\/\/www.lisboacard.org\/fr\/wp-json\/wp\/v2\/types\/page"}],"author":[{"embeddable":true,"href":"https:\/\/www.lisboacard.org\/fr\/wp-json\/wp\/v2\/users\/1"}],"replies":[{"embeddable":true,"href":"https:\/\/www.lisboacard.org\/fr\/wp-json\/wp\/v2\/comments?post=581"}],"version-history":[{"count":3,"href":"https:\/\/www.lisboacard.org\/fr\/wp-json\/wp\/v2\/pages\/581\/revisions"}],"predecessor-version":[{"id":833,"href":"https:\/\/www.lisboacard.org\/fr\/wp-json\/wp\/v2\/pages\/581\/revisions\/833"}],"wp:attachment":[{"href":"https:\/\/www.lisboacard.org\/fr\/wp-json\/wp\/v2\/media?parent=581"}],"wp:term":[{"taxonomy":"post-style","embeddable":true,"href":"https:\/\/www.lisboacard.org\/fr\/wp-json\/wp\/v2\/post-style?post=581"},{"taxonomy":"producer","embeddable":true,"href":"https:\/\/www.lisboacard.org\/fr\/wp-json\/wp\/v2\/producer?post=581"}],"curies":[{"name":"wp","href":"https:\/\/api.w.org\/{rel}","templated":true}]}}