{"id":642,"date":"2024-10-18T10:16:24","date_gmt":"2024-10-18T08:16:24","guid":{"rendered":"https:\/\/www.lisboacard.org\/fr\/?page_id=642"},"modified":"2025-01-06T11:42:09","modified_gmt":"2025-01-06T10:42:09","slug":"contact","status":"publish","type":"page","link":"https:\/\/www.lisboacard.org\/fr\/contact\/","title":{"rendered":"Contact"},"content":{"rendered":"\n<h3 class=\"wp-block-heading\">Demandes de renseignements sur les billets<\/h3>\n\n\n\n<p>Pour toute question concernant les billets ou ta r\u00e9servation existante, contacte notre partenaire billetterie :<\/p>\n\n\n\n<ul class=\"wp-block-list\">\n<li>Courriel : info@ticketbar.eu<\/li>\n\n\n\n<li>T\u00e9l\u00e9phone : +44 2035142614<\/li>\n<\/ul>\n\n\n\n<hr class=\"wp-block-separator has-alpha-channel-opacity\"\/>\n\n\n\n<h3 class=\"wp-block-heading\">Informations pour les visiteurs<\/h3>\n\n\n\n<p>Pour obtenir des informations plus d\u00e9taill\u00e9es sur la ville, des cartes et d&rsquo;autres services, tu peux te rendre dans l&rsquo;un des offices de tourisme \u00ab Ask Me Lisboa \u00bb \u00e0 l&rsquo;a\u00e9roport ou dans la ville. C&rsquo;est \u00e9galement dans ces bureaux que tu pourras \u00e9changer ton billet en ligne contre une carte Lisboa physique.<\/p>\n\n\n\n<p>Pour conna\u00eetre leur adresse, leurs heures d&rsquo;ouverture et leurs coordonn\u00e9es, clique sur <a href=\"https:\/\/www.visitlisboa.com\/fr\/c\/offices-de-tourisme\" target=\"_blank\" rel=\"noreferrer noopener nofollow\">ce lien<\/a>.<\/p>\n\n\n\n<hr class=\"wp-block-separator has-alpha-channel-opacity\"\/>\n\n\n\n<h3 class=\"wp-block-heading\">Assistance sur le site Web<\/h3>\n\n\n\n<p>Pour toute question relative \u00e0 ce site Internet, contacte-nous directement :<\/p>\n\n\n\n<ul class=\"wp-block-list\">\n<li>Courriel : info@moonshot.media<\/li>\n<\/ul>\n","protected":false},"excerpt":{"rendered":"","protected":false},"author":3,"featured_media":0,"parent":0,"menu_order":0,"comment_status":"closed","ping_status":"closed","template":"","meta":{"_acf_changed":false,"footnotes":"","button_url":"https:\/\/www.tiqets.com\/fr\/lisbon-attractions-c76528\/tickets-for-lisbon-card-p974847\/?partner=lisboacard","ms_product_id":"","ms_product_name":"","ms_price":"","ms_currency":"","ms_rating_value":"","ms_review_count":"","rank_math_title":"","rank_math_description":""},"post-style":[],"producer":[],"class_list":["post-642","page","type-page","status-publish","has-post-thumbnail"],"acf":[],"product_schema":{"ms_product_id":"","ms_product_name":"","ms_price":"","ms_currency":"","ms_rating_value":"","ms_review_count":""},"_links":{"self":[{"href":"https:\/\/www.lisboacard.org\/fr\/wp-json\/wp\/v2\/pages\/642","targetHints":{"allow":["GET"]}}],"collection":[{"href":"https:\/\/www.lisboacard.org\/fr\/wp-json\/wp\/v2\/pages"}],"about":[{"href":"https:\/\/www.lisboacard.org\/fr\/wp-json\/wp\/v2\/types\/page"}],"author":[{"embeddable":true,"href":"https:\/\/www.lisboacard.org\/fr\/wp-json\/wp\/v2\/users\/3"}],"replies":[{"embeddable":true,"href":"https:\/\/www.lisboacard.org\/fr\/wp-json\/wp\/v2\/comments?post=642"}],"version-history":[{"count":2,"href":"https:\/\/www.lisboacard.org\/fr\/wp-json\/wp\/v2\/pages\/642\/revisions"}],"predecessor-version":[{"id":644,"href":"https:\/\/www.lisboacard.org\/fr\/wp-json\/wp\/v2\/pages\/642\/revisions\/644"}],"wp:attachment":[{"href":"https:\/\/www.lisboacard.org\/fr\/wp-json\/wp\/v2\/media?parent=642"}],"wp:term":[{"taxonomy":"post-style","embeddable":true,"href":"https:\/\/www.lisboacard.org\/fr\/wp-json\/wp\/v2\/post-style?post=642"},{"taxonomy":"producer","embeddable":true,"href":"https:\/\/www.lisboacard.org\/fr\/wp-json\/wp\/v2\/producer?post=642"}],"curies":[{"name":"wp","href":"https:\/\/api.w.org\/{rel}","templated":true}]}}