{"id":5,"date":"2013-10-21T14:47:02","date_gmt":"2013-10-21T14:47:02","guid":{"rendered":"https:\/\/www.lisboacard.org\/hu\/?page_id=4"},"modified":"2026-05-06T23:02:28","modified_gmt":"2026-05-06T21:02:28","slug":"lisboa-card","status":"publish","type":"page","link":"https:\/\/www.lisboacard.org\/hu\/","title":{"rendered":"Lisboa Card"},"content":{"rendered":"<div class=\"ms-credits\">\n<img decoding=\"async\" class=\"gb-media-382f2e37\" alt=\"Colorful buildings in Lisbon at sunset.\" src=\"https:\/\/www.lisboacard.org\/hu\/wp-content\/uploads\/sites\/16\/lisbon-cityscape-1748835854.jpg\" title=\"lisbon-cityscape-1748835854\"\/>\n<span class='ms-credits__info' id='media816'><svg xmlns=\"http:\/\/www.w3.org\/2000\/svg\" width=\"20\" height=\"22\" fill=\"#000000\" viewBox=\"0 0 256 256\"><path d=\"M128,24A104,104,0,1,0,232,128,104.11,104.11,0,0,0,128,24Zm0,192a88,88,0,1,1,88-88A88.1,88.1,0,0,1,128,216ZM96,128a32,32,0,0,0,57.6,19.2,8,8,0,0,1,12.8,9.61,48,48,0,1,1,0-57.62,8,8,0,0,1-12.8,9.61A32,32,0,0,0,96,128Z\"><\/path><\/svg>sepavone\/<a href=https:\/\/depositphotos.com\/photo\/lisbon-portugal-skyline-65709885.html rel='nofollow' target='_blank'>Depositphotos<\/a><\/span><span class='ms-credits__btn' id='btn_media816' onclick='ms_credits_trigger(\"#media816\", this)'><svg xmlns=\"http:\/\/www.w3.org\/2000\/svg\" class=\"info_icon\" width=\"28\" height=\"28\" fill=\"#FFF\" viewBox=\"0 0 256 256\"><path d=\"M128,24A104,104,0,1,0,232,128,104.11,104.11,0,0,0,128,24Zm0,192a88,88,0,1,1,88-88A88.1,88.1,0,0,1,128,216Zm16-40a8,8,0,0,1-8,8,16,16,0,0,1-16-16V128a8,8,0,0,1,0-16,16,16,0,0,1,16,16v40A8,8,0,0,1,144,176ZM112,84a12,12,0,1,1,12,12A12,12,0,0,1,112,84Z\"><\/path><\/svg><svg xmlns=\"http:\/\/www.w3.org\/2000\/svg\" class=\"close_icon\" width=\"28\" height=\"28\" fill=\"#FFF\" viewBox=\"0 0 256 256\"><path d=\"M165.66,101.66,139.31,128l26.35,26.34a8,8,0,0,1-11.32,11.32L128,139.31l-26.34,26.35a8,8,0,0,1-11.32-11.32L116.69,128,90.34,101.66a8,8,0,0,1,11.32-11.32L128,116.69l26.34-26.35a8,8,0,0,1,11.32,11.32ZM232,128A104,104,0,1,1,128,24,104.11,104.11,0,0,1,232,128Zm-16,0a88,88,0,1,0-88,88A88.1,88.1,0,0,0,216,128Z\"><\/path><\/svg><\/span><\/div>\n\n\n<h1 class=\"gb-headline gb-headline-ec3982b8 gb-headline-text\">Lisboa Card<br><strong><mark style=\"background-color:var(--ms-color-white)\" class=\"has-inline-color has-ms-color-neutral-color\">Fedezze fel Lisszabont a Lisboa Carddal!<\/mark><\/strong><\/h1>\n\n\n\n<p>A Lisboa Card korl\u00e1tlan utaz\u00e1st \u00e9s ingyenes bel\u00e9p\u00e9st biztos\u00edt Lisszabon 52 legn\u00e9pszer\u0171bb m\u00fazeum\u00e1ba \u00e9s l\u00e1tnival\u00f3j\u00e1ba, mint p\u00e9ld\u00e1ul a Jer\u00f3nimos-kolostor \u00e9s a Santa Justa felvon\u00f3.<\/p>\n\n\n\n<p><strong>A Lisboa Card tartalmazza a metr\u00f3val t\u00f6rt\u00e9n\u0151 utaz\u00e1st a lisszaboni rep\u00fcl\u0151t\u00e9rre \u00e9s onnan vissza is.<\/strong><\/p>\n\n\n\n<div class=\"ms-p ms-rounded ms-mb-last-child-0 ms-mb-children-condensed ms-alert--contrast ms-mb-block\">\n<h4 class=\"gb-text-26a71c5b\"><span class=\"gb-shape\"><svg viewBox=\"0 0 256 256\" fill=\"#000000\" height=\"32\" width=\"32\" xmlns=\"http:\/\/www.w3.org\/2000\/svg\"><path d=\"M246.15,133.18,146.83,33.86A19.85,19.85,0,0,0,132.69,28H40A12,12,0,0,0,28,40v92.69a19.85,19.85,0,0,0,5.86,14.14l99.32,99.32a20,20,0,0,0,28.28,0l84.69-84.69A20,20,0,0,0,246.15,133.18Zm-98.83,93.17L52,131V52h79l95.32,95.32ZM100,84A16,16,0,1,1,84,68,16,16,0,0,1,100,84Z\"><\/path><\/svg><\/span><span class=\"gb-text\"><strong>Exkluz\u00edv Kieg\u00e9sz\u00edt\u0151 Kedvezm\u00e9nyek!<\/strong><\/span><\/h4>\n\n\n\n<p class=\"gb-text\">Szerezzen k\u00fcl\u00f6nleges kedvezm\u00e9nyeket olyan n\u00e9pszer\u0171 l\u00e1tnival\u00f3kn\u00e1l, mint a Pena-palota, Quinta da Regaleira \u00e9s m\u00e9g sok m\u00e1s a fizet\u00e9skor.<\/p>\n\n\n\n<p class=\"gb-text\"><a href=\"https:\/\/www.tiqets.com\/en\/lisbon-attractions-c76528\/tickets-for-lisbon-card-p974847\/?partner=lisboacard\" rel=\"nofollow noopener\">Takar\u00edtson Meg a Legjobb L\u00e1tnival\u00f3kn\u00e1l \u2192<\/a><\/p>\n<\/div>\n\n\n<div class=\"gb-container gb-container-1e1905d6 gb-tabs\" role=\"tablist\" data-opened-tab=\"1\">\n<div class=\"gb-container gb-container-c0d25ee5 gb-tabs__buttons\" role=\"list\">\n\n<button class=\"gb-button gb-button-38b6d7d4 gb-button-text gb-tabs__button gb-block-is-current\" id=\"gb-tab-button-38b6d7d4\" role=\"tab\">El\u0151ny\u00f6k<\/button>\n\n\n\n<button class=\"gb-button gb-button-c40a7253 gb-button-text gb-tabs__button\" id=\"gb-tab-button-c40a7253\" role=\"tab\">Mi is az<\/button>\n\n\n\n<button class=\"gb-button gb-button-af692dcf gb-button-text gb-tabs__button\" id=\"gb-tab-button-af692dcf\" role=\"tab\">Hol lehet megv\u00e1s\u00e1rolni<\/button>\n\n\n\n<button class=\"gb-button gb-button-706e52c0 gb-button-text gb-tabs__button\" id=\"gb-tab-button-706e52c0\" role=\"tab\">Hogyan haszn\u00e1lhat\u00f3<\/button>\n\n<\/div>\n\n<div class=\"gb-container gb-container-8fcce89b gb-tabs__items\">\n<div class=\"gb-container gb-container-2e268732 gb-tabs__item gb-tabs__item-open\" id=\"gb-tab-item-2e268732\" role=\"tabpanel\">\n<div class=\"gb-grid-wrapper gb-grid-wrapper-deaf7782\">\n<div class=\"gb-grid-column gb-grid-column-a20552c8\"><div class=\"gb-container gb-container-a20552c8\">\n\n<h5 class=\"gb-headline gb-headline-91cc3cb9\"><span class=\"gb-icon\"><svg viewBox=\"0 0 256 256\" fill=\"#000000\" height=\"32\" width=\"32\" xmlns=\"http:\/\/www.w3.org\/2000\/svg\"><path d=\"M232.49,80.49l-128,128a12,12,0,0,1-17,0l-56-56a12,12,0,1,1,17-17L96,183,215.51,63.51a12,12,0,0,1,17,17Z\"><\/path><\/svg><\/span><span class=\"gb-headline-text\"><strong>Ingyenes k\u00f6zleked\u00e9s<\/strong><\/span><\/h5>\n\n\n\n<p class=\"gb-headline gb-headline-a9ae3e31 gb-headline-text\">Korl\u00e1tlan ingyenes utaz\u00e1s busszal, metr\u00f3val, villamossal \u00e9s liftekkel.<\/p>\n\n<\/div><\/div>\n\n<div class=\"gb-grid-column gb-grid-column-b63d7f45\"><div class=\"gb-container gb-container-b63d7f45\">\n\n<h5 class=\"gb-headline gb-headline-0a9e0e11\"><span class=\"gb-icon\"><svg viewBox=\"0 0 256 256\" fill=\"#000000\" height=\"32\" width=\"32\" xmlns=\"http:\/\/www.w3.org\/2000\/svg\"><path d=\"M232.49,80.49l-128,128a12,12,0,0,1-17,0l-56-56a12,12,0,1,1,17-17L96,183,215.51,63.51a12,12,0,0,1,17,17Z\"><\/path><\/svg><\/span><span class=\"gb-headline-text\"><strong>Ingyenes bel\u00e9p\u00e9s<\/strong><\/span><\/h5>\n\n\n\n<p class=\"gb-headline gb-headline-c560cdb3 gb-headline-text\">Ingyenes bel\u00e9p\u00e9s 52 legn\u00e9pszer\u0171bb m\u00fazeumba \u00e9s l\u00e1tnival\u00f3ba.<\/p>\n\n<\/div><\/div>\n\n<div class=\"gb-grid-column gb-grid-column-a528135a\"><div class=\"gb-container gb-container-a528135a\">\n\n<h5 class=\"gb-headline gb-headline-76b5b018\"><span class=\"gb-icon\"><svg viewBox=\"0 0 256 256\" fill=\"#000000\" height=\"32\" width=\"32\" xmlns=\"http:\/\/www.w3.org\/2000\/svg\"><path d=\"M232.49,80.49l-128,128a12,12,0,0,1-17,0l-56-56a12,12,0,1,1,17-17L96,183,215.51,63.51a12,12,0,0,1,17,17Z\"><\/path><\/svg><\/span><span class=\"gb-headline-text\"><strong>Kedvezm\u00e9nyek \u00e9s akci\u00f3k<\/strong><\/span><\/h5>\n\n\n\n<p class=\"gb-headline gb-headline-5d916f43 gb-headline-text\">10\u201350% kedvezm\u00e9ny k\u00fcl\u00f6nb\u00f6z\u0151 t\u00far\u00e1kon, v\u00e1s\u00e1rl\u00e1skor \u00e9s az \u00e9jszakai \u00e9letben.<\/p>\n\n<\/div><\/div>\n\n<div class=\"gb-grid-column gb-grid-column-15fe27fb\"><div class=\"gb-container gb-container-15fe27fb\">\n\n<h5 class=\"gb-headline gb-headline-dd85b3fd\"><span class=\"gb-icon\"><svg viewBox=\"0 0 256 256\" fill=\"#000000\" height=\"32\" width=\"32\" xmlns=\"http:\/\/www.w3.org\/2000\/svg\"><path d=\"M232.49,80.49l-128,128a12,12,0,0,1-17,0l-56-56a12,12,0,1,1,17-17L96,183,215.51,63.51a12,12,0,0,1,17,17Z\"><\/path><\/svg><\/span><span class=\"gb-headline-text\"><strong>Ingyenes \u00fatik\u00f6nyv<\/strong><\/span><\/h5>\n\n\n\n<p class=\"gb-headline gb-headline-63dcfe4d gb-headline-text\">Ingyenes turisztikai \u00fatik\u00f6nyv hasznos inform\u00e1ci\u00f3kkal a v\u00e1rosr\u00f3l.<\/p>\n\n<\/div><\/div>\n\n<div class=\"gb-grid-column gb-grid-column-a7acfa5d\"><div class=\"gb-container gb-container-a7acfa5d\">\n\n<h5 class=\"gb-headline gb-headline-6963d291\"><span class=\"gb-icon\"><svg viewBox=\"0 0 256 256\" fill=\"#000000\" height=\"32\" width=\"32\" xmlns=\"http:\/\/www.w3.org\/2000\/svg\"><path d=\"M232.49,80.49l-128,128a12,12,0,0,1-17,0l-56-56a12,12,0,1,1,17-17L96,183,215.51,63.51a12,12,0,0,1,17,17Z\"><\/path><\/svg><\/span><span class=\"gb-headline-text\"><strong>K\u00f6nny\u0171 \u00e1tv\u00e9tel<\/strong><\/span><\/h5>\n\n\n\n<p class=\"gb-headline gb-headline-4a33c065 gb-headline-text\">A k\u00e1rty\u00e1t t\u00f6bb k\u00f6zponti helyen is \u00e1tveheti Lisszabonban.<\/p>\n\n<\/div><\/div>\n\n<div class=\"gb-grid-column gb-grid-column-d4001500\"><div class=\"gb-container gb-container-d4001500\">\n\n<h5 class=\"gb-headline gb-headline-69f50967\"><span class=\"gb-icon\"><svg viewBox=\"0 0 256 256\" fill=\"#000000\" height=\"32\" width=\"32\" xmlns=\"http:\/\/www.w3.org\/2000\/svg\"><path d=\"M232.49,80.49l-128,128a12,12,0,0,1-17,0l-56-56a12,12,0,1,1,17-17L96,183,215.51,63.51a12,12,0,0,1,17,17Z\"><\/path><\/svg><\/span><span class=\"gb-headline-text\"><strong>Ingyenes egynapos kir\u00e1ndul\u00e1sok<\/strong><\/span><\/h5>\n\n\n\n<p class=\"gb-headline gb-headline-8407b344 gb-headline-text\">Ingyenes vonatutaz\u00e1s Sintr\u00e1ba, Cascaisba \u00e9s a Tejo foly\u00f3 d\u00e9li partj\u00e1ra.<\/p>\n\n<\/div><\/div>\n<\/div>\n\n<div class=\"gb-container gb-container-e5d49e11 ms-alert--primary ms-p ms-rounded ms-mb-last-child-0 ms-mb-children-condensed ms-mb-block\">\n\n<p>A Lisboa Card a v\u00e1s\u00e1rl\u00e1st\u00f3l sz\u00e1m\u00edtva 28 napon bel\u00fcl bev\u00e1lthat\u00f3, \u00e9s csak az els\u0151 haszn\u00e1latkor aktiv\u00e1l\u00f3dik.<\/p>\n\n<\/div>\n<\/div>\n\n<div class=\"gb-container gb-container-3bccd8b9 gb-tabs__item\" id=\"gb-tab-item-3bccd8b9\" role=\"tabpanel\">\n\n<p>A Lisboa Card (m\u00e1s n\u00e9ven Lisbon Card) a v\u00e1ros hivatalos utaz\u00e1si k\u00e1rty\u00e1ja. Hitelk\u00e1rty\u00e1hoz hasonl\u00f3, \u00e9s lehet\u0151v\u00e9 teszi a l\u00e1togat\u00f3k sz\u00e1m\u00e1ra, hogy id\u0151t \u00e9s p\u00e9nzt sp\u00f3roljanak a nyaral\u00e1suk alatt. Ez a k\u00e1rtya a legegyszer\u0171bb m\u00f3dja annak, hogy az utaz\u00e1sa olcs\u00f3bb\u00e1, k\u00e9nyelmesebb\u00e9 \u00e9s felejthetetlenn\u00e9 v\u00e1ljon.<\/p>\n\n\n<div class=\"gb-container gb-container-4eb53179 ms-alert--primary ms-p ms-rounded ms-mb-last-child-0 ms-mb-children-condensed ms-mb-block\">\n\n<p>A Lisboa Card egy 3 az 1-ben <strong>k\u00f6zleked\u00e9si b\u00e9rlet, bel\u00e9p\u0151jegy <\/strong>\u00e9s<strong> kedvezm\u00e9nyk\u00e1rtya<\/strong>.<\/p>\n\n<\/div>\n\n\n<p><strong>Mi\u00e9rt v\u00e1lassza a Lisboa Cardot?<\/strong><\/p>\n\n\n\n<p>A Lisboa Card ide\u00e1lis v\u00e1laszt\u00e1s azoknak, akik a lehet\u0151 legt\u00f6bbet szeretn\u00e9k kihozni portug\u00e1liai kir\u00e1ndul\u00e1sukb\u00f3l. A Lisboa Card birtokosai a k\u00f6vetkez\u0151 el\u0151ny\u00f6ket \u00e9lvezhetik:<\/p>\n\n\n<ul class=\"gb-container gb-container-53b82d66 ms-icon-list\">\n\n<li class=\"gb-headline gb-headline-f5138486 ms-icon-list__item\"><span class=\"gb-icon\"><svg viewBox=\"0 0 256 256\" fill=\"#000000\" height=\"32\" width=\"32\" xmlns=\"http:\/\/www.w3.org\/2000\/svg\"><path d=\"M232.49,80.49l-128,128a12,12,0,0,1-17,0l-56-56a12,12,0,1,1,17-17L96,183,215.51,63.51a12,12,0,0,1,17,17Z\"><\/path><\/svg><\/span><span class=\"gb-headline-text\">Ingyenes, korl\u00e1tlan utaz\u00e1s busszal, metr\u00f3val, villamossal \u00e9s sikl\u00f3vas\u00fattal.<\/span><\/li>\n\n\n\n<li class=\"gb-headline gb-headline-eb81dbda ms-icon-list__item\"><span class=\"gb-icon\"><svg viewBox=\"0 0 256 256\" fill=\"#000000\" height=\"32\" width=\"32\" xmlns=\"http:\/\/www.w3.org\/2000\/svg\"><path d=\"M232.49,80.49l-128,128a12,12,0,0,1-17,0l-56-56a12,12,0,1,1,17-17L96,183,215.51,63.51a12,12,0,0,1,17,17Z\"><\/path><\/svg><\/span><span class=\"gb-headline-text\">Ingyenes hozz\u00e1f\u00e9r\u00e9s az ikonikus 28-as villamoshoz.<\/span><\/li>\n\n\n\n<li class=\"gb-headline gb-headline-b37bb796 ms-icon-list__item\"><span class=\"gb-icon\"><svg viewBox=\"0 0 256 256\" fill=\"#000000\" height=\"32\" width=\"32\" xmlns=\"http:\/\/www.w3.org\/2000\/svg\"><path d=\"M232.49,80.49l-128,128a12,12,0,0,1-17,0l-56-56a12,12,0,1,1,17-17L96,183,215.51,63.51a12,12,0,0,1,17,17Z\"><\/path><\/svg><\/span><span class=\"gb-headline-text\">Ingyenes utaz\u00e1s a Santa Justa felvon\u00f3val, ahonnan leny\u0171g\u00f6z\u0151 kil\u00e1t\u00e1s ny\u00edlik.<\/span><\/li>\n\n\n\n<li class=\"gb-headline gb-headline-effa3bd7 ms-icon-list__item\"><span class=\"gb-icon\"><svg viewBox=\"0 0 256 256\" fill=\"#000000\" height=\"32\" width=\"32\" xmlns=\"http:\/\/www.w3.org\/2000\/svg\"><path d=\"M232.49,80.49l-128,128a12,12,0,0,1-17,0l-56-56a12,12,0,1,1,17-17L96,183,215.51,63.51a12,12,0,0,1,17,17Z\"><\/path><\/svg><\/span><span class=\"gb-headline-text\">Ingyenes vonatutaz\u00e1s a CP vonalakon Sintr\u00e1ba, Cascaisba \u00e9s a Tejo foly\u00f3 d\u00e9li partj\u00e1ra \u2013 ide\u00e1lis a k\u00f6telez\u0151 kir\u00e1ndul\u00e1sokhoz.<\/span><\/li>\n\n\n\n<li class=\"gb-headline gb-headline-376b85f3 ms-icon-list__item\"><span class=\"gb-icon\"><svg viewBox=\"0 0 256 256\" fill=\"#000000\" height=\"32\" width=\"32\" xmlns=\"http:\/\/www.w3.org\/2000\/svg\"><path d=\"M232.49,80.49l-128,128a12,12,0,0,1-17,0l-56-56a12,12,0,1,1,17-17L96,183,215.51,63.51a12,12,0,0,1,17,17Z\"><\/path><\/svg><\/span><span class=\"gb-headline-text\">Ingyenes bel\u00e9p\u00e9s ak\u00e1r 52 m\u00fazeumba, m\u0171eml\u00e9kbe \u00e9s UNESCO vil\u00e1g\u00f6r\u00f6ks\u00e9gi helysz\u00ednre.<\/span><\/li>\n\n\n\n<li class=\"gb-headline gb-headline-defc0986 ms-icon-list__item\"><span class=\"gb-icon\"><svg viewBox=\"0 0 256 256\" fill=\"#000000\" height=\"32\" width=\"32\" xmlns=\"http:\/\/www.w3.org\/2000\/svg\"><path d=\"M232.49,80.49l-128,128a12,12,0,0,1-17,0l-56-56a12,12,0,1,1,17-17L96,183,215.51,63.51a12,12,0,0,1,17,17Z\"><\/path><\/svg><\/span><span class=\"gb-headline-text\">Gyors\u00edtott bel\u00e9p\u00e9s 12 l\u00e1tnival\u00f3hoz.<\/span><\/li>\n\n\n\n<li class=\"gb-headline gb-headline-6dbee845 ms-icon-list__item\"><span class=\"gb-icon\"><svg viewBox=\"0 0 256 256\" fill=\"#000000\" height=\"32\" width=\"32\" xmlns=\"http:\/\/www.w3.org\/2000\/svg\"><path d=\"M232.49,80.49l-128,128a12,12,0,0,1-17,0l-56-56a12,12,0,1,1,17-17L96,183,215.51,63.51a12,12,0,0,1,17,17Z\"><\/path><\/svg><\/span><span class=\"gb-headline-text\">Ingyenes v\u00e1rosi \u00fatik\u00f6nyv hasznos tippekkel \u00e9s inform\u00e1ci\u00f3kkal.<\/span><\/li>\n\n\n\n<li class=\"gb-headline gb-headline-323893ef ms-icon-list__item\"><span class=\"gb-icon\"><svg viewBox=\"0 0 256 256\" fill=\"#000000\" height=\"32\" width=\"32\" xmlns=\"http:\/\/www.w3.org\/2000\/svg\"><path d=\"M232.49,80.49l-128,128a12,12,0,0,1-17,0l-56-56a12,12,0,1,1,17-17L96,183,215.51,63.51a12,12,0,0,1,17,17Z\"><\/path><\/svg><\/span><span class=\"gb-headline-text\">Kedvezm\u00e9nyek l\u00e1togat\u00e1sokra, t\u00far\u00e1kra, v\u00e1s\u00e1rl\u00e1sra \u00e9s \u00e9jszakai sz\u00f3rakoz\u00e1sra.<\/span><\/li>\n\n<\/ul>\n<\/div>\n\n<div class=\"gb-container gb-container-28f243f6 gb-tabs__item\" id=\"gb-tab-item-28f243f6\" role=\"tabpanel\">\n\n<p>A Lisboa Card megv\u00e1s\u00e1rl\u00e1s\u00e1hoz:<\/p>\n\n\n\n<ol class=\"wp-block-list\">\n<li>A foglal\u00e1si modulban v\u00e1lassza ki a k\u00edv\u00e1nt d\u00e1tumot \u00e9s a k\u00e1rtya \u00e9rv\u00e9nyess\u00e9gi idej\u00e9t (24, 48 vagy 72 \u00f3ra).<\/li>\n\n\n\n<li>A v\u00e1s\u00e1rl\u00e1s meger\u0151s\u00edt\u00e9se ut\u00e1n e-mailben kap egy utalv\u00e1nyt.<\/li>\n\n\n\n<li>Az e-mailben kapott utalv\u00e1nyt mutassa be az egyik \u00e1tv\u00e9teli helyen, ahol azt fizikai Lisboa Cardra cser\u00e9lik. Az el\u00e9rhet\u0151 helyek c\u00edmei \u00e9s nyitvatart\u00e1si ideje az al\u00e1bbiakban tal\u00e1lhat\u00f3:\n<ul class=\"wp-block-list\">\n<li><strong>Ask Me Lisboa | Rep\u00fcl\u0151t\u00e9r<\/strong>: Chegadas, Aeroporto &#8211; Alameda das Comunidades, 1700-008, Lisboa. Naponta 7:00 \u00e9s 22:00 k\u00f6z\u00f6tt.<\/li>\n\n\n\n<li><strong>Ask Me Lisboa | Terreiro do Pa\u00e7o<\/strong>: Pra\u00e7a do Com\u00e9rcio, 1100-148, Lisboa. Naponta 10:00 \u00e9s 19:00 k\u00f6z\u00f6tt.<\/li>\n\n\n\n<li><strong>Codfish History Center<\/strong>: Terreiro do Pa\u00e7o &#8211; Torre\u00e3o Nascente, 1100-148, Lisboa. Naponta 10:00 \u00e9s 19:00 k\u00f6z\u00f6tt.<\/li>\n\n\n\n<li><strong>Ask Me Lisboa | Centro Tejo<\/strong>: Terreiro do Pa\u00e7o, 1100-016, Lisboa. Naponta 10:00 \u00e9s 13:00, valamint 14:00 \u00e9s 19:00 k\u00f6z\u00f6tt.<\/li>\n\n\n\n<li><strong>Ask Me Lisboa | Cais do Sodr\u00e9<\/strong>: Pra\u00e7a do Duque de Terceira, Cais do Sodr\u00e9, 1200-161, Lisboa. Naponta 9:00 \u00e9s 13:00, valamint 14:00 \u00e9s 18:00 k\u00f6z\u00f6tt.<\/li>\n<\/ul>\n<\/li>\n<\/ol>\n\n\n<div class=\"gb-container gb-container-ad106817 ms-alert--primary ms-p ms-rounded ms-mb-last-child-0 ms-mb-children-condensed ms-mb-block\">\n\n<p>A k\u00e1rtya az els\u0151 haszn\u00e1latkor aktiv\u00e1l\u00f3dik, \u00edgy nem kell att\u00f3l tartania, hogy lej\u00e1r, miel\u0151tt meg\u00e9rkezne Lisszabonba.<\/p>\n\n<\/div>\n<\/div>\n\n<div class=\"gb-container gb-container-46ea0e65 gb-tabs__item\" id=\"gb-tab-item-46ea0e65\" role=\"tabpanel\">\n\n<p>A Lisboa Card seg\u00edts\u00e9g\u00e9vel Lisszabon felfedez\u00e9se egyszer\u0171, megfizethet\u0151 \u00e9s k\u00e9nyelmes. \u00cdgy hozhatja ki bel\u0151le a legt\u00f6bbet:<\/p>\n\n\n\n<hr class=\"wp-block-separator has-alpha-channel-opacity\"\/>\n\n\n\n<p class=\"gb-text ms-text-context\">Aktiv\u00e1lja a k\u00e1rty\u00e1j\u00e1t<\/p>\n\n\n\n<p>Aktiv\u00e1lja Lisboa Card k\u00e1rty\u00e1j\u00e1t b\u00e1rmely l\u00e1tnival\u00f3n\u00e1l vagy t\u00f6megk\u00f6zleked\u00e9si eszk\u00f6z\u00f6n val\u00f3 utaz\u00e1skor. A v\u00e1s\u00e1rl\u00e1st\u00f3l sz\u00e1m\u00edtott 28 napon bel\u00fcl aktiv\u00e1lhatja, majd att\u00f3l f\u00fcgg\u0151en, hogy melyik opci\u00f3t v\u00e1s\u00e1rolta, 24, 48 vagy 72 \u00f3r\u00e1ig lesz \u00e9rv\u00e9nyes.<\/p>\n\n\n\n<hr class=\"wp-block-separator has-alpha-channel-opacity\"\/>\n\n\n\n<p class=\"gb-text ms-text-context\">Tervezze meg \u00fatvonal\u00e1t<\/p>\n\n\n\n<p>Ha 1 napja van<\/p>\n\n\n\n<ul class=\"wp-block-list\">\n<li>Reggel induljon el Bel\u00e9mbe, hogy megl\u00e1togassa a Jer\u00f3nimos-kolostort \u00e9s a Nemzeti Kocsim\u00fazeumot.<\/li>\n\n\n\n<li>Eb\u00e9d ut\u00e1n \u00e9rdemes meg\u00e1llni a Ponte 7 de Pilares Bridge Experience-n\u00e9l vagy a Lisboa Story Centre-ben egy adag t\u00f6rt\u00e9nelem\u00e9rt, miel\u0151tt felfel\u00e9 indulsz.<\/li>\n\n\n\n<li>Z\u00e1rja a napot a Szent Gy\u00f6rgy-kast\u00e9ly vagy a Kir\u00e1lyi Kincsm\u00fazeum, utazzon a 28-as villamossal az Alfama v\u00e1rosr\u00e9szbe, \u00e9s \u00e9lvezze a kedvezm\u00e9nyes vacsor\u00e1t az egyik r\u00e9szt vev\u0151 \u00e9tteremben.<\/li>\n<\/ul>\n\n\n\n<p>Ha 2\u20133 napja van<\/p>\n\n\n\n<ul class=\"wp-block-list\">\n<li>Tegyen egy kir\u00e1ndul\u00e1st Sintr\u00e1ba vagy Cascaisba (a k\u00e1rty\u00e1ja a CP vonatos utaz\u00e1st is tartalmazza!).<\/li>\n\n\n\n<li>Haszn\u00e1lja ki a kedvezm\u00e9nyeit s\u00e9tautakra, folyami haj\u00f3kir\u00e1ndul\u00e1sokra vagy ak\u00e1r egy fado est\u00e9re.<\/li>\n\n\n\n<li>Vegy\u00edtsd az \u00fatvonalat ingyenes m\u00fazeumokkal, p\u00e9ld\u00e1ul a Felfedez\u0151k eml\u00e9km\u0171v\u00e9vel, a Nemzeti Panteonnal vagy az Ajuda-palot\u00e1val.<\/li>\n<\/ul>\n\n\n\n<p class=\"gb-text-9c6baf02\"><span class=\"gb-shape\"><svg viewBox=\"0 0 256 256\" fill=\"#000000\" height=\"32\" width=\"32\" xmlns=\"http:\/\/www.w3.org\/2000\/svg\"><path d=\"M108,84a16,16,0,1,1,16,16A16,16,0,0,1,108,84Zm128,44A108,108,0,1,1,128,20,108.12,108.12,0,0,1,236,128Zm-24,0a84,84,0,1,0-84,84A84.09,84.09,0,0,0,212,128Zm-72,36.68V132a20,20,0,0,0-20-20,12,12,0,0,0-4,23.32V168a20,20,0,0,0,20,20,12,12,0,0,0,4-23.32Z\"><\/path><\/svg><\/span><span class=\"gb-text\">Sok l\u00e1tnival\u00f3 h\u00e9tf\u0151n z\u00e1rva tart, ez\u00e9rt \u00e9rdemes el\u0151re ellen\u0151rizni, miel\u0151tt megtervezi a napj\u00e1t.<\/span><\/p>\n\n\n\n<hr class=\"wp-block-separator has-alpha-channel-opacity\"\/>\n\n\n\n<p class=\"gb-text ms-text-context\"><strong>Utazzon gondtalanul<\/strong><\/p>\n\n\n\n<p>A k\u00e1rty\u00e1ja korl\u00e1tlan t\u00f6megk\u00f6zleked\u00e9st biztos\u00edt Lisszabonban, bele\u00e9rtve a metr\u00f3val t\u00f6rt\u00e9n\u0151 utaz\u00e1st a lisszaboni rep\u00fcl\u0151t\u00e9rre \u00e9s onnan vissza.<\/p>\n\n\n\n<hr class=\"wp-block-separator has-alpha-channel-opacity\"\/>\n\n\n\n<p class=\"gb-text ms-text-context\"><strong><strong>Sp\u00f3roljon az exkluz\u00edv aj\u00e1nlatokkal<\/strong><\/strong><\/p>\n\n\n\n<p>A Lisboa Card 5\u201350% kedvezm\u00e9nyt biztos\u00edt \u00e9ttermekben, \u00fczletekben, vezetett t\u00far\u00e1kon \u00e9s sz\u00f3rakoztat\u00f3 programokon Lisszabonban.<\/p>\n\n\n\n<hr class=\"wp-block-separator has-alpha-channel-opacity\"\/>\n\n\n\n<p>\ud83d\udc49<a href=\"https:\/\/drive.google.com\/file\/d\/1tVnk8u0tN68_agKLV1XV3FH4PtIBRphQ\/view\" target=\"_blank\" rel=\"noreferrer noopener nofollow\">T\u00f6ltse le a Lisboa Card teljes haszn\u00e1lati \u00fatmutat\u00f3j\u00e1t (PDF)<\/a><\/p>\n\n\n<div class=\"gb-container gb-container-46df7ae9 ms-alert--primary ms-p ms-rounded ms-mb-last-child-0 ms-mb-children-condensed ms-mb-block\">\n\n<p>Tov\u00e1bbi inform\u00e1ci\u00f3: <a href=\"https:\/\/www.lisboacard.org\/hu\/discounts\/\" data-type=\"page\" data-id=\"6\">kedvezm\u00e9nyek<\/a> \u2013 <a href=\"https:\/\/www.lisboacard.org\/hu\/prices\/\" data-type=\"page\" data-id=\"9\">\u00e1rak<\/a> \u2013 <a href=\"https:\/\/www.lisboacard.org\/hu\/faq\/\" data-type=\"page\" data-id=\"581\">gyakori k\u00e9rd\u00e9sek<\/a><\/p>\n\n<\/div>\n<\/div>\n<\/div>\n<\/div>\n\n\n<p><\/p>\n","protected":false},"excerpt":{"rendered":"","protected":false},"author":5,"featured_media":857,"parent":0,"menu_order":2,"comment_status":"closed","ping_status":"closed","template":"","meta":{"_acf_changed":false,"footnotes":"","button_url":"https:\/\/www.tiqets.com\/en\/lisbon-attractions-c76528\/tickets-for-lisbon-card-p974847\/?partner=lisboacard","ms_product_id":"974847","ms_product_name":"Lisboa Card: Access 51 Attractions + Public Transportation","ms_price":"31","ms_currency":"EUR","ms_rating_value":"4.3","ms_review_count":"25376","rank_math_title":"Lisboa Card \u2013 A hivatalos lisszaboni k\u00e1rtya %currentyear%","rank_math_description":"Takar\u00edtson meg id\u0151t \u00e9s p\u00e9nzt a Lisboa Carddal \u2013 Lisszabon hivatalos turisztikai b\u00e9rlet\u00e9vel. Kattintson ide az \u00e1rak, v\u00e9lem\u00e9nyek \u00e9s a legfrissebb kedvezm\u00e9nyek list\u00e1j\u00e1\u00e9rt."},"post-style":[],"producer":[],"class_list":["post-5","page","type-page","status-publish","has-post-thumbnail"],"acf":[],"product_schema":{"ms_product_id":"974847","ms_product_name":"Lisboa Card: Access 51 Attractions + Public Transportation","ms_price":"31","ms_currency":"EUR","ms_rating_value":"4.3","ms_review_count":"25376"},"_links":{"self":[{"href":"https:\/\/www.lisboacard.org\/hu\/wp-json\/wp\/v2\/pages\/5","targetHints":{"allow":["GET"]}}],"collection":[{"href":"https:\/\/www.lisboacard.org\/hu\/wp-json\/wp\/v2\/pages"}],"about":[{"href":"https:\/\/www.lisboacard.org\/hu\/wp-json\/wp\/v2\/types\/page"}],"author":[{"embeddable":true,"href":"https:\/\/www.lisboacard.org\/hu\/wp-json\/wp\/v2\/users\/5"}],"replies":[{"embeddable":true,"href":"https:\/\/www.lisboacard.org\/hu\/wp-json\/wp\/v2\/comments?post=5"}],"version-history":[{"count":3,"href":"https:\/\/www.lisboacard.org\/hu\/wp-json\/wp\/v2\/pages\/5\/revisions"}],"predecessor-version":[{"id":1060,"href":"https:\/\/www.lisboacard.org\/hu\/wp-json\/wp\/v2\/pages\/5\/revisions\/1060"}],"wp:featuredmedia":[{"embeddable":true,"href":"https:\/\/www.lisboacard.org\/hu\/wp-json\/wp\/v2\/media\/857"}],"wp:attachment":[{"href":"https:\/\/www.lisboacard.org\/hu\/wp-json\/wp\/v2\/media?parent=5"}],"wp:term":[{"taxonomy":"post-style","embeddable":true,"href":"https:\/\/www.lisboacard.org\/hu\/wp-json\/wp\/v2\/post-style?post=5"},{"taxonomy":"producer","embeddable":true,"href":"https:\/\/www.lisboacard.org\/hu\/wp-json\/wp\/v2\/producer?post=5"}],"curies":[{"name":"wp","href":"https:\/\/api.w.org\/{rel}","templated":true}]}}