{"id":581,"date":"2014-01-08T14:47:17","date_gmt":"2014-01-08T14:47:17","guid":{"rendered":"https:\/\/www.lisboacard.org\/hu\/?page_id=11"},"modified":"2026-05-07T07:09:54","modified_gmt":"2026-05-07T05:09:54","slug":"gyik","status":"publish","type":"page","link":"https:\/\/www.lisboacard.org\/hu\/gyik\/","title":{"rendered":"Gyakori k\u00e9rd\u00e9sek"},"content":{"rendered":"<div id=\"rank-math-faq\" class=\"rank-math-block\">\n<div class=\"rank-math-list \">\n<div id=\"faq-question-1717062476605\" class=\"rank-math-list-item\">\n<h3 class=\"rank-math-question \">Mi az a Lisboa Card?<\/h3>\n<div class=\"rank-math-answer \">\n\n<p>A Lisboa Card Lisszabon hivatalos turisztikai k\u00e1rty\u00e1ja. A k\u00e1rtya l\u00e9nyeg\u00e9ben egy 3 az 1-ben <strong>k\u00f6zleked\u00e9si b\u00e9rlet<\/strong>, <strong>bel\u00e9p\u0151jegy<\/strong> \u00e9s <strong>kedvezm\u00e9nyk\u00e1rtya<\/strong>. A Lisboa Card csomaghoz ingyenes v\u00e1rosi \u00fatik\u00f6nyv is j\u00e1r. \u00d6sszess\u00e9g\u00e9ben a k\u00e1rtya seg\u00edt a Lisszabonba l\u00e1togat\u00f3knak <strong>id\u0151t \u00e9s p\u00e9nzt sp\u00f3rolni <\/strong>a v\u00e1rosban tart\u00f3zkod\u00e1suk alatt.<\/p>\n\n<\/div>\n<\/div>\n<div id=\"faq-question-1717062505033\" class=\"rank-math-list-item\">\n<h3 class=\"rank-math-question \">Milyen el\u0151nyei vannak a Lisboa Cardnak?<\/h3>\n<div class=\"rank-math-answer \">\n\n<p>A Lisboa Card seg\u00edts\u00e9g\u00e9vel <strong>p\u00e9nzt takar\u00edthatsz meg<\/strong> a k\u00f6zleked\u00e9sen, a bel\u00e9p\u0151jegyeken, a sz\u00f3rakoz\u00e1son \u00e9s az aj\u00e1nd\u00e9kokon. Ezenk\u00edv\u00fcl <strong>id\u0151t sp\u00f3rolhatsz<\/strong>, \u00e9s <strong>t\u00f6bbet l\u00e1thatsz<\/strong> a sz\u00e1mtalan aj\u00e1nlat \u00e9s kedvezm\u00e9ny r\u00e9v\u00e9n.<\/p>\n\n<\/div>\n<\/div>\n<div id=\"faq-question-1717062519392\" class=\"rank-math-list-item\">\n<h3 class=\"rank-math-question \">Milyen kedvezm\u00e9nyeket k\u00edn\u00e1l a Lisboa Card?<\/h3>\n<div class=\"rank-math-answer \">\n\n<p>A Lisboa Card 10\u201350% kedvezm\u00e9nyt k\u00edn\u00e1l a helyi szolg\u00e1ltat\u00e1sokra, kultur\u00e1lis \u00e9s turisztikai l\u00e1tnival\u00f3kra, valamint programokra. Ezen fel\u00fcl 5\u201310% kedvezm\u00e9nyt kaphatsz a r\u00e9szt vev\u0151 \u00fczletekben, amelyek sz\u00e9les v\u00e1laszt\u00e9kban k\u00edn\u00e1lnak autentikus portug\u00e1l term\u00e9keket. A kedvezm\u00e9nyek teljes list\u00e1j\u00e1t <a href=\"https:\/\/www.lisboacard.org\/hu\/discounts\/\">itt<\/a> tekintheted meg. <\/p>\n\n<\/div>\n<\/div>\n<div id=\"faq-question-1724316893105\" class=\"rank-math-list-item\">\n<h3 class=\"rank-math-question \">Meg\u00e9ri megvenni a Lisboa Cardot?<\/h3>\n<div class=\"rank-math-answer \">\n\n<p>A Lisboa Card megv\u00e1s\u00e1rl\u00e1sa els\u0151sorban az utaz\u00e1si terveidt\u0151l \u00e9s a k\u00e9nyelem ir\u00e1nti ig\u00e9nyedt\u0151l f\u00fcgg. \u00c1ltal\u00e1nos szab\u00e1lyk\u00e9nt: a Lisboa Card akkor j\u00f3 v\u00e1laszt\u00e1s, ha t\u00f6megk\u00f6zleked\u00e9ssel utazol, \u00e9s naponta t\u00f6bb m\u00fazeumot \u00e9s l\u00e1tnival\u00f3t is megl\u00e1togatsz. Az al\u00e1bbiakban felsorolunk n\u00e9h\u00e1ny szempontot, amelyet \u00e9rdemes figyelembe venni, ha a Lisboa Card megv\u00e1s\u00e1rl\u00e1s\u00e1t fontolgatod:<\/p>\n<p><strong>A k\u00e1rtya \u00e1ra<br \/><\/strong>Az egyetlen m\u00f3dja annak, hogy megbizonyosodj arr\u00f3l, hogy a Lisboa Card meg\u00e9ri-e a befektet\u00e9st, ha \u00e1tn\u00e9zed a terveidet, \u00e9s kisz\u00e1molod, mennyibe ker\u00fcln\u00e9nek a bel\u00e9p\u0151k, t\u00far\u00e1k \u00e9s a k\u00f6zleked\u00e9s. Hasonl\u00edtsd \u00f6ssze a teljes \u00f6sszeget a Lisboa Card napi k\u00f6lts\u00e9geivel, \u00e9s n\u00e9zd meg, hogy a k\u00e1rtya j\u00f3 v\u00e1laszt\u00e1s-e. Ne feledd, hogy a 72 \u00f3r\u00e1s k\u00e1rtya k\u00edn\u00e1lja a legjobb \u00e1r-\u00e9rt\u00e9k ar\u00e1nyt.<\/p>\n<p><strong>Szabads\u00e1g \u00e9s rugalmass\u00e1g<br \/><\/strong>Sok esetben a Lisboa Card k\u00e9nyelmi szempontb\u00f3l el\u0151ny\u00f6s: lehet\u0151v\u00e9 teszi, hogy azt tegy\u00e9l, amit akarsz, amikor akarsz, an\u00e9lk\u00fcl, hogy extra m\u00fazeumi vagy k\u00f6zleked\u00e9si jegyeket kellene v\u00e1s\u00e1rolnod.<br \/>\u00d6sszess\u00e9g\u00e9ben, ha sz\u0171k\u00f6s k\u00f6lts\u00e9gvet\u00e9ssel l\u00e1togatsz Lisszabonba, sz\u00e1mold ki, hogy a k\u00f6lts\u00e9gek \u00e9s a megtakar\u00edt\u00e1sok ar\u00e1nya meg\u00e9ri-e. Ha viszont a <strong>szabads\u00e1got<\/strong>, a <strong>rugalmass\u00e1got <\/strong>\u00e9s a <strong>k\u00e9nyelmet <\/strong>\u00e9rt\u00e9keled, akkor a Lisboa Card val\u00f3sz\u00edn\u0171leg remek v\u00e1laszt\u00e1s.<\/p>\n\n<\/div>\n<\/div>\n<div id=\"faq-question-1724316971009\" class=\"rank-math-list-item\">\n<h3 class=\"rank-math-question \">Mennyibe ker\u00fcl a Lisboa Card?<\/h3>\n<div class=\"rank-math-answer \">\n\n<p>A Lisboa Card \u00e1ra a k\u00e1rtya \u00e9rv\u00e9nyess\u00e9gi idej\u00e9t\u0151l f\u00fcgg. Gyermekek tov\u00e1bbi kedvezm\u00e9nyt kapnak a v\u00e9tel\u00e1rb\u00f3l.<br \/>A k\u00fcl\u00f6nb\u00f6z\u0151 k\u00e1rty\u00e1k \u00f6sszehasonl\u00edt\u00e1sakor n\u00e9zd meg a napi \u00e1rat. P\u00e9ld\u00e1ul a 72 \u00f3r\u00e1s Lisboa Card naponta olcs\u00f3bb, mint a 24 \u00f3r\u00e1s k\u00e1rtya. A Lisboa Card \u00f6sszes \u00e1r\u00e1t az <a href=\"https:\/\/www.lisboacard.org\/hu\/prices\/\">\u00e1rlist\u00e1ban<\/a> tal\u00e1lod. <\/p>\n\n<\/div>\n<\/div>\n<div id=\"faq-question-1724316983120\" class=\"rank-math-list-item\">\n<h3 class=\"rank-math-question \">Hol vehetem \u00e1t a Lisboa Cardot?<\/h3>\n<div class=\"rank-math-answer \">\n\n<p>Az utalv\u00e1nyokat a rep\u00fcl\u0151t\u00e9ren vagy a v\u00e1rosban tal\u00e1lhat\u00f3 \u201eAsk Me Lisboa\u201d turisztikai irod\u00e1k egyik\u00e9ben lehet bev\u00e1ltani Lisboa Cardra. A visszaigazol\u00f3 e-mailben megtal\u00e1lod az \u00e1tv\u00e9teli pontok list\u00e1j\u00e1t, c\u00edm\u00e9t \u00e9s nyitvatart\u00e1si idej\u00e9t.<\/p>\n\n<\/div>\n<\/div>\n<div id=\"faq-question-1747719164938\" class=\"rank-math-list-item\">\n<h3 class=\"rank-math-question \">Hozz\u00e1adhatok tov\u00e1bbi jegyeket m\u00e1s l\u00e1tnival\u00f3khoz, amikor a Lisboa Cardot foglalom?<\/h3>\n<div class=\"rank-math-answer \">\n\n<p>Igen! A Lisboa Card foglal\u00e1sakor kedvezm\u00e9nyes jegyeket v\u00e1laszthatsz Lisszabon \u00e9s Sintra legn\u00e9pszer\u0171bb l\u00e1tnival\u00f3ihoz, t\u00f6bbek k\u00f6z\u00f6tt: <strong>Ocean\u00e1rio de Lisboa<\/strong>, <strong>Pena Palace<\/strong> \u00e9s <strong>M\u00f3rok v\u00e1ra<\/strong>.<br \/>Ezek az extr\u00e1k opcion\u00e1lisak, \u00e9s a fizet\u00e9s sor\u00e1n v\u00e1laszthat\u00f3k ki.<\/p>\n\n<\/div>\n<\/div>\n<\/div>\n<\/div>","protected":false},"excerpt":{"rendered":"","protected":false},"author":5,"featured_media":0,"parent":0,"menu_order":5,"comment_status":"closed","ping_status":"closed","template":"","meta":{"_acf_changed":false,"footnotes":"","button_url":"https:\/\/www.tiqets.com\/en\/lisbon-attractions-c76528\/tickets-for-lisbon-card-p974847\/?partner=lisboacard","ms_product_id":"","ms_product_name":"","ms_price":"","ms_currency":"","ms_rating_value":"","ms_review_count":"","rank_math_title":"Lisboa Card GYIK \u2013 V\u00e1laszok a Lisbon Carddal kapcsolatos k\u00e9rd\u00e9seire","rank_math_description":"K\u00e9rd\u00e9sei vannak a Lisboa Carddal kapcsolatban? A GYIK \u00fatmutat\u00f3nkban megtal\u00e1lja a v\u00e1laszokat arra, hogyan m\u0171k\u00f6dik, mit tartalmaz, hogyan lehet haszn\u00e1lni a t\u00f6megk\u00f6zleked\u00e9st, hol lehet megv\u00e1s\u00e1rolni \u00e9s m\u00e9g sok m\u00e1sra."},"post-style":[],"producer":[],"class_list":["post-581","page","type-page","status-publish","has-post-thumbnail"],"acf":[],"product_schema":{"ms_product_id":"","ms_product_name":"","ms_price":"","ms_currency":"","ms_rating_value":"","ms_review_count":""},"_links":{"self":[{"href":"https:\/\/www.lisboacard.org\/hu\/wp-json\/wp\/v2\/pages\/581","targetHints":{"allow":["GET"]}}],"collection":[{"href":"https:\/\/www.lisboacard.org\/hu\/wp-json\/wp\/v2\/pages"}],"about":[{"href":"https:\/\/www.lisboacard.org\/hu\/wp-json\/wp\/v2\/types\/page"}],"author":[{"embeddable":true,"href":"https:\/\/www.lisboacard.org\/hu\/wp-json\/wp\/v2\/users\/5"}],"replies":[{"embeddable":true,"href":"https:\/\/www.lisboacard.org\/hu\/wp-json\/wp\/v2\/comments?post=581"}],"version-history":[{"count":3,"href":"https:\/\/www.lisboacard.org\/hu\/wp-json\/wp\/v2\/pages\/581\/revisions"}],"predecessor-version":[{"id":1065,"href":"https:\/\/www.lisboacard.org\/hu\/wp-json\/wp\/v2\/pages\/581\/revisions\/1065"}],"wp:attachment":[{"href":"https:\/\/www.lisboacard.org\/hu\/wp-json\/wp\/v2\/media?parent=581"}],"wp:term":[{"taxonomy":"post-style","embeddable":true,"href":"https:\/\/www.lisboacard.org\/hu\/wp-json\/wp\/v2\/post-style?post=581"},{"taxonomy":"producer","embeddable":true,"href":"https:\/\/www.lisboacard.org\/hu\/wp-json\/wp\/v2\/producer?post=581"}],"curies":[{"name":"wp","href":"https:\/\/api.w.org\/{rel}","templated":true}]}}