{"id":9,"date":"2014-01-07T13:15:06","date_gmt":"2014-01-07T13:15:06","guid":{"rendered":"https:\/\/www.lisboacard.org\/hu\/?page_id=9"},"modified":"2026-05-07T00:51:19","modified_gmt":"2026-05-06T22:51:19","slug":"arak","status":"publish","type":"page","link":"https:\/\/www.lisboacard.org\/hu\/arak\/","title":{"rendered":"Lisboa Card \u00e1rak"},"content":{"rendered":"\n<h3 class=\"wp-block-heading\">\u00c1rlist\u00e1k<\/h3>\n\n\n<div class=\"ms-table frozenColumn\"><table><tr><th><\/th><th>24 \u00f3r\u00e1s<\/th><th>48 \u00f3ra<\/th><th>72 \u00f3ra<\/th><\/tr><tr><td>Feln\u0151ttek<\/td><td>\u20ac31,00 (naponta \u20ac31,00)<\/td><td>\u20ac51,00 (naponta \u20ac25,50)<\/td><td>\u20ac62,00 (naponta \u20ac20,67)<\/td><\/tr><tr><td>Gyermek<\/td><td>\u20ac21,00 (naponta \u20ac21,00)<\/td><td>\u20ac28,00 (naponta \u20ac14,00)<\/td><td>\u20ac35,00 (naponta \u20ac11,67)<\/td><\/tr><\/table><\/div>\n\n\n<p><strong>Megjegyz\u00e9s<\/strong>:<\/p>\n\n\n\n<ul class=\"wp-block-list\">\n<li>Az \u00e1rak 16 \u00e9v feletti feln\u0151ttekre \u00e9s 4-15 \u00e9v k\u00f6z\u00f6tti gyermekekre vonatkoznak. A 4 \u00e9v alatti gyermekek sz\u00e1m\u00e1ra a bel\u00e9p\u00e9s ingyenes, jegy v\u00e1s\u00e1rl\u00e1sa nem sz\u00fcks\u00e9ges.<\/li>\n\n\n\n<li>Az \u00e1rak 2026. \u00e1prilis 1-j\u00e9t\u0151l 2027. m\u00e1rcius 31-ig \u00e9rv\u00e9nyesek.<\/li>\n<\/ul>\n","protected":false},"excerpt":{"rendered":"","protected":false},"author":5,"featured_media":0,"parent":0,"menu_order":4,"comment_status":"closed","ping_status":"closed","template":"","meta":{"_acf_changed":false,"footnotes":"","button_url":"https:\/\/www.tiqets.com\/en\/lisbon-attractions-c76528\/tickets-for-lisbon-card-p974847\/?partner=lisboacard","ms_product_id":"","ms_product_name":"","ms_price":"","ms_currency":"","ms_rating_value":"","ms_review_count":"","rank_math_title":"Lisboa Card \u00e1rak (friss\u00edtve %currentyear%)","rank_math_description":"Ellen\u0151rizze a leg\u00fajabb Lisboa Card \u00e1rakat 24, 48 \u00e9s 72 \u00f3r\u00e1s b\u00e9rletekre. Keresse meg a feln\u0151tt \u00e9s gyermek \u00e1rakat, \u00e9s n\u00e9zze meg, mennyit takar\u00edthat meg a v\u00e1rosn\u00e9z\u00e9sen \u00e9s a k\u00f6zleked\u00e9sen."},"post-style":[],"producer":[],"class_list":["post-9","page","type-page","status-publish","has-post-thumbnail"],"acf":[],"product_schema":{"ms_product_id":"","ms_product_name":"","ms_price":"","ms_currency":"","ms_rating_value":"","ms_review_count":""},"_links":{"self":[{"href":"https:\/\/www.lisboacard.org\/hu\/wp-json\/wp\/v2\/pages\/9","targetHints":{"allow":["GET"]}}],"collection":[{"href":"https:\/\/www.lisboacard.org\/hu\/wp-json\/wp\/v2\/pages"}],"about":[{"href":"https:\/\/www.lisboacard.org\/hu\/wp-json\/wp\/v2\/types\/page"}],"author":[{"embeddable":true,"href":"https:\/\/www.lisboacard.org\/hu\/wp-json\/wp\/v2\/users\/5"}],"replies":[{"embeddable":true,"href":"https:\/\/www.lisboacard.org\/hu\/wp-json\/wp\/v2\/comments?post=9"}],"version-history":[{"count":3,"href":"https:\/\/www.lisboacard.org\/hu\/wp-json\/wp\/v2\/pages\/9\/revisions"}],"predecessor-version":[{"id":1063,"href":"https:\/\/www.lisboacard.org\/hu\/wp-json\/wp\/v2\/pages\/9\/revisions\/1063"}],"wp:attachment":[{"href":"https:\/\/www.lisboacard.org\/hu\/wp-json\/wp\/v2\/media?parent=9"}],"wp:term":[{"taxonomy":"post-style","embeddable":true,"href":"https:\/\/www.lisboacard.org\/hu\/wp-json\/wp\/v2\/post-style?post=9"},{"taxonomy":"producer","embeddable":true,"href":"https:\/\/www.lisboacard.org\/hu\/wp-json\/wp\/v2\/producer?post=9"}],"curies":[{"name":"wp","href":"https:\/\/api.w.org\/{rel}","templated":true}]}}