{"id":581,"date":"2014-01-08T14:47:17","date_gmt":"2014-01-08T14:47:17","guid":{"rendered":"https:\/\/www.lisboacard.org\/?page_id=11"},"modified":"2025-09-19T18:35:49","modified_gmt":"2025-09-19T16:35:49","slug":"domande-frequenti","status":"publish","type":"page","link":"https:\/\/www.lisboacard.org\/it\/domande-frequenti\/","title":{"rendered":"Domande Frequenti"},"content":{"rendered":"<div id=\"rank-math-faq\" class=\"rank-math-block\">\n<div class=\"rank-math-list \">\n<div id=\"faq-question-1717062476605\" class=\"rank-math-list-item\">\n<h3 class=\"rank-math-question \">Cos\u2019\u00e8 la Lisboa Card?<\/h3>\n<div class=\"rank-math-answer \">\n\n<p>La Lisboa Card \u00e8 il pass turistico ufficiale di Lisbona. Si tratta essenzialmente di una <strong>tessera per i trasporti<\/strong>, un <strong>pass per le attrazioni<\/strong> e una <strong>carta sconti<\/strong> 3-in-1. Il pacchetto della Lisboa Card include anche una guida gratuita della citt\u00e0. In definitiva, la carta aiuta i visitatori di Lisbona a <strong>risparmiare tempo e denaro<\/strong> durante il loro soggiorno in citt\u00e0.<\/p>\n\n<\/div>\n<\/div>\n<div id=\"faq-question-1717062505033\" class=\"rank-math-list-item\">\n<h3 class=\"rank-math-question \">Quali sono i vantaggi della Lisboa Card?<\/h3>\n<div class=\"rank-math-answer \">\n\n<p>La Lisboa Card ti permette di <strong>risparmiare<\/strong> sui trasporti, sui biglietti d&#8217;ingresso, sull&#8217;intrattenimento e sui regali, di <strong>risparmiare tempo<\/strong> e di <strong>vedere di pi\u00f9<\/strong> grazie a innumerevoli offerte e sconti.<\/p>\n\n<\/div>\n<\/div>\n<div id=\"faq-question-1717062519392\" class=\"rank-math-list-item\">\n<h3 class=\"rank-math-question \">Quali sconti offre la Lisboa Card?<\/h3>\n<div class=\"rank-math-answer \">\n\n<p>La Lisboa Card offre sconti dal 10% al 50% su servizi locali, attrazioni culturali e turistiche e attivit\u00e0. Inoltre, puoi usufruire di uno sconto dal 5% al 10% nei negozi aderenti all&#8217;iniziativa che offrono un&#8217;ampia selezione di autentici prodotti portoghesi. Puoi consultare l&#8217;elenco completo degli sconti <a href=\"https:\/\/www.lisboacard.org\/it\/sconti\/\" data-type=\"page\" data-id=\"6\">qui<\/a>.<\/p>\n\n<\/div>\n<\/div>\n<div id=\"faq-question-1724316893105\" class=\"rank-math-list-item\">\n<h3 class=\"rank-math-question \">Vale la pena acquistare la Lisboa Card?<\/h3>\n<div class=\"rank-math-answer \">\n\n<p>Se vale la pena acquistare la Lisboa Card dipende principalmente dai tuoi piani di viaggio e dalle tue esigenze di convenienza. In linea di massima, la Lisboa Card \u00e8 un buon affare se pensi di viaggiare con i mezzi pubblici e di visitare diversi musei e attrazioni al giorno. Di seguito ti elenchiamo alcune cose da tenere a mente se stai pensando di acquistare la Lisboa Card:<\/p>\n<p><strong>Il costo della carta<\/strong><br \/>L&#8217;unico modo per essere sicuri che la Lisboa Card valga l&#8217;investimento \u00e8 quello di analizzare i tuoi piani e calcolare quanto costerebbe per ingressi, visite e trasporti. Confronta il totale con i costi giornalieri della Lisboa Card e vedi se la carta \u00e8 un buon affare. Tieni presente che la carta per 72 ore \u00e8 la pi\u00f9 conveniente.<\/p>\n<p><strong>Libert\u00e0 e flessibilit\u00e0<\/strong><br \/>In molti casi la Lisboa Card punta sulla convenienza: ti permette di fare ci\u00f2 che vuoi, quando vuoi, senza doverti preoccupare di acquistare biglietti extra per musei o trasporti.<br \/>In definitiva, se stai visitando Lisboa con un budget limitato, fai due conti e vedi se il costo e il risparmio ne valgono la pena. Se apprezzi la <strong>libert\u00e0<\/strong>, la <strong>flessibilit\u00e0<\/strong> e la <strong>convenienza<\/strong>, la Lisboa Card \u00e8 probabilmente un ottimo affare.<\/p>\n\n<\/div>\n<\/div>\n<div id=\"faq-question-1724316971009\" class=\"rank-math-list-item\">\n<h3 class=\"rank-math-question \">Quanto costa la Lisboa Card?<\/h3>\n<div class=\"rank-math-answer \">\n\n<p>Il prezzo della Lisboa Card dipende dal numero di giorni di validit\u00e0. I bambini ricevono un ulteriore sconto sul prezzo di acquisto.<br \/>Per confrontare le diverse carte, guarda il prezzo al giorno. Ad esempio, una Lisboa Card da 72 ore \u00e8 pi\u00f9 economica al giorno di una da 24 ore. Consulta la <a href=\"https:\/\/www.lisboacard.org\/it\/prezzi\/\" data-type=\"page\" data-id=\"9\">tabella dei prezzi per<\/a> vedere tutti i prezzi della Lisboa Card.<\/p>\n\n<\/div>\n<\/div>\n<div id=\"faq-question-1729234149966\" class=\"rank-math-list-item\">\n<h3 class=\"rank-math-question \">Dove posso ritirare la Lisboa Card?<\/h3>\n<div class=\"rank-math-answer \">\n\n<p>I voucher possono essere scambiati con la Lisboa Card presso vari uffici turistici della citt\u00e0 e presso la sala arrivi dell&#8217;aeroporto. L&#8217;e-mail di conferma contiene un elenco di punti di ritiro, indirizzi e orari di apertura.<\/p>\n\n<\/div>\n<\/div>\n<\/div>\n<\/div>","protected":false},"excerpt":{"rendered":"","protected":false},"author":1,"featured_media":0,"parent":0,"menu_order":5,"comment_status":"closed","ping_status":"closed","template":"","meta":{"_acf_changed":false,"footnotes":"","button_url":"https:\/\/www.tiqets.com\/it\/lisbon-attractions-c76528\/tickets-for-lisbon-card-p974847\/?partner=lisboacard","ms_product_id":"","ms_product_name":"","ms_price":"","ms_currency":"","ms_rating_value":"","ms_review_count":"","rank_math_title":"%title% %page% %sep% %sitename%","rank_math_description":" "},"post-style":[],"producer":[],"class_list":["post-581","page","type-page","status-publish","has-post-thumbnail"],"acf":[],"product_schema":{"ms_product_id":"","ms_product_name":"","ms_price":"","ms_currency":"","ms_rating_value":"","ms_review_count":""},"_links":{"self":[{"href":"https:\/\/www.lisboacard.org\/it\/wp-json\/wp\/v2\/pages\/581","targetHints":{"allow":["GET"]}}],"collection":[{"href":"https:\/\/www.lisboacard.org\/it\/wp-json\/wp\/v2\/pages"}],"about":[{"href":"https:\/\/www.lisboacard.org\/it\/wp-json\/wp\/v2\/types\/page"}],"author":[{"embeddable":true,"href":"https:\/\/www.lisboacard.org\/it\/wp-json\/wp\/v2\/users\/1"}],"replies":[{"embeddable":true,"href":"https:\/\/www.lisboacard.org\/it\/wp-json\/wp\/v2\/comments?post=581"}],"version-history":[{"count":3,"href":"https:\/\/www.lisboacard.org\/it\/wp-json\/wp\/v2\/pages\/581\/revisions"}],"predecessor-version":[{"id":831,"href":"https:\/\/www.lisboacard.org\/it\/wp-json\/wp\/v2\/pages\/581\/revisions\/831"}],"wp:attachment":[{"href":"https:\/\/www.lisboacard.org\/it\/wp-json\/wp\/v2\/media?parent=581"}],"wp:term":[{"taxonomy":"post-style","embeddable":true,"href":"https:\/\/www.lisboacard.org\/it\/wp-json\/wp\/v2\/post-style?post=581"},{"taxonomy":"producer","embeddable":true,"href":"https:\/\/www.lisboacard.org\/it\/wp-json\/wp\/v2\/producer?post=581"}],"curies":[{"name":"wp","href":"https:\/\/api.w.org\/{rel}","templated":true}]}}