{"id":6,"date":"2014-01-05T15:29:47","date_gmt":"2014-01-05T15:29:47","guid":{"rendered":"https:\/\/www.lisboacard.org\/ja\/?page_id=6"},"modified":"2026-05-07T00:20:44","modified_gmt":"2026-05-06T22:20:44","slug":"discounts","status":"publish","type":"page","link":"https:\/\/www.lisboacard.org\/ja\/discounts\/","title":{"rendered":"\u30ea\u30b9\u30dc\u30f3\u30ab\u30fc\u30c9 \u5bfe\u8c61\u65bd\u8a2d\u30fb\u5272\u5f15\u4e00\u89a7"},"content":{"rendered":"<div class=\"gb-container gb-container-7d45ff9c ms-p ms-rounded ms-mb-children-condensed ms-mb-block ms-alert--contrast\">\n\n<ul class=\"wp-block-list\">\n<li><a href=\"https:\/\/www.lisboacard.org\/wp-content\/uploads\/lisboa-card-discounts.pdf\" target=\"_blank\" rel=\"noreferrer noopener\">\u6700\u65b0\u306e\u5272\u5f15\u4e00\u89a7\uff08PDF\uff09\u306f\u3053\u3061\u3089\u304b\u3089\u30c0\u30a6\u30f3\u30ed\u30fc\u30c9\u3067\u304d\u307e\u3059<\/a>\u3002<\/li>\n\n\n\n<li>\u307b\u3068\u3093\u3069\u306e\u7f8e\u8853\u9928\u3084\u535a\u7269\u9928\u306f\u3001\u9031\u306b\u5c11\u306a\u304f\u3068\u30821\u65e5\u4f11\u9928\u65e5\u304c\u3042\u308a\u307e\u3059\u3002\u6765\u9928\u524d\u306b\u958b\u9928\u6642\u9593\u3092\u3054\u78ba\u8a8d\u304f\u3060\u3055\u3044\u3002<\/li>\n\n\n\n<li>\u4e00\u6642\u9589\u9928\uff1a\u30d9\u30ec\u30f3\u306e\u5854\u3001\u56fd\u7acb\u30bf\u30a4\u30eb\u535a\u7269\u9928\u3001\u56fd\u7acb\u53e4\u4ee3\u7f8e\u8853\u9928\u3001\u30b5\u30f3\u30bf\u30fb\u30b8\u30e5\u30b9\u30bf\u306e\u30a8\u30ec\u30d9\u30fc\u30bf\u30fc\u3001\u8863\u88c5\u535a\u7269\u9928\u3001\u6f14\u5287\u30fb\u821e\u8e0a\u535a\u7269\u9928\u3001\u56fd\u7acb\u8003\u53e4\u5b66\u535a\u7269\u9928\u3001NewsMuseum\u3001\u30ab\u30eb\u30fc\u30b9\u30c8\u30fb\u30b0\u30eb\u30d9\u30f3\u30ad\u30a2\u30f3\u7f8e\u8853\u9928\u3002<\/li>\n\n\n\n<li>\u30ea\u30b9\u30dc\u30f3\u30ab\u30fc\u30c9\u306f\u3001\u6709\u52b9\u5316\u3059\u308b\u65e5\u306e28\u65e5\u524d\u307e\u3067\u8cfc\u5165\u53ef\u80fd\u3067\u3059\u3002<\/li>\n<\/ul>\n\n<\/div>\n\n\n<h3 class=\"gb-headline gb-headline-6549ee2c gb-headline-text\">\u30c8\u30c3\u30d710<\/h3>\n\n\n<div class=\"ms-table\"><table><tr><th>\u30a2\u30a4\u30c6\u30e0<\/th><th>\u5272\u5f15<\/th><\/tr><tr><td><abbr title=\"Saint George Castle\">Castelo de S\u00e3o Jorge<\/abbr>*<\/td><td>\u7121\u6599<\/td><\/tr><tr><td><abbr title=\"Royal Treasure Museum\">Museu do Tesouro Real<\/abbr><\/td><td>\u7121\u6599<\/td><\/tr><tr><td><abbr title=\"Jer\u00f3nimos Monastery\">Mosteiro dos Jeronimos<\/abbr><\/td><td>\u7121\u6599<\/td><\/tr><tr><td><abbr title=\"Bel\u00e9m Tower\">Torre de Bel\u00e9m<\/abbr><\/td><td>\u7121\u6599<\/td><\/tr><tr><td><abbr title=\"Pilar7 Bridge Experience\">Experi\u00eancia Pilar 7<\/abbr><\/td><td>\u7121\u6599<\/td><\/tr><tr><td>Lisbon Story Centre<\/td><td>\u7121\u6599<\/td><\/tr><tr><td><abbr title=\"National Tile Museum\">Museu Nacional del Azulejo<\/abbr><\/td><td>\u7121\u6599<\/td><\/tr><tr><td><abbr title=\"National Ancient Art Museum\">Museu Nacional del Arte Antigua<\/abbr><\/td><td>\u7121\u6599<\/td><\/tr><tr><td><abbr title=\"Sintra Myths and Legends\">Sintra Mitos e Lendas<\/abbr><\/td><td>\u7121\u6599<\/td><\/tr><tr><td><abbr title=\"Mafra National Palace\">Palacio Nacional de Mafra<\/abbr><\/td><td>\u7121\u6599<\/td><\/tr><\/table><\/div>\n\n\n<h3 class=\"wp-block-heading\">\u4ea4\u901a\u6a5f\u95a2<\/h3>\n\n\n<div class=\"ms-table\"><table><tr><th>\u30a2\u30a4\u30c6\u30e0<\/th><th>\u5272\u5f15<\/th><\/tr><tr><td>Metro (inc. airport transfer)<\/td><td>\u7121\u6599<\/td><\/tr><tr><td>CARRIS &#8211; Buses and Trams<\/td><td>\u7121\u6599<\/td><\/tr><tr><td>CP-Comboios de Portugal<\/td><td>\u7121\u6599<\/td><\/tr><tr><td>FERTAGUS Trains \/ Trenes<\/td><td>\u7121\u6599<\/td><\/tr><\/table><\/div>\n\n\n<h3 class=\"wp-block-heading\">\u8a18\u5ff5\u7891\u30fb\u535a\u7269\u9928<\/h3>\n\n\n<div class=\"ms-table\"><table><tr><th>\u30a2\u30a4\u30c6\u30e0<\/th><th>\u5272\u5f15<\/th><\/tr><tr><td><abbr title=\"National Pantheon\">Panteao Nacional<\/abbr><\/td><td>\u7121\u6599<\/td><\/tr><tr><td><abbr title=\"Ajuda National Palace\">Pal\u00e1cio Nacional da Ajuda<\/abbr><\/td><td>\u7121\u6599<\/td><\/tr><tr><td><abbr title=\"National Coach Museum\">Museo Nacional de Carruajes<\/abbr><\/td><td>\u7121\u6599<\/td><\/tr><tr><td><abbr title=\"Chiado Museum - National Museum of Contemporary Art\">Museu do Chiado &#8211; Museu Nacional de Arte Contempor\u00e2nea<\/abbr><\/td><td>\u7121\u6599<\/td><\/tr><tr><td><abbr title=\"National Ethnology Museum\">Museu Nacional de Etnologia<\/abbr><\/td><td>\u7121\u6599<\/td><\/tr><tr><td><abbr title=\"National Costume Museum\">Museu Nacional do Traje<\/abbr><\/td><td>\u7121\u6599<\/td><\/tr><tr><td><abbr title=\"National Museum of Theatre and Dance\">Museu Nacional do Teatro e da Dan\u00e7a<\/abbr><\/td><td>\u7121\u6599<\/td><\/tr><tr><td><abbr title=\"National Archaeology Museum\">Museu Nacional de Arqueologia<\/abbr><\/td><td>\u7121\u6599<\/td><\/tr><tr><td><abbr title=\"National Music Museum\">Museu Nacional da M\u00fasica<\/abbr><\/td><td>\u7121\u6599<\/td><\/tr><tr><td><abbr title=\"Dr. Anast\u00e1cio Gon\u00e7alves Museum-Residence\">Casa-Museu Dr. Anast\u00e1cio Gon\u00e7alves<\/abbr><\/td><td>\u7121\u6599<\/td><\/tr><tr><td><abbr title=\"Republican National Guard Museum\">Museu da Guarda Nacional Republicana<\/abbr><\/td><td>\u7121\u6599<\/td><\/tr><tr><td><abbr title=\"Ceramics Museum - Sacav\u00e9m\">Museu de Cer\u00e2mica &#8211; Sacav\u00e9m<\/abbr><\/td><td>\u7121\u6599<\/td><\/tr><tr><td><abbr title=\"Air Museum\">Museu do Ar<\/abbr><\/td><td>\u7121\u6599<\/td><\/tr><tr><td><abbr title=\"Batalha Monastery\">Mosteiro da Batalha<\/abbr><\/td><td>\u7121\u6599<\/td><\/tr><tr><td><abbr title=\"Alcoba\u00e7a Monastery\">Mosteiro de Alcoba\u00e7a<\/abbr><\/td><td>\u7121\u6599<\/td><\/tr><tr><td><abbr title=\"Tomar Convent of Christ\">Convento de Cristo &#8211; Tomar<\/abbr><\/td><td>\u7121\u6599<\/td><\/tr><tr><td><abbr title=\"Museum of Neo Realism - Vila Franca de Xira\">Museu do Neo-Realismo &#8211; Vila Franca de Xira<\/abbr><\/td><td>\u7121\u6599<\/td><\/tr><tr><td><abbr title=\"Museum of the Work Michel Giacometti\">Museu do Trabalho Michel Giacometti<\/abbr><\/td><td>\u7121\u6599<\/td><\/tr><tr><td><abbr title=\"Casa da Cerca - Museum of Contemporary Art - Almada\">Casa da Cerca &#8211; Museu de Arte Contempor\u00e2nea &#8211; Almada<\/abbr><\/td><td>\u7121\u6599<\/td><\/tr><tr><td><abbr title=\"Chapel of the Holy Spirit of the Mareantes - Sesimbra\">Capela do Esp\u00edrito Santo dos Mareantes &#8211; Sesimbra<\/abbr><\/td><td>\u7121\u6599<\/td><\/tr><tr><td><abbr title=\"Set\u00fabal Municipal Gallery\">Galeria Municipal de Set\u00fabal<\/abbr><\/td><td>\u7121\u6599<\/td><\/tr><tr><td><abbr title=\"Maritime Museum - Sesimbra\">Museu Mar\u00edtimo &#8211; Sesimbra<\/abbr><\/td><td>\u7121\u6599<\/td><\/tr><tr><td><abbr title=\"Convent of Jesus - Set\u00fabal Museum\">Convento de Jesus &#8211; Museu de Set\u00fabal<\/abbr><\/td><td>\u7121\u6599<\/td><\/tr><tr><td><abbr title=\"Mourisca Tide Mill \u2013 Herdade da Mourisca\">Moinho de Mar\u00e9 da Mourisca \u2013 Herdade da Mourisca<\/abbr><\/td><td>\u7121\u6599<\/td><\/tr><tr><td>NewsMuseum<\/td><td>\u7121\u6599<\/td><\/tr><tr><td><abbr title=\"Fado Museum\">Museu do Fado<\/abbr>*<\/td><td>\u7121\u6599<\/td><\/tr><tr><td><abbr title=\"Studio-Museum J\u00falio Pomar\">Est\u00fadio-Museu J\u00falio Pomar<\/abbr>*<\/td><td>\u7121\u6599<\/td><\/tr><tr><td><abbr title=\"Museum of Aljube\">Museu do Aljube<\/abbr>*<\/td><td>\u7121\u6599<\/td><\/tr><tr><td><abbr title=\"Fernando Pessoa's House\">Casa Fernando Pessoa<\/abbr>*<\/td><td>\u7121\u6599<\/td><\/tr><tr><td><abbr title=\"Museum Bordalo Pinheiro\">Museu Bordalo Pinheiro<\/abbr>*<\/td><td>\u7121\u6599<\/td><\/tr><tr><td><abbr title=\"Puppet Museum\">Museu da Marioneta<\/abbr>*<\/td><td>\u7121\u6599<\/td><\/tr><tr><td><abbr title=\"Lisbon Museum - Casa dos Bicos\">Museu de Lisboa &#8211; Casa dos Bicos<\/abbr>*<\/td><td>\u7121\u6599<\/td><\/tr><tr><td><abbr title=\"Lisbon Museum - Pal\u00e1cio Pimenta\">Museu de Lisboa &#8211; Pal\u00e1cio Pimenta<\/abbr>*<\/td><td>\u7121\u6599<\/td><\/tr><tr><td><abbr title=\"Lisbon Museum - Saint Anthony\">Museu de Lisboa &#8211; Santo Ant\u00f3nio<\/abbr>*<\/td><td>\u7121\u6599<\/td><\/tr><tr><td><abbr title=\"Lisbon Museum - Roman Theater\">Museu de Lisboa &#8211; Teatro Romano<\/abbr>*<\/td><td>\u7121\u6599<\/td><\/tr><tr><td><abbr title=\"Arpad Szenes - Vieira da Silva Foundation\">Funda\u00e7\u00e3o Arpad Szenes &#8211; Vieira da Silva<\/abbr><\/td><td>-50%<\/td><\/tr><tr><td><abbr title=\"Water Museum\">Museu da \u00c1gua<\/abbr><\/td><td>-50%<\/td><\/tr><tr><td><abbr title=\"Museum of Macau Cultural and Scientific Centre\">Museu do Centro Cient\u00edfico e Cultural de Macau<\/abbr><\/td><td>-50%<\/td><\/tr><tr><td><abbr title=\"Portuguese Communications Foundation\">Funda\u00e7\u00e3o Portuguesa das Comunica\u00e7\u00f5es<\/abbr><\/td><td>-50%<\/td><\/tr><tr><td><abbr title=\"S\u00e3o Roque Museum\">Museu de S\u00e3o Roque<\/abbr><\/td><td>-50%<\/td><\/tr><tr><td><abbr title=\"Medeiros e Almeida Museum\">Museu Medeiros e Almeida<\/abbr><\/td><td>-40%<\/td><\/tr><tr><td><abbr title=\"Carris Museum\">Museu da Carris<\/abbr><\/td><td>-30%<\/td><\/tr><tr><td><abbr title=\"S\u00e3o Vicente Monastery\">Mosteiro de S\u00e3o Vicente de Fora<\/abbr><\/td><td>-25%<\/td><\/tr><tr><td><abbr title=\"MAC\/CCB Museum of Contemporary Art\">MAC\/CCB Museu de Arte Contempor\u00e2nea<\/abbr><\/td><td>-20%<\/td><\/tr><tr><td><abbr title=\"Fragata D. Fernando II e Gl\u00f3ria\">Fragata D. Fernando II e Gl\u00f3ria<\/abbr><\/td><td>-20%<\/td><\/tr><tr><td><abbr title=\"Calouste Gulbenkian Museum\">Museu Calouste Gulbenkian<\/abbr><\/td><td>-20%<\/td><\/tr><tr><td><abbr title=\"Calouste Gulbenkian Museum - Modern Collection\">Museu Calouste Gulbenkian &#8211; Cole\u00e7\u00e3o Moderna<\/abbr><\/td><td>-20%<\/td><\/tr><tr><td><abbr title=\"Ruins of Igreja do Carmo \u2013 Archaeological Museum\">Ru\u00ednas da Igreja do Carmo \u2013 Museu Arqueol\u00f3gico do Carmo<\/abbr><\/td><td>-20%<\/td><\/tr><tr><td><abbr title=\"Am\u00e1lia Rodrigues Museum - Residence\">Casa-Museu Am\u00e1lia Rodrigues<\/abbr><\/td><td>-20%<\/td><\/tr><tr><td><abbr title=\"Museum of Mechanical Music - Palmela\">Museu da M\u00fasica Mec\u00e2nica &#8211; Palmela<\/abbr><\/td><td>-20%<\/td><\/tr><tr><td><abbr title=\"The Orient Museum\">Museu do Oriente<\/abbr><\/td><td>-20%<\/td><\/tr><tr><td><abbr title=\"Pharmacy Museum\">Museu da Farm\u00e1cia<\/abbr><\/td><td>-20%<\/td><\/tr><tr><td><abbr title=\"Lisbon Cathedral\">Catedral de Lisboa<\/abbr><\/td><td>-20%<\/td><\/tr><tr><td><abbr title=\"Church Tower in St. Jorge's Castle\">Torre da Igreja do Castelo de S\u00e3o Jorge<\/abbr><\/td><td>-20%<\/td><\/tr><tr><td><abbr title=\"Navy Museum\">Museu da Marinha<\/abbr><\/td><td>-20%<\/td><\/tr><tr><td><abbr title=\"Church of Gra\u00e7a\">Igreja da Gra\u00e7a<\/abbr><\/td><td>-20%<\/td><\/tr><tr><td><abbr title=\"Convento dos Cardaes\">Convento dos Cardaes<\/abbr><\/td><td>-20%<\/td><\/tr><tr><td>Museum of Illusions<\/td><td>-20%<\/td><\/tr><tr><td><abbr title=\"Benfica Museum\">Museu Benfica \/ Cosme Dami\u00e3o<\/abbr><\/td><td>-15%<\/td><\/tr><tr><td><abbr title=\"MAAT - Museum of Art, Architecture and Technology\">MAAT &#8211; Museu de Arte, Arquitetura e Tecnologia<\/abbr><\/td><td>-15%<\/td><\/tr><tr><td><abbr title=\"Queluz National Palace\">Pal\u00e1cio Nacional de Queluz<\/abbr><\/td><td>-10%<\/td><\/tr><tr><td><abbr title=\"Museum Sporting\">Museu Sporting<\/abbr><\/td><td>-10%<\/td><\/tr><tr><td><abbr title=\"Pena National Palace and Park\">Pal\u00e1cio Nacional da Pena e Parque<\/abbr><\/td><td>-10%<\/td><\/tr><tr><td><abbr title=\"Sintra National Palace\">Pal\u00e1cio Nacional de Sintra<\/abbr><\/td><td>-10%<\/td><\/tr><tr><td><abbr title=\"Natural History Science Museum\">Museu de Hist\u00f3ria Natural e Ci\u00eancia<\/abbr><\/td><td>-10%<\/td><\/tr><tr><td><abbr title=\"Pal\u00e1cio Biester (Sintra)\">Pal\u00e1cio Biester (Sintra)<\/abbr><\/td><td>-10%<\/td><\/tr><tr><td><abbr title=\"MACAM - Armando Martin Museum of Contemporary Art\">MACAM &#8211; Museu de Arte Contempor\u00e2nea Armando Martins<\/abbr><\/td><td>-10%<\/td><\/tr><\/table><\/div>\n\n\n<h3 class=\"wp-block-heading\">\u89b3\u5149\u540d\u6240<\/h3>\n\n\n<div class=\"ms-table\"><table><tr><th>\u30a2\u30a4\u30c6\u30e0<\/th><th>\u5272\u5f15<\/th><\/tr><tr><td><abbr title=\"Rua Augusta Arch\">Arco da Rua Augusta<\/abbr><\/td><td>\u7121\u6599<\/td><\/tr><tr><td><abbr title=\"Cold Greenhouse\">Estufa Fria<\/abbr><\/td><td>\u7121\u6599<\/td><\/tr><tr><td><abbr title=\"Interpretive Center of the History of Codfish\">Centro Interpretativo da Hist\u00f3ria do Bacalhau<\/abbr><\/td><td>\u7121\u6599<\/td><\/tr><tr><td><abbr title=\"CIRES \u2013 Roaz Interpretive Center of the Sado Estuary\">CIRES \u2013 Centro Interpretativo do Roaz do Estu\u00e1rio do Sado<\/abbr><\/td><td>\u7121\u6599<\/td><\/tr><tr><td><abbr title=\"Santa Justa Elevator\">Elevador de Santa Justa<\/abbr><\/td><td>\u7121\u6599<\/td><\/tr><tr><td><abbr title=\"Discoveries Monument\">Padr\u00e3o dos Descobrimentos<\/abbr>*<\/td><td>\u7121\u6599<\/td><\/tr><tr><td><abbr title=\"CIAN - Murais Almada Gares Mar\u00edtimas Centro Interpretativo\">CIAN &#8211; Murais Almada Gares Mar\u00edtimas Centro Interpretativo<\/abbr><\/td><td>\u7121\u6599<\/td><\/tr><tr><td>Centro Interpretativo<\/td><td>\u7121\u6599<\/td><\/tr><tr><td><abbr title=\"Navy planetarium\">Planet\u00e1rio da Marinha<\/abbr><\/td><td>-20%<\/td><\/tr><tr><td><abbr title=\"Bel\u00e9m Cultural Centre\">Centro Cultural de Bel\u00e9m<\/abbr><\/td><td>-20%<\/td><\/tr><tr><td><abbr title=\"Vasco da Gama Aquarium\">Aqu\u00e1rio Vasco da Gama<\/abbr><\/td><td>-20%<\/td><\/tr><tr><td><abbr title=\"Jos\u00e9 Saramago Foundation\">Funda\u00e7\u00e3o Jos\u00e9 Saramago<\/abbr><\/td><td>-1\u20ac<\/td><\/tr><tr><td><abbr title=\"Lisbon Aquarium\">Ocean\u00e1rio de Lisboa<\/abbr><\/td><td>-15%<\/td><\/tr><tr><td><abbr title=\"Pavilion of Knowledge \u2013 Ci\u00eancia Viva Science Centre\">Pavilh\u00e3o do Conhecimento \u2013 Centro Ci\u00eancia Viva<\/abbr><\/td><td>-15%<\/td><\/tr><tr><td><abbr title=\"Lisboa Zoo\">Jardim Zool\u00f3gico de Lisboa<\/abbr><\/td><td>-15%<\/td><\/tr><tr><td><abbr title=\"Parques de Sintra - Capuchos Convent \/ Monserrate Park \/ Moorish Castle\">Parques de Sintra &#8211; Convento dos Capuchos \/ Parque de Monserrate \/ Castelo dos Mouros<\/abbr><\/td><td>-15%<\/td><\/tr><tr><td><abbr title=\"OCUBO - Immersivus Gallery Lisboa\">OCUBO &#8211; Immersivus Gallery Lisboa<\/abbr><\/td><td>-15%<\/td><\/tr><tr><td><abbr title=\"Cable Car Parque das Na\u00e7\u00f5es \/ Telef\u00e9rico Parque das Na\u00e7\u00f5es\">Telef\u00e9rico do Parque das Na\u00e7\u00f5es<\/abbr><\/td><td>-10%<\/td><\/tr><tr><td><abbr title=\"Culturgest - Exhibitions \/ Culturgest - Exposiciones\">Culturgest &#8211; Exposi\u00e7\u00f5es<\/abbr><\/td><td>-10%<\/td><\/tr><\/table><\/div>\n\n\n<h3 class=\"wp-block-heading\">\u30c4\u30a2\u30fc<\/h3>\n\n\n<div class=\"ms-table\"><table><tr><th>\u30a2\u30a4\u30c6\u30e0<\/th><th>\u5272\u5f15<\/th><\/tr><tr><td>Tuk Guide Portugal<\/td><td>-25%<\/td><\/tr><tr><td>Barco Varino da Liberdade &#8211; Vila Franca de Xira<\/td><td>-25%<\/td><\/tr><tr><td>CitySightseeing<\/td><td>-25%<\/td><\/tr><tr><td>Inside Lisbon<\/td><td>-20%<\/td><\/tr><tr><td>Lisboa Aut\u00eantica<\/td><td>-20%<\/td><\/tr><tr><td>Naturway<\/td><td>-20%<\/td><\/tr><tr><td>Sado Arr\u00e1bida<\/td><td>-20%<\/td><\/tr><tr><td>Selection Tours<\/td><td>-20%<\/td><\/tr><tr><td>BOOST Portugal<\/td><td>-20%<\/td><\/tr><tr><td>SeaEO Tours<\/td><td>-15%<\/td><\/tr><tr><td>Hippotrip<\/td><td>-15%<\/td><\/tr><tr><td>Cityrama<\/td><td>-15%<\/td><\/tr><tr><td>PalmaYachts<\/td><td>-15%<\/td><\/tr><tr><td>Lisbon Destination Tours<\/td><td>-15%<\/td><\/tr><tr><td>Lisbon by Boat<\/td><td>-15%<\/td><\/tr><tr><td>Cooltour Lisbon<\/td><td>-15%<\/td><\/tr><tr><td>Tugatrips<\/td><td>-15%<\/td><\/tr><tr><td>Yellow Bus<\/td><td>-10%<\/td><\/tr><tr><td>Lisboat<\/td><td>-10%<\/td><\/tr><tr><td>FRS Portugal<\/td><td>-10%<\/td><\/tr><tr><td>Vertente Natural<\/td><td>-10%<\/td><\/tr><tr><td>Blue Cruises<\/td><td>-10%<\/td><\/tr><tr><td>Set\u00fabal Alive<\/td><td>-10%<\/td><\/tr><\/table><\/div>\n\n\n<h3 class=\"wp-block-heading\">\u305d\u306e\u4ed6<\/h3>\n\n\n<div class=\"ms-table\"><table><tr><th>\u30a2\u30a4\u30c6\u30e0<\/th><th>\u5272\u5f15<\/th><\/tr><tr><td>Viniportugal<\/td><td>-20%<\/td><\/tr><tr><td>Amoreiras Shopping Center<\/td><td>-5\u20ac<\/td><\/tr><tr><td><abbr title=\"Amoreiras Shopping Center Miradouro \/ Belv\u00e9d\u00e8re\">Amoreiras 360\u00ba Panoramic View (Miradouro do Amoreiras Shopping Center)<\/abbr><\/td><td>-1\u20ac<\/td><\/tr><tr><td>Casa da Ba\u00eda &#8211; Set\u00fabal<\/td><td>-15%<\/td><\/tr><tr><td>Mercearia Confian\u00e7a &#8211; Set\u00fabal<\/td><td>-15%<\/td><\/tr><tr><td>Casa do Turismo<\/td><td>-15%<\/td><\/tr><tr><td>El Corte Ingles<\/td><td>\u30a6\u30a7\u30eb\u30ab\u30e0\u30d1\u30c3\u30af\uff0b10%<\/td><\/tr><tr><td><abbr title=\"Lisboa Shop - Terreiro do Pa\u00e7o\">Loja Lisboa &#8211; Terreiro do Pa\u00e7o<\/abbr><\/td><td>-10%<\/td><\/tr><tr><td>Freeport Fashion Outlet<\/td><td>-10%<\/td><\/tr><tr><td>Fado in Chiado<\/td><td>-10%<\/td><\/tr><tr><td><abbr title=\"Vasco da Gama Tower Belvedere \/ Mirador\">Miradouro da Torre Vasco da Gama<\/abbr><\/td><td>-10%<\/td><\/tr><tr><td><abbr title=\"Sant\u2019Anna Faience and Tile Factory\">F\u00e1brica de Faian\u00e7as e Azulejos Sant\u2019Anna<\/abbr><\/td><td>-5%<\/td><\/tr><\/table><\/div>\n\n\n<p>* 13\u6b73\u304b\u308915\u6b73\u306e\u5b50\u3069\u3082\u306f\u5bfe\u8c61\u5916\u3067\u3059<\/p>\n\n\n\n<p>\u66f4\u65b0\u65e5\uff1a2026\u5e745\u6708\u3002\u30ea\u30b9\u30dc\u30f3\u30ab\u30fc\u30c9\u306b\u542b\u307e\u308c\u308b\u5272\u5f15\u5185\u5bb9\u306f\u4e88\u544a\u306a\u304f\u5909\u66f4\u3055\u308c\u308b\u5834\u5408\u304c\u3042\u308a\u307e\u3059\u3002<\/p>\n","protected":false},"excerpt":{"rendered":"","protected":false},"author":5,"featured_media":0,"parent":0,"menu_order":3,"comment_status":"closed","ping_status":"closed","template":"","meta":{"_acf_changed":false,"footnotes":"","button_url":"https:\/\/www.tiqets.com\/ja\/lisbon-attractions-c76528\/tickets-for-lisbon-card-p974847\/?partner=lisboacard","ms_product_id":"","ms_product_name":"","ms_price":"","ms_currency":"","ms_rating_value":"","ms_review_count":"","rank_math_title":"\u30ea\u30b9\u30dc\u30f3\u30ab\u30fc\u30c9 \u30a2\u30c8\u30e9\u30af\u30b7\u30e7\u30f3\uff06\u5272\u5f15\u30ea\u30b9\u30c8\uff08%currentyear%\u66f4\u65b0\uff09","rank_math_description":"\u30ea\u30b9\u30dc\u30f3\u30ab\u30fc\u30c9\u306b\u542b\u307e\u308c\u308b\u7279\u5178\u3092\u3054\u89a7\u304f\u3060\u3055\u3044\uff1a51\u306e\u7121\u6599\u89b3\u5149\u30b9\u30dd\u30c3\u30c8\u3001\u535a\u7269\u9928\u3001\u8a18\u5ff5\u7891\u3001\u305d\u3057\u3066\u516c\u5171\u4ea4\u901a\u6a5f\u95a2\u306e\u4e57\u308a\u653e\u984c\u3002\u4e3b\u8981\u89b3\u5149\u5730\u304c1\u679a\u306e\u30d1\u30b9\u3067\u697d\u3057\u3081\u307e\u3059\u3002"},"post-style":[],"producer":[],"class_list":["post-6","page","type-page","status-publish","has-post-thumbnail"],"acf":[],"product_schema":{"ms_product_id":"","ms_product_name":"","ms_price":"","ms_currency":"","ms_rating_value":"","ms_review_count":""},"_links":{"self":[{"href":"https:\/\/www.lisboacard.org\/ja\/wp-json\/wp\/v2\/pages\/6","targetHints":{"allow":["GET"]}}],"collection":[{"href":"https:\/\/www.lisboacard.org\/ja\/wp-json\/wp\/v2\/pages"}],"about":[{"href":"https:\/\/www.lisboacard.org\/ja\/wp-json\/wp\/v2\/types\/page"}],"author":[{"embeddable":true,"href":"https:\/\/www.lisboacard.org\/ja\/wp-json\/wp\/v2\/users\/5"}],"replies":[{"embeddable":true,"href":"https:\/\/www.lisboacard.org\/ja\/wp-json\/wp\/v2\/comments?post=6"}],"version-history":[{"count":3,"href":"https:\/\/www.lisboacard.org\/ja\/wp-json\/wp\/v2\/pages\/6\/revisions"}],"predecessor-version":[{"id":1175,"href":"https:\/\/www.lisboacard.org\/ja\/wp-json\/wp\/v2\/pages\/6\/revisions\/1175"}],"wp:attachment":[{"href":"https:\/\/www.lisboacard.org\/ja\/wp-json\/wp\/v2\/media?parent=6"}],"wp:term":[{"taxonomy":"post-style","embeddable":true,"href":"https:\/\/www.lisboacard.org\/ja\/wp-json\/wp\/v2\/post-style?post=6"},{"taxonomy":"producer","embeddable":true,"href":"https:\/\/www.lisboacard.org\/ja\/wp-json\/wp\/v2\/producer?post=6"}],"curies":[{"name":"wp","href":"https:\/\/api.w.org\/{rel}","templated":true}]}}