{"id":6,"date":"2014-01-05T15:29:47","date_gmt":"2014-01-05T15:29:47","guid":{"rendered":"https:\/\/www.lisboacard.org\/ko\/?page_id=6"},"modified":"2026-05-07T00:17:16","modified_gmt":"2026-05-06T22:17:16","slug":"discounts","status":"publish","type":"page","link":"https:\/\/www.lisboacard.org\/ko\/discounts\/","title":{"rendered":"\ub9ac\uc2a4\ubcf4\uc544 \uce74\ub4dc \uad00\uad11 \uba85\uc18c \ubc0f \ud560\uc778 \ubaa9\ub85d"},"content":{"rendered":"<div class=\"gb-container gb-container-7d45ff9c ms-p ms-rounded ms-mb-children-condensed ms-mb-block ms-alert--contrast\">\n\n<ul class=\"wp-block-list\">\n<li><a href=\"https:\/\/www.lisboacard.org\/wp-content\/uploads\/lisboa-card-discounts.pdf\" target=\"_blank\" rel=\"noreferrer noopener\">\ucd5c\uc2e0 \ud560\uc778 \ubaa9\ub85d(PDF)\uc744 \ub2e4\uc6b4\ub85c\ub4dc\ud558\ub824\uba74 \uc5ec\uae30\ub97c \ud074\ub9ad\ud558\uc138\uc694.<\/a><\/li>\n\n\n\n<li>\ub300\ubd80\ubd84\uc758 \ubc15\ubb3c\uad00\uc740 \uc77c\uc8fc\uc77c\uc5d0 \ud558\ub8e8 \uc774\uc0c1 \ud734\uad00\ud558\ub2c8, \ubc29\ubb38 \uc804\uc5d0 \uc6b4\uc601 \uc2dc\uac04\uc744 \ud655\uc778\ud558\uc2dc\uae30 \ubc14\ub78d\ub2c8\ub2e4.<\/li>\n\n\n\n<li>\uc784\uc2dc \ud734\uad00: \ubca8\ub818 \ud0d1, \uad6d\ub9bd \ud0c0\uc77c \ubc15\ubb3c\uad00, \uad6d\ub9bd \uace0\ub300 \ubbf8\uc220\uad00, \uc0b0\ud0c0 \uc8fc\uc2a4\ud0c0 \uc5d8\ub9ac\ubca0\uc774\ud130, \uc758\uc0c1 \ubc15\ubb3c\uad00, \uc5f0\uadf9 \ubc0f \ubb34\uc6a9 \ubc15\ubb3c\uad00, \uad6d\ub9bd \uace0\uace0\ud559 \ubc15\ubb3c\uad00, \ub274\uc2a4\ubba4\uc9c0\uc5c4, \uce7c\ub8e8\uc2a4\ud2b8 \uad74\ubca4\ud0a4\uc548 \ubc15\ubb3c\uad00.<\/li>\n\n\n\n<li>\ub9ac\uc2a4\ubcf4\uc544 \uce74\ub4dc\ub294 \uc0ac\uc6a9 \uac1c\uc2dc\uc77c\ub85c\ubd80\ud130 \ucd5c\ub300 28\uc77c \uc804\uc5d0 \ubbf8\ub9ac \uad6c\ub9e4\ud560 \uc218 \uc788\uc2b5\ub2c8\ub2e4.<\/li>\n<\/ul>\n\n<\/div>\n\n\n<h3 class=\"gb-headline gb-headline-6549ee2c gb-headline-text\">Top 10<\/h3>\n\n\n<div class=\"ms-table\"><table><tr><th>\uc544\uc774\ud15c<\/th><th>\ud560\uc778<\/th><\/tr><tr><td><abbr title=\"Saint George Castle\">Castelo de S\u00e3o Jorge<\/abbr>*<\/td><td>\ubb34\ub8cc<\/td><\/tr><tr><td><abbr title=\"Royal Treasure Museum\">Museu do Tesouro Real<\/abbr><\/td><td>\ubb34\ub8cc<\/td><\/tr><tr><td><abbr title=\"Jer\u00f3nimos Monastery\">Mosteiro dos Jeronimos<\/abbr><\/td><td>\ubb34\ub8cc<\/td><\/tr><tr><td><abbr title=\"Bel\u00e9m Tower\">Torre de Bel\u00e9m<\/abbr><\/td><td>\ubb34\ub8cc<\/td><\/tr><tr><td><abbr title=\"Pilar7 Bridge Experience\">Experi\u00eancia Pilar 7<\/abbr><\/td><td>\ubb34\ub8cc<\/td><\/tr><tr><td>Lisbon Story Centre<\/td><td>\ubb34\ub8cc<\/td><\/tr><tr><td><abbr title=\"National Tile Museum\">Museu Nacional del Azulejo<\/abbr><\/td><td>\ubb34\ub8cc<\/td><\/tr><tr><td><abbr title=\"National Ancient Art Museum\">Museu Nacional del Arte Antigua<\/abbr><\/td><td>\ubb34\ub8cc<\/td><\/tr><tr><td><abbr title=\"Sintra Myths and Legends\">Sintra Mitos e Lendas<\/abbr><\/td><td>\ubb34\ub8cc<\/td><\/tr><tr><td><abbr title=\"Mafra National Palace\">Palacio Nacional de Mafra<\/abbr><\/td><td>\ubb34\ub8cc<\/td><\/tr><\/table><\/div>\n\n\n<h3 class=\"wp-block-heading\">\uad50\ud1b5<\/h3>\n\n\n<div class=\"ms-table\"><table><tr><th>\uc544\uc774\ud15c<\/th><th>\ud560\uc778<\/th><\/tr><tr><td>Metro (inc. airport transfer)<\/td><td>\ubb34\ub8cc<\/td><\/tr><tr><td>CARRIS &#8211; Buses and Trams<\/td><td>\ubb34\ub8cc<\/td><\/tr><tr><td>CP-Comboios de Portugal<\/td><td>\ubb34\ub8cc<\/td><\/tr><tr><td>FERTAGUS Trains \/ Trenes<\/td><td>\ubb34\ub8cc<\/td><\/tr><\/table><\/div>\n\n\n<h3 class=\"wp-block-heading\">\uae30\ub150\ubb3c \ubc0f \ubc15\ubb3c\uad00<\/h3>\n\n\n<div class=\"ms-table\"><table><tr><th>\uc544\uc774\ud15c<\/th><th>\ud560\uc778<\/th><\/tr><tr><td><abbr title=\"National Pantheon\">Panteao Nacional<\/abbr><\/td><td>\ubb34\ub8cc<\/td><\/tr><tr><td><abbr title=\"Ajuda National Palace\">Pal\u00e1cio Nacional da Ajuda<\/abbr><\/td><td>\ubb34\ub8cc<\/td><\/tr><tr><td><abbr title=\"National Coach Museum\">Museo Nacional de Carruajes<\/abbr><\/td><td>\ubb34\ub8cc<\/td><\/tr><tr><td><abbr title=\"Chiado Museum - National Museum of Contemporary Art\">Museu do Chiado &#8211; Museu Nacional de Arte Contempor\u00e2nea<\/abbr><\/td><td>\ubb34\ub8cc<\/td><\/tr><tr><td><abbr title=\"National Ethnology Museum\">Museu Nacional de Etnologia<\/abbr><\/td><td>\ubb34\ub8cc<\/td><\/tr><tr><td><abbr title=\"National Costume Museum\">Museu Nacional do Traje<\/abbr><\/td><td>\ubb34\ub8cc<\/td><\/tr><tr><td><abbr title=\"National Museum of Theatre and Dance\">Museu Nacional do Teatro e da Dan\u00e7a<\/abbr><\/td><td>\ubb34\ub8cc<\/td><\/tr><tr><td><abbr title=\"National Archaeology Museum\">Museu Nacional de Arqueologia<\/abbr><\/td><td>\ubb34\ub8cc<\/td><\/tr><tr><td><abbr title=\"National Music Museum\">Museu Nacional da M\u00fasica<\/abbr><\/td><td>\ubb34\ub8cc<\/td><\/tr><tr><td><abbr title=\"Dr. Anast\u00e1cio Gon\u00e7alves Museum-Residence\">Casa-Museu Dr. Anast\u00e1cio Gon\u00e7alves<\/abbr><\/td><td>\ubb34\ub8cc<\/td><\/tr><tr><td><abbr title=\"Republican National Guard Museum\">Museu da Guarda Nacional Republicana<\/abbr><\/td><td>\ubb34\ub8cc<\/td><\/tr><tr><td><abbr title=\"Ceramics Museum - Sacav\u00e9m\">Museu de Cer\u00e2mica &#8211; Sacav\u00e9m<\/abbr><\/td><td>\ubb34\ub8cc<\/td><\/tr><tr><td><abbr title=\"Air Museum\">Museu do Ar<\/abbr><\/td><td>\ubb34\ub8cc<\/td><\/tr><tr><td><abbr title=\"Batalha Monastery\">Mosteiro da Batalha<\/abbr><\/td><td>\ubb34\ub8cc<\/td><\/tr><tr><td><abbr title=\"Alcoba\u00e7a Monastery\">Mosteiro de Alcoba\u00e7a<\/abbr><\/td><td>\ubb34\ub8cc<\/td><\/tr><tr><td><abbr title=\"Tomar Convent of Christ\">Convento de Cristo &#8211; Tomar<\/abbr><\/td><td>\ubb34\ub8cc<\/td><\/tr><tr><td><abbr title=\"Museum of Neo Realism - Vila Franca de Xira\">Museu do Neo-Realismo &#8211; Vila Franca de Xira<\/abbr><\/td><td>\ubb34\ub8cc<\/td><\/tr><tr><td><abbr title=\"Museum of the Work Michel Giacometti\">Museu do Trabalho Michel Giacometti<\/abbr><\/td><td>\ubb34\ub8cc<\/td><\/tr><tr><td><abbr title=\"Casa da Cerca - Museum of Contemporary Art - Almada\">Casa da Cerca &#8211; Museu de Arte Contempor\u00e2nea &#8211; Almada<\/abbr><\/td><td>\ubb34\ub8cc<\/td><\/tr><tr><td><abbr title=\"Chapel of the Holy Spirit of the Mareantes - Sesimbra\">Capela do Esp\u00edrito Santo dos Mareantes &#8211; Sesimbra<\/abbr><\/td><td>\ubb34\ub8cc<\/td><\/tr><tr><td><abbr title=\"Set\u00fabal Municipal Gallery\">Galeria Municipal de Set\u00fabal<\/abbr><\/td><td>\ubb34\ub8cc<\/td><\/tr><tr><td><abbr title=\"Maritime Museum - Sesimbra\">Museu Mar\u00edtimo &#8211; Sesimbra<\/abbr><\/td><td>\ubb34\ub8cc<\/td><\/tr><tr><td><abbr title=\"Convent of Jesus - Set\u00fabal Museum\">Convento de Jesus &#8211; Museu de Set\u00fabal<\/abbr><\/td><td>\ubb34\ub8cc<\/td><\/tr><tr><td><abbr title=\"Mourisca Tide Mill \u2013 Herdade da Mourisca\">Moinho de Mar\u00e9 da Mourisca \u2013 Herdade da Mourisca<\/abbr><\/td><td>\ubb34\ub8cc<\/td><\/tr><tr><td>NewsMuseum<\/td><td>\ubb34\ub8cc<\/td><\/tr><tr><td><abbr title=\"Fado Museum\">Museu do Fado<\/abbr>*<\/td><td>\ubb34\ub8cc<\/td><\/tr><tr><td><abbr title=\"Studio-Museum J\u00falio Pomar\">Est\u00fadio-Museu J\u00falio Pomar<\/abbr>*<\/td><td>\ubb34\ub8cc<\/td><\/tr><tr><td><abbr title=\"Museum of Aljube\">Museu do Aljube<\/abbr>*<\/td><td>\ubb34\ub8cc<\/td><\/tr><tr><td><abbr title=\"Fernando Pessoa's House\">Casa Fernando Pessoa<\/abbr>*<\/td><td>\ubb34\ub8cc<\/td><\/tr><tr><td><abbr title=\"Museum Bordalo Pinheiro\">Museu Bordalo Pinheiro<\/abbr>*<\/td><td>\ubb34\ub8cc<\/td><\/tr><tr><td><abbr title=\"Puppet Museum\">Museu da Marioneta<\/abbr>*<\/td><td>\ubb34\ub8cc<\/td><\/tr><tr><td><abbr title=\"Lisbon Museum - Casa dos Bicos\">Museu de Lisboa &#8211; Casa dos Bicos<\/abbr>*<\/td><td>\ubb34\ub8cc<\/td><\/tr><tr><td><abbr title=\"Lisbon Museum - Pal\u00e1cio Pimenta\">Museu de Lisboa &#8211; Pal\u00e1cio Pimenta<\/abbr>*<\/td><td>\ubb34\ub8cc<\/td><\/tr><tr><td><abbr title=\"Lisbon Museum - Saint Anthony\">Museu de Lisboa &#8211; Santo Ant\u00f3nio<\/abbr>*<\/td><td>\ubb34\ub8cc<\/td><\/tr><tr><td><abbr title=\"Lisbon Museum - Roman Theater\">Museu de Lisboa &#8211; Teatro Romano<\/abbr>*<\/td><td>\ubb34\ub8cc<\/td><\/tr><tr><td><abbr title=\"Arpad Szenes - Vieira da Silva Foundation\">Funda\u00e7\u00e3o Arpad Szenes &#8211; Vieira da Silva<\/abbr><\/td><td>-50%<\/td><\/tr><tr><td><abbr title=\"Water Museum\">Museu da \u00c1gua<\/abbr><\/td><td>-50%<\/td><\/tr><tr><td><abbr title=\"Museum of Macau Cultural and Scientific Centre\">Museu do Centro Cient\u00edfico e Cultural de Macau<\/abbr><\/td><td>-50%<\/td><\/tr><tr><td><abbr title=\"Portuguese Communications Foundation\">Funda\u00e7\u00e3o Portuguesa das Comunica\u00e7\u00f5es<\/abbr><\/td><td>-50%<\/td><\/tr><tr><td><abbr title=\"S\u00e3o Roque Museum\">Museu de S\u00e3o Roque<\/abbr><\/td><td>-50%<\/td><\/tr><tr><td><abbr title=\"Medeiros e Almeida Museum\">Museu Medeiros e Almeida<\/abbr><\/td><td>-40%<\/td><\/tr><tr><td><abbr title=\"Carris Museum\">Museu da Carris<\/abbr><\/td><td>-30%<\/td><\/tr><tr><td><abbr title=\"S\u00e3o Vicente Monastery\">Mosteiro de S\u00e3o Vicente de Fora<\/abbr><\/td><td>-25%<\/td><\/tr><tr><td><abbr title=\"MAC\/CCB Museum of Contemporary Art\">MAC\/CCB Museu de Arte Contempor\u00e2nea<\/abbr><\/td><td>-20%<\/td><\/tr><tr><td><abbr title=\"Fragata D. Fernando II e Gl\u00f3ria\">Fragata D. Fernando II e Gl\u00f3ria<\/abbr><\/td><td>-20%<\/td><\/tr><tr><td><abbr title=\"Calouste Gulbenkian Museum\">Museu Calouste Gulbenkian<\/abbr><\/td><td>-20%<\/td><\/tr><tr><td><abbr title=\"Calouste Gulbenkian Museum - Modern Collection\">Museu Calouste Gulbenkian &#8211; Cole\u00e7\u00e3o Moderna<\/abbr><\/td><td>-20%<\/td><\/tr><tr><td><abbr title=\"Ruins of Igreja do Carmo \u2013 Archaeological Museum\">Ru\u00ednas da Igreja do Carmo \u2013 Museu Arqueol\u00f3gico do Carmo<\/abbr><\/td><td>-20%<\/td><\/tr><tr><td><abbr title=\"Am\u00e1lia Rodrigues Museum - Residence\">Casa-Museu Am\u00e1lia Rodrigues<\/abbr><\/td><td>-20%<\/td><\/tr><tr><td><abbr title=\"Museum of Mechanical Music - Palmela\">Museu da M\u00fasica Mec\u00e2nica &#8211; Palmela<\/abbr><\/td><td>-20%<\/td><\/tr><tr><td><abbr title=\"The Orient Museum\">Museu do Oriente<\/abbr><\/td><td>-20%<\/td><\/tr><tr><td><abbr title=\"Pharmacy Museum\">Museu da Farm\u00e1cia<\/abbr><\/td><td>-20%<\/td><\/tr><tr><td><abbr title=\"Lisbon Cathedral\">Catedral de Lisboa<\/abbr><\/td><td>-20%<\/td><\/tr><tr><td><abbr title=\"Church Tower in St. Jorge's Castle\">Torre da Igreja do Castelo de S\u00e3o Jorge<\/abbr><\/td><td>-20%<\/td><\/tr><tr><td><abbr title=\"Navy Museum\">Museu da Marinha<\/abbr><\/td><td>-20%<\/td><\/tr><tr><td><abbr title=\"Church of Gra\u00e7a\">Igreja da Gra\u00e7a<\/abbr><\/td><td>-20%<\/td><\/tr><tr><td><abbr title=\"Convento dos Cardaes\">Convento dos Cardaes<\/abbr><\/td><td>-20%<\/td><\/tr><tr><td>Museum of Illusions<\/td><td>-20%<\/td><\/tr><tr><td><abbr title=\"Benfica Museum\">Museu Benfica \/ Cosme Dami\u00e3o<\/abbr><\/td><td>-15%<\/td><\/tr><tr><td><abbr title=\"MAAT - Museum of Art, Architecture and Technology\">MAAT &#8211; Museu de Arte, Arquitetura e Tecnologia<\/abbr><\/td><td>-15%<\/td><\/tr><tr><td><abbr title=\"Queluz National Palace\">Pal\u00e1cio Nacional de Queluz<\/abbr><\/td><td>-10%<\/td><\/tr><tr><td><abbr title=\"Museum Sporting\">Museu Sporting<\/abbr><\/td><td>-10%<\/td><\/tr><tr><td><abbr title=\"Pena National Palace and Park\">Pal\u00e1cio Nacional da Pena e Parque<\/abbr><\/td><td>-10%<\/td><\/tr><tr><td><abbr title=\"Sintra National Palace\">Pal\u00e1cio Nacional de Sintra<\/abbr><\/td><td>-10%<\/td><\/tr><tr><td><abbr title=\"Natural History Science Museum\">Museu de Hist\u00f3ria Natural e Ci\u00eancia<\/abbr><\/td><td>-10%<\/td><\/tr><tr><td><abbr title=\"Pal\u00e1cio Biester (Sintra)\">Pal\u00e1cio Biester (Sintra)<\/abbr><\/td><td>-10%<\/td><\/tr><tr><td><abbr title=\"MACAM - Armando Martin Museum of Contemporary Art\">MACAM &#8211; Museu de Arte Contempor\u00e2nea Armando Martins<\/abbr><\/td><td>-10%<\/td><\/tr><\/table><\/div>\n\n\n<h3 class=\"wp-block-heading\">\uad00\uad11 \uba85\uc18c<\/h3>\n\n\n<div class=\"ms-table\"><table><tr><th>\uc544\uc774\ud15c<\/th><th>\ud560\uc778<\/th><\/tr><tr><td><abbr title=\"Rua Augusta Arch\">Arco da Rua Augusta<\/abbr><\/td><td>\ubb34\ub8cc<\/td><\/tr><tr><td><abbr title=\"Cold Greenhouse\">Estufa Fria<\/abbr><\/td><td>\ubb34\ub8cc<\/td><\/tr><tr><td><abbr title=\"Interpretive Center of the History of Codfish\">Centro Interpretativo da Hist\u00f3ria do Bacalhau<\/abbr><\/td><td>\ubb34\ub8cc<\/td><\/tr><tr><td><abbr title=\"CIRES \u2013 Roaz Interpretive Center of the Sado Estuary\">CIRES \u2013 Centro Interpretativo do Roaz do Estu\u00e1rio do Sado<\/abbr><\/td><td>\ubb34\ub8cc<\/td><\/tr><tr><td><abbr title=\"Santa Justa Elevator\">Elevador de Santa Justa<\/abbr><\/td><td>\ubb34\ub8cc<\/td><\/tr><tr><td><abbr title=\"Discoveries Monument\">Padr\u00e3o dos Descobrimentos<\/abbr>*<\/td><td>\ubb34\ub8cc<\/td><\/tr><tr><td><abbr title=\"CIAN - Murais Almada Gares Mar\u00edtimas Centro Interpretativo\">CIAN &#8211; Murais Almada Gares Mar\u00edtimas Centro Interpretativo<\/abbr><\/td><td>\ubb34\ub8cc<\/td><\/tr><tr><td>Centro Interpretativo<\/td><td>\ubb34\ub8cc<\/td><\/tr><tr><td><abbr title=\"Navy planetarium\">Planet\u00e1rio da Marinha<\/abbr><\/td><td>-20%<\/td><\/tr><tr><td><abbr title=\"Bel\u00e9m Cultural Centre\">Centro Cultural de Bel\u00e9m<\/abbr><\/td><td>-20%<\/td><\/tr><tr><td><abbr title=\"Vasco da Gama Aquarium\">Aqu\u00e1rio Vasco da Gama<\/abbr><\/td><td>-20%<\/td><\/tr><tr><td><abbr title=\"Jos\u00e9 Saramago Foundation\">Funda\u00e7\u00e3o Jos\u00e9 Saramago<\/abbr><\/td><td>-1\u20ac<\/td><\/tr><tr><td><abbr title=\"Lisbon Aquarium\">Ocean\u00e1rio de Lisboa<\/abbr><\/td><td>-15%<\/td><\/tr><tr><td><abbr title=\"Pavilion of Knowledge \u2013 Ci\u00eancia Viva Science Centre\">Pavilh\u00e3o do Conhecimento \u2013 Centro Ci\u00eancia Viva<\/abbr><\/td><td>-15%<\/td><\/tr><tr><td><abbr title=\"Lisboa Zoo\">Jardim Zool\u00f3gico de Lisboa<\/abbr><\/td><td>-15%<\/td><\/tr><tr><td><abbr title=\"Parques de Sintra - Capuchos Convent \/ Monserrate Park \/ Moorish Castle\">Parques de Sintra &#8211; Convento dos Capuchos \/ Parque de Monserrate \/ Castelo dos Mouros<\/abbr><\/td><td>-15%<\/td><\/tr><tr><td><abbr title=\"OCUBO - Immersivus Gallery Lisboa\">OCUBO &#8211; Immersivus Gallery Lisboa<\/abbr><\/td><td>-15%<\/td><\/tr><tr><td><abbr title=\"Cable Car Parque das Na\u00e7\u00f5es \/ Telef\u00e9rico Parque das Na\u00e7\u00f5es\">Telef\u00e9rico do Parque das Na\u00e7\u00f5es<\/abbr><\/td><td>-10%<\/td><\/tr><tr><td><abbr title=\"Culturgest - Exhibitions \/ Culturgest - Exposiciones\">Culturgest &#8211; Exposi\u00e7\u00f5es<\/abbr><\/td><td>-10%<\/td><\/tr><\/table><\/div>\n\n\n<h3 class=\"wp-block-heading\">\ud22c\uc5b4<\/h3>\n\n\n<div class=\"ms-table\"><table><tr><th>\uc544\uc774\ud15c<\/th><th>\ud560\uc778<\/th><\/tr><tr><td>Tuk Guide Portugal<\/td><td>-25%<\/td><\/tr><tr><td>Barco Varino da Liberdade &#8211; Vila Franca de Xira<\/td><td>-25%<\/td><\/tr><tr><td>CitySightseeing<\/td><td>-25%<\/td><\/tr><tr><td>Inside Lisbon<\/td><td>-20%<\/td><\/tr><tr><td>Lisboa Aut\u00eantica<\/td><td>-20%<\/td><\/tr><tr><td>Naturway<\/td><td>-20%<\/td><\/tr><tr><td>Sado Arr\u00e1bida<\/td><td>-20%<\/td><\/tr><tr><td>Selection Tours<\/td><td>-20%<\/td><\/tr><tr><td>BOOST Portugal<\/td><td>-20%<\/td><\/tr><tr><td>SeaEO Tours<\/td><td>-15%<\/td><\/tr><tr><td>Hippotrip<\/td><td>-15%<\/td><\/tr><tr><td>Cityrama<\/td><td>-15%<\/td><\/tr><tr><td>PalmaYachts<\/td><td>-15%<\/td><\/tr><tr><td>Lisbon Destination Tours<\/td><td>-15%<\/td><\/tr><tr><td>Lisbon by Boat<\/td><td>-15%<\/td><\/tr><tr><td>Cooltour Lisbon<\/td><td>-15%<\/td><\/tr><tr><td>Tugatrips<\/td><td>-15%<\/td><\/tr><tr><td>Yellow Bus<\/td><td>-10%<\/td><\/tr><tr><td>Lisboat<\/td><td>-10%<\/td><\/tr><tr><td>FRS Portugal<\/td><td>-10%<\/td><\/tr><tr><td>Vertente Natural<\/td><td>-10%<\/td><\/tr><tr><td>Blue Cruises<\/td><td>-10%<\/td><\/tr><tr><td>Set\u00fabal Alive<\/td><td>-10%<\/td><\/tr><\/table><\/div>\n\n\n<h3 class=\"wp-block-heading\">\uae30\ud0c0<\/h3>\n\n\n<div class=\"ms-table\"><table><tr><th>\uc544\uc774\ud15c<\/th><th>\ud560\uc778<\/th><\/tr><tr><td>Viniportugal<\/td><td>-20%<\/td><\/tr><tr><td>Amoreiras Shopping Center<\/td><td>-5\u20ac<\/td><\/tr><tr><td><abbr title=\"Amoreiras Shopping Center Miradouro \/ Belv\u00e9d\u00e8re\">Amoreiras 360\u00ba Panoramic View (Miradouro do Amoreiras Shopping Center)<\/abbr><\/td><td>-1\u20ac<\/td><\/tr><tr><td>Casa da Ba\u00eda &#8211; Set\u00fabal<\/td><td>-15%<\/td><\/tr><tr><td>Mercearia Confian\u00e7a &#8211; Set\u00fabal<\/td><td>-15%<\/td><\/tr><tr><td>Casa do Turismo<\/td><td>-15%<\/td><\/tr><tr><td>El Corte Ingles<\/td><td>\uc6f0\ucef4 \ud329 + 10%<\/td><\/tr><tr><td><abbr title=\"Lisboa Shop - Terreiro do Pa\u00e7o\">Loja Lisboa &#8211; Terreiro do Pa\u00e7o<\/abbr><\/td><td>-10%<\/td><\/tr><tr><td>Freeport Fashion Outlet<\/td><td>-10%<\/td><\/tr><tr><td>Fado in Chiado<\/td><td>-10%<\/td><\/tr><tr><td><abbr title=\"Vasco da Gama Tower Belvedere \/ Mirador\">Miradouro da Torre Vasco da Gama<\/abbr><\/td><td>-10%<\/td><\/tr><tr><td><abbr title=\"Sant\u2019Anna Faience and Tile Factory\">F\u00e1brica de Faian\u00e7as e Azulejos Sant\u2019Anna<\/abbr><\/td><td>-5%<\/td><\/tr><\/table><\/div>\n\n\n<p>* 13\uc138\ubd80\ud130 15\uc138\uae4c\uc9c0\uc758 \uc5b4\ub9b0\uc774 \uc81c\uc678<\/p>\n\n\n\n<p>\uc5c5\ub370\uc774\ud2b8: 2026\ub144 5\uc6d4. \ub9ac\uc2a4\ubcf4\uc544 \uce74\ub4dc\uc5d0 \ud3ec\ud568\ub41c \ud560\uc778 \ud61c\ud0dd\uc740 \uc0ac\uc804 \uacf5\uc9c0 \uc5c6\uc774 \ubcc0\uacbd\ub420 \uc218 \uc788\uc2b5\ub2c8\ub2e4.<\/p>\n","protected":false},"excerpt":{"rendered":"","protected":false},"author":5,"featured_media":0,"parent":0,"menu_order":3,"comment_status":"closed","ping_status":"closed","template":"","meta":{"_acf_changed":false,"footnotes":"","button_url":"https:\/\/www.tiqets.com\/ko\/lisbon-attractions-c76528\/tickets-for-lisbon-card-p974847\/?partner=lisboacard","ms_product_id":"","ms_product_name":"","ms_price":"","ms_currency":"","ms_rating_value":"","ms_review_count":"","rank_math_title":"\ub9ac\uc2a4\ubcf8 \uce74\ub4dc \uba85\uc18c\u00b7\ud560\uc778 \ud61c\ud0dd \ubaa9\ub85d (\ucd5c\uc2e0 \uc5c5\ub370\uc774\ud2b8: %currentyear%)","rank_math_description":"\ub9ac\uc2a4\ubcf4\uc544 \uce74\ub4dc \ud61c\ud0dd \ud655\uc778\ud558\uae30: 51\uac1c \ubb34\ub8cc \uad00\uad11\uc9c0, \ubc15\ubb3c\uad00, \uae30\ub150\ubb3c \ubc0f \ubb34\uc81c\ud55c \ub300\uc911\uad50\ud1b5 \uc774\uc6a9. \uc8fc\uc694 \uba85\uc18c, \ud558\ub098\uc758 \ud328\uc2a4\ub85c."},"post-style":[],"producer":[],"class_list":["post-6","page","type-page","status-publish","has-post-thumbnail"],"acf":[],"product_schema":{"ms_product_id":"","ms_product_name":"","ms_price":"","ms_currency":"","ms_rating_value":"","ms_review_count":""},"_links":{"self":[{"href":"https:\/\/www.lisboacard.org\/ko\/wp-json\/wp\/v2\/pages\/6","targetHints":{"allow":["GET"]}}],"collection":[{"href":"https:\/\/www.lisboacard.org\/ko\/wp-json\/wp\/v2\/pages"}],"about":[{"href":"https:\/\/www.lisboacard.org\/ko\/wp-json\/wp\/v2\/types\/page"}],"author":[{"embeddable":true,"href":"https:\/\/www.lisboacard.org\/ko\/wp-json\/wp\/v2\/users\/5"}],"replies":[{"embeddable":true,"href":"https:\/\/www.lisboacard.org\/ko\/wp-json\/wp\/v2\/comments?post=6"}],"version-history":[{"count":3,"href":"https:\/\/www.lisboacard.org\/ko\/wp-json\/wp\/v2\/pages\/6\/revisions"}],"predecessor-version":[{"id":1174,"href":"https:\/\/www.lisboacard.org\/ko\/wp-json\/wp\/v2\/pages\/6\/revisions\/1174"}],"wp:attachment":[{"href":"https:\/\/www.lisboacard.org\/ko\/wp-json\/wp\/v2\/media?parent=6"}],"wp:term":[{"taxonomy":"post-style","embeddable":true,"href":"https:\/\/www.lisboacard.org\/ko\/wp-json\/wp\/v2\/post-style?post=6"},{"taxonomy":"producer","embeddable":true,"href":"https:\/\/www.lisboacard.org\/ko\/wp-json\/wp\/v2\/producer?post=6"}],"curies":[{"name":"wp","href":"https:\/\/api.w.org\/{rel}","templated":true}]}}