{"id":5,"date":"2013-10-21T14:47:02","date_gmt":"2013-10-21T14:47:02","guid":{"rendered":"https:\/\/www.lisboacard.org\/?page_id=4"},"modified":"2026-01-19T23:40:32","modified_gmt":"2026-01-19T22:40:32","slug":"lisboa-card","status":"publish","type":"page","link":"https:\/\/www.lisboacard.org\/pl\/","title":{"rendered":"Lisboa Card (Karta Lisboa)"},"content":{"rendered":"<div class=\"ms-credits\">\n<img decoding=\"async\" class=\"gb-media-9e54cfd4\" alt=\"Colorful buildings in Lisbon at sunset.\" src=\"https:\/\/www.lisboacard.org\/wp-content\/uploads\/lisbon-cityscape-1748835854.jpg\" title=\"lisbon-cityscape-1748835854\"\/>\n<span class='ms-credits__info' id='media747'><svg xmlns=\"http:\/\/www.w3.org\/2000\/svg\" width=\"20\" height=\"22\" fill=\"#000000\" viewBox=\"0 0 256 256\"><path d=\"M128,24A104,104,0,1,0,232,128,104.11,104.11,0,0,0,128,24Zm0,192a88,88,0,1,1,88-88A88.1,88.1,0,0,1,128,216ZM96,128a32,32,0,0,0,57.6,19.2,8,8,0,0,1,12.8,9.61,48,48,0,1,1,0-57.62,8,8,0,0,1-12.8,9.61A32,32,0,0,0,96,128Z\"><\/path><\/svg>sepavone\/<a href=https:\/\/depositphotos.com\/photo\/lisbon-portugal-skyline-65709885.html rel='nofollow' target='_blank'>Depositphotos<\/a><\/span><span class='ms-credits__btn' id='btn_media747' onclick='ms_credits_trigger(\"#media747\", this)'><svg xmlns=\"http:\/\/www.w3.org\/2000\/svg\" class=\"info_icon\" width=\"28\" height=\"28\" fill=\"#FFF\" viewBox=\"0 0 256 256\"><path d=\"M128,24A104,104,0,1,0,232,128,104.11,104.11,0,0,0,128,24Zm0,192a88,88,0,1,1,88-88A88.1,88.1,0,0,1,128,216Zm16-40a8,8,0,0,1-8,8,16,16,0,0,1-16-16V128a8,8,0,0,1,0-16,16,16,0,0,1,16,16v40A8,8,0,0,1,144,176ZM112,84a12,12,0,1,1,12,12A12,12,0,0,1,112,84Z\"><\/path><\/svg><svg xmlns=\"http:\/\/www.w3.org\/2000\/svg\" class=\"close_icon\" width=\"28\" height=\"28\" fill=\"#FFF\" viewBox=\"0 0 256 256\"><path d=\"M165.66,101.66,139.31,128l26.35,26.34a8,8,0,0,1-11.32,11.32L128,139.31l-26.34,26.35a8,8,0,0,1-11.32-11.32L116.69,128,90.34,101.66a8,8,0,0,1,11.32-11.32L128,116.69l26.34-26.35a8,8,0,0,1,11.32,11.32ZM232,128A104,104,0,1,1,128,24,104.11,104.11,0,0,1,232,128Zm-16,0a88,88,0,1,0-88,88A88.1,88.1,0,0,0,216,128Z\"><\/path><\/svg><\/span><\/div>\n\n\n<h1 class=\"gb-headline gb-headline-ec3982b8 gb-headline-text\">Lisboa Card (Karta Lisboa)<br><strong><mark style=\"background-color:var(--ms-color-white)\" class=\"has-inline-color has-ms-color-neutral-color\">Odkryj Lizbon\u0119 z kart\u0105 Lisbon Card<\/mark><\/strong><\/h1>\n\n\n\n<p>Ciesz si\u0119 nieograniczonym podr\u00f3\u017cowaniem i bezp\u0142atnym wst\u0119pem do 52 najwa\u017cniejszych muze\u00f3w i atrakcji Lizbony dzi\u0119ki Lisboa Card. Karta obejmuje bezp\u0142atny wst\u0119p do klasztoru Jer\u00f3nimos, windy Santa Justa i wielu innych.<\/p>\n\n\n\n<p><strong>Karta Lisboa Card obejmuje bezp\u0142atny transport metrem z i na lotnisko<\/strong>.<\/p>\n\n\n\n<div class=\"ms-p ms-rounded ms-mb-last-child-0 ms-mb-children-condensed ms-alert--contrast ms-mb-block\">\n<h4 class=\"gb-text-26a71c5b\"><span class=\"gb-shape\"><svg viewBox=\"0 0 256 256\" fill=\"#000000\" height=\"32\" width=\"32\" xmlns=\"http:\/\/www.w3.org\/2000\/svg\"><path d=\"M246.15,133.18,146.83,33.86A19.85,19.85,0,0,0,132.69,28H40A12,12,0,0,0,28,40v92.69a19.85,19.85,0,0,0,5.86,14.14l99.32,99.32a20,20,0,0,0,28.28,0l84.69-84.69A20,20,0,0,0,246.15,133.18Zm-98.83,93.17L52,131V52h79l95.32,95.32ZM100,84A16,16,0,1,1,84,68,16,16,0,0,1,100,84Z\"><\/path><\/svg><\/span><span class=\"gb-text\"><strong>Ekskluzywne Zni\u017cki na Dodatki!<\/strong><\/span><\/h4>\n\n\n\n<p class=\"gb-text\">Otrzymaj specjalne zni\u017cki na popularne atrakcje, takie jak Pa\u0142ac Pena, Quinta da Regaleira i wiele innych przy finalizacji zakupu.<\/p>\n\n\n\n<p class=\"gb-text\"><a href=\"https:\/\/www.tiqets.com\/pl\/lisbon-attractions-c76528\/tickets-for-lisbon-card-p974847\/?partner=lisboacard\" rel=\"nofollow noopener\">Oszcz\u0119dzaj na Najlepszych Atrakcjach \u2192<\/a><\/p>\n<\/div>\n\n\n<div class=\"gb-container gb-container-1e1905d6 gb-tabs\" role=\"tablist\" data-opened-tab=\"1\">\n<div class=\"gb-container gb-container-c0d25ee5 gb-tabs__buttons\" role=\"list\">\n\n<button class=\"gb-button gb-button-38b6d7d4 gb-button-text gb-tabs__button gb-block-is-current\" id=\"gb-tab-button-38b6d7d4\" role=\"tab\">Korzy\u015bci<\/button>\n\n\n\n<button class=\"gb-button gb-button-c40a7253 gb-button-text gb-tabs__button\" id=\"gb-tab-button-c40a7253\" role=\"tab\">Co to jest<\/button>\n\n\n\n<button class=\"gb-button gb-button-af692dcf gb-button-text gb-tabs__button\" id=\"gb-tab-button-af692dcf\" role=\"tab\">Gdzie kupi\u0107<\/button>\n\n\n\n<button class=\"gb-button gb-button-706e52c0 gb-button-text gb-tabs__button\" id=\"gb-tab-button-706e52c0\" role=\"tab\">Jak jej u\u017cywa\u0107<\/button>\n\n<\/div>\n\n<div class=\"gb-container gb-container-8fcce89b gb-tabs__items\">\n<div class=\"gb-container gb-container-2e268732 gb-tabs__item gb-tabs__item-open\" id=\"gb-tab-item-2e268732\" role=\"tabpanel\">\n<div class=\"gb-grid-wrapper gb-grid-wrapper-deaf7782\">\n<div class=\"gb-grid-column gb-grid-column-a20552c8\"><div class=\"gb-container gb-container-a20552c8\">\n\n<h5 class=\"gb-headline gb-headline-91cc3cb9\"><span class=\"gb-icon\"><svg viewBox=\"0 0 256 256\" fill=\"#000000\" height=\"32\" width=\"32\" xmlns=\"http:\/\/www.w3.org\/2000\/svg\"><path d=\"M232.49,80.49l-128,128a12,12,0,0,1-17,0l-56-56a12,12,0,1,1,17-17L96,183,215.51,63.51a12,12,0,0,1,17,17Z\"><\/path><\/svg><\/span><span class=\"gb-headline-text\"><strong>Bezp\u0142atne przejazdy<\/strong><\/span><\/h5>\n\n\n\n<p class=\"gb-headline gb-headline-a9ae3e31 gb-headline-text\">Nieograniczone bezp\u0142atne przejazdy autobusami, metrem, tramwajami i kolejkami linowymi.<\/p>\n\n<\/div><\/div>\n\n<div class=\"gb-grid-column gb-grid-column-b63d7f45\"><div class=\"gb-container gb-container-b63d7f45\">\n\n<h5 class=\"gb-headline gb-headline-0a9e0e11\"><span class=\"gb-icon\"><svg viewBox=\"0 0 256 256\" fill=\"#000000\" height=\"32\" width=\"32\" xmlns=\"http:\/\/www.w3.org\/2000\/svg\"><path d=\"M232.49,80.49l-128,128a12,12,0,0,1-17,0l-56-56a12,12,0,1,1,17-17L96,183,215.51,63.51a12,12,0,0,1,17,17Z\"><\/path><\/svg><\/span><span class=\"gb-headline-text\"><strong>Bezp\u0142atny wst\u0119p<\/strong><\/span><\/h5>\n\n\n\n<p class=\"gb-headline gb-headline-c560cdb3 gb-headline-text\">Uzyskaj bezp\u0142atny dost\u0119p do 52 najlepszych muze\u00f3w i atrakcji.<\/p>\n\n<\/div><\/div>\n\n<div class=\"gb-grid-column gb-grid-column-a528135a\"><div class=\"gb-container gb-container-a528135a\">\n\n<h5 class=\"gb-headline gb-headline-76b5b018\"><span class=\"gb-icon\"><svg viewBox=\"0 0 256 256\" fill=\"#000000\" height=\"32\" width=\"32\" xmlns=\"http:\/\/www.w3.org\/2000\/svg\"><path d=\"M232.49,80.49l-128,128a12,12,0,0,1-17,0l-56-56a12,12,0,1,1,17-17L96,183,215.51,63.51a12,12,0,0,1,17,17Z\"><\/path><\/svg><\/span><span class=\"gb-headline-text\"><strong>Oferty i zni\u017cki<\/strong><\/span><\/h5>\n\n\n\n<p class=\"gb-headline gb-headline-5d916f43 gb-headline-text\">Zaoszcz\u0119d\u017a od 10% do 50% na r\u00f3\u017cnych wycieczkach, zakupach i \u017cyciu nocnym.<\/p>\n\n<\/div><\/div>\n\n<div class=\"gb-grid-column gb-grid-column-15fe27fb\"><div class=\"gb-container gb-container-15fe27fb\">\n\n<h5 class=\"gb-headline gb-headline-dd85b3fd\"><span class=\"gb-icon\"><svg viewBox=\"0 0 256 256\" fill=\"#000000\" height=\"32\" width=\"32\" xmlns=\"http:\/\/www.w3.org\/2000\/svg\"><path d=\"M232.49,80.49l-128,128a12,12,0,0,1-17,0l-56-56a12,12,0,1,1,17-17L96,183,215.51,63.51a12,12,0,0,1,17,17Z\"><\/path><\/svg><\/span><span class=\"gb-headline-text\"><strong>Bezp\u0142atny Przewodnik<\/strong><\/span><\/h5>\n\n\n\n<p class=\"gb-headline gb-headline-63dcfe4d gb-headline-text\">Bezp\u0142atny przewodnik turystyczny pe\u0142en przydatnych informacji o mie\u015bcie.<\/p>\n\n<\/div><\/div>\n\n<div class=\"gb-grid-column gb-grid-column-a7acfa5d\"><div class=\"gb-container gb-container-a7acfa5d\">\n\n<h5 class=\"gb-headline gb-headline-6963d291\"><span class=\"gb-icon\"><svg viewBox=\"0 0 256 256\" fill=\"#000000\" height=\"32\" width=\"32\" xmlns=\"http:\/\/www.w3.org\/2000\/svg\"><path d=\"M232.49,80.49l-128,128a12,12,0,0,1-17,0l-56-56a12,12,0,1,1,17-17L96,183,215.51,63.51a12,12,0,0,1,17,17Z\"><\/path><\/svg><\/span><span class=\"gb-headline-text\"><strong>Wygodny odbi\u00f3r<\/strong><\/span><\/h5>\n\n\n\n<p class=\"gb-headline gb-headline-4a33c065 gb-headline-text\">Z \u0142atwo\u015bci\u0105 odbierz swoj\u0105 kart\u0119 w wielu miejscach w Lizbonie.<\/p>\n\n<\/div><\/div>\n\n<div class=\"gb-grid-column gb-grid-column-d4001500\"><div class=\"gb-container gb-container-d4001500\">\n\n<h5 class=\"gb-headline gb-headline-69f50967\"><span class=\"gb-icon\"><svg viewBox=\"0 0 256 256\" fill=\"#000000\" height=\"32\" width=\"32\" xmlns=\"http:\/\/www.w3.org\/2000\/svg\"><path d=\"M232.49,80.49l-128,128a12,12,0,0,1-17,0l-56-56a12,12,0,1,1,17-17L96,183,215.51,63.51a12,12,0,0,1,17,17Z\"><\/path><\/svg><\/span><span class=\"gb-headline-text\"><strong>Bezp\u0142atne jednodniowe wycieczki<\/strong><\/span><\/h5>\n\n\n\n<p class=\"gb-headline gb-headline-8407b344 gb-headline-text\">Bezp\u0142atne przejazdy poci\u0105giem do Sintry, Cascais i na po\u0142udniowy brzeg rzeki Tag.<\/p>\n\n<\/div><\/div>\n<\/div>\n\n<div class=\"gb-container gb-container-956712f1 ms-alert--primary ms-p ms-rounded ms-mb-last-child-0 ms-mb-children-condensed ms-mb-block\">\n\n<p>Karta Lisboa Card mo\u017ce zosta\u0107 zrealizowana w ci\u0105gu 28 dni od daty zakupu i jest zatwierdzana przy pierwszym u\u017cyciu.<\/p>\n\n<\/div>\n<\/div>\n\n<div class=\"gb-container gb-container-3bccd8b9 gb-tabs__item\" id=\"gb-tab-item-3bccd8b9\" role=\"tabpanel\">\n\n<p>Lisboa Card (znana r\u00f3wnie\u017c jako <em>Lisbon Card<\/em>) to oficjalna karta podr\u00f3\u017cna miasta. Wygl\u0105da jak karta kredytowa i pozwala odwiedzaj\u0105cym zaoszcz\u0119dzi\u0107 czas i pieni\u0105dze podczas pobytu. Karta ta jest najprostszym sposobem na uczynienie Twojej podr\u00f3\u017cy bardziej przyst\u0119pn\u0105 cenowo, wygodn\u0105 i, co najwa\u017cniejsze, niezapomnian\u0105.<\/p>\n\n\n<div class=\"gb-container gb-container-7d45ff9c ms-alert--primary ms-p ms-rounded ms-mb-last-child-0 ms-mb-children-condensed ms-mb-block\">\n\n<p>Lisboa Card to <strong>karta transportowa<\/strong> 3 w 1, <strong>bilet na atrakcje<\/strong> i <strong>karta rabatowa<\/strong>.<\/p>\n\n<\/div>\n\n\n<p>Dlaczego warto wybra\u0107 Lisboa Card?<\/p>\n\n\n\n<p>Lisboa Card jest idealna dla odwiedzaj\u0105cych, kt\u00f3rzy chc\u0105 w pe\u0142ni wykorzysta\u0107 sw\u00f3j portugalski pobyt. Posiadacze Lisboa Card mog\u0105 korzysta\u0107 z:<\/p>\n\n\n<ul class=\"gb-container gb-container-53b82d66 ms-icon-list\">\n\n<li class=\"gb-headline gb-headline-f5138486 ms-icon-list__item\"><span class=\"gb-icon\"><svg viewBox=\"0 0 256 256\" fill=\"#000000\" height=\"32\" width=\"32\" xmlns=\"http:\/\/www.w3.org\/2000\/svg\"><path d=\"M232.49,80.49l-128,128a12,12,0,0,1-17,0l-56-56a12,12,0,1,1,17-17L96,183,215.51,63.51a12,12,0,0,1,17,17Z\"><\/path><\/svg><\/span><span class=\"gb-headline-text\">Bezp\u0142atnych nieograniczonych przejazd\u00f3w autobusami, metrem, tramwajami i kolejkami linowymi.<\/span><\/li>\n\n\n\n<li class=\"gb-headline gb-headline-eb81dbda ms-icon-list__item\"><span class=\"gb-icon\"><svg viewBox=\"0 0 256 256\" fill=\"#000000\" height=\"32\" width=\"32\" xmlns=\"http:\/\/www.w3.org\/2000\/svg\"><path d=\"M232.49,80.49l-128,128a12,12,0,0,1-17,0l-56-56a12,12,0,1,1,17-17L96,183,215.51,63.51a12,12,0,0,1,17,17Z\"><\/path><\/svg><\/span><span class=\"gb-headline-text\">Bezp\u0142atny dost\u0119p do kultowego tramwaju 28.<\/span><\/li>\n\n\n\n<li class=\"gb-headline gb-headline-b37bb796 ms-icon-list__item\"><span class=\"gb-icon\"><svg viewBox=\"0 0 256 256\" fill=\"#000000\" height=\"32\" width=\"32\" xmlns=\"http:\/\/www.w3.org\/2000\/svg\"><path d=\"M232.49,80.49l-128,128a12,12,0,0,1-17,0l-56-56a12,12,0,1,1,17-17L96,183,215.51,63.51a12,12,0,0,1,17,17Z\"><\/path><\/svg><\/span><span class=\"gb-headline-text\">Bezp\u0142atne przejazdy wind\u0105 Santa Justa, z kt\u00f3rej roztaczaj\u0105 si\u0119 wspania\u0142e widoki.<\/span><\/li>\n\n\n\n<li class=\"gb-headline gb-headline-267aee3f ms-icon-list__item\"><span class=\"gb-icon\"><svg viewBox=\"0 0 256 256\" fill=\"#000000\" height=\"32\" width=\"32\" xmlns=\"http:\/\/www.w3.org\/2000\/svg\"><path d=\"M232.49,80.49l-128,128a12,12,0,0,1-17,0l-56-56a12,12,0,1,1,17-17L96,183,215.51,63.51a12,12,0,0,1,17,17Z\"><\/path><\/svg><\/span><span class=\"gb-headline-text\">Bezp\u0142atne przejazdy poci\u0105giem na liniach CP do Sintry, Cascais i po\u0142udniowego brzegu Tagu &#8211; idealne na jednodniowe wycieczki.<\/span><\/li>\n\n\n\n<li class=\"gb-headline gb-headline-d44d2fb0 ms-icon-list__item\"><span class=\"gb-icon\"><svg viewBox=\"0 0 256 256\" fill=\"#000000\" height=\"32\" width=\"32\" xmlns=\"http:\/\/www.w3.org\/2000\/svg\"><path d=\"M232.49,80.49l-128,128a12,12,0,0,1-17,0l-56-56a12,12,0,1,1,17-17L96,183,215.51,63.51a12,12,0,0,1,17,17Z\"><\/path><\/svg><\/span><span class=\"gb-headline-text\">Bezp\u0142atny wst\u0119p do 51 muze\u00f3w, zabytk\u00f3w i miejsc \u015bwiatowego dziedzictwa UNESCO.<\/span><\/li>\n\n\n\n<li class=\"gb-headline gb-headline-5ee24ff6 ms-icon-list__item\"><span class=\"gb-icon\"><svg viewBox=\"0 0 256 256\" fill=\"#000000\" height=\"32\" width=\"32\" xmlns=\"http:\/\/www.w3.org\/2000\/svg\"><path d=\"M232.49,80.49l-128,128a12,12,0,0,1-17,0l-56-56a12,12,0,1,1,17-17L96,183,215.51,63.51a12,12,0,0,1,17,17Z\"><\/path><\/svg><\/span><span class=\"gb-headline-text\">Bezp\u0142atny przewodnik po mie\u015bcie z przydatnymi wskaz\u00f3wkami i informacjami.<\/span><\/li>\n\n\n\n<li class=\"gb-headline gb-headline-8deba3de ms-icon-list__item\"><span class=\"gb-icon\"><svg viewBox=\"0 0 256 256\" fill=\"#000000\" height=\"32\" width=\"32\" xmlns=\"http:\/\/www.w3.org\/2000\/svg\"><path d=\"M232.49,80.49l-128,128a12,12,0,0,1-17,0l-56-56a12,12,0,1,1,17-17L96,183,215.51,63.51a12,12,0,0,1,17,17Z\"><\/path><\/svg><\/span><span class=\"gb-headline-text\">Oferty i zni\u017cki na zwiedzanie, wycieczki, zakupy i \u017cycie nocne.<\/span><\/li>\n\n<\/ul>\n<\/div>\n\n<div class=\"gb-container gb-container-28f243f6 gb-tabs__item\" id=\"gb-tab-item-28f243f6\" role=\"tabpanel\">\n\n<p>Aby kupi\u0107 kart\u0119 Lisboa Card:<\/p>\n\n\n\n<ol class=\"wp-block-list\">\n<li>Skorzystaj z formularza rezerwacji po lewej stronie, aby wybra\u0107 preferowan\u0105 dat\u0119 i okres wa\u017cno\u015bci karty (24, 48 lub 72 godziny).<\/li>\n\n\n\n<li>Po potwierdzeniu zakupu otrzymasz voucher poczt\u0105 elektroniczn\u0105.<\/li>\n\n\n\n<li>Kupon nale\u017cy okaza\u0107 w jednym z punkt\u00f3w odbioru, aby wymieni\u0107 go na fizyczn\u0105 kart\u0119 Lisboa Card. Dost\u0119pne lokalizacje z adresami i godzinami pracy s\u0105 wymienione poni\u017cej:\n<ul class=\"wp-block-list\">\n<li><strong>Ask Me Lisboa | Lotnisko:<\/strong> Chegadas, Aeroporto &#8211; Alameda das Comunidades, 1700-008, Lizbona. Codziennie od 7:00 do 22:00.<\/li>\n\n\n\n<li><strong>Ask Me Lisboa | Terreiro do Pa\u00e7o:<\/strong> Pra\u00e7a do Com\u00e9rcio, 1100-148, Lisboa. Codziennie od 10:00 do 19:00.<\/li>\n\n\n\n<li><strong>Centrum historii dorsza:<\/strong> Terreiro do Pa\u00e7o &#8211; Torre\u00e3o Nascente, 1100-148, Lisboa. Codziennie od 10:00 do 19:00.<\/li>\n\n\n\n<li><strong>Ask Me Lisboa | Centro Tejo:<\/strong> Terreiro do Pa\u00e7o, 1100-016, Lisboa. Codziennie od 10:00 do 13:00 i od 14:00 do 19:00.<\/li>\n\n\n\n<li><strong>Ask Me Lisboa | Cais do Sodr\u00e9:<\/strong> Pra\u00e7a do Duque de Terceira, Cais do Sodr\u00e9, 1200-161, Lizbona. Codziennie od 9:00 do 13:00 i od 14:00 do 18:00.<\/li>\n<\/ul>\n<\/li>\n<\/ol>\n\n\n<div class=\"gb-container gb-container-b03431f8 ms-alert--primary ms-p ms-rounded ms-mb-last-child-0 ms-mb-children-condensed ms-mb-block\">\n\n<p>Karta jest aktywowana przy pierwszym u\u017cyciu, wi\u0119c nie musisz si\u0119 martwi\u0107 o jej wyga\u015bni\u0119cie przed przyjazdem do Lizbony.<\/p>\n\n<\/div>\n<\/div>\n\n<div class=\"gb-container gb-container-46ea0e65 gb-tabs__item\" id=\"gb-tab-item-46ea0e65\" role=\"tabpanel\">\n\n<p>Dzi\u0119ki karcie Lisboa Card zwiedzanie Lizbony staje si\u0119 \u0142atwe, wygodne i op\u0142acalne. Oto jak najlepiej z niej skorzysta\u0107:<\/p>\n\n\n\n<hr class=\"wp-block-separator has-alpha-channel-opacity\"\/>\n\n\n\n<p class=\"gb-text ms-text-context\">AKTYWUJ SWOJ\u0104 KART\u0118<\/p>\n\n\n\n<p>Kart\u0119 Lisboa Card aktywujesz przy pierwszym u\u017cyciu \u2013 np. wchodz\u0105c do atrakcji lub korzystaj\u0105c z transportu publicznego. Masz 28 dni od daty zakupu na jej aktywacj\u0119. Po aktywacji karta b\u0119dzie wa\u017cna przez 24, 48 lub 72 kolejne godziny \u2013 w zale\u017cno\u015bci od wybranej opcji.<\/p>\n\n\n\n<hr class=\"wp-block-separator has-alpha-channel-opacity\"\/>\n\n\n\n<p class=\"gb-text ms-text-context\">ZAPLANUJ ZWIEDZANIE<\/p>\n\n\n\n<p><strong>Masz tylko jeden dzie\u0144?<\/strong><\/p>\n\n\n\n<ul class=\"wp-block-list\">\n<li>Rozpocznij poranek w dzielnicy Bel\u00e9m \u2013 odwied\u017a Klasztor Hieronimit\u00f3w i Narodowe Muzeum Powoz\u00f3w.<\/li>\n\n\n\n<li>Po obiedzie wjed\u017a wind\u0105 Santa Justa, sk\u0105d roztacza si\u0119 pi\u0119kny widok na miasto.<\/li>\n\n\n\n<li>Popo\u0142udniu wybierz si\u0119 do Zamku \u015bw. Jerzego lub Muzeum Skarb\u00f3w Kr\u00f3lewskich, przejed\u017a si\u0119 zabytkowym tramwajem 28 przez Alfam\u0119 i zako\u0144cz dzie\u0144 kolacj\u0105 w restauracji oferuj\u0105cej zni\u017cki.<\/li>\n<\/ul>\n\n\n\n<p><strong>Zostajesz na 2\u20133 dni?<\/strong><\/p>\n\n\n\n<ul class=\"wp-block-list\">\n<li>Wybierz si\u0119 na wycieczk\u0119 do Sintry lub Cascais (przejazdy poci\u0105gami CP s\u0105 wliczone w kart\u0119!).<\/li>\n\n\n\n<li>Skorzystaj ze zni\u017cek na piesze wycieczki z przewodnikiem, rejsy po Tagu lub wiecz\u00f3r z muzyk\u0105 fado.<\/li>\n\n\n\n<li>Odwied\u017a darmowe muzea, np. Pomnik Odkry\u0107, Muzeum Archeologiczne czy Pa\u0142ac Ajuda.<\/li>\n<\/ul>\n\n\n\n<p class=\"gb-text-9c6baf02\"><span class=\"gb-shape\"><svg viewBox=\"0 0 256 256\" fill=\"#000000\" height=\"32\" width=\"32\" xmlns=\"http:\/\/www.w3.org\/2000\/svg\"><path d=\"M108,84a16,16,0,1,1,16,16A16,16,0,0,1,108,84Zm128,44A108,108,0,1,1,128,20,108.12,108.12,0,0,1,236,128Zm-24,0a84,84,0,1,0-84,84A84.09,84.09,0,0,0,212,128Zm-72,36.68V132a20,20,0,0,0-20-20,12,12,0,0,0-4,23.32V168a20,20,0,0,0,20,20,12,12,0,0,0,4-23.32Z\"><\/path><\/svg><\/span><span class=\"gb-text\">Wiele atrakcji jest nieczynnych w poniedzia\u0142ki \u2013 warto sprawdzi\u0107 wcze\u015bniej godziny otwarcia.<\/span><\/p>\n\n\n\n<hr class=\"wp-block-separator has-alpha-channel-opacity\"\/>\n\n\n\n<p class=\"gb-text ms-text-context\"><strong>PODR\u00d3\u017bUJ BEZ STRESU<\/strong><\/p>\n\n\n\n<p>Karta umo\u017cliwia nieograniczone korzystanie z transportu publicznego w Lizbonie \u2013 metra, autobus\u00f3w, tramwaj\u00f3w oraz poci\u0105g\u00f3w z i na lotnisko.<\/p>\n\n\n\n<hr class=\"wp-block-separator has-alpha-channel-opacity\"\/>\n\n\n\n<p class=\"gb-text ms-text-context\"><strong><strong>OSZCZ\u0118DZAJ DZI\u0118KI ZNI\u017bKOM<\/strong><\/strong><\/p>\n\n\n\n<p>Lisboa Card oferuje od 5\u202f% do 50\u202f% zni\u017cki na restauracje, zakupy, wycieczki i wydarzenia w ca\u0142ym mie\u015bcie.<\/p>\n\n\n\n<hr class=\"wp-block-separator has-alpha-channel-opacity\"\/>\n\n\n\n<p>\ud83d\udc49 <a href=\"https:\/\/drive.google.com\/file\/d\/1tVnk8u0tN68_agKLV1XV3FH4PtIBRphQ\/view\" rel=\"nofollow noopener\">Pobierz pe\u0142ny przewodnik po karcie Lisboa Card (PDF)<\/a><\/p>\n\n\n<div class=\"gb-container gb-container-d84febed ms-alert--primary ms-p ms-rounded ms-mb-last-child-0 ms-mb-children-condensed ms-mb-block\">\n\n<p>Przeczytaj wi\u0119cej: <a href=\"https:\/\/www.lisboacard.org\/pl\/znizki\/\" data-type=\"page\" data-id=\"6\"><u>zni\u017cki<\/u><\/a> &#8211; <a href=\"https:\/\/www.lisboacard.org\/pl\/ceny\/\" data-type=\"page\" data-id=\"9\"><u>ceny<\/u><\/a> &#8211; <a href=\"https:\/\/www.lisboacard.org\/pl\/faq\/\" data-type=\"page\" data-id=\"581\"><u>cz\u0119sto zadawane pytania<\/u><\/a><\/p>\n\n<\/div>\n<\/div>\n<\/div>\n<\/div>\n\n\n<p><\/p>\n","protected":false},"excerpt":{"rendered":"","protected":false},"author":1,"featured_media":590,"parent":0,"menu_order":2,"comment_status":"closed","ping_status":"closed","template":"","meta":{"_acf_changed":false,"footnotes":""},"post-style":[],"producer":[],"class_list":["post-5","page","type-page","status-publish","has-post-thumbnail"],"acf":[],"_links":{"self":[{"href":"https:\/\/www.lisboacard.org\/pl\/wp-json\/wp\/v2\/pages\/5","targetHints":{"allow":["GET"]}}],"collection":[{"href":"https:\/\/www.lisboacard.org\/pl\/wp-json\/wp\/v2\/pages"}],"about":[{"href":"https:\/\/www.lisboacard.org\/pl\/wp-json\/wp\/v2\/types\/page"}],"author":[{"embeddable":true,"href":"https:\/\/www.lisboacard.org\/pl\/wp-json\/wp\/v2\/users\/1"}],"replies":[{"embeddable":true,"href":"https:\/\/www.lisboacard.org\/pl\/wp-json\/wp\/v2\/comments?post=5"}],"version-history":[{"count":3,"href":"https:\/\/www.lisboacard.org\/pl\/wp-json\/wp\/v2\/pages\/5\/revisions"}],"predecessor-version":[{"id":865,"href":"https:\/\/www.lisboacard.org\/pl\/wp-json\/wp\/v2\/pages\/5\/revisions\/865"}],"wp:featuredmedia":[{"embeddable":true,"href":"https:\/\/www.lisboacard.org\/pl\/wp-json\/wp\/v2\/media\/590"}],"wp:attachment":[{"href":"https:\/\/www.lisboacard.org\/pl\/wp-json\/wp\/v2\/media?parent=5"}],"wp:term":[{"taxonomy":"post-style","embeddable":true,"href":"https:\/\/www.lisboacard.org\/pl\/wp-json\/wp\/v2\/post-style?post=5"},{"taxonomy":"producer","embeddable":true,"href":"https:\/\/www.lisboacard.org\/pl\/wp-json\/wp\/v2\/producer?post=5"}],"curies":[{"name":"wp","href":"https:\/\/api.w.org\/{rel}","templated":true}]}}