{"id":581,"date":"2014-01-08T14:47:17","date_gmt":"2014-01-08T14:47:17","guid":{"rendered":"https:\/\/www.lisboacard.org\/?page_id=11"},"modified":"2025-09-19T18:37:03","modified_gmt":"2025-09-19T16:37:03","slug":"faq","status":"publish","type":"page","link":"https:\/\/www.lisboacard.org\/pl\/faq\/","title":{"rendered":"Cz\u0119sto Zadawane Pytania"},"content":{"rendered":"<div id=\"rank-math-faq\" class=\"rank-math-block\">\n<div class=\"rank-math-list \">\n<div id=\"faq-question-1717062476605\" class=\"rank-math-list-item\">\n<h3 class=\"rank-math-question \">Czym jest Lisboa Card?<\/h3>\n<div class=\"rank-math-answer \">\n\n<p>Lisboa Card to oficjalna karta turystyczna Lizbony. Karta jest zasadniczo <strong>kart\u0105 transportow\u0105<\/strong> 3 w 1, <strong>przepustk\u0105 do atrakcji<\/strong> i <strong>kart\u0105 rabatow\u0105<\/strong>. Pakiet Lisboa Card zawiera r\u00f3wnie\u017c bezp\u0142atny przewodnik po mie\u015bcie. Podsumowuj\u0105c, karta pomaga odwiedzaj\u0105cym Lizbon\u0119 <strong>zaoszcz\u0119dzi\u0107 czas i pieni\u0105dze<\/strong> podczas pobytu w mie\u015bcie.<\/p>\n\n<\/div>\n<\/div>\n<div id=\"faq-question-1717062505033\" class=\"rank-math-list-item\">\n<h3 class=\"rank-math-question \">Jakie s\u0105 korzy\u015bci z Lisboa Card?<\/h3>\n<div class=\"rank-math-answer \">\n\n<p>Lisboa Card pozwala <strong>zaoszcz\u0119dzi\u0107 pieni\u0105dze<\/strong> na transporcie, op\u0142atach za wst\u0119p, rozrywce i prezentach, <strong>zaoszcz\u0119dzi\u0107 czas<\/strong> i <strong>zobaczy\u0107 wi\u0119cej<\/strong> dzi\u0119ki niezliczonym ofertom i zni\u017ckom.<\/p>\n\n<\/div>\n<\/div>\n<div id=\"faq-question-1717062519392\" class=\"rank-math-list-item\">\n<h3 class=\"rank-math-question \">Jakie zni\u017cki oferuje karta Lisboa Card?<\/h3>\n<div class=\"rank-math-answer \">\n\n<p>Lisboa Card oferuje zni\u017cki od 10% do 50% na lokalne us\u0142ugi, atrakcje kulturalne i turystyczne oraz zaj\u0119cia. Dodatkowo mo\u017cesz skorzysta\u0107 ze zni\u017cki od 5% do 10% w uczestnicz\u0105cych sklepach oferuj\u0105cych szeroki wyb\u00f3r autentycznych portugalskich produkt\u00f3w. Pe\u0142n\u0105 list\u0119 zni\u017cek mo\u017cesz zobaczy\u0107 <a href=\"https:\/\/www.lisboacard.org\/pl\/znizki\/\" data-type=\"page\" data-id=\"6\">tutaj<\/a>.<\/p>\n\n<\/div>\n<\/div>\n<div id=\"faq-question-1724316893105\" class=\"rank-math-list-item\">\n<h3 class=\"rank-math-question \">Czy Lisboa Card si\u0119 op\u0142aca?<\/h3>\n<div class=\"rank-math-answer \">\n\n<p>To, czy zakup Lisboa Card jest op\u0142acalny, zale\u017cy g\u0142\u00f3wnie od twoich plan\u00f3w podr\u00f3\u017cy i potrzeby wygody. Zasadniczo: Lisboa Card to dobra oferta, je\u015bli planujesz podr\u00f3\u017cowa\u0107 transportem publicznym i odwiedza\u0107 r\u00f3\u017cne muzea i atrakcje dziennie. Poni\u017cej znajduje si\u0119 kilka rzeczy, o kt\u00f3rych nale\u017cy pami\u0119ta\u0107, je\u015bli rozwa\u017casz zakup Lisboa Card:<\/p>\n<p><strong>Koszt karty<\/strong><br \/>Jedynym sposobem, aby upewni\u0107 si\u0119, \u017ce Lisboa Card jest warta inwestycji, jest przeanalizowanie swoich plan\u00f3w i obliczenie, ile b\u0119d\u0105 kosztowa\u0107 wej\u015bcia, wycieczki i transport. Por\u00f3wnaj sum\u0119 z kosztami dziennymi Lisboa Card i sprawd\u017a, czy karta jest dobrym rozwi\u0105zaniem. Pami\u0119taj, \u017ce 72-godzinna karta oferuje najlepsz\u0105 warto\u015b\u0107.<\/p>\n<p><strong>Wolno\u015b\u0107 i elastyczno\u015b\u0107<\/strong><br \/>W wielu przypadkach Lisboa Card sprzedaje si\u0119 w oparciu o wygod\u0119: pozwala robi\u0107 to, co chcesz i kiedy chcesz, bez konieczno\u015bci martwienia si\u0119 o kupowanie dodatkowych bilet\u00f3w do muze\u00f3w lub transportu.<br \/>Podsumowuj\u0105c, je\u015bli odwiedzasz Lizbon\u0119 z niewielkim bud\u017cetem, wykonaj obliczenia i sprawd\u017a, czy koszty w por\u00f3wnaniu z oszcz\u0119dno\u015bciami s\u0105 tego warte. Je\u015bli cenisz sobie <strong>swobod\u0119<\/strong>, <strong>elastyczno\u015b\u0107<\/strong> i <strong>wygod\u0119<\/strong>, Lisboa Card jest prawdopodobnie \u015bwietn\u0105 ofert\u0105.<\/p>\n\n<\/div>\n<\/div>\n<div id=\"faq-question-1724316971009\" class=\"rank-math-list-item\">\n<h3 class=\"rank-math-question \">Ile kosztuje karta Lisboa Card?<\/h3>\n<div class=\"rank-math-answer \">\n\n<p>Cena Lisboa Card zale\u017cy od liczby dni jej wa\u017cno\u015bci. Dzieci otrzymuj\u0105 dodatkow\u0105 zni\u017ck\u0119 od ceny zakupu.<br \/>Sp\u00f3jrz na cen\u0119 za dzie\u0144, por\u00f3wnuj\u0105c r\u00f3\u017cne karty. Na przyk\u0142ad 72-godzinna karta Lisboa Card jest ta\u0144sza za dzie\u0144 ni\u017c karta 24-godzinna. Zapoznaj si\u0119 z <a href=\"https:\/\/www.lisboacard.org\/pl\/ceny\/\" data-type=\"page\" data-id=\"9\">tabel\u0105 cen<\/a>, aby zobaczy\u0107 wszystkie ceny Lisboa Card.<\/p>\n\n<\/div>\n<\/div>\n<div id=\"faq-question-1729234401460\" class=\"rank-math-list-item\">\n<h3 class=\"rank-math-question \">Gdzie mog\u0119 odebra\u0107 kart\u0119 Lisboa Card?<\/h3>\n<div class=\"rank-math-answer \">\n\n<p>Vouchery mo\u017cesz wymieni\u0107 na Lisboa Card w r\u00f3\u017cnych biurach turystycznych w mie\u015bcie oraz w hali przylot\u00f3w na lotnisku. Tw\u00f3j e-mail z potwierdzeniem zawiera list\u0119 punkt\u00f3w odbioru, adresy i godziny otwarcia.<\/p>\n\n<\/div>\n<\/div>\n<\/div>\n<\/div>","protected":false},"excerpt":{"rendered":"","protected":false},"author":1,"featured_media":0,"parent":0,"menu_order":5,"comment_status":"closed","ping_status":"closed","template":"","meta":{"_acf_changed":false,"footnotes":"","button_url":"https:\/\/www.tiqets.com\/pl\/lisbon-attractions-c76528\/tickets-for-lisbon-card-p974847\/?partner=lisboacard","ms_product_id":"","ms_product_name":"","ms_price":"","ms_currency":"","ms_rating_value":"","ms_review_count":"","rank_math_title":"%title% %page% %sep% %sitename%","rank_math_description":" "},"post-style":[],"producer":[],"class_list":["post-581","page","type-page","status-publish","has-post-thumbnail"],"acf":[],"product_schema":{"ms_product_id":"","ms_product_name":"","ms_price":"","ms_currency":"","ms_rating_value":"","ms_review_count":""},"_links":{"self":[{"href":"https:\/\/www.lisboacard.org\/pl\/wp-json\/wp\/v2\/pages\/581","targetHints":{"allow":["GET"]}}],"collection":[{"href":"https:\/\/www.lisboacard.org\/pl\/wp-json\/wp\/v2\/pages"}],"about":[{"href":"https:\/\/www.lisboacard.org\/pl\/wp-json\/wp\/v2\/types\/page"}],"author":[{"embeddable":true,"href":"https:\/\/www.lisboacard.org\/pl\/wp-json\/wp\/v2\/users\/1"}],"replies":[{"embeddable":true,"href":"https:\/\/www.lisboacard.org\/pl\/wp-json\/wp\/v2\/comments?post=581"}],"version-history":[{"count":3,"href":"https:\/\/www.lisboacard.org\/pl\/wp-json\/wp\/v2\/pages\/581\/revisions"}],"predecessor-version":[{"id":829,"href":"https:\/\/www.lisboacard.org\/pl\/wp-json\/wp\/v2\/pages\/581\/revisions\/829"}],"wp:attachment":[{"href":"https:\/\/www.lisboacard.org\/pl\/wp-json\/wp\/v2\/media?parent=581"}],"wp:term":[{"taxonomy":"post-style","embeddable":true,"href":"https:\/\/www.lisboacard.org\/pl\/wp-json\/wp\/v2\/post-style?post=581"},{"taxonomy":"producer","embeddable":true,"href":"https:\/\/www.lisboacard.org\/pl\/wp-json\/wp\/v2\/producer?post=581"}],"curies":[{"name":"wp","href":"https:\/\/api.w.org\/{rel}","templated":true}]}}