{"id":639,"date":"2024-10-18T10:21:21","date_gmt":"2024-10-18T08:21:21","guid":{"rendered":"https:\/\/www.lisboacard.org\/pl\/?page_id=639"},"modified":"2025-01-06T11:44:04","modified_gmt":"2025-01-06T10:44:04","slug":"kontakt","status":"publish","type":"page","link":"https:\/\/www.lisboacard.org\/pl\/kontakt\/","title":{"rendered":"Kontakt"},"content":{"rendered":"\n<h3 class=\"wp-block-heading\">Zapytania dotycz\u0105ce bilet\u00f3w<\/h3>\n\n\n\n<p>W przypadku jakichkolwiek pyta\u0144 dotycz\u0105cych bilet\u00f3w lub istniej\u0105cej rezerwacji, skontaktuj si\u0119 z naszym partnerem biletowym:<\/p>\n\n\n\n<ul class=\"wp-block-list\">\n<li>Email: info@ticketbar.eu<\/li>\n\n\n\n<li>Telefon: +44 2035142614<\/li>\n<\/ul>\n\n\n\n<hr class=\"wp-block-separator has-alpha-channel-opacity\"\/>\n\n\n\n<h3 class=\"wp-block-heading\">Informacje dla odwiedzaj\u0105cych<\/h3>\n\n\n\n<p>Aby uzyska\u0107 bardziej szczeg\u00f3\u0142owe informacje o mie\u015bcie, mapy i inne us\u0142ugi, mo\u017cesz odwiedzi\u0107 dowolne biuro turystyczne \u201eAsk Me Lisboa\u201d na lotnisku lub w mie\u015bcie. W biurach tych mo\u017cesz r\u00f3wnie\u017c wymieni\u0107 sw\u00f3j bilet online na fizyczn\u0105 kart\u0119 Lisboa Card.<\/p>\n\n\n\n<p>Aby zobaczy\u0107 ich adresy, godziny pracy i dane kontaktowe, kliknij <a href=\"https:\/\/www.visitlisboa.com\/en\/c\/tourist-offices\" target=\"_blank\" rel=\"noreferrer noopener nofollow\">ten link<\/a>.<\/p>\n\n\n\n<hr class=\"wp-block-separator has-alpha-channel-opacity\"\/>\n\n\n\n<h3 class=\"wp-block-heading\">Wsparcie strony internetowej<\/h3>\n\n\n\n<p>W przypadku jakichkolwiek pyta\u0144 zwi\u0105zanych z t\u0105 stron\u0105, skontaktuj si\u0119 z nami bezpo\u015brednio:<\/p>\n\n\n\n<ul class=\"wp-block-list\">\n<li>Email: info@moonshot.media<\/li>\n<\/ul>\n","protected":false},"excerpt":{"rendered":"","protected":false},"author":3,"featured_media":0,"parent":0,"menu_order":0,"comment_status":"closed","ping_status":"closed","template":"","meta":{"_acf_changed":false,"footnotes":"","button_url":"https:\/\/www.tiqets.com\/pl\/lisbon-attractions-c76528\/tickets-for-lisbon-card-p974847\/?partner=lisboacard","ms_product_id":"","ms_product_name":"","ms_price":"","ms_currency":"","ms_rating_value":"","ms_review_count":"","rank_math_title":"","rank_math_description":""},"post-style":[],"producer":[],"class_list":["post-639","page","type-page","status-publish","has-post-thumbnail"],"acf":[],"product_schema":{"ms_product_id":"","ms_product_name":"","ms_price":"","ms_currency":"","ms_rating_value":"","ms_review_count":""},"_links":{"self":[{"href":"https:\/\/www.lisboacard.org\/pl\/wp-json\/wp\/v2\/pages\/639","targetHints":{"allow":["GET"]}}],"collection":[{"href":"https:\/\/www.lisboacard.org\/pl\/wp-json\/wp\/v2\/pages"}],"about":[{"href":"https:\/\/www.lisboacard.org\/pl\/wp-json\/wp\/v2\/types\/page"}],"author":[{"embeddable":true,"href":"https:\/\/www.lisboacard.org\/pl\/wp-json\/wp\/v2\/users\/3"}],"replies":[{"embeddable":true,"href":"https:\/\/www.lisboacard.org\/pl\/wp-json\/wp\/v2\/comments?post=639"}],"version-history":[{"count":2,"href":"https:\/\/www.lisboacard.org\/pl\/wp-json\/wp\/v2\/pages\/639\/revisions"}],"predecessor-version":[{"id":641,"href":"https:\/\/www.lisboacard.org\/pl\/wp-json\/wp\/v2\/pages\/639\/revisions\/641"}],"wp:attachment":[{"href":"https:\/\/www.lisboacard.org\/pl\/wp-json\/wp\/v2\/media?parent=639"}],"wp:term":[{"taxonomy":"post-style","embeddable":true,"href":"https:\/\/www.lisboacard.org\/pl\/wp-json\/wp\/v2\/post-style?post=639"},{"taxonomy":"producer","embeddable":true,"href":"https:\/\/www.lisboacard.org\/pl\/wp-json\/wp\/v2\/producer?post=639"}],"curies":[{"name":"wp","href":"https:\/\/api.w.org\/{rel}","templated":true}]}}