{"id":9,"date":"2014-01-07T13:15:06","date_gmt":"2014-01-07T13:15:06","guid":{"rendered":"https:\/\/www.lisboacard.org\/?page_id=9"},"modified":"2026-01-17T00:50:33","modified_gmt":"2026-01-16T23:50:33","slug":"ceny","status":"publish","type":"page","link":"https:\/\/www.lisboacard.org\/pl\/ceny\/","title":{"rendered":"Ceny Lisboa Card"},"content":{"rendered":"\n<h3 class=\"wp-block-heading\">Tabela cen<\/h3>\n\n\n<div class=\"ms-table frozenColumn\"><table><tr><th><\/th><th>24 Godziny<\/th><th>48 Godzin<\/th><th>72 Godziny<\/th><\/tr><tr><td>Doro\u015bli<\/td><td>\u20ac31,00 (\u20ac31,00 za dzie\u0144)<\/td><td>\u20ac51,00 (\u20ac25,50 za dzie\u0144)<\/td><td>\u20ac62,00 (\u20ac20,67 za dzie\u0144)<\/td><\/tr><tr><td>Dzieci<\/td><td>\u20ac21,00 (\u20ac21,00 za dzie\u0144)<\/td><td>\u20ac28,00 (\u20ac14,00 za dzie\u0144)<\/td><td>\u20ac35,00 (\u20ac11,67 za dzie\u0144)<\/td><\/tr><\/table><\/div>\n\n\n<p><strong>Uwaga:<\/strong><\/p>\n\n\n\n<ul class=\"wp-block-list\">\n<li>Podane ceny dotycz\u0105 os\u00f3b doros\u0142ych w wieku 15+ i dzieci w wieku 4-15 lat. Dzieci poni\u017cej 4. roku \u017cycia wchodz\u0105 bezp\u0142atnie, bez konieczno\u015bci posiadania biletu.<\/li>\n\n\n\n<li>Ceny obowi\u0105zuj\u0105 od 1 kwietnia 2025 r. do 31 marca 2026 r.<\/li>\n<\/ul>\n","protected":false},"excerpt":{"rendered":"","protected":false},"author":1,"featured_media":0,"parent":0,"menu_order":4,"comment_status":"closed","ping_status":"closed","template":"","meta":{"_acf_changed":false,"footnotes":"","button_url":"https:\/\/www.tiqets.com\/pl\/lisbon-attractions-c76528\/tickets-for-lisbon-card-p974847\/?partner=lisboacard","ms_product_id":"","ms_product_name":"","ms_price":"","ms_currency":"","ms_rating_value":"","ms_review_count":"","rank_math_title":"%title% %page% %sep% %sitename%","rank_math_description":" "},"post-style":[],"producer":[],"class_list":["post-9","page","type-page","status-publish","has-post-thumbnail"],"acf":[],"product_schema":{"ms_product_id":"","ms_product_name":"","ms_price":"","ms_currency":"","ms_rating_value":"","ms_review_count":""},"_links":{"self":[{"href":"https:\/\/www.lisboacard.org\/pl\/wp-json\/wp\/v2\/pages\/9","targetHints":{"allow":["GET"]}}],"collection":[{"href":"https:\/\/www.lisboacard.org\/pl\/wp-json\/wp\/v2\/pages"}],"about":[{"href":"https:\/\/www.lisboacard.org\/pl\/wp-json\/wp\/v2\/types\/page"}],"author":[{"embeddable":true,"href":"https:\/\/www.lisboacard.org\/pl\/wp-json\/wp\/v2\/users\/1"}],"replies":[{"embeddable":true,"href":"https:\/\/www.lisboacard.org\/pl\/wp-json\/wp\/v2\/comments?post=9"}],"version-history":[{"count":3,"href":"https:\/\/www.lisboacard.org\/pl\/wp-json\/wp\/v2\/pages\/9\/revisions"}],"predecessor-version":[{"id":859,"href":"https:\/\/www.lisboacard.org\/pl\/wp-json\/wp\/v2\/pages\/9\/revisions\/859"}],"wp:attachment":[{"href":"https:\/\/www.lisboacard.org\/pl\/wp-json\/wp\/v2\/media?parent=9"}],"wp:term":[{"taxonomy":"post-style","embeddable":true,"href":"https:\/\/www.lisboacard.org\/pl\/wp-json\/wp\/v2\/post-style?post=9"},{"taxonomy":"producer","embeddable":true,"href":"https:\/\/www.lisboacard.org\/pl\/wp-json\/wp\/v2\/producer?post=9"}],"curies":[{"name":"wp","href":"https:\/\/api.w.org\/{rel}","templated":true}]}}