{"id":581,"date":"2014-01-08T14:47:17","date_gmt":"2014-01-08T14:47:17","guid":{"rendered":"https:\/\/www.lisboacard.org\/?page_id=11"},"modified":"2026-05-07T07:06:17","modified_gmt":"2026-05-07T05:06:17","slug":"faq","status":"publish","type":"page","link":"https:\/\/www.lisboacard.org\/pt\/faq\/","title":{"rendered":"Perguntas frequentes (FAQ)"},"content":{"rendered":"<div id=\"rank-math-faq\" class=\"rank-math-block\">\n<div class=\"rank-math-list \">\n<div id=\"faq-question-1717062476605\" class=\"rank-math-list-item\">\n<h3 class=\"rank-math-question \">O que \u00e9 o Lisboa Card?<\/h3>\n<div class=\"rank-math-answer \">\n\n<p>O Lisboa Card \u00e9 o passe tur\u00edstico oficial de Lisboa. O cart\u00e3o \u00e9 essencialmente um <strong>cart\u00e3o de transportes<\/strong> 3 em 1, um <strong>passe de atrac\u00e7\u00f5es<\/strong> e um <strong>cart\u00e3o de descontos<\/strong>. O pacote do Lisboa Card inclui tamb\u00e9m um guia gratuito da cidade. Em suma, o cart\u00e3o ajuda os visitantes de Lisboa <strong>a poupar tempo e dinheiro<\/strong> durante a sua estadia na cidade.<\/p>\n\n<\/div>\n<\/div>\n<div id=\"faq-question-1717062505033\" class=\"rank-math-list-item\">\n<h3 class=\"rank-math-question \">Quais s\u00e3o os benef\u00edcios do Lisboa Card?<\/h3>\n<div class=\"rank-math-answer \">\n\n<p>O Lisboa Card permite-te <strong>poupar dinheiro<\/strong> em transportes, entradas, entretenimento e presentes, <strong>poupar tempo<\/strong> e <strong>ver mais<\/strong> com in\u00fameras ofertas e descontos.<\/p>\n\n<\/div>\n<\/div>\n<div id=\"faq-question-1717062519392\" class=\"rank-math-list-item\">\n<h3 class=\"rank-math-question \">Que descontos que o Lisboa Card oferece?<\/h3>\n<div class=\"rank-math-answer \">\n\n<p>O Lisboa Card oferece descontos de 10% a 50% em servi\u00e7os locais, atrac\u00e7\u00f5es culturais e tur\u00edsticas e actividades. Al\u00e9m disso, podes usufruir de um desconto de 5% a 10% nas lojas aderentes que oferecem uma vasta sele\u00e7\u00e3o de produtos portugueses aut\u00eanticos. Podes consultar a lista completa de descontos <a href=\"https:\/\/www.lisboacard.org\/pt\/descontos\/\" data-type=\"page\" data-id=\"6\">aqui<\/a>.<\/p>\n\n<\/div>\n<\/div>\n<div id=\"faq-question-1724316893105\" class=\"rank-math-list-item\">\n<h3 class=\"rank-math-question \">O Lisboa Card vale a pena?<\/h3>\n<div class=\"rank-math-answer \">\n\n<p>Se vale a pena comprar o Lisboa Card depende principalmente dos teus planos de viagem e da tua necessidade de conveni\u00eancia. Regra geral: o Lisboa Card \u00e9 um bom neg\u00f3cio se tencionas viajar em transportes p\u00fablicos e visitar v\u00e1rios museus e atrac\u00e7\u00f5es por dia. Abaixo est\u00e3o algumas coisas a ter em conta se estiveres a pensar em comprar o Lisboa Card:<\/p>\n<p><strong>O custo do cart\u00e3o<\/strong><br \/>A \u00fanica forma de ter a certeza de que o Lisboa Card vale o investimento \u00e9 fazer uma an\u00e1lise dos teus planos e calcular quanto custaria em entradas, passeios e transportes. Compara o total com os custos por dia do Lisboa Card e v\u00ea se o cart\u00e3o \u00e9 um bom neg\u00f3cio. N\u00e3o te esque\u00e7as que o cart\u00e3o de 72 horas \u00e9 o mais econ\u00f3mico.<\/p>\n<p><strong>Liberdade e flexibilidade<\/strong><br \/>Em muitos casos, o Lisboa Card vende pela conveni\u00eancia: permite-te fazer o que queres, quando queres, sem teres de te preocupar em comprar bilhetes extra para museus ou transportes.<br \/>Em suma, se est\u00e1s a visitar Lisboa com um or\u00e7amento apertado, faz as contas e v\u00ea se o custo vs. a poupan\u00e7a vale a pena. Se valorizas a <strong>liberdade<\/strong>, <strong>a flexibilidade<\/strong> e <strong>a comodidade<\/strong>, o Lisboa Card \u00e9 provavelmente um \u00f3timo neg\u00f3cio.<\/p>\n\n<\/div>\n<\/div>\n<div id=\"faq-question-1724316971009\" class=\"rank-math-list-item\">\n<h3 class=\"rank-math-question \">Quanto custa o Lisboa Card?<\/h3>\n<div class=\"rank-math-answer \">\n\n<p>O pre\u00e7o do Lisboa Card depende do n\u00famero de dias de validade do cart\u00e3o. As crian\u00e7as beneficiam de um desconto adicional no pre\u00e7o de compra.<br \/>V\u00ea o pre\u00e7o por dia quando comparares os diferentes cart\u00f5es. Por exemplo, um Lisboa Card de 72 horas \u00e9 mais barato por dia do que um cart\u00e3o de 24 horas. Consulta a <a href=\"https:\/\/www.lisboacard.org\/pt\/precos\/\" data-type=\"page\" data-id=\"9\">tabela de pre\u00e7os<\/a> para veres todos os pre\u00e7os do Lisboa Card.<\/p>\n\n<\/div>\n<\/div>\n<div id=\"faq-question-1729234650040\" class=\"rank-math-list-item\">\n<h3 class=\"rank-math-question \">Onde posso levantar o Lisboa Card?<\/h3>\n<div class=\"rank-math-answer \">\n\n<p>Os vouchers podem ser trocados pelo Lisboa Card em v\u00e1rios postos de turismo da cidade e no \u00e1trio de chegadas do aeroporto. O teu e-mail de confirma\u00e7\u00e3o inclui uma lista de pontos de levantamento, moradas e hor\u00e1rios de funcionamento.<\/p>\n\n<\/div>\n<\/div>\n<div id=\"faq-question-1778107335114\" class=\"rank-math-list-item\">\n<h3 class=\"rank-math-question \">Posso adicionar bilhetes extra para outras atra\u00e7\u00f5es ao reservar o Lisboa Card?<\/h3>\n<div class=\"rank-math-answer \">\n\n<p>Sim! Ao reservares a tua Lisboa Card, podes adicionar bilhetes com desconto para alguns dos locais mais populares de Lisboa e Sintra, incluindo: <strong>o Ocean\u00e1rio de Lisboa, o Pal\u00e1cio da Pena e o Castelo dos Mouros<\/strong>. Estes extras s\u00e3o opcionais e podem ser selecionados durante o processo de pagamento.<\/p>\n\n<\/div>\n<\/div>\n<\/div>\n<\/div>","protected":false},"excerpt":{"rendered":"","protected":false},"author":1,"featured_media":0,"parent":0,"menu_order":5,"comment_status":"closed","ping_status":"closed","template":"","meta":{"_acf_changed":false,"footnotes":"","button_url":"https:\/\/www.tiqets.com\/pt\/lisbon-attractions-c76528\/tickets-for-lisbon-card-p974847\/?partner=lisboacard","ms_product_id":"","ms_product_name":"","ms_price":"","ms_currency":"","ms_rating_value":"","ms_review_count":"","rank_math_title":"%title% %page% %sep% %sitename%","rank_math_description":" "},"post-style":[],"producer":[],"class_list":["post-581","page","type-page","status-publish","has-post-thumbnail"],"acf":[],"product_schema":{"ms_product_id":"","ms_product_name":"","ms_price":"","ms_currency":"","ms_rating_value":"","ms_review_count":""},"_links":{"self":[{"href":"https:\/\/www.lisboacard.org\/pt\/wp-json\/wp\/v2\/pages\/581","targetHints":{"allow":["GET"]}}],"collection":[{"href":"https:\/\/www.lisboacard.org\/pt\/wp-json\/wp\/v2\/pages"}],"about":[{"href":"https:\/\/www.lisboacard.org\/pt\/wp-json\/wp\/v2\/types\/page"}],"author":[{"embeddable":true,"href":"https:\/\/www.lisboacard.org\/pt\/wp-json\/wp\/v2\/users\/1"}],"replies":[{"embeddable":true,"href":"https:\/\/www.lisboacard.org\/pt\/wp-json\/wp\/v2\/comments?post=581"}],"version-history":[{"count":3,"href":"https:\/\/www.lisboacard.org\/pt\/wp-json\/wp\/v2\/pages\/581\/revisions"}],"predecessor-version":[{"id":998,"href":"https:\/\/www.lisboacard.org\/pt\/wp-json\/wp\/v2\/pages\/581\/revisions\/998"}],"wp:attachment":[{"href":"https:\/\/www.lisboacard.org\/pt\/wp-json\/wp\/v2\/media?parent=581"}],"wp:term":[{"taxonomy":"post-style","embeddable":true,"href":"https:\/\/www.lisboacard.org\/pt\/wp-json\/wp\/v2\/post-style?post=581"},{"taxonomy":"producer","embeddable":true,"href":"https:\/\/www.lisboacard.org\/pt\/wp-json\/wp\/v2\/producer?post=581"}],"curies":[{"name":"wp","href":"https:\/\/api.w.org\/{rel}","templated":true}]}}