{"id":636,"date":"2024-10-18T10:22:58","date_gmt":"2024-10-18T08:22:58","guid":{"rendered":"https:\/\/www.lisboacard.org\/pt\/?page_id=636"},"modified":"2025-01-06T11:44:45","modified_gmt":"2025-01-06T10:44:45","slug":"contacto","status":"publish","type":"page","link":"https:\/\/www.lisboacard.org\/pt\/contacto\/","title":{"rendered":"Contacto"},"content":{"rendered":"\n<h3 class=\"wp-block-heading\">Pedidos de bilhetes<\/h3>\n\n\n\n<p>Para quaisquer quest\u00f5es sobre bilhetes ou sobre a tua reserva, contacta o nosso parceiro de bilhetes:<\/p>\n\n\n\n<ul class=\"wp-block-list\">\n<li>Email: info@ticketbar.eu<\/li>\n\n\n\n<li>Telefona: +44 2035142614<\/li>\n<\/ul>\n\n\n\n<hr class=\"wp-block-separator has-alpha-channel-opacity\"\/>\n\n\n\n<h3 class=\"wp-block-heading\">Informa\u00e7\u00f5es para os visitantes<\/h3>\n\n\n\n<p>Para obteres informa\u00e7\u00f5es mais detalhadas sobre a cidade, mapas e outros servi\u00e7os, podes visitar qualquer um dos postos de turismo \u201cAsk Me Lisboa\u201d no aeroporto ou na cidade. \u00c9 tamb\u00e9m nestes postos que podes trocar o teu bilhete online por um Lisboa Card f\u00edsico.<\/p>\n\n\n\n<p>Para veres as suas moradas, hor\u00e1rios de funcionamento e contactos, clica <a href=\"https:\/\/www.visitlisboa.com\/pt-pt\/c\/postos-de-turismo\" target=\"_blank\" rel=\"noreferrer noopener nofollow\">nesta liga\u00e7\u00e3o<\/a>.<\/p>\n\n\n\n<hr class=\"wp-block-separator has-alpha-channel-opacity\"\/>\n\n\n\n<h3 class=\"wp-block-heading\">Apoio ao site<\/h3>\n\n\n\n<p>Para qualquer quest\u00e3o relacionada com este site, contacta-nos diretamente:<\/p>\n\n\n\n<ul class=\"wp-block-list\">\n<li>Email: info@moonshot.media<\/li>\n<\/ul>\n","protected":false},"excerpt":{"rendered":"","protected":false},"author":3,"featured_media":0,"parent":0,"menu_order":0,"comment_status":"closed","ping_status":"closed","template":"","meta":{"_acf_changed":false,"footnotes":"","button_url":"https:\/\/www.tiqets.com\/pt\/lisbon-attractions-c76528\/tickets-for-lisbon-card-p974847\/?partner=lisboacard","ms_product_id":"","ms_product_name":"","ms_price":"","ms_currency":"","ms_rating_value":"","ms_review_count":"","rank_math_title":"","rank_math_description":""},"post-style":[],"producer":[],"class_list":["post-636","page","type-page","status-publish","has-post-thumbnail"],"acf":[],"product_schema":{"ms_product_id":"","ms_product_name":"","ms_price":"","ms_currency":"","ms_rating_value":"","ms_review_count":""},"_links":{"self":[{"href":"https:\/\/www.lisboacard.org\/pt\/wp-json\/wp\/v2\/pages\/636","targetHints":{"allow":["GET"]}}],"collection":[{"href":"https:\/\/www.lisboacard.org\/pt\/wp-json\/wp\/v2\/pages"}],"about":[{"href":"https:\/\/www.lisboacard.org\/pt\/wp-json\/wp\/v2\/types\/page"}],"author":[{"embeddable":true,"href":"https:\/\/www.lisboacard.org\/pt\/wp-json\/wp\/v2\/users\/3"}],"replies":[{"embeddable":true,"href":"https:\/\/www.lisboacard.org\/pt\/wp-json\/wp\/v2\/comments?post=636"}],"version-history":[{"count":1,"href":"https:\/\/www.lisboacard.org\/pt\/wp-json\/wp\/v2\/pages\/636\/revisions"}],"predecessor-version":[{"id":637,"href":"https:\/\/www.lisboacard.org\/pt\/wp-json\/wp\/v2\/pages\/636\/revisions\/637"}],"wp:attachment":[{"href":"https:\/\/www.lisboacard.org\/pt\/wp-json\/wp\/v2\/media?parent=636"}],"wp:term":[{"taxonomy":"post-style","embeddable":true,"href":"https:\/\/www.lisboacard.org\/pt\/wp-json\/wp\/v2\/post-style?post=636"},{"taxonomy":"producer","embeddable":true,"href":"https:\/\/www.lisboacard.org\/pt\/wp-json\/wp\/v2\/producer?post=636"}],"curies":[{"name":"wp","href":"https:\/\/api.w.org\/{rel}","templated":true}]}}