{"id":6,"date":"2014-01-05T15:29:47","date_gmt":"2014-01-05T15:29:47","guid":{"rendered":"https:\/\/www.lisboacard.org\/?page_id=6"},"modified":"2026-05-07T00:06:11","modified_gmt":"2026-05-06T22:06:11","slug":"%d1%81%d0%ba%d0%b8%d0%b4%d0%ba%d0%b8","status":"publish","type":"page","link":"https:\/\/www.lisboacard.org\/ru\/%d1%81%d0%ba%d0%b8%d0%b4%d0%ba%d0%b8\/","title":{"rendered":"\u0421\u043a\u0438\u0434\u043a\u0438 \u043f\u043e \u043a\u0430\u0440\u0442\u0435 Lisboa Card"},"content":{"rendered":"<div class=\"gb-container gb-container-7d45ff9c ms-p ms-rounded ms-mb-children-condensed ms-mb-block ms-alert--contrast\">\n\n<ul class=\"wp-block-list\">\n<li><a href=\"https:\/\/www.lisboacard.org\/wp-content\/uploads\/lisboa-card-discounts.pdf\">\u041a\u043b\u0438\u043a\u043d\u0438 \u0441\u044e\u0434\u0430, \u0447\u0442\u043e\u0431\u044b \u0441\u043a\u0430\u0447\u0430\u0442\u044c \u0430\u043a\u0442\u0443\u0430\u043b\u044c\u043d\u044b\u0439 \u0441\u043f\u0438\u0441\u043e\u043a \u0441\u043a\u0438\u0434\u043e\u043a (pdf).<\/a><\/li>\n\n\n\n<li>\u0411\u043e\u043b\u044c\u0448\u0438\u043d\u0441\u0442\u0432\u043e \u043c\u0443\u0437\u0435\u0435\u0432 \u0437\u0430\u043a\u0440\u044b\u0442\u044b \u043a\u0430\u043a \u043c\u0438\u043d\u0438\u043c\u0443\u043c \u043e\u0434\u0438\u043d \u0434\u0435\u043d\u044c \u0432 \u043d\u0435\u0434\u0435\u043b\u044e. \u041f\u043e\u0436\u0430\u043b\u0443\u0439\u0441\u0442\u0430, \u043f\u0440\u043e\u0432\u0435\u0440\u044c\u0442\u0435 \u0447\u0430\u0441\u044b \u0440\u0430\u0431\u043e\u0442\u044b \u043f\u0435\u0440\u0435\u0434 \u0432\u0438\u0437\u0438\u0442\u043e\u043c.<\/li>\n\n\n\n<li>\u0412\u0440\u0435\u043c\u0435\u043d\u043d\u043e \u0437\u0430\u043a\u0440\u044b\u0442\u044b: \u0411\u0430\u0448\u043d\u044f \u0411\u0435\u043b\u0435\u043d, \u041d\u0430\u0446\u0438\u043e\u043d\u0430\u043b\u044c\u043d\u044b\u0439 \u043c\u0443\u0437\u0435\u0439 \u043f\u043b\u0438\u0442\u043a\u0438, \u041d\u0430\u0446\u0438\u043e\u043d\u0430\u043b\u044c\u043d\u044b\u0439 \u043c\u0443\u0437\u0435\u0439 \u0434\u0440\u0435\u0432\u043d\u0435\u0433\u043e \u0438\u0441\u043a\u0443\u0441\u0441\u0442\u0432\u0430, \u041b\u0438\u0444\u0442 \u0421\u0430\u043d\u0442\u0430-\u0416\u0443\u0441\u0442\u0430, \u041c\u0443\u0437\u0435\u0439 \u043a\u043e\u0441\u0442\u044e\u043c\u0430, \u041c\u0443\u0437\u0435\u0439 \u0442\u0435\u0430\u0442\u0440\u0430 \u0438 \u0442\u0430\u043d\u0446\u0430, \u041d\u0430\u0446\u0438\u043e\u043d\u0430\u043b\u044c\u043d\u044b\u0439 \u043c\u0443\u0437\u0435\u0439 \u0430\u0440\u0445\u0435\u043e\u043b\u043e\u0433\u0438\u0438, NewsMuseum \u0438 \u041c\u0443\u0437\u0435\u0439 \u041a\u0430\u043b\u0443\u0441\u0442\u0430 \u0413\u0443\u043b\u0431\u0435\u043d\u043a\u044f\u043d\u0430.<\/li>\n\n\n\n<li>\u0412\u044b \u043c\u043e\u0436\u0435\u0442\u0435 \u043a\u0443\u043f\u0438\u0442\u044c Lisboa Card \u0437\u0430 28 \u0434\u043d\u0435\u0439 \u0434\u043e \u0430\u043a\u0442\u0438\u0432\u0430\u0446\u0438\u0438.<\/li>\n<\/ul>\n\n<\/div>\n\n\n<h3 class=\"gb-headline gb-headline-6549ee2c gb-headline-text\">\u0422\u043e\u043f-10<\/h3>\n\n\n<div class=\"ms-table\"><table><tr><th>\u041f\u0443\u043d\u043a\u0442<\/th><th>\u0421\u043a\u0438\u0434\u043a\u0438<\/th><\/tr><tr><td><abbr title=\"Saint George Castle\">Castelo de S\u00e3o Jorge<\/abbr>*<\/td><td>\u0411\u0435\u0441\u043f\u043b\u0430\u0442\u043d\u043e<\/td><\/tr><tr><td><abbr title=\"Royal Treasure Museum\">Museu do Tesouro Real<\/abbr><\/td><td>\u0411\u0435\u0441\u043f\u043b\u0430\u0442\u043d\u043e<\/td><\/tr><tr><td><abbr title=\"Jer\u00f3nimos Monastery\">Mosteiro dos Jeronimos<\/abbr><\/td><td>\u0411\u0435\u0441\u043f\u043b\u0430\u0442\u043d\u043e<\/td><\/tr><tr><td><abbr title=\"Bel\u00e9m Tower\">Torre de Bel\u00e9m<\/abbr><\/td><td>\u0411\u0435\u0441\u043f\u043b\u0430\u0442\u043d\u043e<\/td><\/tr><tr><td><abbr title=\"Pilar7 Bridge Experience\">Experi\u00eancia Pilar 7<\/abbr><\/td><td>\u0411\u0435\u0441\u043f\u043b\u0430\u0442\u043d\u043e<\/td><\/tr><tr><td>Lisbon Story Centre<\/td><td>\u0411\u0435\u0441\u043f\u043b\u0430\u0442\u043d\u043e<\/td><\/tr><tr><td><abbr title=\"National Tile Museum\">Museu Nacional del Azulejo<\/abbr><\/td><td>\u0411\u0435\u0441\u043f\u043b\u0430\u0442\u043d\u043e<\/td><\/tr><tr><td><abbr title=\"National Ancient Art Museum\">Museu Nacional del Arte Antigua<\/abbr><\/td><td>\u0411\u0435\u0441\u043f\u043b\u0430\u0442\u043d\u043e<\/td><\/tr><tr><td><abbr title=\"Sintra Myths and Legends\">Sintra Mitos e Lendas<\/abbr><\/td><td>\u0411\u0435\u0441\u043f\u043b\u0430\u0442\u043d\u043e<\/td><\/tr><tr><td><abbr title=\"Mafra National Palace\">Palacio Nacional de Mafra<\/abbr><\/td><td>\u0411\u0435\u0441\u043f\u043b\u0430\u0442\u043d\u043e<\/td><\/tr><\/table><\/div>\n\n\n<h3 class=\"wp-block-heading\">\u0422\u0440\u0430\u043d\u0441\u043f\u043e\u0440\u0442<\/h3>\n\n\n<div class=\"ms-table\"><table><tr><th>\u041f\u0443\u043d\u043a\u0442<\/th><th>\u0421\u043a\u0438\u0434\u043a\u0438<\/th><\/tr><tr><td>Metro (inc. airport transfer)<\/td><td>\u0411\u0435\u0441\u043f\u043b\u0430\u0442\u043d\u043e<\/td><\/tr><tr><td>CARRIS &#8212; Buses and Trams<\/td><td>\u0411\u0435\u0441\u043f\u043b\u0430\u0442\u043d\u043e<\/td><\/tr><tr><td>CP-Comboios de Portugal<\/td><td>\u0411\u0435\u0441\u043f\u043b\u0430\u0442\u043d\u043e<\/td><\/tr><tr><td>FERTAGUS Trains \/ Trenes<\/td><td>\u0411\u0435\u0441\u043f\u043b\u0430\u0442\u043d\u043e<\/td><\/tr><\/table><\/div>\n\n\n<h3 class=\"wp-block-heading\">\u041f\u0430\u043c\u044f\u0442\u043d\u0438\u043a\u0438 \u0438 \u043c\u0443\u0437\u0435\u0438<\/h3>\n\n\n<div class=\"ms-table\"><table><tr><th>\u041f\u0443\u043d\u043a\u0442<\/th><th>\u0421\u043a\u0438\u0434\u043a\u0438<\/th><\/tr><tr><td><abbr title=\"National Pantheon\">Panteao Nacional<\/abbr><\/td><td>\u0411\u0435\u0441\u043f\u043b\u0430\u0442\u043d\u043e<\/td><\/tr><tr><td><abbr title=\"Ajuda National Palace\">Pal\u00e1cio Nacional da Ajuda<\/abbr><\/td><td>\u0411\u0435\u0441\u043f\u043b\u0430\u0442\u043d\u043e<\/td><\/tr><tr><td><abbr title=\"National Coach Museum\">Museo Nacional de Carruajes<\/abbr><\/td><td>\u0411\u0435\u0441\u043f\u043b\u0430\u0442\u043d\u043e<\/td><\/tr><tr><td><abbr title=\"Chiado Museum - National Museum of Contemporary Art\">Museu do Chiado &#8212; Museu Nacional de Arte Contempor\u00e2nea<\/abbr><\/td><td>\u0411\u0435\u0441\u043f\u043b\u0430\u0442\u043d\u043e<\/td><\/tr><tr><td><abbr title=\"National Ethnology Museum\">Museu Nacional de Etnologia<\/abbr><\/td><td>\u0411\u0435\u0441\u043f\u043b\u0430\u0442\u043d\u043e<\/td><\/tr><tr><td><abbr title=\"National Costume Museum\">Museu Nacional do Traje<\/abbr><\/td><td>\u0411\u0435\u0441\u043f\u043b\u0430\u0442\u043d\u043e<\/td><\/tr><tr><td><abbr title=\"National Museum of Theatre and Dance\">Museu Nacional do Teatro e da Dan\u00e7a<\/abbr><\/td><td>\u0411\u0435\u0441\u043f\u043b\u0430\u0442\u043d\u043e<\/td><\/tr><tr><td><abbr title=\"National Archaeology Museum\">Museu Nacional de Arqueologia<\/abbr><\/td><td>\u0411\u0435\u0441\u043f\u043b\u0430\u0442\u043d\u043e<\/td><\/tr><tr><td><abbr title=\"National Music Museum\">Museu Nacional da M\u00fasica<\/abbr><\/td><td>\u0411\u0435\u0441\u043f\u043b\u0430\u0442\u043d\u043e<\/td><\/tr><tr><td><abbr title=\"Dr. Anast\u00e1cio Gon\u00e7alves Museum-Residence\">Casa-Museu Dr. Anast\u00e1cio Gon\u00e7alves<\/abbr><\/td><td>\u0411\u0435\u0441\u043f\u043b\u0430\u0442\u043d\u043e<\/td><\/tr><tr><td><abbr title=\"Republican National Guard Museum\">Museu da Guarda Nacional Republicana<\/abbr><\/td><td>\u0411\u0435\u0441\u043f\u043b\u0430\u0442\u043d\u043e<\/td><\/tr><tr><td><abbr title=\"Ceramics Museum - Sacav\u00e9m\">Museu de Cer\u00e2mica &#8212; Sacav\u00e9m<\/abbr><\/td><td>\u0411\u0435\u0441\u043f\u043b\u0430\u0442\u043d\u043e<\/td><\/tr><tr><td><abbr title=\"Air Museum\">Museu do Ar<\/abbr><\/td><td>\u0411\u0435\u0441\u043f\u043b\u0430\u0442\u043d\u043e<\/td><\/tr><tr><td><abbr title=\"Batalha Monastery\">Mosteiro da Batalha<\/abbr><\/td><td>\u0411\u0435\u0441\u043f\u043b\u0430\u0442\u043d\u043e<\/td><\/tr><tr><td><abbr title=\"Alcoba\u00e7a Monastery\">Mosteiro de Alcoba\u00e7a<\/abbr><\/td><td>\u0411\u0435\u0441\u043f\u043b\u0430\u0442\u043d\u043e<\/td><\/tr><tr><td><abbr title=\"Tomar Convent of Christ\">Convento de Cristo &#8212; Tomar<\/abbr><\/td><td>\u0411\u0435\u0441\u043f\u043b\u0430\u0442\u043d\u043e<\/td><\/tr><tr><td><abbr title=\"Museum of Neo Realism - Vila Franca de Xira\">Museu do Neo-Realismo &#8212; Vila Franca de Xira<\/abbr><\/td><td>\u0411\u0435\u0441\u043f\u043b\u0430\u0442\u043d\u043e<\/td><\/tr><tr><td><abbr title=\"Museum of the Work Michel Giacometti\">Museu do Trabalho Michel Giacometti<\/abbr><\/td><td>\u0411\u0435\u0441\u043f\u043b\u0430\u0442\u043d\u043e<\/td><\/tr><tr><td><abbr title=\"Casa da Cerca - Museum of Contemporary Art - Almada\">Casa da Cerca &#8212; Museu de Arte Contempor\u00e2nea &#8212; Almada<\/abbr><\/td><td>\u0411\u0435\u0441\u043f\u043b\u0430\u0442\u043d\u043e<\/td><\/tr><tr><td><abbr title=\"Chapel of the Holy Spirit of the Mareantes - Sesimbra\">Capela do Esp\u00edrito Santo dos Mareantes &#8212; Sesimbra<\/abbr><\/td><td>\u0411\u0435\u0441\u043f\u043b\u0430\u0442\u043d\u043e<\/td><\/tr><tr><td><abbr title=\"Set\u00fabal Municipal Gallery\">Galeria Municipal de Set\u00fabal<\/abbr><\/td><td>\u0411\u0435\u0441\u043f\u043b\u0430\u0442\u043d\u043e<\/td><\/tr><tr><td><abbr title=\"Maritime Museum - Sesimbra\">Museu Mar\u00edtimo &#8212; Sesimbra<\/abbr><\/td><td>\u0411\u0435\u0441\u043f\u043b\u0430\u0442\u043d\u043e<\/td><\/tr><tr><td><abbr title=\"Convent of Jesus - Set\u00fabal Museum\">Convento de Jesus &#8212; Museu de Set\u00fabal<\/abbr><\/td><td>\u0411\u0435\u0441\u043f\u043b\u0430\u0442\u043d\u043e<\/td><\/tr><tr><td><abbr title=\"Mourisca Tide Mill \u2013 Herdade da Mourisca\">Moinho de Mar\u00e9 da Mourisca \u2013 Herdade da Mourisca<\/abbr><\/td><td>\u0411\u0435\u0441\u043f\u043b\u0430\u0442\u043d\u043e<\/td><\/tr><tr><td>NewsMuseum<\/td><td>\u0411\u0435\u0441\u043f\u043b\u0430\u0442\u043d\u043e<\/td><\/tr><tr><td><abbr title=\"Fado Museum\">Museu do Fado<\/abbr>*<\/td><td>\u0411\u0435\u0441\u043f\u043b\u0430\u0442\u043d\u043e<\/td><\/tr><tr><td><abbr title=\"Studio-Museum J\u00falio Pomar\">Est\u00fadio-Museu J\u00falio Pomar<\/abbr>*<\/td><td>\u0411\u0435\u0441\u043f\u043b\u0430\u0442\u043d\u043e<\/td><\/tr><tr><td><abbr title=\"Museum of Aljube\">Museu do Aljube<\/abbr>*<\/td><td>\u0411\u0435\u0441\u043f\u043b\u0430\u0442\u043d\u043e<\/td><\/tr><tr><td><abbr title=\"Fernando Pessoa's House\">Casa Fernando Pessoa<\/abbr>*<\/td><td>\u0411\u0435\u0441\u043f\u043b\u0430\u0442\u043d\u043e<\/td><\/tr><tr><td><abbr title=\"Museum Bordalo Pinheiro\">Museu Bordalo Pinheiro<\/abbr>*<\/td><td>\u0411\u0435\u0441\u043f\u043b\u0430\u0442\u043d\u043e<\/td><\/tr><tr><td><abbr title=\"Puppet Museum\">Museu da Marioneta<\/abbr>*<\/td><td>\u0411\u0435\u0441\u043f\u043b\u0430\u0442\u043d\u043e<\/td><\/tr><tr><td><abbr title=\"Lisbon Museum - Casa dos Bicos\">Museu de Lisboa &#8212; Casa dos Bicos<\/abbr>*<\/td><td>\u0411\u0435\u0441\u043f\u043b\u0430\u0442\u043d\u043e<\/td><\/tr><tr><td><abbr title=\"Lisbon Museum - Pal\u00e1cio Pimenta\">Museu de Lisboa &#8212; Pal\u00e1cio Pimenta<\/abbr>*<\/td><td>\u0411\u0435\u0441\u043f\u043b\u0430\u0442\u043d\u043e<\/td><\/tr><tr><td><abbr title=\"Lisbon Museum - Saint Anthony\">Museu de Lisboa &#8212; Santo Ant\u00f3nio<\/abbr>*<\/td><td>\u0411\u0435\u0441\u043f\u043b\u0430\u0442\u043d\u043e<\/td><\/tr><tr><td><abbr title=\"Lisbon Museum - Roman Theater\">Museu de Lisboa &#8212; Teatro Romano<\/abbr>*<\/td><td>\u0411\u0435\u0441\u043f\u043b\u0430\u0442\u043d\u043e<\/td><\/tr><tr><td><abbr title=\"Arpad Szenes - Vieira da Silva Foundation\">Funda\u00e7\u00e3o Arpad Szenes &#8212; Vieira da Silva<\/abbr><\/td><td>-50%<\/td><\/tr><tr><td><abbr title=\"Water Museum\">Museu da \u00c1gua<\/abbr><\/td><td>-50%<\/td><\/tr><tr><td><abbr title=\"Museum of Macau Cultural and Scientific Centre\">Museu do Centro Cient\u00edfico e Cultural de Macau<\/abbr><\/td><td>-50%<\/td><\/tr><tr><td><abbr title=\"Portuguese Communications Foundation\">Funda\u00e7\u00e3o Portuguesa das Comunica\u00e7\u00f5es<\/abbr><\/td><td>-50%<\/td><\/tr><tr><td><abbr title=\"S\u00e3o Roque Museum\">Museu de S\u00e3o Roque<\/abbr><\/td><td>-50%<\/td><\/tr><tr><td><abbr title=\"Medeiros e Almeida Museum\">Museu Medeiros e Almeida<\/abbr><\/td><td>-40%<\/td><\/tr><tr><td><abbr title=\"Carris Museum\">Museu da Carris<\/abbr><\/td><td>-30%<\/td><\/tr><tr><td><abbr title=\"S\u00e3o Vicente Monastery\">Mosteiro de S\u00e3o Vicente de Fora<\/abbr><\/td><td>-25%<\/td><\/tr><tr><td><abbr title=\"MAC\/CCB Museum of Contemporary Art\">MAC\/CCB Museu de Arte Contempor\u00e2nea<\/abbr><\/td><td>-20%<\/td><\/tr><tr><td><abbr title=\"Fragata D. Fernando II e Gl\u00f3ria\">Fragata D. Fernando II e Gl\u00f3ria<\/abbr><\/td><td>-20%<\/td><\/tr><tr><td><abbr title=\"Calouste Gulbenkian Museum\">Museu Calouste Gulbenkian<\/abbr><\/td><td>-20%<\/td><\/tr><tr><td><abbr title=\"Calouste Gulbenkian Museum - Modern Collection\">Museu Calouste Gulbenkian &#8212; Cole\u00e7\u00e3o Moderna<\/abbr><\/td><td>-20%<\/td><\/tr><tr><td><abbr title=\"Ruins of Igreja do Carmo \u2013 Archaeological Museum\">Ru\u00ednas da Igreja do Carmo \u2013 Museu Arqueol\u00f3gico do Carmo<\/abbr><\/td><td>-20%<\/td><\/tr><tr><td><abbr title=\"Am\u00e1lia Rodrigues Museum - Residence\">Casa-Museu Am\u00e1lia Rodrigues<\/abbr><\/td><td>-20%<\/td><\/tr><tr><td><abbr title=\"Museum of Mechanical Music - Palmela\">Museu da M\u00fasica Mec\u00e2nica &#8212; Palmela<\/abbr><\/td><td>-20%<\/td><\/tr><tr><td><abbr title=\"The Orient Museum\">Museu do Oriente<\/abbr><\/td><td>-20%<\/td><\/tr><tr><td><abbr title=\"Pharmacy Museum\">Museu da Farm\u00e1cia<\/abbr><\/td><td>-20%<\/td><\/tr><tr><td><abbr title=\"Lisbon Cathedral\">Catedral de Lisboa<\/abbr><\/td><td>-20%<\/td><\/tr><tr><td><abbr title=\"Church Tower in St. Jorge's Castle\">Torre da Igreja do Castelo de S\u00e3o Jorge<\/abbr><\/td><td>-20%<\/td><\/tr><tr><td><abbr title=\"Navy Museum\">Museu da Marinha<\/abbr><\/td><td>-20%<\/td><\/tr><tr><td><abbr title=\"Church of Gra\u00e7a\">Igreja da Gra\u00e7a<\/abbr><\/td><td>-20%<\/td><\/tr><tr><td><abbr title=\"Convento dos Cardaes\">Convento dos Cardaes<\/abbr><\/td><td>-20%<\/td><\/tr><tr><td>Museum of Illusions<\/td><td>-20%<\/td><\/tr><tr><td><abbr title=\"Benfica Museum\">Museu Benfica \/ Cosme Dami\u00e3o<\/abbr><\/td><td>-15%<\/td><\/tr><tr><td><abbr title=\"MAAT - Museum of Art, Architecture and Technology\">MAAT &#8212; Museu de Arte, Arquitetura e Tecnologia<\/abbr><\/td><td>-15%<\/td><\/tr><tr><td><abbr title=\"Queluz National Palace\">Pal\u00e1cio Nacional de Queluz<\/abbr><\/td><td>-10%<\/td><\/tr><tr><td><abbr title=\"Museum Sporting\">Museu Sporting<\/abbr><\/td><td>-10%<\/td><\/tr><tr><td><abbr title=\"Pena National Palace and Park\">Pal\u00e1cio Nacional da Pena e Parque<\/abbr><\/td><td>-10%<\/td><\/tr><tr><td><abbr title=\"Sintra National Palace\">Pal\u00e1cio Nacional de Sintra<\/abbr><\/td><td>-10%<\/td><\/tr><tr><td><abbr title=\"Natural History Science Museum\">Museu de Hist\u00f3ria Natural e Ci\u00eancia<\/abbr><\/td><td>-10%<\/td><\/tr><tr><td><abbr title=\"Pal\u00e1cio Biester (Sintra)\">Pal\u00e1cio Biester (Sintra)<\/abbr><\/td><td>-10%<\/td><\/tr><tr><td><abbr title=\"MACAM - Armando Martin Museum of Contemporary Art\">MACAM &#8212; Museu de Arte Contempor\u00e2nea Armando Martins<\/abbr><\/td><td>-10%<\/td><\/tr><\/table><\/div>\n\n\n<h3 class=\"wp-block-heading\">\u0414\u043e\u0441\u0442\u043e\u043f\u0440\u0438\u043c\u0435\u0447\u0430\u0442\u0435\u043b\u044c\u043d\u043e\u0441\u0442\u0438<\/h3>\n\n\n<div class=\"ms-table\"><table><tr><th>\u041f\u0443\u043d\u043a\u0442<\/th><th>\u0421\u043a\u0438\u0434\u043a\u0438<\/th><\/tr><tr><td><abbr title=\"Rua Augusta Arch\">Arco da Rua Augusta<\/abbr><\/td><td>\u0411\u0435\u0441\u043f\u043b\u0430\u0442\u043d\u043e<\/td><\/tr><tr><td><abbr title=\"Cold Greenhouse\">Estufa Fria<\/abbr><\/td><td>\u0411\u0435\u0441\u043f\u043b\u0430\u0442\u043d\u043e<\/td><\/tr><tr><td><abbr title=\"Interpretive Center of the History of Codfish\">Centro Interpretativo da Hist\u00f3ria do Bacalhau<\/abbr><\/td><td>\u0411\u0435\u0441\u043f\u043b\u0430\u0442\u043d\u043e<\/td><\/tr><tr><td><abbr title=\"CIRES \u2013 Roaz Interpretive Center of the Sado Estuary\">CIRES \u2013 Centro Interpretativo do Roaz do Estu\u00e1rio do Sado<\/abbr><\/td><td>\u0411\u0435\u0441\u043f\u043b\u0430\u0442\u043d\u043e<\/td><\/tr><tr><td><abbr title=\"Santa Justa Elevator\">Elevador de Santa Justa<\/abbr><\/td><td>\u0411\u0435\u0441\u043f\u043b\u0430\u0442\u043d\u043e<\/td><\/tr><tr><td><abbr title=\"Discoveries Monument\">Padr\u00e3o dos Descobrimentos<\/abbr>*<\/td><td>\u0411\u0435\u0441\u043f\u043b\u0430\u0442\u043d\u043e<\/td><\/tr><tr><td><abbr title=\"CIAN - Murais Almada Gares Mar\u00edtimas Centro Interpretativo\">CIAN &#8212; Murais Almada Gares Mar\u00edtimas Centro Interpretativo<\/abbr><\/td><td>\u0411\u0435\u0441\u043f\u043b\u0430\u0442\u043d\u043e<\/td><\/tr><tr><td>Centro Interpretativo<\/td><td>\u0411\u0435\u0441\u043f\u043b\u0430\u0442\u043d\u043e<\/td><\/tr><tr><td><abbr title=\"Navy planetarium\">Planet\u00e1rio da Marinha<\/abbr><\/td><td>-20%<\/td><\/tr><tr><td><abbr title=\"Bel\u00e9m Cultural Centre\">Centro Cultural de Bel\u00e9m<\/abbr><\/td><td>-20%<\/td><\/tr><tr><td><abbr title=\"Vasco da Gama Aquarium\">Aqu\u00e1rio Vasco da Gama<\/abbr><\/td><td>-20%<\/td><\/tr><tr><td><abbr title=\"Jos\u00e9 Saramago Foundation\">Funda\u00e7\u00e3o Jos\u00e9 Saramago<\/abbr><\/td><td>-1\u20ac<\/td><\/tr><tr><td><abbr title=\"Lisbon Aquarium\">Ocean\u00e1rio de Lisboa<\/abbr><\/td><td>-15%<\/td><\/tr><tr><td><abbr title=\"Pavilion of Knowledge \u2013 Ci\u00eancia Viva Science Centre\">Pavilh\u00e3o do Conhecimento \u2013 Centro Ci\u00eancia Viva<\/abbr><\/td><td>-15%<\/td><\/tr><tr><td><abbr title=\"Lisboa Zoo\">Jardim Zool\u00f3gico de Lisboa<\/abbr><\/td><td>-15%<\/td><\/tr><tr><td><abbr title=\"Parques de Sintra - Capuchos Convent \/ Monserrate Park \/ Moorish Castle\">Parques de Sintra &#8212; Convento dos Capuchos \/ Parque de Monserrate \/ Castelo dos Mouros<\/abbr><\/td><td>-15%<\/td><\/tr><tr><td><abbr title=\"OCUBO - Immersivus Gallery Lisboa\">OCUBO &#8212; Immersivus Gallery Lisboa<\/abbr><\/td><td>-15%<\/td><\/tr><tr><td><abbr title=\"Cable Car Parque das Na\u00e7\u00f5es \/ Telef\u00e9rico Parque das Na\u00e7\u00f5es\">Telef\u00e9rico do Parque das Na\u00e7\u00f5es<\/abbr><\/td><td>-10%<\/td><\/tr><tr><td><abbr title=\"Culturgest - Exhibitions \/ Culturgest - Exposiciones\">Culturgest &#8212; Exposi\u00e7\u00f5es<\/abbr><\/td><td>-10%<\/td><\/tr><\/table><\/div>\n\n\n<h3 class=\"wp-block-heading\">\u042d\u043a\u0441\u043a\u0443\u0440\u0441\u0438\u0438<\/h3>\n\n\n<div class=\"ms-table\"><table><tr><th>\u041f\u0443\u043d\u043a\u0442<\/th><th>\u0421\u043a\u0438\u0434\u043a\u0438<\/th><\/tr><tr><td>Tuk Guide Portugal<\/td><td>-25%<\/td><\/tr><tr><td>Barco Varino da Liberdade &#8212; Vila Franca de Xira<\/td><td>-25%<\/td><\/tr><tr><td>CitySightseeing<\/td><td>-25%<\/td><\/tr><tr><td>Inside Lisbon<\/td><td>-20%<\/td><\/tr><tr><td>Lisboa Aut\u00eantica<\/td><td>-20%<\/td><\/tr><tr><td>Naturway<\/td><td>-20%<\/td><\/tr><tr><td>Sado Arr\u00e1bida<\/td><td>-20%<\/td><\/tr><tr><td>Selection Tours<\/td><td>-20%<\/td><\/tr><tr><td>BOOST Portugal<\/td><td>-20%<\/td><\/tr><tr><td>SeaEO Tours<\/td><td>-15%<\/td><\/tr><tr><td>Hippotrip<\/td><td>-15%<\/td><\/tr><tr><td>Cityrama<\/td><td>-15%<\/td><\/tr><tr><td>PalmaYachts<\/td><td>-15%<\/td><\/tr><tr><td>Lisbon Destination Tours<\/td><td>-15%<\/td><\/tr><tr><td>Lisbon by Boat<\/td><td>-15%<\/td><\/tr><tr><td>Cooltour Lisbon<\/td><td>-15%<\/td><\/tr><tr><td>Tugatrips<\/td><td>-15%<\/td><\/tr><tr><td>Yellow Bus<\/td><td>-10%<\/td><\/tr><tr><td>Lisboat<\/td><td>-10%<\/td><\/tr><tr><td>FRS Portugal<\/td><td>-10%<\/td><\/tr><tr><td>Vertente Natural<\/td><td>-10%<\/td><\/tr><tr><td>Blue Cruises<\/td><td>-10%<\/td><\/tr><tr><td>Set\u00fabal Alive<\/td><td>-10%<\/td><\/tr><\/table><\/div>\n\n\n<h3 class=\"wp-block-heading\">\u0414\u0440\u0443\u0433\u0438\u0435<\/h3>\n\n\n<div class=\"ms-table\"><table><tr><th>\u041f\u0443\u043d\u043a\u0442<\/th><th>\u0421\u043a\u0438\u0434\u043a\u0438<\/th><\/tr><tr><td>Viniportugal<\/td><td>-20%<\/td><\/tr><tr><td>Amoreiras Shopping Center<\/td><td>-5\u20ac<\/td><\/tr><tr><td><abbr title=\"Amoreiras Shopping Center Miradouro \/ Belv\u00e9d\u00e8re\">Amoreiras 360\u00ba Panoramic View (Miradouro do Amoreiras Shopping Center)<\/abbr><\/td><td>-1\u20ac<\/td><\/tr><tr><td>Casa da Ba\u00eda &#8212; Set\u00fabal<\/td><td>-15%<\/td><\/tr><tr><td>Mercearia Confian\u00e7a &#8212; Set\u00fabal<\/td><td>-15%<\/td><\/tr><tr><td>Casa do Turismo<\/td><td>-15%<\/td><\/tr><tr><td>El Corte Ingles<\/td><td>\u041f\u0440\u0438\u0432\u0435\u0442\u0441\u0442\u0432\u0435\u043d\u043d\u044b\u0439 \u041f\u0410\u041a\u0415\u0422 + 10%<\/td><\/tr><tr><td><abbr title=\"Lisboa Shop - Terreiro do Pa\u00e7o\">Loja Lisboa &#8212; Terreiro do Pa\u00e7o<\/abbr><\/td><td>-10%<\/td><\/tr><tr><td>Freeport Fashion Outlet<\/td><td>-10%<\/td><\/tr><tr><td>Fado in Chiado<\/td><td>-10%<\/td><\/tr><tr><td><abbr title=\"Vasco da Gama Tower Belvedere \/ Mirador\">Miradouro da Torre Vasco da Gama<\/abbr><\/td><td>-10%<\/td><\/tr><tr><td><abbr title=\"Sant\u2019Anna Faience and Tile Factory\">F\u00e1brica de Faian\u00e7as e Azulejos Sant\u2019Anna<\/abbr><\/td><td>-5%<\/td><\/tr><\/table><\/div>\n\n\n<p>* \u0417\u0430 \u0438\u0441\u043a\u043b\u044e\u0447\u0435\u043d\u0438\u0435\u043c \u0434\u0435\u0442\u0435\u0439 \u0432 \u0432\u043e\u0437\u0440\u0430\u0441\u0442\u0435 \u043e\u0442 13 \u0434\u043e 15 \u043b\u0435\u0442<\/p>\n\n\n\n<p>\u041e\u0431\u043d\u043e\u0432\u043b\u0435\u043d\u043e: \u043c\u0430\u0439 2026 \u0433. \u0421\u043a\u0438\u0434\u043a\u0438, \u0432\u043a\u043b\u044e\u0447\u0435\u043d\u043d\u044b\u0435 \u0432 Lisboa Card, \u043c\u043e\u0433\u0443\u0442 \u0431\u044b\u0442\u044c \u0438\u0437\u043c\u0435\u043d\u0435\u043d\u044b \u0431\u0435\u0437 \u043f\u0440\u0435\u0434\u0432\u0430\u0440\u0438\u0442\u0435\u043b\u044c\u043d\u043e\u0433\u043e \u0443\u0432\u0435\u0434\u043e\u043c\u043b\u0435\u043d\u0438\u044f.<\/p>\n","protected":false},"excerpt":{"rendered":"","protected":false},"author":1,"featured_media":0,"parent":0,"menu_order":3,"comment_status":"closed","ping_status":"closed","template":"","meta":{"_acf_changed":false,"footnotes":"","button_url":"https:\/\/www.tiqets.com\/ru\/lisbon-attractions-c76528\/tickets-for-lisbon-card-p974847\/?partner=lisboacard","ms_product_id":"","ms_product_name":"","ms_price":"","ms_currency":"","ms_rating_value":"","ms_review_count":"","rank_math_title":"\u0421\u043a\u0438\u0434\u043a\u0438 \u0441 \u00abLisboa Card\u00bb (\u043e\u0431\u043d\u043e\u0432\u043b\u0435\u043d\u043e)","rank_math_description":" "},"post-style":[],"producer":[],"class_list":["post-6","page","type-page","status-publish","has-post-thumbnail"],"acf":[],"product_schema":{"ms_product_id":"","ms_product_name":"","ms_price":"","ms_currency":"","ms_rating_value":"","ms_review_count":""},"_links":{"self":[{"href":"https:\/\/www.lisboacard.org\/ru\/wp-json\/wp\/v2\/pages\/6","targetHints":{"allow":["GET"]}}],"collection":[{"href":"https:\/\/www.lisboacard.org\/ru\/wp-json\/wp\/v2\/pages"}],"about":[{"href":"https:\/\/www.lisboacard.org\/ru\/wp-json\/wp\/v2\/types\/page"}],"author":[{"embeddable":true,"href":"https:\/\/www.lisboacard.org\/ru\/wp-json\/wp\/v2\/users\/1"}],"replies":[{"embeddable":true,"href":"https:\/\/www.lisboacard.org\/ru\/wp-json\/wp\/v2\/comments?post=6"}],"version-history":[{"count":3,"href":"https:\/\/www.lisboacard.org\/ru\/wp-json\/wp\/v2\/pages\/6\/revisions"}],"predecessor-version":[{"id":883,"href":"https:\/\/www.lisboacard.org\/ru\/wp-json\/wp\/v2\/pages\/6\/revisions\/883"}],"wp:attachment":[{"href":"https:\/\/www.lisboacard.org\/ru\/wp-json\/wp\/v2\/media?parent=6"}],"wp:term":[{"taxonomy":"post-style","embeddable":true,"href":"https:\/\/www.lisboacard.org\/ru\/wp-json\/wp\/v2\/post-style?post=6"},{"taxonomy":"producer","embeddable":true,"href":"https:\/\/www.lisboacard.org\/ru\/wp-json\/wp\/v2\/producer?post=6"}],"curies":[{"name":"wp","href":"https:\/\/api.w.org\/{rel}","templated":true}]}}