{"id":5,"date":"2013-10-21T14:47:02","date_gmt":"2013-10-21T14:47:02","guid":{"rendered":"https:\/\/www.lisboacard.org\/sv\/?page_id=4"},"modified":"2026-05-06T23:04:06","modified_gmt":"2026-05-06T21:04:06","slug":"lisboa-card","status":"publish","type":"page","link":"https:\/\/www.lisboacard.org\/sv\/","title":{"rendered":"Lisboa Card"},"content":{"rendered":"<div class=\"ms-credits\">\n<img decoding=\"async\" class=\"gb-media-382f2e37\" alt=\"Colorful buildings in Lisbon at sunset.\" src=\"https:\/\/www.lisboacard.org\/sv\/wp-content\/uploads\/sites\/19\/lisbon-cityscape-1748835854.jpg\" title=\"lisbon-cityscape-1748835854\"\/>\n<span class='ms-credits__info' id='media816'><svg xmlns=\"http:\/\/www.w3.org\/2000\/svg\" width=\"20\" height=\"22\" fill=\"#000000\" viewBox=\"0 0 256 256\"><path d=\"M128,24A104,104,0,1,0,232,128,104.11,104.11,0,0,0,128,24Zm0,192a88,88,0,1,1,88-88A88.1,88.1,0,0,1,128,216ZM96,128a32,32,0,0,0,57.6,19.2,8,8,0,0,1,12.8,9.61,48,48,0,1,1,0-57.62,8,8,0,0,1-12.8,9.61A32,32,0,0,0,96,128Z\"><\/path><\/svg>sepavone\/<a href=https:\/\/depositphotos.com\/photo\/lisbon-portugal-skyline-65709885.html rel='nofollow' target='_blank'>Depositphotos<\/a><\/span><span class='ms-credits__btn' id='btn_media816' onclick='ms_credits_trigger(\"#media816\", this)'><svg xmlns=\"http:\/\/www.w3.org\/2000\/svg\" class=\"info_icon\" width=\"28\" height=\"28\" fill=\"#FFF\" viewBox=\"0 0 256 256\"><path d=\"M128,24A104,104,0,1,0,232,128,104.11,104.11,0,0,0,128,24Zm0,192a88,88,0,1,1,88-88A88.1,88.1,0,0,1,128,216Zm16-40a8,8,0,0,1-8,8,16,16,0,0,1-16-16V128a8,8,0,0,1,0-16,16,16,0,0,1,16,16v40A8,8,0,0,1,144,176ZM112,84a12,12,0,1,1,12,12A12,12,0,0,1,112,84Z\"><\/path><\/svg><svg xmlns=\"http:\/\/www.w3.org\/2000\/svg\" class=\"close_icon\" width=\"28\" height=\"28\" fill=\"#FFF\" viewBox=\"0 0 256 256\"><path d=\"M165.66,101.66,139.31,128l26.35,26.34a8,8,0,0,1-11.32,11.32L128,139.31l-26.34,26.35a8,8,0,0,1-11.32-11.32L116.69,128,90.34,101.66a8,8,0,0,1,11.32-11.32L128,116.69l26.34-26.35a8,8,0,0,1,11.32,11.32ZM232,128A104,104,0,1,1,128,24,104.11,104.11,0,0,1,232,128Zm-16,0a88,88,0,1,0-88,88A88.1,88.1,0,0,0,216,128Z\"><\/path><\/svg><\/span><\/div>\n\n\n<h1 class=\"gb-headline gb-headline-ec3982b8 gb-headline-text\">Lisboa Card<br><strong><mark style=\"background-color:var(--ms-color-white)\" class=\"has-inline-color has-ms-color-neutral-color\">Uppt\u00e4ck Lissabon med Lisboa Card<\/mark><\/strong><\/h1>\n\n\n\n<p>Njut av obegr\u00e4nsat resande och gratis intr\u00e4de till 52 av Lissabons b\u00e4sta museer och sev\u00e4rdheter med Lisboa Card. Kortet inkluderar gratis intr\u00e4de till bland annat Jer\u00f3nimos-klostret och Santa Justa-hissen.<\/p>\n\n\n\n<p><strong>Lisboa Card inkluderar \u00e4ven tunnelbaneresor till och fr\u00e5n Lissabons flygplats.<\/strong><\/p>\n\n\n\n<div class=\"ms-p ms-rounded ms-mb-last-child-0 ms-mb-children-condensed ms-alert--contrast ms-mb-block\">\n<h4 class=\"gb-text-26a71c5b\"><span class=\"gb-shape\"><svg viewBox=\"0 0 256 256\" fill=\"#000000\" height=\"32\" width=\"32\" xmlns=\"http:\/\/www.w3.org\/2000\/svg\"><path d=\"M246.15,133.18,146.83,33.86A19.85,19.85,0,0,0,132.69,28H40A12,12,0,0,0,28,40v92.69a19.85,19.85,0,0,0,5.86,14.14l99.32,99.32a20,20,0,0,0,28.28,0l84.69-84.69A20,20,0,0,0,246.15,133.18Zm-98.83,93.17L52,131V52h79l95.32,95.32ZM100,84A16,16,0,1,1,84,68,16,16,0,0,1,100,84Z\"><\/path><\/svg><\/span><span class=\"gb-text\"><strong>Exklusiva Till\u00e4ggsrabatter!<\/strong><\/span><\/h4>\n\n\n\n<p class=\"gb-text\">F\u00e5 specialrabatter p\u00e5 popul\u00e4ra attraktioner som Pena-palatset, Quinta da Regaleira och mer vid kassan.<\/p>\n\n\n\n<p class=\"gb-text\"><a href=\"https:\/\/www.tiqets.com\/sv\/lisbon-attractions-c76528\/tickets-for-lisbon-card-p974847\/?partner=lisboacard\" rel=\"nofollow noopener\">Spara p\u00e5 Topattraktioner \u2192<\/a><\/p>\n<\/div>\n\n\n<div class=\"gb-container gb-container-1e1905d6 gb-tabs\" role=\"tablist\" data-opened-tab=\"1\">\n<div class=\"gb-container gb-container-c0d25ee5 gb-tabs__buttons\" role=\"list\">\n\n<button class=\"gb-button gb-button-38b6d7d4 gb-button-text gb-tabs__button gb-block-is-current\" id=\"gb-tab-button-38b6d7d4\" role=\"tab\">F\u00f6rdelar<\/button>\n\n\n\n<button class=\"gb-button gb-button-c40a7253 gb-button-text gb-tabs__button\" id=\"gb-tab-button-c40a7253\" role=\"tab\">Vad \u00e4r det<\/button>\n\n\n\n<button class=\"gb-button gb-button-af692dcf gb-button-text gb-tabs__button\" id=\"gb-tab-button-af692dcf\" role=\"tab\">Var kan man k\u00f6pa<\/button>\n\n\n\n<button class=\"gb-button gb-button-706e52c0 gb-button-text gb-tabs__button\" id=\"gb-tab-button-706e52c0\" role=\"tab\">Hur man anv\u00e4nder kortet<\/button>\n\n<\/div>\n\n<div class=\"gb-container gb-container-8fcce89b gb-tabs__items\">\n<div class=\"gb-container gb-container-2e268732 gb-tabs__item gb-tabs__item-open\" id=\"gb-tab-item-2e268732\" role=\"tabpanel\">\n<div class=\"gb-grid-wrapper gb-grid-wrapper-deaf7782\">\n<div class=\"gb-grid-column gb-grid-column-a20552c8\"><div class=\"gb-container gb-container-a20552c8\">\n\n<h5 class=\"gb-headline gb-headline-91cc3cb9\"><span class=\"gb-icon\"><svg viewBox=\"0 0 256 256\" fill=\"#000000\" height=\"32\" width=\"32\" xmlns=\"http:\/\/www.w3.org\/2000\/svg\"><path d=\"M232.49,80.49l-128,128a12,12,0,0,1-17,0l-56-56a12,12,0,1,1,17-17L96,183,215.51,63.51a12,12,0,0,1,17,17Z\"><\/path><\/svg><\/span><span class=\"gb-headline-text\"><strong>Gratis kollektivtrafik<\/strong><\/span><\/h5>\n\n\n\n<p class=\"gb-headline gb-headline-a9ae3e31 gb-headline-text\">Obegr\u00e4nsad gratis resor med buss, tunnelbana, sp\u00e5rvagn och hissar.<\/p>\n\n<\/div><\/div>\n\n<div class=\"gb-grid-column gb-grid-column-b63d7f45\"><div class=\"gb-container gb-container-b63d7f45\">\n\n<h5 class=\"gb-headline gb-headline-0a9e0e11\"><span class=\"gb-icon\"><svg viewBox=\"0 0 256 256\" fill=\"#000000\" height=\"32\" width=\"32\" xmlns=\"http:\/\/www.w3.org\/2000\/svg\"><path d=\"M232.49,80.49l-128,128a12,12,0,0,1-17,0l-56-56a12,12,0,1,1,17-17L96,183,215.51,63.51a12,12,0,0,1,17,17Z\"><\/path><\/svg><\/span><span class=\"gb-headline-text\"><strong>Gratis intr\u00e4de<\/strong><\/span><\/h5>\n\n\n\n<p class=\"gb-headline gb-headline-c560cdb3 gb-headline-text\">Gratis intr\u00e4de till 52 av de b\u00e4sta museerna och sev\u00e4rdheterna.<\/p>\n\n<\/div><\/div>\n\n<div class=\"gb-grid-column gb-grid-column-a528135a\"><div class=\"gb-container gb-container-a528135a\">\n\n<h5 class=\"gb-headline gb-headline-76b5b018\"><span class=\"gb-icon\"><svg viewBox=\"0 0 256 256\" fill=\"#000000\" height=\"32\" width=\"32\" xmlns=\"http:\/\/www.w3.org\/2000\/svg\"><path d=\"M232.49,80.49l-128,128a12,12,0,0,1-17,0l-56-56a12,12,0,1,1,17-17L96,183,215.51,63.51a12,12,0,0,1,17,17Z\"><\/path><\/svg><\/span><span class=\"gb-headline-text\"><strong>Erbjudanden och rabatter<\/strong><\/span><\/h5>\n\n\n\n<p class=\"gb-headline gb-headline-5d916f43 gb-headline-text\">Spara 10\u201350 % p\u00e5 olika turer, shopping och nattliv.<\/p>\n\n<\/div><\/div>\n\n<div class=\"gb-grid-column gb-grid-column-15fe27fb\"><div class=\"gb-container gb-container-15fe27fb\">\n\n<h5 class=\"gb-headline gb-headline-dd85b3fd\"><span class=\"gb-icon\"><svg viewBox=\"0 0 256 256\" fill=\"#000000\" height=\"32\" width=\"32\" xmlns=\"http:\/\/www.w3.org\/2000\/svg\"><path d=\"M232.49,80.49l-128,128a12,12,0,0,1-17,0l-56-56a12,12,0,1,1,17-17L96,183,215.51,63.51a12,12,0,0,1,17,17Z\"><\/path><\/svg><\/span><span class=\"gb-headline-text\"><strong>Gratis guidebok<\/strong><\/span><\/h5>\n\n\n\n<p class=\"gb-headline gb-headline-63dcfe4d gb-headline-text\">En gratis turistguide full med anv\u00e4ndbar information om staden.<\/p>\n\n<\/div><\/div>\n\n<div class=\"gb-grid-column gb-grid-column-a7acfa5d\"><div class=\"gb-container gb-container-a7acfa5d\">\n\n<h5 class=\"gb-headline gb-headline-6963d291\"><span class=\"gb-icon\"><svg viewBox=\"0 0 256 256\" fill=\"#000000\" height=\"32\" width=\"32\" xmlns=\"http:\/\/www.w3.org\/2000\/svg\"><path d=\"M232.49,80.49l-128,128a12,12,0,0,1-17,0l-56-56a12,12,0,1,1,17-17L96,183,215.51,63.51a12,12,0,0,1,17,17Z\"><\/path><\/svg><\/span><span class=\"gb-headline-text\"><strong>Enkel upph\u00e4mtning<\/strong><\/span><\/h5>\n\n\n\n<p class=\"gb-headline gb-headline-4a33c065 gb-headline-text\">H\u00e4mta ditt kort p\u00e5 flera centrala platser runt om i Lissabon.<\/p>\n\n<\/div><\/div>\n\n<div class=\"gb-grid-column gb-grid-column-d4001500\"><div class=\"gb-container gb-container-d4001500\">\n\n<h5 class=\"gb-headline gb-headline-69f50967\"><span class=\"gb-icon\"><svg viewBox=\"0 0 256 256\" fill=\"#000000\" height=\"32\" width=\"32\" xmlns=\"http:\/\/www.w3.org\/2000\/svg\"><path d=\"M232.49,80.49l-128,128a12,12,0,0,1-17,0l-56-56a12,12,0,1,1,17-17L96,183,215.51,63.51a12,12,0,0,1,17,17Z\"><\/path><\/svg><\/span><span class=\"gb-headline-text\"><strong>Gratis dagsturer<\/strong><\/span><\/h5>\n\n\n\n<p class=\"gb-headline gb-headline-8407b344 gb-headline-text\">Gratis t\u00e5gresor till Sintra, Cascais och s\u00f6dra Tejo-flodens str\u00e4nder.<\/p>\n\n<\/div><\/div>\n<\/div>\n\n<div class=\"gb-container gb-container-e5d49e11 ms-alert--primary ms-p ms-rounded ms-mb-last-child-0 ms-mb-children-condensed ms-mb-block\">\n\n<p>Lisboa Card kan l\u00f6sas in inom 28 dagar fr\u00e5n k\u00f6pet och aktiveras f\u00f6rst vid f\u00f6rsta anv\u00e4ndningen.<\/p>\n\n<\/div>\n<\/div>\n\n<div class=\"gb-container gb-container-3bccd8b9 gb-tabs__item\" id=\"gb-tab-item-3bccd8b9\" role=\"tabpanel\">\n\n<p>Lisboa Card (<em>\u00e4ven k\u00e4nt som Lisbon Card<\/em>) \u00e4r stadens officiella resekort. Det ser ut som ett kreditkort och g\u00f6r att bes\u00f6kare kan spara tid och pengar under sin vistelse. Kortet \u00e4r det enklaste s\u00e4ttet att g\u00f6ra din resa mer prisv\u00e4rd, bekv\u00e4m och, viktigast av allt, of\u00f6rgl\u00f6mlig.<\/p>\n\n\n<div class=\"gb-container gb-container-4eb53179 ms-alert--primary ms-p ms-rounded ms-mb-last-child-0 ms-mb-children-condensed ms-mb-block\">\n\n<p>Lisboa Card \u00e4r ett 3-i-1-kort som fungerar som <strong>transportkort<\/strong>, <strong>sev\u00e4rdhetsbiljett<\/strong> och <strong>rabattkort<\/strong>.<\/p>\n\n<\/div>\n\n\n<p><strong>Varf\u00f6r v\u00e4lja Lisboa Card?<\/strong><\/p>\n\n\n\n<p>Lisboa Card \u00e4r perfekt f\u00f6r bes\u00f6kare som vill f\u00e5 ut det mesta av sin vistelse i Portugal. Med kortet f\u00e5r du:<\/p>\n\n\n<ul class=\"gb-container gb-container-53b82d66 ms-icon-list\">\n\n<li class=\"gb-headline gb-headline-f5138486 ms-icon-list__item\"><span class=\"gb-icon\"><svg viewBox=\"0 0 256 256\" fill=\"#000000\" height=\"32\" width=\"32\" xmlns=\"http:\/\/www.w3.org\/2000\/svg\"><path d=\"M232.49,80.49l-128,128a12,12,0,0,1-17,0l-56-56a12,12,0,1,1,17-17L96,183,215.51,63.51a12,12,0,0,1,17,17Z\"><\/path><\/svg><\/span><span class=\"gb-headline-text\">Gratis obegr\u00e4nsade resor med buss, tunnelbana, sp\u00e5rvagn och linbanor.<\/span><\/li>\n\n\n\n<li class=\"gb-headline gb-headline-eb81dbda ms-icon-list__item\"><span class=\"gb-icon\"><svg viewBox=\"0 0 256 256\" fill=\"#000000\" height=\"32\" width=\"32\" xmlns=\"http:\/\/www.w3.org\/2000\/svg\"><path d=\"M232.49,80.49l-128,128a12,12,0,0,1-17,0l-56-56a12,12,0,1,1,17-17L96,183,215.51,63.51a12,12,0,0,1,17,17Z\"><\/path><\/svg><\/span><span class=\"gb-headline-text\">Gratis tillg\u00e5ng till den ikoniska sp\u00e5rvagnen 28.<\/span><\/li>\n\n\n\n<li class=\"gb-headline gb-headline-b37bb796 ms-icon-list__item\"><span class=\"gb-icon\"><svg viewBox=\"0 0 256 256\" fill=\"#000000\" height=\"32\" width=\"32\" xmlns=\"http:\/\/www.w3.org\/2000\/svg\"><path d=\"M232.49,80.49l-128,128a12,12,0,0,1-17,0l-56-56a12,12,0,1,1,17-17L96,183,215.51,63.51a12,12,0,0,1,17,17Z\"><\/path><\/svg><\/span><span class=\"gb-headline-text\">Gratis resor med Santa Justa-hissen f\u00f6r fantastiska utsikter.<\/span><\/li>\n\n\n\n<li class=\"gb-headline gb-headline-effa3bd7 ms-icon-list__item\"><span class=\"gb-icon\"><svg viewBox=\"0 0 256 256\" fill=\"#000000\" height=\"32\" width=\"32\" xmlns=\"http:\/\/www.w3.org\/2000\/svg\"><path d=\"M232.49,80.49l-128,128a12,12,0,0,1-17,0l-56-56a12,12,0,1,1,17-17L96,183,215.51,63.51a12,12,0,0,1,17,17Z\"><\/path><\/svg><\/span><span class=\"gb-headline-text\">Gratis t\u00e5gresor p\u00e5 CP-linjerna till Sintra, Cascais och s\u00f6dra Tejo-flodens str\u00e4nder \u2013 perfekt f\u00f6r obligatoriska dagsturer.<\/span><\/li>\n\n\n\n<li class=\"gb-headline gb-headline-376b85f3 ms-icon-list__item\"><span class=\"gb-icon\"><svg viewBox=\"0 0 256 256\" fill=\"#000000\" height=\"32\" width=\"32\" xmlns=\"http:\/\/www.w3.org\/2000\/svg\"><path d=\"M232.49,80.49l-128,128a12,12,0,0,1-17,0l-56-56a12,12,0,1,1,17-17L96,183,215.51,63.51a12,12,0,0,1,17,17Z\"><\/path><\/svg><\/span><span class=\"gb-headline-text\">Gratis intr\u00e4de till upp till 52 museer, monument och UNESCO:s v\u00e4rldsarv.<\/span><\/li>\n\n\n\n<li class=\"gb-headline gb-headline-defc0986 ms-icon-list__item\"><span class=\"gb-icon\"><svg viewBox=\"0 0 256 256\" fill=\"#000000\" height=\"32\" width=\"32\" xmlns=\"http:\/\/www.w3.org\/2000\/svg\"><path d=\"M232.49,80.49l-128,128a12,12,0,0,1-17,0l-56-56a12,12,0,1,1,17-17L96,183,215.51,63.51a12,12,0,0,1,17,17Z\"><\/path><\/svg><\/span><span class=\"gb-headline-text\">Snabb tillg\u00e5ng till 12 sev\u00e4rdheter.<\/span><\/li>\n\n\n\n<li class=\"gb-headline gb-headline-6dbee845 ms-icon-list__item\"><span class=\"gb-icon\"><svg viewBox=\"0 0 256 256\" fill=\"#000000\" height=\"32\" width=\"32\" xmlns=\"http:\/\/www.w3.org\/2000\/svg\"><path d=\"M232.49,80.49l-128,128a12,12,0,0,1-17,0l-56-56a12,12,0,1,1,17-17L96,183,215.51,63.51a12,12,0,0,1,17,17Z\"><\/path><\/svg><\/span><span class=\"gb-headline-text\">En gratis stadsguide full med anv\u00e4ndbara tips och information.<\/span><\/li>\n\n\n\n<li class=\"gb-headline gb-headline-323893ef ms-icon-list__item\"><span class=\"gb-icon\"><svg viewBox=\"0 0 256 256\" fill=\"#000000\" height=\"32\" width=\"32\" xmlns=\"http:\/\/www.w3.org\/2000\/svg\"><path d=\"M232.49,80.49l-128,128a12,12,0,0,1-17,0l-56-56a12,12,0,1,1,17-17L96,183,215.51,63.51a12,12,0,0,1,17,17Z\"><\/path><\/svg><\/span><span class=\"gb-headline-text\">Erbjudanden och rabatter p\u00e5 bes\u00f6k, turer, shopping och nattliv.<\/span><\/li>\n\n<\/ul>\n<\/div>\n\n<div class=\"gb-container gb-container-28f243f6 gb-tabs__item\" id=\"gb-tab-item-28f243f6\" role=\"tabpanel\">\n\n<p>S\u00e5 h\u00e4r k\u00f6per du Lisboa Card:<\/p>\n\n\n\n<ol class=\"wp-block-list\">\n<li>Anv\u00e4nd bokningsmodulen f\u00f6r att v\u00e4lja \u00f6nskat datum och kortets giltighetstid (24, 48 eller 72 timmar).<\/li>\n\n\n\n<li>N\u00e4r ditt k\u00f6p har bekr\u00e4ftats f\u00e5r du en kupong via e-post.<\/li>\n\n\n\n<li>Visa upp din e-postkupong p\u00e5 en av upph\u00e4mtningsplatserna f\u00f6r att byta den mot ett fysiskt Lisboa Card.H\u00e4r \u00e4r en lista \u00f6ver tillg\u00e4ngliga platser med adresser och \u00f6ppettider:\n<ul class=\"wp-block-list\">\n<li><strong>Ask Me Lisboa | Flygplats<\/strong>: Chegadas, Aeroporto &#8211; Alameda das Comunidades, 1700-008, Lissabon. \u00d6ppet dagligen kl. 07:00\u201322:00.<\/li>\n\n\n\n<li><strong>Ask Me Lisboa | Terreiro do Pa\u00e7o<\/strong>: Pra\u00e7a do Com\u00e9rcio, 1100-148, Lissabon. \u00d6ppet dagligen kl. 10:00\u201319:00.<\/li>\n\n\n\n<li><strong>Codfish History Center<\/strong>: Terreiro do Pa\u00e7o &#8211; Torre\u00e3o Nascente, 1100-148, Lissabon. \u00d6ppet dagligen kl. 10:00\u201319:00.<\/li>\n\n\n\n<li><strong>Ask Me Lisboa | Centro Tejo<\/strong>: Terreiro do Pa\u00e7o, 1100-016, Lissabon. \u00d6ppet dagligen kl. 10:00\u201313:00 och kl. 14:00\u201319:00.<\/li>\n\n\n\n<li><strong>Ask Me Lisboa | Cais do Sodr\u00e9<\/strong>: Pra\u00e7a do Duque de Terceira, Cais do Sodr\u00e9, 1200-161, Lissabon. \u00d6ppet dagligen kl. 09:00\u201313:00 och kl. 14:00\u201318:00.<\/li>\n<\/ul>\n<\/li>\n<\/ol>\n\n\n<div class=\"gb-container gb-container-ad106817 ms-alert--primary ms-p ms-rounded ms-mb-last-child-0 ms-mb-children-condensed ms-mb-block\">\n\n<p>Kortet aktiveras vid f\u00f6rsta anv\u00e4ndningen, s\u00e5 du beh\u00f6ver inte oroa dig f\u00f6r att det ska g\u00e5 ut innan du anl\u00e4nder till Lissabon.<\/p>\n\n<\/div>\n<\/div>\n\n<div class=\"gb-container gb-container-46ea0e65 gb-tabs__item\" id=\"gb-tab-item-46ea0e65\" role=\"tabpanel\">\n\n<p>Lisboa Card g\u00f6r det enkelt, prisv\u00e4rt och bekv\u00e4mt att utforska Lissabon. S\u00e5 h\u00e4r f\u00e5r du ut mesta m\u00f6jliga av det:<\/p>\n\n\n\n<hr class=\"wp-block-separator has-alpha-channel-opacity\"\/>\n\n\n\n<p class=\"gb-text ms-text-context\">Aktivera ditt kort<\/p>\n\n\n\n<p>Aktivera ditt Lisboa Card genom att anv\u00e4nda det vid en sev\u00e4rdhet eller n\u00e4r du reser med kollektivtrafiken. Du har 28 dagar p\u00e5 dig fr\u00e5n k\u00f6pet att aktivera det. D\u00e4refter \u00e4r det giltigt i 24, 48 eller 72 timmar i f\u00f6ljd, beroende p\u00e5 vilket alternativ du k\u00f6per.<\/p>\n\n\n\n<hr class=\"wp-block-separator has-alpha-channel-opacity\"\/>\n\n\n\n<p class=\"gb-text ms-text-context\">Planera din resplan<\/p>\n\n\n\n<p>Om du har en dag<\/p>\n\n\n\n<ul class=\"wp-block-list\">\n<li>\u00c5k till Bel\u00e9m p\u00e5 morgonen f\u00f6r att bes\u00f6ka Jer\u00f3nimos-klostret och Nationella vagnsmuseet.<\/li>\n\n\n\n<li>Efter lunch, g\u00f6r ett stopp vid Ponte 7 de Pilares Bridge Experience eller Lisboa Story Centre f\u00f6r en dos historia innan du tar dig uppf\u00f6r kullen.<\/li>\n\n\n\n<li>Avsluta dagen med att utforska Saint Jorge-slottet eller Kungliga skattkammaren. \u00c5k sp\u00e5rvagn 28 genom Alfama och njut av en rabatterad middag p\u00e5 en av de deltagande restaurangerna.<\/li>\n<\/ul>\n\n\n\n<p>Om du har 2\u20133 dagar<\/p>\n\n\n\n<ul class=\"wp-block-list\">\n<li>L\u00e4gg till dagsturer till Sintra eller Cascais (ditt kort inkluderar t\u00e5gresor med CP!).<\/li>\n\n\n\n<li>Anv\u00e4nd dina rabatter p\u00e5 vandringsturer, flodkryssningar eller till och med en fado-kv\u00e4ll.<\/li>\n\n\n\n<li>Varva med gratis sev\u00e4rdheter som Uppt\u00e4ckarmonumentet, det Nationella Pantheon eller Ajuda-palatset.<\/li>\n<\/ul>\n\n\n\n<p class=\"gb-text-9c6baf02\"><span class=\"gb-shape\"><svg viewBox=\"0 0 256 256\" fill=\"#000000\" height=\"32\" width=\"32\" xmlns=\"http:\/\/www.w3.org\/2000\/svg\"><path d=\"M108,84a16,16,0,1,1,16,16A16,16,0,0,1,108,84Zm128,44A108,108,0,1,1,128,20,108.12,108.12,0,0,1,236,128Zm-24,0a84,84,0,1,0-84,84A84.09,84.09,0,0,0,212,128Zm-72,36.68V132a20,20,0,0,0-20-20,12,12,0,0,0-4,23.32V168a20,20,0,0,0,20,20,12,12,0,0,0,4-23.32Z\"><\/path><\/svg><\/span><span class=\"gb-text\">M\u00e5nga sev\u00e4rdheter \u00e4r st\u00e4ngda p\u00e5 m\u00e5ndagar, s\u00e5 kolla upp detta innan du planerar din dag.<\/span><\/p>\n\n\n\n<hr class=\"wp-block-separator has-alpha-channel-opacity\"\/>\n\n\n\n<p class=\"gb-text ms-text-context\"><strong>Res utan bekymmer<\/strong><\/p>\n\n\n\n<p>Ditt kort inkluderar obegr\u00e4nsad kollektivtrafik i Lissabon, inklusive tunnelbaneresor till och fr\u00e5n Lissabons flygplats.<\/p>\n\n\n\n<hr class=\"wp-block-separator has-alpha-channel-opacity\"\/>\n\n\n\n<p class=\"gb-text ms-text-context\"><strong><strong>Spara med exklusiva erbjudanden<\/strong><\/strong><\/p>\n\n\n\n<p>Ditt Lisboa Card ger dig ocks\u00e5 5\u201350 % rabatt p\u00e5 mat, shopping, guidade turer och underh\u00e5llning i hela Lissabon.<\/p>\n\n\n\n<hr class=\"wp-block-separator has-alpha-channel-opacity\"\/>\n\n\n\n<p>\ud83d\udc49 <a href=\"https:\/\/drive.google.com\/file\/d\/1tVnk8u0tN68_agKLV1XV3FH4PtIBRphQ\/view\" target=\"_blank\" rel=\"noreferrer noopener nofollow\">Ladda ner den fullst\u00e4ndiga guiden till Lisboa Card (PDF)<\/a><\/p>\n\n\n<div class=\"gb-container gb-container-46df7ae9 ms-alert--primary ms-p ms-rounded ms-mb-last-child-0 ms-mb-children-condensed ms-mb-block\">\n\n<p>L\u00e4s mer: <a href=\"https:\/\/www.lisboacard.org\/sv\/discounts\/\" data-type=\"page\" data-id=\"6\">rabatter<\/a> \u2013 <a href=\"https:\/\/www.lisboacard.org\/sv\/prices\/\" data-type=\"page\" data-id=\"9\">priser<\/a> \u2013 <a href=\"https:\/\/www.lisboacard.org\/sv\/faq\/\" data-type=\"page\" data-id=\"581\">vanliga fr\u00e5gor<\/a><\/p>\n\n<\/div>\n<\/div>\n<\/div>\n<\/div>\n\n\n<p><\/p>\n","protected":false},"excerpt":{"rendered":"","protected":false},"author":5,"featured_media":857,"parent":0,"menu_order":2,"comment_status":"closed","ping_status":"closed","template":"","meta":{"_acf_changed":false,"footnotes":"","button_url":"https:\/\/www.tiqets.com\/sv\/lisbon-attractions-c76528\/tickets-for-lisbon-card-p974847\/?partner=lisboacard","ms_product_id":"974847","ms_product_name":"Lisboa Card: Access 51 Attractions + Public Transportation","ms_price":"31","ms_currency":"EUR","ms_rating_value":"4.3","ms_review_count":"25376","rank_math_title":"Lisboa Card \u2013 Det officiella Lissabonkortet %currentyear%","rank_math_description":"Spara tid och pengar med Lisboa Card \u2013 Lissabons officiella turistkort. Klicka h\u00e4r f\u00f6r priser, recensioner och en uppdaterad lista \u00f6ver rabatter."},"post-style":[],"producer":[],"class_list":["post-5","page","type-page","status-publish","has-post-thumbnail"],"acf":[],"product_schema":{"ms_product_id":"974847","ms_product_name":"Lisboa Card: Access 51 Attractions + Public Transportation","ms_price":"31","ms_currency":"EUR","ms_rating_value":"4.3","ms_review_count":"25376"},"_links":{"self":[{"href":"https:\/\/www.lisboacard.org\/sv\/wp-json\/wp\/v2\/pages\/5","targetHints":{"allow":["GET"]}}],"collection":[{"href":"https:\/\/www.lisboacard.org\/sv\/wp-json\/wp\/v2\/pages"}],"about":[{"href":"https:\/\/www.lisboacard.org\/sv\/wp-json\/wp\/v2\/types\/page"}],"author":[{"embeddable":true,"href":"https:\/\/www.lisboacard.org\/sv\/wp-json\/wp\/v2\/users\/5"}],"replies":[{"embeddable":true,"href":"https:\/\/www.lisboacard.org\/sv\/wp-json\/wp\/v2\/comments?post=5"}],"version-history":[{"count":3,"href":"https:\/\/www.lisboacard.org\/sv\/wp-json\/wp\/v2\/pages\/5\/revisions"}],"predecessor-version":[{"id":1063,"href":"https:\/\/www.lisboacard.org\/sv\/wp-json\/wp\/v2\/pages\/5\/revisions\/1063"}],"wp:featuredmedia":[{"embeddable":true,"href":"https:\/\/www.lisboacard.org\/sv\/wp-json\/wp\/v2\/media\/857"}],"wp:attachment":[{"href":"https:\/\/www.lisboacard.org\/sv\/wp-json\/wp\/v2\/media?parent=5"}],"wp:term":[{"taxonomy":"post-style","embeddable":true,"href":"https:\/\/www.lisboacard.org\/sv\/wp-json\/wp\/v2\/post-style?post=5"},{"taxonomy":"producer","embeddable":true,"href":"https:\/\/www.lisboacard.org\/sv\/wp-json\/wp\/v2\/producer?post=5"}],"curies":[{"name":"wp","href":"https:\/\/api.w.org\/{rel}","templated":true}]}}