{"id":581,"date":"2014-01-08T14:47:17","date_gmt":"2014-01-08T14:47:17","guid":{"rendered":"https:\/\/www.lisboacard.org\/sv\/?page_id=11"},"modified":"2026-05-07T07:11:41","modified_gmt":"2026-05-07T05:11:41","slug":"faq","status":"publish","type":"page","link":"https:\/\/www.lisboacard.org\/sv\/faq\/","title":{"rendered":"Vanliga fr\u00e5gor"},"content":{"rendered":"<div id=\"rank-math-faq\" class=\"rank-math-block\">\n<div class=\"rank-math-list \">\n<div id=\"faq-question-1717062476605\" class=\"rank-math-list-item\">\n<h3 class=\"rank-math-question \">Vad \u00e4r Lisboa Card?<\/h3>\n<div class=\"rank-math-answer \">\n\n<p>Lisboa Card \u00e4r Lissabons officiella turistkort. Det \u00e4r i grunden ett 3-i-1-kort som fungerar som <strong>transportkort<\/strong>, <strong>attraktionsbiljett <\/strong>och <strong>rabattkort<\/strong>. I paketet ing\u00e5r ocks\u00e5 en gratis stadsguide. Sammantaget hj\u00e4lper kortet bes\u00f6kare i Lissabon att <strong>spara tid och pengar<\/strong> under sin vistelse i staden.<\/p>\n\n<\/div>\n<\/div>\n<div id=\"faq-question-1717062505033\" class=\"rank-math-list-item\">\n<h3 class=\"rank-math-question \">Vilka \u00e4r f\u00f6rdelarna med Lisboa Card?<\/h3>\n<div class=\"rank-math-answer \">\n\n<p>Med Lisboa Card kan du <strong>spara pengar<\/strong> p\u00e5 transport, intr\u00e4desavgifter, underh\u00e5llning och shopping. Du <strong>sparar ocks\u00e5 tid<\/strong> och f\u00e5r <strong>se mer<\/strong> tack vare otaliga erbjudanden och rabatter.<\/p>\n\n<\/div>\n<\/div>\n<div id=\"faq-question-1717062519392\" class=\"rank-math-list-item\">\n<h3 class=\"rank-math-question \">Vilka rabatter erbjuder Lisboa Card?<\/h3>\n<div class=\"rank-math-answer \">\n\n<p>Lisboa Card erbjuder 10-50 % rabatt p\u00e5 lokala tj\u00e4nster, kultur- och turistattraktioner samt aktiviteter. Dessutom kan du f\u00e5 5\u201310 % rabatt i utvalda butiker som erbjuder \u00e4kta portugisiska produkter. Du kan se den fullst\u00e4ndiga listan \u00f6ver rabatter <a href=\"https:\/\/www.lisboacard.org\/sv\/discounts\/\">h<\/a><a href=\"https:\/\/www.lisboacard.org\/sv\/discounts\/\" target=\"_blank\" rel=\"noreferrer noopener\">\u00e4<\/a><a href=\"https:\/\/www.lisboacard.org\/sv\/discounts\/\">r<\/a>. <\/p>\n\n<\/div>\n<\/div>\n<div id=\"faq-question-1724316893105\" class=\"rank-math-list-item\">\n<h3 class=\"rank-math-question \">\u00c4r Lisboa Card v\u00e4rt att k\u00f6pa?<\/h3>\n<div class=\"rank-math-answer \">\n\n<p>Om det \u00e4r v\u00e4rt att k\u00f6pa Lisboa Card beror fr\u00e4mst p\u00e5 dina resplaner och ditt behov av bekv\u00e4mlighet. Som en tumregel \u00e4r Lisboa Card ett bra k\u00f6p om du planerar att resa med kollektivtrafik och bes\u00f6ka flera museer och attraktioner varje dag. H\u00e4r \u00e4r n\u00e5gra saker att t\u00e4nka p\u00e5:<\/p>\n<p><strong>Kostnaden f\u00f6r kortet<\/strong><br \/>Det enda s\u00e4ttet att vara s\u00e4ker p\u00e5 att Lisboa Card \u00e4r v\u00e4rt investeringen \u00e4r att g\u00e5 igenom dina planer och r\u00e4kna ut vad intr\u00e4den, turer och transport skulle kosta utan kortet. J\u00e4mf\u00f6r den totala summan med den dagliga kostnaden f\u00f6r Lisboa Card f\u00f6r att se om det \u00e4r ett bra k\u00f6p. T\u00e4nk p\u00e5 att 72-timmarskortet ger mest valuta f\u00f6r pengarna.<\/p>\n<p><strong>Frihet och flexibilitet<\/strong><br \/>Lisboa Card s\u00e4ljs i m\u00e5nga fall p\u00e5 bekv\u00e4mlighet: det l\u00e5ter dig g\u00f6ra vad du vill, n\u00e4r du vill, utan att beh\u00f6va oroa dig f\u00f6r att k\u00f6pa extra biljetter.<br \/>Sammantaget, Om du reser till Lissabon med en begr\u00e4nsad budget b\u00f6r du r\u00e4kna p\u00e5 kostnaden kontra besparingen. Om du v\u00e4rdes\u00e4tter <strong>frihet<\/strong>, <strong>flexibilitet <\/strong>och <strong>bekv\u00e4mlighet <\/strong>\u00e4r Lisboa Card f\u00f6rmodligen ett utm\u00e4rkt k\u00f6p.<\/p>\n\n<\/div>\n<\/div>\n<div id=\"faq-question-1724316971009\" class=\"rank-math-list-item\">\n<h3 class=\"rank-math-question \">Vad kostar Lisboa Card?<\/h3>\n<div class=\"rank-math-answer \">\n\n<p>Priset p\u00e5 Lisboa Card beror p\u00e5 hur m\u00e5nga dagar det \u00e4r giltigt. Barn f\u00e5r en extra rabatt.<br \/>Titta p\u00e5 priset per dag n\u00e4r du j\u00e4mf\u00f6r de olika korten. Ett 72-timmarskort \u00e4r till exempel billigare per dag \u00e4n ett 24-timmarskort. Se <a href=\"https:\/\/www.lisboacard.org\/sv\/prices\/\" target=\"_blank\" rel=\"noreferrer noopener\">prislistan<\/a> f\u00f6r att se alla priser p\u00e5 Lisboa Card. <\/p>\n\n<\/div>\n<\/div>\n<div id=\"faq-question-1724316983120\" class=\"rank-math-list-item\">\n<h3 class=\"rank-math-question \">Var kan jag h\u00e4mta Lisboa Card?<\/h3>\n<div class=\"rank-math-answer \">\n\n<p>Din kupong kan bytas ut mot ett fysiskt Lisboa Card p\u00e5 n\u00e5got av turistkontoren \u201dAsk Me Lisboa\u201d p\u00e5 flygplatsen eller i staden. I din bekr\u00e4ftelse via mejl hittar du en lista \u00f6ver alla upph\u00e4mtningsst\u00e4llen, adresser och \u00f6ppettider.<\/p>\n\n<\/div>\n<\/div>\n<div id=\"faq-question-1747719164938\" class=\"rank-math-list-item\">\n<h3 class=\"rank-math-question \">Kan jag l\u00e4gga till extra biljetter till andra attraktioner n\u00e4r jag bokar Lisboa Card?<\/h3>\n<div class=\"rank-math-answer \">\n\n<p>Ja! N\u00e4r du bokar ditt Lisboa Card kan du l\u00e4gga till biljetter till n\u00e5gra av de mest popul\u00e4ra sev\u00e4rdheterna i Lissabon och Sintra, inklusive <strong>Ocean\u00e1rio de Lisboa, Pal\u00e1cio da Pena och Moriska borgen<\/strong>.<br \/>Dessa till\u00e4gg \u00e4r valfria och kan v\u00e4ljas i kassan.<\/p>\n\n<\/div>\n<\/div>\n<\/div>\n<\/div>","protected":false},"excerpt":{"rendered":"","protected":false},"author":5,"featured_media":0,"parent":0,"menu_order":5,"comment_status":"closed","ping_status":"closed","template":"","meta":{"_acf_changed":false,"footnotes":"","button_url":"https:\/\/www.tiqets.com\/sv\/lisbon-attractions-c76528\/tickets-for-lisbon-card-p974847\/?partner=lisboacard","ms_product_id":"","ms_product_name":"","ms_price":"","ms_currency":"","ms_rating_value":"","ms_review_count":"","rank_math_title":"Vanliga fr\u00e5gor om Lisboa Card \u2013 Svar p\u00e5 dina fr\u00e5gor om Lisbon Card","rank_math_description":"Har du fr\u00e5gor om Lisboa Card? Hitta svar p\u00e5 hur det fungerar, vad som ing\u00e5r, hur man anv\u00e4nder kollektivtrafiken, var man kan k\u00f6pa det och mycket mer i v\u00e5r FAQ-guide."},"post-style":[],"producer":[],"class_list":["post-581","page","type-page","status-publish","has-post-thumbnail"],"acf":[],"product_schema":{"ms_product_id":"","ms_product_name":"","ms_price":"","ms_currency":"","ms_rating_value":"","ms_review_count":""},"_links":{"self":[{"href":"https:\/\/www.lisboacard.org\/sv\/wp-json\/wp\/v2\/pages\/581","targetHints":{"allow":["GET"]}}],"collection":[{"href":"https:\/\/www.lisboacard.org\/sv\/wp-json\/wp\/v2\/pages"}],"about":[{"href":"https:\/\/www.lisboacard.org\/sv\/wp-json\/wp\/v2\/types\/page"}],"author":[{"embeddable":true,"href":"https:\/\/www.lisboacard.org\/sv\/wp-json\/wp\/v2\/users\/5"}],"replies":[{"embeddable":true,"href":"https:\/\/www.lisboacard.org\/sv\/wp-json\/wp\/v2\/comments?post=581"}],"version-history":[{"count":3,"href":"https:\/\/www.lisboacard.org\/sv\/wp-json\/wp\/v2\/pages\/581\/revisions"}],"predecessor-version":[{"id":1070,"href":"https:\/\/www.lisboacard.org\/sv\/wp-json\/wp\/v2\/pages\/581\/revisions\/1070"}],"wp:attachment":[{"href":"https:\/\/www.lisboacard.org\/sv\/wp-json\/wp\/v2\/media?parent=581"}],"wp:term":[{"taxonomy":"post-style","embeddable":true,"href":"https:\/\/www.lisboacard.org\/sv\/wp-json\/wp\/v2\/post-style?post=581"},{"taxonomy":"producer","embeddable":true,"href":"https:\/\/www.lisboacard.org\/sv\/wp-json\/wp\/v2\/producer?post=581"}],"curies":[{"name":"wp","href":"https:\/\/api.w.org\/{rel}","templated":true}]}}