{"id":9,"date":"2014-01-07T13:15:06","date_gmt":"2014-01-07T13:15:06","guid":{"rendered":"https:\/\/www.lisboacard.org\/sv\/?page_id=9"},"modified":"2026-05-07T00:53:53","modified_gmt":"2026-05-06T22:53:53","slug":"priser","status":"publish","type":"page","link":"https:\/\/www.lisboacard.org\/sv\/priser\/","title":{"rendered":"Priser f\u00f6r Lisboa Card"},"content":{"rendered":"\n<h3 class=\"wp-block-heading\">Pristabell<\/h3>\n\n\n<div class=\"ms-table frozenColumn\"><table><tr><th><\/th><th>24 timmar<\/th><th>48 timmar<\/th><th>72 timmar<\/th><\/tr><tr><td>Vuxna<\/td><td>\u20ac31,00 (\u20ac31,00 per dag)<\/td><td>\u20ac51,00 (\u20ac25,50 per dag)<\/td><td>\u20ac62,00 (\u20ac20,67 per dag)<\/td><\/tr><tr><td>Barn<\/td><td>\u20ac21,00 (\u20ac21,00 per dag)<\/td><td>\u20ac28,00 (\u20ac14,00 per dag)<\/td><td>\u20ac35,00 (\u20ac11,67 per dag)<\/td><\/tr><\/table><\/div>\n\n\n<p><strong>Observera<\/strong>:<\/p>\n\n\n\n<ul class=\"wp-block-list\">\n<li>Dessa priser g\u00e4ller f\u00f6r vuxna (\u00f6ver 16 \u00e5r) och barn (mellan 4 och 15 \u00e5r). Barn under 4 \u00e5r g\u00e5r in gratis och beh\u00f6ver ingen biljett.<\/li>\n\n\n\n<li>Priser giltiga fr\u00e5n 1 april 2026 till 31 mars 2027.<\/li>\n<\/ul>\n\n\n\n<p><\/p>\n","protected":false},"excerpt":{"rendered":"","protected":false},"author":5,"featured_media":0,"parent":0,"menu_order":4,"comment_status":"closed","ping_status":"closed","template":"","meta":{"_acf_changed":false,"footnotes":"","button_url":"https:\/\/www.tiqets.com\/sv\/lisbon-attractions-c76528\/tickets-for-lisbon-card-p974847\/?partner=lisboacard","ms_product_id":"","ms_product_name":"","ms_price":"","ms_currency":"","ms_rating_value":"","ms_review_count":"","rank_math_title":"Priser f\u00f6r Lisboa Card (uppdaterat %currentyear%)","rank_math_description":"Kolla in de senaste priserna f\u00f6r Lisboa Card f\u00f6r 24-, 48- och 72-timmarsbiljetter. Se priser f\u00f6r vuxna och barn och kolla hur mycket du kan spara p\u00e5 sightseeing och transport."},"post-style":[],"producer":[],"class_list":["post-9","page","type-page","status-publish","has-post-thumbnail"],"acf":[],"product_schema":{"ms_product_id":"","ms_product_name":"","ms_price":"","ms_currency":"","ms_rating_value":"","ms_review_count":""},"_links":{"self":[{"href":"https:\/\/www.lisboacard.org\/sv\/wp-json\/wp\/v2\/pages\/9","targetHints":{"allow":["GET"]}}],"collection":[{"href":"https:\/\/www.lisboacard.org\/sv\/wp-json\/wp\/v2\/pages"}],"about":[{"href":"https:\/\/www.lisboacard.org\/sv\/wp-json\/wp\/v2\/types\/page"}],"author":[{"embeddable":true,"href":"https:\/\/www.lisboacard.org\/sv\/wp-json\/wp\/v2\/users\/5"}],"replies":[{"embeddable":true,"href":"https:\/\/www.lisboacard.org\/sv\/wp-json\/wp\/v2\/comments?post=9"}],"version-history":[{"count":3,"href":"https:\/\/www.lisboacard.org\/sv\/wp-json\/wp\/v2\/pages\/9\/revisions"}],"predecessor-version":[{"id":1065,"href":"https:\/\/www.lisboacard.org\/sv\/wp-json\/wp\/v2\/pages\/9\/revisions\/1065"}],"wp:attachment":[{"href":"https:\/\/www.lisboacard.org\/sv\/wp-json\/wp\/v2\/media?parent=9"}],"wp:term":[{"taxonomy":"post-style","embeddable":true,"href":"https:\/\/www.lisboacard.org\/sv\/wp-json\/wp\/v2\/post-style?post=9"},{"taxonomy":"producer","embeddable":true,"href":"https:\/\/www.lisboacard.org\/sv\/wp-json\/wp\/v2\/producer?post=9"}],"curies":[{"name":"wp","href":"https:\/\/api.w.org\/{rel}","templated":true}]}}