{"id":5,"date":"2013-10-21T14:47:02","date_gmt":"2013-10-21T14:47:02","guid":{"rendered":"https:\/\/www.lisboacard.org\/tr\/?page_id=4"},"modified":"2026-05-06T23:04:51","modified_gmt":"2026-05-06T21:04:51","slug":"lisboa-card","status":"publish","type":"page","link":"https:\/\/www.lisboacard.org\/tr\/","title":{"rendered":"Lisboa Card"},"content":{"rendered":"<div class=\"ms-credits\">\n<img decoding=\"async\" class=\"gb-media-382f2e37\" alt=\"Colorful buildings in Lisbon at sunset.\" src=\"https:\/\/www.lisboacard.org\/tr\/wp-content\/uploads\/sites\/20\/lisbon-cityscape-1748835854.jpg\" title=\"lisbon-cityscape-1748835854\"\/>\n<span class='ms-credits__info' id='media816'><svg xmlns=\"http:\/\/www.w3.org\/2000\/svg\" width=\"20\" height=\"22\" fill=\"#000000\" viewBox=\"0 0 256 256\"><path d=\"M128,24A104,104,0,1,0,232,128,104.11,104.11,0,0,0,128,24Zm0,192a88,88,0,1,1,88-88A88.1,88.1,0,0,1,128,216ZM96,128a32,32,0,0,0,57.6,19.2,8,8,0,0,1,12.8,9.61,48,48,0,1,1,0-57.62,8,8,0,0,1-12.8,9.61A32,32,0,0,0,96,128Z\"><\/path><\/svg>sepavone\/<a href=https:\/\/depositphotos.com\/photo\/lisbon-portugal-skyline-65709885.html rel='nofollow' target='_blank'>Depositphotos<\/a><\/span><span class='ms-credits__btn' id='btn_media816' onclick='ms_credits_trigger(\"#media816\", this)'><svg xmlns=\"http:\/\/www.w3.org\/2000\/svg\" class=\"info_icon\" width=\"28\" height=\"28\" fill=\"#FFF\" viewBox=\"0 0 256 256\"><path d=\"M128,24A104,104,0,1,0,232,128,104.11,104.11,0,0,0,128,24Zm0,192a88,88,0,1,1,88-88A88.1,88.1,0,0,1,128,216Zm16-40a8,8,0,0,1-8,8,16,16,0,0,1-16-16V128a8,8,0,0,1,0-16,16,16,0,0,1,16,16v40A8,8,0,0,1,144,176ZM112,84a12,12,0,1,1,12,12A12,12,0,0,1,112,84Z\"><\/path><\/svg><svg xmlns=\"http:\/\/www.w3.org\/2000\/svg\" class=\"close_icon\" width=\"28\" height=\"28\" fill=\"#FFF\" viewBox=\"0 0 256 256\"><path d=\"M165.66,101.66,139.31,128l26.35,26.34a8,8,0,0,1-11.32,11.32L128,139.31l-26.34,26.35a8,8,0,0,1-11.32-11.32L116.69,128,90.34,101.66a8,8,0,0,1,11.32-11.32L128,116.69l26.34-26.35a8,8,0,0,1,11.32,11.32ZM232,128A104,104,0,1,1,128,24,104.11,104.11,0,0,1,232,128Zm-16,0a88,88,0,1,0-88,88A88.1,88.1,0,0,0,216,128Z\"><\/path><\/svg><\/span><\/div>\n\n\n<h1 class=\"gb-headline gb-headline-ec3982b8 gb-headline-text\">Lizbon Kart\u0131<br><strong><mark style=\"background-color:var(--ms-color-white)\" class=\"has-inline-color has-ms-color-neutral-color\">Lizbon Kart\u0131 ile Lizbon&#8217;u Ke\u015ffedin<\/mark><\/strong><\/h1>\n\n\n\n<p>Lizbon Kart\u0131 ile toplu ta\u015f\u0131mada s\u0131n\u0131rs\u0131z seyahat ve Lizbon&#8217;un en iyi 52 m\u00fcze ve turistik mekan\u0131na \u00fccretsiz giri\u015fin keyfini \u00e7\u0131kar\u0131n. Bu kart Jer\u00f3nimos Manast\u0131r\u0131, Santa Justa Asans\u00f6r\u00fc ve daha bir\u00e7ok yere \u00fccretsiz giri\u015f imkan\u0131 sunar.<\/p>\n\n\n\n<p><strong>Ayr\u0131ca, Lizbon Havaliman\u0131&#8217;na gidi\u015f-d\u00f6n\u00fc\u015f metro ula\u015f\u0131m\u0131 da Lizbon Kart\u0131&#8217;na dahildir.<\/strong><\/p>\n\n\n\n<div class=\"ms-p ms-rounded ms-mb-last-child-0 ms-mb-children-condensed ms-alert--contrast ms-mb-block\">\n<h4 class=\"gb-text-26a71c5b\"><span class=\"gb-shape\"><svg viewBox=\"0 0 256 256\" fill=\"#000000\" height=\"32\" width=\"32\" xmlns=\"http:\/\/www.w3.org\/2000\/svg\"><path d=\"M246.15,133.18,146.83,33.86A19.85,19.85,0,0,0,132.69,28H40A12,12,0,0,0,28,40v92.69a19.85,19.85,0,0,0,5.86,14.14l99.32,99.32a20,20,0,0,0,28.28,0l84.69-84.69A20,20,0,0,0,246.15,133.18Zm-98.83,93.17L52,131V52h79l95.32,95.32ZM100,84A16,16,0,1,1,84,68,16,16,0,0,1,100,84Z\"><\/path><\/svg><\/span><span class=\"gb-text\"><strong>\u00d6zel Ek \u0130ndirimler!<\/strong><\/span><\/h4>\n\n\n\n<p class=\"gb-text\">\u00d6deme s\u0131ras\u0131nda Pena Saray\u0131, Quinta da Regaleira ve daha fazlas\u0131 gibi pop\u00fcler gezilecek yerlerde \u00f6zel indirimler kazan\u0131n.<\/p>\n\n\n\n<p class=\"gb-text\"><a href=\"https:\/\/www.tiqets.com\/en\/lisbon-attractions-c76528\/tickets-for-lisbon-card-p974847\/?partner=lisboacard\" rel=\"nofollow noopener\">En \u0130yi Gezilecek Yerlerde Tasarruf Edin \u2192<\/a><\/p>\n<\/div>\n\n\n<div class=\"gb-container gb-container-1e1905d6 gb-tabs\" role=\"tablist\" data-opened-tab=\"1\">\n<div class=\"gb-container gb-container-c0d25ee5 gb-tabs__buttons\" role=\"list\">\n\n<button class=\"gb-button gb-button-38b6d7d4 gb-button-text gb-tabs__button gb-block-is-current\" id=\"gb-tab-button-38b6d7d4\" role=\"tab\">Avantajlar\u0131<\/button>\n\n\n\n<button class=\"gb-button gb-button-c40a7253 gb-button-text gb-tabs__button\" id=\"gb-tab-button-c40a7253\" role=\"tab\">Nedir<\/button>\n\n\n\n<button class=\"gb-button gb-button-af692dcf gb-button-text gb-tabs__button\" id=\"gb-tab-button-af692dcf\" role=\"tab\">Nereden Sat\u0131n Al\u0131n\u0131r<\/button>\n\n\n\n<button class=\"gb-button gb-button-706e52c0 gb-button-text gb-tabs__button\" id=\"gb-tab-button-706e52c0\" role=\"tab\">Nas\u0131l Kullan\u0131l\u0131r<\/button>\n\n<\/div>\n\n<div class=\"gb-container gb-container-8fcce89b gb-tabs__items\">\n<div class=\"gb-container gb-container-2e268732 gb-tabs__item gb-tabs__item-open\" id=\"gb-tab-item-2e268732\" role=\"tabpanel\">\n<div class=\"gb-grid-wrapper gb-grid-wrapper-deaf7782\">\n<div class=\"gb-grid-column gb-grid-column-a20552c8\"><div class=\"gb-container gb-container-a20552c8\">\n\n<h5 class=\"gb-headline gb-headline-91cc3cb9\"><span class=\"gb-icon\"><svg viewBox=\"0 0 256 256\" fill=\"#000000\" height=\"32\" width=\"32\" xmlns=\"http:\/\/www.w3.org\/2000\/svg\"><path d=\"M232.49,80.49l-128,128a12,12,0,0,1-17,0l-56-56a12,12,0,1,1,17-17L96,183,215.51,63.51a12,12,0,0,1,17,17Z\"><\/path><\/svg><\/span><span class=\"gb-headline-text\"><strong>\u00dccretsiz Ula\u015f\u0131m<\/strong><\/span><\/h5>\n\n\n\n<p class=\"gb-headline gb-headline-a9ae3e31 gb-headline-text\">Otob\u00fcs, metro, tramvay ve asans\u00f6rlerde s\u0131n\u0131rs\u0131z \u00fccretsiz seyahat.<\/p>\n\n<\/div><\/div>\n\n<div class=\"gb-grid-column gb-grid-column-b63d7f45\"><div class=\"gb-container gb-container-b63d7f45\">\n\n<h5 class=\"gb-headline gb-headline-0a9e0e11\"><span class=\"gb-icon\"><svg viewBox=\"0 0 256 256\" fill=\"#000000\" height=\"32\" width=\"32\" xmlns=\"http:\/\/www.w3.org\/2000\/svg\"><path d=\"M232.49,80.49l-128,128a12,12,0,0,1-17,0l-56-56a12,12,0,1,1,17-17L96,183,215.51,63.51a12,12,0,0,1,17,17Z\"><\/path><\/svg><\/span><span class=\"gb-headline-text\"><strong>\u00dccretsiz Giri\u015f<\/strong><\/span><\/h5>\n\n\n\n<p class=\"gb-headline gb-headline-c560cdb3 gb-headline-text\">52 en iyi m\u00fcze ve turistik yere \u00fccretsiz giri\u015f.<\/p>\n\n<\/div><\/div>\n\n<div class=\"gb-grid-column gb-grid-column-a528135a\"><div class=\"gb-container gb-container-a528135a\">\n\n<h5 class=\"gb-headline gb-headline-76b5b018\"><span class=\"gb-icon\"><svg viewBox=\"0 0 256 256\" fill=\"#000000\" height=\"32\" width=\"32\" xmlns=\"http:\/\/www.w3.org\/2000\/svg\"><path d=\"M232.49,80.49l-128,128a12,12,0,0,1-17,0l-56-56a12,12,0,1,1,17-17L96,183,215.51,63.51a12,12,0,0,1,17,17Z\"><\/path><\/svg><\/span><span class=\"gb-headline-text\"><strong>F\u0131rsatlar ve \u0130ndirimler<\/strong><\/span><\/h5>\n\n\n\n<p class=\"gb-headline gb-headline-5d916f43 gb-headline-text\">\u00c7e\u015fitli turlarda, al\u0131\u015fveri\u015fte ve gece hayat\u0131nda %10 ila %50 aras\u0131 indirim.<\/p>\n\n<\/div><\/div>\n\n<div class=\"gb-grid-column gb-grid-column-15fe27fb\"><div class=\"gb-container gb-container-15fe27fb\">\n\n<h5 class=\"gb-headline gb-headline-dd85b3fd\"><span class=\"gb-icon\"><svg viewBox=\"0 0 256 256\" fill=\"#000000\" height=\"32\" width=\"32\" xmlns=\"http:\/\/www.w3.org\/2000\/svg\"><path d=\"M232.49,80.49l-128,128a12,12,0,0,1-17,0l-56-56a12,12,0,1,1,17-17L96,183,215.51,63.51a12,12,0,0,1,17,17Z\"><\/path><\/svg><\/span><span class=\"gb-headline-text\"><strong>\u00dccretsiz Rehber Kitap<\/strong><\/span><\/h5>\n\n\n\n<p class=\"gb-headline gb-headline-63dcfe4d gb-headline-text\">Yararl\u0131 \u015fehir bilgileriyle dolu \u00fccretsiz turist rehberi.<\/p>\n\n<\/div><\/div>\n\n<div class=\"gb-grid-column gb-grid-column-a7acfa5d\"><div class=\"gb-container gb-container-a7acfa5d\">\n\n<h5 class=\"gb-headline gb-headline-6963d291\"><span class=\"gb-icon\"><svg viewBox=\"0 0 256 256\" fill=\"#000000\" height=\"32\" width=\"32\" xmlns=\"http:\/\/www.w3.org\/2000\/svg\"><path d=\"M232.49,80.49l-128,128a12,12,0,0,1-17,0l-56-56a12,12,0,1,1,17-17L96,183,215.51,63.51a12,12,0,0,1,17,17Z\"><\/path><\/svg><\/span><span class=\"gb-headline-text\"><strong>Kolay Teslim Alma<\/strong><\/span><\/h5>\n\n\n\n<p class=\"gb-headline gb-headline-4a33c065 gb-headline-text\">Kart\u0131n\u0131z\u0131 Lizbon&#8217;un \u00e7e\u015fitli merkezi noktalar\u0131ndan teslim alabilirsiniz.<\/p>\n\n<\/div><\/div>\n\n<div class=\"gb-grid-column gb-grid-column-d4001500\"><div class=\"gb-container gb-container-d4001500\">\n\n<h5 class=\"gb-headline gb-headline-69f50967\"><span class=\"gb-icon\"><svg viewBox=\"0 0 256 256\" fill=\"#000000\" height=\"32\" width=\"32\" xmlns=\"http:\/\/www.w3.org\/2000\/svg\"><path d=\"M232.49,80.49l-128,128a12,12,0,0,1-17,0l-56-56a12,12,0,1,1,17-17L96,183,215.51,63.51a12,12,0,0,1,17,17Z\"><\/path><\/svg><\/span><span class=\"gb-headline-text\"><strong>\u00dccretsiz G\u00fcn\u00fcbirlik Geziler<\/strong><\/span><\/h5>\n\n\n\n<p class=\"gb-headline gb-headline-8407b344 gb-headline-text\">Sintra, Cascais ve Tagus nehrinin g\u00fcney k\u0131y\u0131s\u0131na \u00fccretsiz tren seyahati.<\/p>\n\n<\/div><\/div>\n<\/div>\n\n<div class=\"gb-container gb-container-e5d49e11 ms-alert--primary ms-p ms-rounded ms-mb-last-child-0 ms-mb-children-condensed ms-mb-block\">\n\n<p>Lizbon Kart\u0131, sat\u0131n al\u0131nd\u0131\u011f\u0131 tarihten itibaren 28 g\u00fcn i\u00e7inde kullan\u0131labilir ve ilk kullan\u0131mda etkinle\u015ftirilir.<\/p>\n\n<\/div>\n<\/div>\n\n<div class=\"gb-container gb-container-3bccd8b9 gb-tabs__item\" id=\"gb-tab-item-3bccd8b9\" role=\"tabpanel\">\n\n<p>Lizbon Kart\u0131 (<em>Lisbon Card olarak da bilinir<\/em>), \u015fehrin resmi seyahat kart\u0131d\u0131r. Kredi kart\u0131na benzer ve ziyaret\u00e7ilerin konaklamalar\u0131 s\u0131ras\u0131nda zamandan ve paradan tasarruf etmelerini sa\u011flar. Bu kart, seyahatinizi daha uygun, rahat ve unutulmaz hale getirmenin en kolay yoludur.<\/p>\n\n\n<div class=\"gb-container gb-container-4eb53179 ms-alert--primary ms-p ms-rounded ms-mb-last-child-0 ms-mb-children-condensed ms-mb-block\">\n\n<p>Lizbon Kart\u0131, 3&#8217;\u00fc 1 arada bir <strong>ula\u015f\u0131m kart\u0131<\/strong>, <strong>turistik yer bileti <\/strong>ve <strong>indirim kart\u0131d\u0131r<\/strong>.<\/p>\n\n<\/div>\n\n\n<p><strong>Neden Lizbon Kart\u0131&#8217;n\u0131 Se\u00e7melisiniz?<\/strong><\/p>\n\n\n\n<p>Lizbon Kart\u0131, Portekiz gezisinden en iyi \u015fekilde faydalanmak isteyen ziyaret\u00e7iler i\u00e7in idealdir. Lizbon Kart\u0131 sahipleri \u015fu avantajlardan yararlanabilir:<\/p>\n\n\n<ul class=\"gb-container gb-container-53b82d66 ms-icon-list\">\n\n<li class=\"gb-headline gb-headline-f5138486 ms-icon-list__item\"><span class=\"gb-icon\"><svg viewBox=\"0 0 256 256\" fill=\"#000000\" height=\"32\" width=\"32\" xmlns=\"http:\/\/www.w3.org\/2000\/svg\"><path d=\"M232.49,80.49l-128,128a12,12,0,0,1-17,0l-56-56a12,12,0,1,1,17-17L96,183,215.51,63.51a12,12,0,0,1,17,17Z\"><\/path><\/svg><\/span><span class=\"gb-headline-text\">Otob\u00fcs, metro, tramvay ve f\u00fcnik\u00fclerlerde s\u0131n\u0131rs\u0131z \u00fccretsiz seyahat.<\/span><\/li>\n\n\n\n<li class=\"gb-headline gb-headline-eb81dbda ms-icon-list__item\"><span class=\"gb-icon\"><svg viewBox=\"0 0 256 256\" fill=\"#000000\" height=\"32\" width=\"32\" xmlns=\"http:\/\/www.w3.org\/2000\/svg\"><path d=\"M232.49,80.49l-128,128a12,12,0,0,1-17,0l-56-56a12,12,0,1,1,17-17L96,183,215.51,63.51a12,12,0,0,1,17,17Z\"><\/path><\/svg><\/span><span class=\"gb-headline-text\">\u0130konik 28 numaral\u0131 Tramvay&#8217;a \u00fccretsiz eri\u015fim.<\/span><\/li>\n\n\n\n<li class=\"gb-headline gb-headline-b37bb796 ms-icon-list__item\"><span class=\"gb-icon\"><svg viewBox=\"0 0 256 256\" fill=\"#000000\" height=\"32\" width=\"32\" xmlns=\"http:\/\/www.w3.org\/2000\/svg\"><path d=\"M232.49,80.49l-128,128a12,12,0,0,1-17,0l-56-56a12,12,0,1,1,17-17L96,183,215.51,63.51a12,12,0,0,1,17,17Z\"><\/path><\/svg><\/span><span class=\"gb-headline-text\">Muhte\u015fem manzaralar i\u00e7in Santa Justa Asans\u00f6r\u00fc&#8217;nde \u00fccretsiz yolculuk.<\/span><\/li>\n\n\n\n<li class=\"gb-headline gb-headline-effa3bd7 ms-icon-list__item\"><span class=\"gb-icon\"><svg viewBox=\"0 0 256 256\" fill=\"#000000\" height=\"32\" width=\"32\" xmlns=\"http:\/\/www.w3.org\/2000\/svg\"><path d=\"M232.49,80.49l-128,128a12,12,0,0,1-17,0l-56-56a12,12,0,1,1,17-17L96,183,215.51,63.51a12,12,0,0,1,17,17Z\"><\/path><\/svg><\/span><span class=\"gb-headline-text\">Sintra, Cascais ve Tagus nehrinin g\u00fcney k\u0131y\u0131s\u0131na CP hatlar\u0131nda \u00fccretsiz tren seyahati\u2014g\u00fcn\u00fcbirlik geziler i\u00e7in harika bir f\u0131rsat!<\/span><\/li>\n\n\n\n<li class=\"gb-headline gb-headline-376b85f3 ms-icon-list__item\"><span class=\"gb-icon\"><svg viewBox=\"0 0 256 256\" fill=\"#000000\" height=\"32\" width=\"32\" xmlns=\"http:\/\/www.w3.org\/2000\/svg\"><path d=\"M232.49,80.49l-128,128a12,12,0,0,1-17,0l-56-56a12,12,0,1,1,17-17L96,183,215.51,63.51a12,12,0,0,1,17,17Z\"><\/path><\/svg><\/span><span class=\"gb-headline-text\">52&#8217;e kadar m\u00fcze, an\u0131t ve UNESCO D\u00fcnya Miras\u0131 Alan\u0131&#8217;na \u00fccretsiz giri\u015f.<\/span><\/li>\n\n\n\n<li class=\"gb-headline gb-headline-defc0986 ms-icon-list__item\"><span class=\"gb-icon\"><svg viewBox=\"0 0 256 256\" fill=\"#000000\" height=\"32\" width=\"32\" xmlns=\"http:\/\/www.w3.org\/2000\/svg\"><path d=\"M232.49,80.49l-128,128a12,12,0,0,1-17,0l-56-56a12,12,0,1,1,17-17L96,183,215.51,63.51a12,12,0,0,1,17,17Z\"><\/path><\/svg><\/span><span class=\"gb-headline-text\">12 turistik yere h\u0131zl\u0131 eri\u015fim.<\/span><\/li>\n\n\n\n<li class=\"gb-headline gb-headline-6dbee845 ms-icon-list__item\"><span class=\"gb-icon\"><svg viewBox=\"0 0 256 256\" fill=\"#000000\" height=\"32\" width=\"32\" xmlns=\"http:\/\/www.w3.org\/2000\/svg\"><path d=\"M232.49,80.49l-128,128a12,12,0,0,1-17,0l-56-56a12,12,0,1,1,17-17L96,183,215.51,63.51a12,12,0,0,1,17,17Z\"><\/path><\/svg><\/span><span class=\"gb-headline-text\">Yararl\u0131 ipu\u00e7lar\u0131 ve bilgilerle dolu \u00fccretsiz \u015fehir rehberi.<\/span><\/li>\n\n\n\n<li class=\"gb-headline gb-headline-323893ef ms-icon-list__item\"><span class=\"gb-icon\"><svg viewBox=\"0 0 256 256\" fill=\"#000000\" height=\"32\" width=\"32\" xmlns=\"http:\/\/www.w3.org\/2000\/svg\"><path d=\"M232.49,80.49l-128,128a12,12,0,0,1-17,0l-56-56a12,12,0,1,1,17-17L96,183,215.51,63.51a12,12,0,0,1,17,17Z\"><\/path><\/svg><\/span><span class=\"gb-headline-text\">Ziyaretlerde, turlarda, al\u0131\u015fveri\u015fte ve gece hayat\u0131nda indirimler ve f\u0131rsatlar.<\/span><\/li>\n\n<\/ul>\n<\/div>\n\n<div class=\"gb-container gb-container-28f243f6 gb-tabs__item\" id=\"gb-tab-item-28f243f6\" role=\"tabpanel\">\n\n<p>Lizbon Kart\u0131 sat\u0131n almak i\u00e7in:<\/p>\n\n\n\n<ol class=\"wp-block-list\">\n<li>Rezervasyon b\u00f6l\u00fcm\u00fcn\u00fc kullanarak tercih etti\u011finiz tarihi ve kart\u0131n ge\u00e7erlilik s\u00fcresini (24, 48 veya 72 saat) se\u00e7in.<\/li>\n\n\n\n<li>Sat\u0131n alma i\u015fleminiz onayland\u0131ktan sonra, e-posta yoluyla bir kupon alacaks\u0131n\u0131z.<\/li>\n\n\n\n<li>Fiziksel Lizbon Kart\u0131&#8217;n\u0131z\u0131 almak i\u00e7in e-posta kuponunuzu teslim alma noktalar\u0131ndan birinde ibraz edin.A\u015fa\u011f\u0131da, adresleri ve \u00e7al\u0131\u015fma saatleri ile birlikte teslim alma noktalar\u0131 listelenmi\u015ftir:\n<ul class=\"wp-block-list\">\n<li><strong>Ask Me Lisboa | Havaalan\u0131<\/strong>: Chegadas, Aeroporto &#8211; Alameda das Comunidades, 1700-008, Lisboa. Her g\u00fcn 07:00-22:00 aras\u0131.<\/li>\n\n\n\n<li><strong>Ask Me Lisboa | Terreiro do Pa\u00e7o<\/strong>: Pra\u00e7a do Com\u00e9rcio, 1100-148, Lisboa. Her g\u00fcn 10:00-19:00 aras\u0131.<\/li>\n\n\n\n<li><strong>Morina Bal\u0131\u011f\u0131 Tarih Merkezi<\/strong>: Terreiro do Pa\u00e7o &#8211; Torre\u00e3o Nascente, 1100-148, Lizbon. Her g\u00fcn 10:00-19:00 aras\u0131.<\/li>\n\n\n\n<li><strong>Ask Me Lisboa | Centro Tejo<\/strong>: Terreiro do Pa\u00e7o, 1100-016, Lizbon. Her g\u00fcn 10:00-13:00 ve 14:00-19:00 aras\u0131.<\/li>\n\n\n\n<li><strong>Ask Me Lisboa | Cais do Sodr\u00e9<\/strong>: Pra\u00e7a do Duque de Terceira, Cais do Sodr\u00e9, 1200-161, Lizbon. Her g\u00fcn 09:00-13:00 ve 14:00-18:00 aras\u0131.<\/li>\n<\/ul>\n<\/li>\n<\/ol>\n\n\n<div class=\"gb-container gb-container-ad106817 ms-alert--primary ms-p ms-rounded ms-mb-last-child-0 ms-mb-children-condensed ms-mb-block\">\n\n<p>Kart, ilk kullan\u0131mda etkinle\u015fir. Bu y\u00fczden Lizbon&#8217;a varmadan kart\u0131n ge\u00e7erlilik s\u00fcresinin dolmas\u0131 konusunda endi\u015felenmenize gerek yoktur.<\/p>\n\n<\/div>\n<\/div>\n\n<div class=\"gb-container gb-container-46ea0e65 gb-tabs__item\" id=\"gb-tab-item-46ea0e65\" role=\"tabpanel\">\n\n<p>Lizbon Kart\u0131, Lizbon&#8217;u ke\u015ffetmeyi kolay, uygun fiyatl\u0131 ve rahat hale getirir. Karttan en iyi \u015fekilde faydalanmak i\u00e7in \u015funlar\u0131 yap\u0131n:<\/p>\n\n\n\n<hr class=\"wp-block-separator has-alpha-channel-opacity\"\/>\n\n\n\n<p class=\"gb-text ms-text-context\">Kart\u0131n\u0131z\u0131 Etkinle\u015ftirin<\/p>\n\n\n\n<p>Lizbon Kart\u0131n\u0131z\u0131 herhangi bir turistik mekanda veya toplu ta\u015f\u0131ma arac\u0131nda kullanarak etkinle\u015ftirin. Kart\u0131 sat\u0131n ald\u0131ktan sonra 28 g\u00fcn i\u00e7inde etkinle\u015ftirmeniz gerekir. Kart\u0131n\u0131z, sat\u0131n ald\u0131\u011f\u0131n\u0131z se\u00e7ene\u011fe ba\u011fl\u0131 olarak 24, 48 veya 72 saat boyunca ge\u00e7erli olacakt\u0131r.<\/p>\n\n\n\n<hr class=\"wp-block-separator has-alpha-channel-opacity\"\/>\n\n\n\n<p class=\"gb-text ms-text-context\">Seyahat Plan\u0131n\u0131z\u0131 Yap\u0131n<\/p>\n\n\n\n<p>1 G\u00fcn\u00fcn\u00fcz Varsa<\/p>\n\n\n\n<ul class=\"wp-block-list\">\n<li>Sabah Bel\u00e9m&#8217;e gidin ve Jer\u00f3nimos Manast\u0131r\u0131, ve Ulusal At Arabas\u0131 M\u00fczesi&#8217;ni ziyaret edin.<\/li>\n\n\n\n<li>\u00d6\u011fle yeme\u011finin ard\u0131ndan tepelere \u00e7\u0131kmadan \u00f6nce tarihe k\u0131sa bir dalmak i\u00e7in Ponte 7 de Pilares Bridge Experience&#8217;a veya Lisboa Story Centre&#8217;a u\u011fra.<\/li>\n\n\n\n<li>G\u00fcn\u00fcn\u00fcz\u00fc Saint Jorge Kalesi veya Kraliyet Hazinesi M\u00fczesi ke\u015ffederek sonland\u0131r\u0131n, 28 numaral\u0131 tramvayla Alfama&#8217;y\u0131 gezip, kat\u0131l\u0131mc\u0131 restoranlardan birinde indirimli ak\u015fam yeme\u011finin tad\u0131n\u0131 \u00e7\u0131kar\u0131n.<\/li>\n<\/ul>\n\n\n\n<p>2-3 G\u00fcn\u00fcn\u00fcz Varsa<\/p>\n\n\n\n<ul class=\"wp-block-list\">\n<li>Sintra veya Cascais&#8217;e g\u00fcn\u00fcbirlik geziler ekleyin (kart\u0131n\u0131z CP tren seyahatini de i\u00e7erir!).<\/li>\n\n\n\n<li>Y\u00fcr\u00fcy\u00fc\u015f turlar\u0131nda, nehir gezilerinde ve hatta Fado gecesi deneyimlerinde indirimlerden yararlan\u0131n.<\/li>\n\n\n\n<li>Ke\u015fifler An\u0131t\u0131, Ulusal Pantheon veya Ajuda Saray\u0131 gibi \u00fccretsiz m\u00fczeleri de rotana ekle.<\/li>\n<\/ul>\n\n\n\n<p class=\"gb-text-9c6baf02\"><span class=\"gb-shape\"><svg viewBox=\"0 0 256 256\" fill=\"#000000\" height=\"32\" width=\"32\" xmlns=\"http:\/\/www.w3.org\/2000\/svg\"><path d=\"M108,84a16,16,0,1,1,16,16A16,16,0,0,1,108,84Zm128,44A108,108,0,1,1,128,20,108.12,108.12,0,0,1,236,128Zm-24,0a84,84,0,1,0-84,84A84.09,84.09,0,0,0,212,128Zm-72,36.68V132a20,20,0,0,0-20-20,12,12,0,0,0-4,23.32V168a20,20,0,0,0,20,20,12,12,0,0,0,4-23.32Z\"><\/path><\/svg><\/span><span class=\"gb-text\">Bir\u00e7ok turistik yer pazartesi g\u00fcnleri kapal\u0131d\u0131r, bu y\u00fczden plan yapmadan \u00f6nce kontrol etmeyi unutmay\u0131n.<\/span><\/p>\n\n\n\n<hr class=\"wp-block-separator has-alpha-channel-opacity\"\/>\n\n\n\n<p class=\"gb-text ms-text-context\"><strong>Sorunsuz Seyahat Edin<\/strong><\/p>\n\n\n\n<p>Kart\u0131n\u0131z, Lizbon Havaliman\u0131&#8217;na gidi\u015f-d\u00f6n\u00fc\u015f metro seyahati dahil olmak \u00fczere Lizbon&#8217;da s\u0131n\u0131rs\u0131z toplu ta\u015f\u0131ma imkan\u0131 sunar.<\/p>\n\n\n\n<hr class=\"wp-block-separator has-alpha-channel-opacity\"\/>\n\n\n\n<p class=\"gb-text ms-text-context\"><strong><strong>\u00d6zel F\u0131rsatlarla Tasarruf Edin<\/strong><\/strong><\/p>\n\n\n\n<p>Lizbon Kart\u0131, Lizbon genelinde yemek, al\u0131\u015fveri\u015f, rehberli turlar ve e\u011flence i\u00e7in %5-50 indirimler de sunar.<\/p>\n\n\n\n<hr class=\"wp-block-separator has-alpha-channel-opacity\"\/>\n\n\n\n<p>\ud83d\udc49 <a href=\"https:\/\/drive.google.com\/file\/d\/1tVnk8u0tN68_agKLV1XV3FH4PtIBRphQ\/view\" rel=\"nofollow noopener\">Lizbon Kart\u0131 Kullan\u0131m K\u0131lavuzu&#8217;nun tamam\u0131n\u0131 indirin (PDF)<\/a><\/p>\n\n\n<div class=\"gb-container gb-container-46df7ae9 ms-alert--primary ms-p ms-rounded ms-mb-last-child-0 ms-mb-children-condensed ms-mb-block\">\n\n<p>Daha fazla bilgi: <a href=\"https:\/\/www.lisboacard.org\/tr\/discounts\/\" data-type=\"page\" data-id=\"6\">indirimler<\/a> \u2013 <a href=\"https:\/\/www.lisboacard.org\/tr\/prices\/\" data-type=\"page\" data-id=\"9\">fiyatlar<\/a> \u2013 <a href=\"https:\/\/www.lisboacard.org\/tr\/faq\/\" data-type=\"page\" data-id=\"581\">s\u0131k sorulan sorular<\/a><\/p>\n\n<\/div>\n<\/div>\n<\/div>\n<\/div>\n\n\n<p><\/p>\n","protected":false},"excerpt":{"rendered":"","protected":false},"author":5,"featured_media":857,"parent":0,"menu_order":2,"comment_status":"closed","ping_status":"closed","template":"","meta":{"_acf_changed":false,"footnotes":"","button_url":"https:\/\/www.tiqets.com\/en\/lisbon-attractions-c76528\/tickets-for-lisbon-card-p974847\/?partner=lisboacard","ms_product_id":"974847","ms_product_name":"Lisboa Card: Access 51 Attractions + Public Transportation","ms_price":"31","ms_currency":"EUR","ms_rating_value":"4.3","ms_review_count":"25396","rank_math_title":"Lizbon Kart\u0131 - Resmi Lizbon Kart\u0131 %currentyear%","rank_math_description":"Lizbon'un resmi turist kart\u0131 olan Lizbon Kart\u0131 ile zamandan ve paradan tasarruf edin. Fiyatlar, yorumlar ve g\u00fcncel indirim listesi i\u00e7in buraya t\u0131klay\u0131n."},"post-style":[],"producer":[],"class_list":["post-5","page","type-page","status-publish","has-post-thumbnail"],"acf":[],"product_schema":{"ms_product_id":"974847","ms_product_name":"Lisboa Card: Access 51 Attractions + Public Transportation","ms_price":"31","ms_currency":"EUR","ms_rating_value":"4.3","ms_review_count":"25396"},"_links":{"self":[{"href":"https:\/\/www.lisboacard.org\/tr\/wp-json\/wp\/v2\/pages\/5","targetHints":{"allow":["GET"]}}],"collection":[{"href":"https:\/\/www.lisboacard.org\/tr\/wp-json\/wp\/v2\/pages"}],"about":[{"href":"https:\/\/www.lisboacard.org\/tr\/wp-json\/wp\/v2\/types\/page"}],"author":[{"embeddable":true,"href":"https:\/\/www.lisboacard.org\/tr\/wp-json\/wp\/v2\/users\/5"}],"replies":[{"embeddable":true,"href":"https:\/\/www.lisboacard.org\/tr\/wp-json\/wp\/v2\/comments?post=5"}],"version-history":[{"count":3,"href":"https:\/\/www.lisboacard.org\/tr\/wp-json\/wp\/v2\/pages\/5\/revisions"}],"predecessor-version":[{"id":1061,"href":"https:\/\/www.lisboacard.org\/tr\/wp-json\/wp\/v2\/pages\/5\/revisions\/1061"}],"wp:featuredmedia":[{"embeddable":true,"href":"https:\/\/www.lisboacard.org\/tr\/wp-json\/wp\/v2\/media\/857"}],"wp:attachment":[{"href":"https:\/\/www.lisboacard.org\/tr\/wp-json\/wp\/v2\/media?parent=5"}],"wp:term":[{"taxonomy":"post-style","embeddable":true,"href":"https:\/\/www.lisboacard.org\/tr\/wp-json\/wp\/v2\/post-style?post=5"},{"taxonomy":"producer","embeddable":true,"href":"https:\/\/www.lisboacard.org\/tr\/wp-json\/wp\/v2\/producer?post=5"}],"curies":[{"name":"wp","href":"https:\/\/api.w.org\/{rel}","templated":true}]}}