{"id":581,"date":"2014-01-08T14:47:17","date_gmt":"2014-01-08T14:47:17","guid":{"rendered":"https:\/\/www.lisboacard.org\/tr\/?page_id=11"},"modified":"2026-05-07T07:12:05","modified_gmt":"2026-05-07T05:12:05","slug":"sss","status":"publish","type":"page","link":"https:\/\/www.lisboacard.org\/tr\/sss\/","title":{"rendered":"S\u0131k\u00e7a Sorulan Sorular"},"content":{"rendered":"<div id=\"rank-math-faq\" class=\"rank-math-block\">\n<div class=\"rank-math-list \">\n<div id=\"faq-question-1717062476605\" class=\"rank-math-list-item\">\n<h3 class=\"rank-math-question \">Lizbon Kart\u0131 nedir?<\/h3>\n<div class=\"rank-math-answer \">\n\n<p>Lizbon Kart\u0131, Lizbon&#8217;un resmi turist kart\u0131d\u0131r. Bu kart esasen, hepsi bir arada bir <strong>ula\u015f\u0131m kart\u0131<\/strong>, <strong>m\u00fcze ve gezi bileti<\/strong>, ve <strong>indirim kart\u0131d\u0131r<\/strong>. Lisboa Kart paketi, \u00fccretsiz bir \u015fehir rehberi de i\u00e7erir. Kart, Lizbon&#8217;u ziyaret edenlerin seyahatleri boyunca <strong>zamandan ve paradan tasarruf etmelerine yard\u0131mc\u0131 olur<\/strong>.<\/p>\n\n<\/div>\n<\/div>\n<div id=\"faq-question-1717062505033\" class=\"rank-math-list-item\">\n<h3 class=\"rank-math-question \">Lizbon Kart\u0131&#8217;\u0131n avantajlar\u0131 nelerdir?<\/h3>\n<div class=\"rank-math-answer \">\n\n<p>Lizbon Kart\u0131, ula\u015f\u0131m, giri\u015f \u00fccretleri, e\u011flence ve al\u0131\u015fveri\u015f gibi harcamalarda <strong>tasarruf etmenizi<\/strong>, pop\u00fcler yerlerde s\u0131ra bekleyerek <strong>zaman kaybetmenizi \u00f6nlemenizi<\/strong> ve say\u0131s\u0131z f\u0131rsat ve indirimle <strong>daha fazlas\u0131n\u0131 ke\u015ffetmenizi sa\u011flar<\/strong>.<\/p>\n\n<\/div>\n<\/div>\n<div id=\"faq-question-1717062519392\" class=\"rank-math-list-item\">\n<h3 class=\"rank-math-question \">Lizbon Kart\u0131 hangi indirimleri sunar?<\/h3>\n<div class=\"rank-math-answer \">\n\n<p>Lizbon Kart\u0131, yerel hizmetler, k\u00fclt\u00fcrel ve turistik merkezler ve etkinliklerde %10 ila %50 aras\u0131nda indirimler sunar. Ayr\u0131ca, kat\u0131l\u0131mc\u0131 ma\u011fazalarda %5 ila %10 aras\u0131nda indirimden yararlanabilirsiniz. \u0130ndirimlerin tam listesini <a href=\"https:\/\/www.lisboacard.org\/tr\/discounts\/\" target=\"_blank\" rel=\"noreferrer noopener\">burada<\/a> g\u00f6rebilirsiniz. <\/p>\n\n<\/div>\n<\/div>\n<div id=\"faq-question-1724316893105\" class=\"rank-math-list-item\">\n<h3 class=\"rank-math-question \">Lisboa Kart sat\u0131n almaya de\u011fer mi?<\/h3>\n<div class=\"rank-math-answer \">\n\n<p>Lisboa Kart sat\u0131n alman\u0131n de\u011fip de\u011fmeyece\u011fi, temel olarak seyahat planlar\u0131n\u0131za ve konfor beklentilerinize ba\u011fl\u0131d\u0131r. Genel bir kural olarak, toplu ta\u015f\u0131ma kullanarak her g\u00fcn birden fazla m\u00fcze ve turistik yeri ziyaret etmeyi planl\u0131yorsan\u0131z, Lizbon Kart\u0131 iyi bir se\u00e7enektir. Kart\u0131 sat\u0131n almay\u0131 d\u00fc\u015f\u00fcn\u00fcyorsan\u0131z, a\u015fa\u011f\u0131daki noktalar\u0131 g\u00f6z \u00f6n\u00fcnde bulundurabilirsiniz:<\/p>\n<p><strong>Kart\u0131n maliyeti<br \/><\/strong>Lizbon Kart\u0131&#8217;\u0131n yat\u0131r\u0131m\u0131n\u0131za de\u011fdi\u011finden emin olman\u0131n tek yolu, seyahat planlar\u0131n\u0131z\u0131 g\u00f6zden ge\u00e7irmek ve giri\u015f \u00fccretleri, turlar ve ula\u015f\u0131m i\u00e7in ne kadar harcayaca\u011f\u0131n\u0131z\u0131 hesaplamakt\u0131r. Toplam maliyeti kart\u0131n g\u00fcnl\u00fck maliyetiyle kar\u015f\u0131la\u015ft\u0131rarak uygun olup olmad\u0131\u011f\u0131na karar verebilirsiniz. 72 saatlik kart\u0131n en uygun fiyatl\u0131 se\u00e7enek oldu\u011funu unutmay\u0131n.<\/p>\n<p><strong>\u00d6zg\u00fcrl\u00fck ve esneklik<br \/><\/strong>\u00c7o\u011fu durumda Lizbon Kart\u0131, sundu\u011fu kolayl\u0131k nedeniyle tercih edilir: Ekstra m\u00fcze veya ula\u015f\u0131m bileti alma zorunlulu\u011fu olmadan, istedi\u011finiz zaman istedi\u011finiz yere gitme \u00f6zg\u00fcrl\u00fc\u011f\u00fc verir.<br \/>E\u011fer k\u0131s\u0131tl\u0131 bir b\u00fct\u00e7eyle Lizbon&#8217;a gidiyorsan\u0131z, hesaplamalar\u0131n\u0131z\u0131 yap\u0131n ve maliyet ile tasarrufun buna de\u011fip de\u011fmeyece\u011fini kontrol edin. E\u011fer <strong>\u00f6zg\u00fcrl\u00fc\u011fe<\/strong>, <strong>esnekli\u011fe <\/strong>ve <strong>kolayl\u0131\u011fa<\/strong> \u00f6nem veriyorsan\u0131z, Lizbon Kart\u0131 muhtemelen \u00e7ok iyi bir se\u00e7imdir.<\/p>\n\n<\/div>\n<\/div>\n<div id=\"faq-question-1724316971009\" class=\"rank-math-list-item\">\n<h3 class=\"rank-math-question \">Lizbon Kart\u0131&#8217;\u0131n fiyat\u0131 nedir?<\/h3>\n<div class=\"rank-math-answer \">\n\n<p>Lizbon Kart\u0131&#8217;\u0131n fiyat\u0131, ge\u00e7erli oldu\u011fu g\u00fcn say\u0131s\u0131na ba\u011fl\u0131d\u0131r. \u00c7ocuklar i\u00e7in ek indirimler mevcuttur.<br \/>Farkl\u0131 kartlar\u0131 kar\u015f\u0131la\u015ft\u0131r\u0131rken g\u00fcnl\u00fck fiyatlara bakmak \u00f6nemlidir. \u00d6rne\u011fin, 72 saatlik Lizbon Kart\u0131, 24 saatlik karta g\u00f6re g\u00fcnl\u00fck bazda daha ucuzdur. T\u00fcm fiyatlar i\u00e7in <a href=\"https:\/\/www.lisboacard.org\/tr\/prices\/\" target=\"_blank\" rel=\"noreferrer noopener\">fiyat tablosuna<\/a> g\u00f6z at\u0131n.<\/p>\n\n<\/div>\n<\/div>\n<div id=\"faq-question-1724316983120\" class=\"rank-math-list-item\">\n<h3 class=\"rank-math-question \">Lizbon Kart\u0131&#8217;\u0131 nereden alabilirim?<\/h3>\n<div class=\"rank-math-answer \">\n\n<p>Kart\u0131n\u0131z\u0131 online sat\u0131n ald\u0131ktan sonra, kuponlar\u0131n\u0131z\u0131 havaalan\u0131ndaki veya \u015fehir merkezindeki \u201cAsk Me Lisboa\u201d turizm ofislerinden birinde Lizbon Kart\u0131 ile de\u011fi\u015ftirebilirsiniz. Onay e-postan\u0131zda teslim alma noktalar\u0131n\u0131n listesi, adresleri ve \u00e7al\u0131\u015fma saatleri yer almaktad\u0131r.<\/p>\n\n<\/div>\n<\/div>\n<div id=\"faq-question-1747719164938\" class=\"rank-math-list-item\">\n<h3 class=\"rank-math-question \">Lizbon Kart\u0131 rezervasyonu yaparken ba\u015fka turistik yerler i\u00e7in ek bilet ekleyebilir miyim?<\/h3>\n<div class=\"rank-math-answer \">\n\n<p>Evet! Lisboa Card&#8217;\u0131n\u0131 rezerve ederken Lizbon ve Sintra&#8217;n\u0131n en pop\u00fcler yerlerinden baz\u0131lar\u0131na indirimli bilet ekleyebilirsin: <strong>Ocean\u00e1rio de Lisboa, Pal\u00e1cio da Pena ve Ma\u011fribi Kalesi<\/strong>.<br \/>Bu eklemeler iste\u011fe ba\u011fl\u0131d\u0131r ve \u00f6deme s\u0131ras\u0131nda se\u00e7ilebilir.<\/p>\n\n<\/div>\n<\/div>\n<\/div>\n<\/div>","protected":false},"excerpt":{"rendered":"","protected":false},"author":5,"featured_media":0,"parent":0,"menu_order":5,"comment_status":"closed","ping_status":"closed","template":"","meta":{"_acf_changed":false,"footnotes":"","button_url":"https:\/\/www.tiqets.com\/en\/lisbon-attractions-c76528\/tickets-for-lisbon-card-p974847\/?partner=lisboacard","ms_product_id":"","ms_product_name":"","ms_price":"","ms_currency":"","ms_rating_value":"","ms_review_count":"","rank_math_title":"Lizbon Kart\u0131 SSS \u2013 Lizbon Kart\u0131n\u0131zla \u0130lgili Sorular\u0131n\u0131z\u0131n Cevaplar\u0131","rank_math_description":"Lizbon Kart\u0131 hakk\u0131nda sorular\u0131n\u0131z m\u0131 var? Nas\u0131l \u00e7al\u0131\u015ft\u0131\u011f\u0131, neleri i\u00e7erdi\u011fi, toplu ta\u015f\u0131ma ara\u00e7lar\u0131n\u0131 nas\u0131l kullanabilece\u011finiz, nereden sat\u0131n alabilece\u011finiz ve daha fazlas\u0131 hakk\u0131nda cevaplar\u0131 SSS k\u0131lavuzumuzda bulabilirsiniz."},"post-style":[],"producer":[],"class_list":["post-581","page","type-page","status-publish","has-post-thumbnail"],"acf":[],"product_schema":{"ms_product_id":"","ms_product_name":"","ms_price":"","ms_currency":"","ms_rating_value":"","ms_review_count":""},"_links":{"self":[{"href":"https:\/\/www.lisboacard.org\/tr\/wp-json\/wp\/v2\/pages\/581","targetHints":{"allow":["GET"]}}],"collection":[{"href":"https:\/\/www.lisboacard.org\/tr\/wp-json\/wp\/v2\/pages"}],"about":[{"href":"https:\/\/www.lisboacard.org\/tr\/wp-json\/wp\/v2\/types\/page"}],"author":[{"embeddable":true,"href":"https:\/\/www.lisboacard.org\/tr\/wp-json\/wp\/v2\/users\/5"}],"replies":[{"embeddable":true,"href":"https:\/\/www.lisboacard.org\/tr\/wp-json\/wp\/v2\/comments?post=581"}],"version-history":[{"count":3,"href":"https:\/\/www.lisboacard.org\/tr\/wp-json\/wp\/v2\/pages\/581\/revisions"}],"predecessor-version":[{"id":1066,"href":"https:\/\/www.lisboacard.org\/tr\/wp-json\/wp\/v2\/pages\/581\/revisions\/1066"}],"wp:attachment":[{"href":"https:\/\/www.lisboacard.org\/tr\/wp-json\/wp\/v2\/media?parent=581"}],"wp:term":[{"taxonomy":"post-style","embeddable":true,"href":"https:\/\/www.lisboacard.org\/tr\/wp-json\/wp\/v2\/post-style?post=581"},{"taxonomy":"producer","embeddable":true,"href":"https:\/\/www.lisboacard.org\/tr\/wp-json\/wp\/v2\/producer?post=581"}],"curies":[{"name":"wp","href":"https:\/\/api.w.org\/{rel}","templated":true}]}}