{"id":652,"date":"2024-10-18T10:00:15","date_gmt":"2024-10-18T08:00:15","guid":{"rendered":"https:\/\/www.lisboacard.org\/tr\/?page_id=652"},"modified":"2025-10-27T20:57:06","modified_gmt":"2025-10-27T19:57:06","slug":"iletisim","status":"publish","type":"page","link":"https:\/\/www.lisboacard.org\/tr\/iletisim\/","title":{"rendered":"\u0130leti\u015fim"},"content":{"rendered":"\n<h3 class=\"wp-block-heading\">Bilet Sorular\u0131<\/h3>\n\n\n\n<p>Biletleriniz veya mevcut rezervasyonunuzla ilgili her t\u00fcrl\u00fc soru i\u00e7in l\u00fctfen bilet orta\u011f\u0131m\u0131zla ileti\u015fime ge\u00e7in:<\/p>\n\n\n\n<ul class=\"wp-block-list\">\n<li>E-posta: <a href=\"mailto:info@ticketbar.eu\">info@ticketbar.eu<\/a><\/li>\n\n\n\n<li>Telefon: +44 2035142614<\/li>\n<\/ul>\n\n\n\n<hr class=\"wp-block-separator has-alpha-channel-opacity\"\/>\n\n\n\n<h3 class=\"wp-block-heading\">Ziyaret\u00e7i Bilgileri<\/h3>\n\n\n\n<p>\u015eehir, haritalar ve di\u011fer hizmetler hakk\u0131nda daha ayr\u0131nt\u0131l\u0131 bilgi almak i\u00e7in, havaalan\u0131nda veya \u015fehirde bulunan \u201cAsk Me Lisboa\u201d turizm ofislerinden birini ziyaret edebilirsiniz. Ayr\u0131ca, \u00e7evrimi\u00e7i biletinizi fiziksel Lizbon Kart\u0131 ile bu ofislerde de\u011fi\u015ftirebilirsiniz.<\/p>\n\n\n\n<p>Adresleri, \u00e7al\u0131\u015fma saatleri ve ileti\u015fim bilgileri i\u00e7in <a href=\"https:\/\/www.visitlisboa.com\/en\/c\/tourist-offices\" target=\"_blank\" rel=\"noreferrer noopener nofollow\"><\/a><a href=\"https:\/\/www.visitlisboa.com\/en\/c\/tourist-offices\" target=\"_blank\" rel=\"noreferrer noopener nofollow\">bu ba\u011flant\u0131ya<\/a> t\u0131klay\u0131n.<\/p>\n\n\n\n<hr class=\"wp-block-separator has-alpha-channel-opacity\"\/>\n\n\n\n<h3 class=\"wp-block-heading\">Web Sitesi Deste\u011fi<\/h3>\n\n\n\n<p>Bu web sitesiyle ilgili herhangi bir sorunuz i\u00e7in l\u00fctfen do\u011frudan bizimle ileti\u015fime ge\u00e7in:<\/p>\n\n\n\n<ul class=\"wp-block-list\">\n<li>E-posta: info@moonshot.media<\/li>\n<\/ul>\n","protected":false},"excerpt":{"rendered":"","protected":false},"author":5,"featured_media":0,"parent":0,"menu_order":0,"comment_status":"closed","ping_status":"closed","template":"","meta":{"_acf_changed":false,"footnotes":"","button_url":"https:\/\/www.tiqets.com\/en\/lisbon-attractions-c76528\/tickets-for-lisbon-card-p974847\/?partner=lisboacard","ms_product_id":"","ms_product_name":"","ms_price":"","ms_currency":"","ms_rating_value":"","ms_review_count":"","rank_math_title":"%title% %sep% %sitename%","rank_math_description":"Biletler veya mevcut rezervasyonunuzla ilgili her t\u00fcrl\u00fc sorunuz i\u00e7in l\u00fctfen bilet orta\u011f\u0131m\u0131zla ileti\u015fime ge\u00e7in."},"post-style":[],"producer":[],"class_list":["post-652","page","type-page","status-publish","has-post-thumbnail"],"acf":[],"product_schema":{"ms_product_id":"","ms_product_name":"","ms_price":"","ms_currency":"","ms_rating_value":"","ms_review_count":""},"_links":{"self":[{"href":"https:\/\/www.lisboacard.org\/tr\/wp-json\/wp\/v2\/pages\/652","targetHints":{"allow":["GET"]}}],"collection":[{"href":"https:\/\/www.lisboacard.org\/tr\/wp-json\/wp\/v2\/pages"}],"about":[{"href":"https:\/\/www.lisboacard.org\/tr\/wp-json\/wp\/v2\/types\/page"}],"author":[{"embeddable":true,"href":"https:\/\/www.lisboacard.org\/tr\/wp-json\/wp\/v2\/users\/5"}],"replies":[{"embeddable":true,"href":"https:\/\/www.lisboacard.org\/tr\/wp-json\/wp\/v2\/comments?post=652"}],"version-history":[{"count":3,"href":"https:\/\/www.lisboacard.org\/tr\/wp-json\/wp\/v2\/pages\/652\/revisions"}],"predecessor-version":[{"id":1000,"href":"https:\/\/www.lisboacard.org\/tr\/wp-json\/wp\/v2\/pages\/652\/revisions\/1000"}],"wp:attachment":[{"href":"https:\/\/www.lisboacard.org\/tr\/wp-json\/wp\/v2\/media?parent=652"}],"wp:term":[{"taxonomy":"post-style","embeddable":true,"href":"https:\/\/www.lisboacard.org\/tr\/wp-json\/wp\/v2\/post-style?post=652"},{"taxonomy":"producer","embeddable":true,"href":"https:\/\/www.lisboacard.org\/tr\/wp-json\/wp\/v2\/producer?post=652"}],"curies":[{"name":"wp","href":"https:\/\/api.w.org\/{rel}","templated":true}]}}