{"id":9,"date":"2014-01-07T13:15:06","date_gmt":"2014-01-07T13:15:06","guid":{"rendered":"https:\/\/www.lisboacard.org\/tr\/?page_id=9"},"modified":"2026-05-07T00:55:53","modified_gmt":"2026-05-06T22:55:53","slug":"fiyatlar","status":"publish","type":"page","link":"https:\/\/www.lisboacard.org\/tr\/fiyatlar\/","title":{"rendered":"Lizbon Kart\u0131 Fiyatlar\u0131"},"content":{"rendered":"\n<h3 class=\"wp-block-heading\">Fiyat tablosu<\/h3>\n\n\n<div class=\"ms-table frozenColumn\"><table><tr><th><\/th><th>24 saat<\/th><th>48 Saat<\/th><th>72 Saat<\/th><\/tr><tr><td>Yeti\u015fkin<\/td><td>\u20ac31,00 (g\u00fcnl\u00fck \u20ac31,00)<\/td><td>\u20ac51,00 (g\u00fcnl\u00fck \u20ac25,50)<\/td><td>\u20ac62,00 (g\u00fcnl\u00fck \u20ac20,67)<\/td><\/tr><tr><td>\u00c7ocuk<\/td><td>\u20ac21,00 (g\u00fcnl\u00fck \u20ac21,00)<\/td><td>\u20ac28,00 (g\u00fcnl\u00fck \u20ac14,00)<\/td><td>\u20ac35,00 (g\u00fcnl\u00fck \u20ac11,67)<\/td><\/tr><\/table><\/div>\n\n\n<p><strong>Not:<\/strong><\/p>\n\n\n\n<ul class=\"wp-block-list\">\n<li>Bu fiyatlar 16 ya\u015f ve \u00fczeri yeti\u015fkinler ile 4-15 ya\u015f aras\u0131 \u00e7ocuklar i\u00e7in ge\u00e7erlidir. 4 ya\u015f\u0131ndan k\u00fc\u00e7\u00fck \u00e7ocuklar \u00fccretsizdir ve bilet almalar\u0131na gerek yoktur.<\/li>\n\n\n\n<li>Fiyatlar 1 Nisan 2026 ile 31 Mart 2027 tarihleri aras\u0131nda ge\u00e7erlidir.<\/li>\n<\/ul>\n\n\n\n<p><\/p>\n","protected":false},"excerpt":{"rendered":"","protected":false},"author":5,"featured_media":0,"parent":0,"menu_order":4,"comment_status":"closed","ping_status":"closed","template":"","meta":{"_acf_changed":false,"footnotes":"","button_url":"https:\/\/www.tiqets.com\/en\/lisbon-attractions-c76528\/tickets-for-lisbon-card-p974847\/?partner=lisboacard","ms_product_id":"","ms_product_name":"","ms_price":"","ms_currency":"","ms_rating_value":"","ms_review_count":"","rank_math_title":"Lizbon Kart\u0131 Fiyatlar\u0131 (G\u00fcncelleme tarihi: %currentyear%)","rank_math_description":"24, 48 ve 72 saatlik ge\u00e7i\u015fler i\u00e7in en son Lizbon Kart\u0131 fiyatlar\u0131n\u0131 kontrol edin. Yeti\u015fkin ve \u00e7ocuk fiyatlar\u0131n\u0131 \u00f6\u011frenin ve gezinti ve ula\u015f\u0131mda ne kadar tasarruf edebilece\u011finizi g\u00f6r\u00fcn."},"post-style":[],"producer":[],"class_list":["post-9","page","type-page","status-publish","has-post-thumbnail"],"acf":[],"product_schema":{"ms_product_id":"","ms_product_name":"","ms_price":"","ms_currency":"","ms_rating_value":"","ms_review_count":""},"_links":{"self":[{"href":"https:\/\/www.lisboacard.org\/tr\/wp-json\/wp\/v2\/pages\/9","targetHints":{"allow":["GET"]}}],"collection":[{"href":"https:\/\/www.lisboacard.org\/tr\/wp-json\/wp\/v2\/pages"}],"about":[{"href":"https:\/\/www.lisboacard.org\/tr\/wp-json\/wp\/v2\/types\/page"}],"author":[{"embeddable":true,"href":"https:\/\/www.lisboacard.org\/tr\/wp-json\/wp\/v2\/users\/5"}],"replies":[{"embeddable":true,"href":"https:\/\/www.lisboacard.org\/tr\/wp-json\/wp\/v2\/comments?post=9"}],"version-history":[{"count":3,"href":"https:\/\/www.lisboacard.org\/tr\/wp-json\/wp\/v2\/pages\/9\/revisions"}],"predecessor-version":[{"id":1064,"href":"https:\/\/www.lisboacard.org\/tr\/wp-json\/wp\/v2\/pages\/9\/revisions\/1064"}],"wp:attachment":[{"href":"https:\/\/www.lisboacard.org\/tr\/wp-json\/wp\/v2\/media?parent=9"}],"wp:term":[{"taxonomy":"post-style","embeddable":true,"href":"https:\/\/www.lisboacard.org\/tr\/wp-json\/wp\/v2\/post-style?post=9"},{"taxonomy":"producer","embeddable":true,"href":"https:\/\/www.lisboacard.org\/tr\/wp-json\/wp\/v2\/producer?post=9"}],"curies":[{"name":"wp","href":"https:\/\/api.w.org\/{rel}","templated":true}]}}